{"id":37203,"date":"2023-08-16T14:01:21","date_gmt":"2023-08-16T12:01:21","guid":{"rendered":"https:\/\/www.bbmpackaging.com\/services\/montaggio-conto-terzi\/"},"modified":"2024-11-27T09:19:26","modified_gmt":"2024-11-27T08:19:26","slug":"montaggio-conto-terzi","status":"publish","type":"page","link":"https:\/\/www.bbmpackaging.com\/en\/services\/third-party-construction\/","title":{"rendered":"Third-party assembly"},"content":{"rendered":"<p><strong>TOO MUCH WORK AND LITTLE TIME? BBM PROVIDES CONTRACT THIRD-PARTY ASSEMBLY OF COMPLETE MACHINES<\/strong><\/p>\n<p style=\"margin: 0cm 0cm 18.0pt 0cm;\"><strong>Thanks to our experience, we guarantee excellent work and high standards of technical know-how<\/strong><\/p>\n<p>More and more customers are asking for a complete or partial assembly of machinery and industrial plants, as well as assembly of mechanical, <a href=\"https:\/\/www.bbmpackaging.com\/en\/electronics\/\" target=\"_blank\" rel=\"noopener\"><strong>electrical<\/strong><\/a>, and electromechanical parts. We perform this service on behalf of third parties or on a contract basis: assembly can be carried out at our plant, <strong>offering customers the advantage of not having to occupy their space or commit resources and equipment.<\/strong><\/p>\n<p><strong>Why outsource to BBM?<\/strong><\/p>\n<p>BBM ha deciso di dedicare 400 metri quadri della sua area produttiva al montaggio e collaudo di macchinari nuovi. Delegando il lavoro di montaggio ai nostri tecnici specializzati, il cliente pu\u00f2 contare su un valido supporto, esternalizzando incombenze e responsabilit\u00e0. Offriamo tempi certi, qualit\u00e0 e flessibilit\u00e0 nella produzione.<\/p>\n<p>BBM decided to dedicate 400 square meters of our production area to the assembly and testing of new machinery. In outsourcing to our specialized technicians, the customer can count on valuable support. We offer quality and flexibility in production.<\/p>\n","protected":false},"excerpt":{"rendered":"<p>TOO MUCH WORK AND LITTLE TIME? BBM PROVIDES CONTRACT THIRD-PARTY ASSEMBLY OF COMPLETE MACHINES Thanks to our experience,&#8230;<\/p>\n","protected":false},"author":2,"featured_media":37759,"parent":21109,"menu_order":0,"comment_status":"closed","ping_status":"closed","template":"page-chisiamo.php","meta":{"_acf_changed":false,"footnotes":""},"class_list":["post-37203","page","type-page","status-publish","has-post-thumbnail","hentry"],"acf":[],"yoast_head":"<!-- This site is optimized with the Yoast SEO plugin v27.2 - https:\/\/yoast.com\/product\/yoast-seo-wordpress\/ -->\n<title>Third party construction of bottling and packaging plants<\/title>\n<meta name=\"description\" content=\"Third party construction of bottling and packaging plants\" \/>\n<meta name=\"robots\" content=\"index, follow, max-snippet:-1, max-image-preview:large, max-video-preview:-1\" \/>\n<link rel=\"canonical\" href=\"https:\/\/www.bbmpackaging.com\/en\/services\/third-party-construction\/\" \/>\n<meta property=\"og:locale\" content=\"en_US\" \/>\n<meta property=\"og:type\" content=\"article\" \/>\n<meta property=\"og:title\" content=\"Third party construction of bottling and packaging plants\" \/>\n<meta property=\"og:description\" content=\"Third party construction of bottling and packaging plants\" \/>\n<meta property=\"og:url\" content=\"https:\/\/www.bbmpackaging.com\/en\/services\/third-party-construction\/\" \/>\n<meta property=\"og:site_name\" content=\"BBM Packaging\" \/>\n<meta property=\"article:modified_time\" content=\"2024-11-27T08:19:26+00:00\" \/>\n<meta property=\"og:image\" content=\"https:\/\/cdn.bbmpackaging.com\/wp-content\/uploads\/2023\/10\/camion-trasporto-rulliere-1024x768.jpg\" \/>\n\t<meta property=\"og:image:width\" content=\"1024\" \/>\n\t<meta property=\"og:image:height\" content=\"768\" \/>\n\t<meta property=\"og:image:type\" content=\"image\/jpeg\" \/>\n<meta name=\"twitter:card\" content=\"summary_large_image\" \/>\n<meta name=\"twitter:label1\" content=\"Est. reading time\" \/>\n\t<meta name=\"twitter:data1\" content=\"2 minutes\" \/>\n<script type=\"application\/ld+json\" class=\"yoast-schema-graph\">{\"@context\":\"https:\/\/schema.org\",\"@graph\":[{\"@type\":\"WebPage\",\"@id\":\"https:\/\/www.bbmpackaging.com\/en\/services\/third-party-construction\/\",\"url\":\"https:\/\/www.bbmpackaging.com\/en\/services\/third-party-construction\/\",\"name\":\"Third party construction of bottling and packaging plants\",\"isPartOf\":{\"@id\":\"https:\/\/www.bbmpackaging.com\/en\/#website\"},\"primaryImageOfPage\":{\"@id\":\"https:\/\/www.bbmpackaging.com\/en\/services\/third-party-construction\/#primaryimage\"},\"image\":{\"@id\":\"https:\/\/www.bbmpackaging.com\/en\/services\/third-party-construction\/#primaryimage\"},\"thumbnailUrl\":\"https:\/\/cdn.bbmpackaging.com\/wp-content\/uploads\/2023\/10\/camion-trasporto-rulliere.jpg\",\"datePublished\":\"2023-08-16T12:01:21+00:00\",\"dateModified\":\"2024-11-27T08:19:26+00:00\",\"description\":\"Third party construction of bottling and packaging plants\",\"breadcrumb\":{\"@id\":\"https:\/\/www.bbmpackaging.com\/en\/services\/third-party-construction\/#breadcrumb\"},\"inLanguage\":\"en-US\",\"potentialAction\":[{\"@type\":\"ReadAction\",\"target\":[\"https:\/\/www.bbmpackaging.com\/en\/services\/third-party-construction\/\"]}]},{\"@type\":\"ImageObject\",\"inLanguage\":\"en-US\",\"@id\":\"https:\/\/www.bbmpackaging.com\/en\/services\/third-party-construction\/#primaryimage\",\"url\":\"https:\/\/cdn.bbmpackaging.com\/wp-content\/uploads\/2023\/10\/camion-trasporto-rulliere.jpg\",\"contentUrl\":\"https:\/\/cdn.bbmpackaging.com\/wp-content\/uploads\/2023\/10\/camion-trasporto-rulliere.jpg\",\"width\":1440,\"height\":1080,\"caption\":\"camion trasporto rulliere\"},{\"@type\":\"BreadcrumbList\",\"@id\":\"https:\/\/www.bbmpackaging.com\/en\/services\/third-party-construction\/#breadcrumb\",\"itemListElement\":[{\"@type\":\"ListItem\",\"position\":1,\"name\":\"Home\",\"item\":\"https:\/\/www.bbmpackaging.com\/en\/\"},{\"@type\":\"ListItem\",\"position\":2,\"name\":\"Service\",\"item\":\"https:\/\/www.bbmpackaging.com\/en\/services\/\"},{\"@type\":\"ListItem\",\"position\":3,\"name\":\"Third-party assembly\"}]},{\"@type\":\"WebSite\",\"@id\":\"https:\/\/www.bbmpackaging.com\/en\/#website\",\"url\":\"https:\/\/www.bbmpackaging.com\/en\/\",\"name\":\"BBM Packaging\",\"description\":\"Imbottigliamento: macchinari manutenzione e much more\",\"potentialAction\":[{\"@type\":\"SearchAction\",\"target\":{\"@type\":\"EntryPoint\",\"urlTemplate\":\"https:\/\/www.bbmpackaging.com\/en\/?s={search_term_string}\"},\"query-input\":{\"@type\":\"PropertyValueSpecification\",\"valueRequired\":true,\"valueName\":\"search_term_string\"}}],\"inLanguage\":\"en-US\"}]}<\/script>\n<!-- \/ Yoast SEO plugin. -->","yoast_head_json":{"title":"Third party construction of bottling and packaging plants","description":"Third party construction of bottling and packaging plants","robots":{"index":"index","follow":"follow","max-snippet":"max-snippet:-1","max-image-preview":"max-image-preview:large","max-video-preview":"max-video-preview:-1"},"canonical":"https:\/\/www.bbmpackaging.com\/en\/services\/third-party-construction\/","og_locale":"en_US","og_type":"article","og_title":"Third party construction of bottling and packaging plants","og_description":"Third party construction of bottling and packaging plants","og_url":"https:\/\/www.bbmpackaging.com\/en\/services\/third-party-construction\/","og_site_name":"BBM Packaging","article_modified_time":"2024-11-27T08:19:26+00:00","og_image":[{"width":1024,"height":768,"url":"https:\/\/cdn.bbmpackaging.com\/wp-content\/uploads\/2023\/10\/camion-trasporto-rulliere-1024x768.jpg","type":"image\/jpeg"}],"twitter_card":"summary_large_image","twitter_misc":{"Est. reading time":"2 minutes"},"schema":{"@context":"https:\/\/schema.org","@graph":[{"@type":"WebPage","@id":"https:\/\/www.bbmpackaging.com\/en\/services\/third-party-construction\/","url":"https:\/\/www.bbmpackaging.com\/en\/services\/third-party-construction\/","name":"Third party construction of bottling and packaging plants","isPartOf":{"@id":"https:\/\/www.bbmpackaging.com\/en\/#website"},"primaryImageOfPage":{"@id":"https:\/\/www.bbmpackaging.com\/en\/services\/third-party-construction\/#primaryimage"},"image":{"@id":"https:\/\/www.bbmpackaging.com\/en\/services\/third-party-construction\/#primaryimage"},"thumbnailUrl":"https:\/\/cdn.bbmpackaging.com\/wp-content\/uploads\/2023\/10\/camion-trasporto-rulliere.jpg","datePublished":"2023-08-16T12:01:21+00:00","dateModified":"2024-11-27T08:19:26+00:00","description":"Third party construction of bottling and packaging plants","breadcrumb":{"@id":"https:\/\/www.bbmpackaging.com\/en\/services\/third-party-construction\/#breadcrumb"},"inLanguage":"en-US","potentialAction":[{"@type":"ReadAction","target":["https:\/\/www.bbmpackaging.com\/en\/services\/third-party-construction\/"]}]},{"@type":"ImageObject","inLanguage":"en-US","@id":"https:\/\/www.bbmpackaging.com\/en\/services\/third-party-construction\/#primaryimage","url":"https:\/\/cdn.bbmpackaging.com\/wp-content\/uploads\/2023\/10\/camion-trasporto-rulliere.jpg","contentUrl":"https:\/\/cdn.bbmpackaging.com\/wp-content\/uploads\/2023\/10\/camion-trasporto-rulliere.jpg","width":1440,"height":1080,"caption":"camion trasporto rulliere"},{"@type":"BreadcrumbList","@id":"https:\/\/www.bbmpackaging.com\/en\/services\/third-party-construction\/#breadcrumb","itemListElement":[{"@type":"ListItem","position":1,"name":"Home","item":"https:\/\/www.bbmpackaging.com\/en\/"},{"@type":"ListItem","position":2,"name":"Service","item":"https:\/\/www.bbmpackaging.com\/en\/services\/"},{"@type":"ListItem","position":3,"name":"Third-party assembly"}]},{"@type":"WebSite","@id":"https:\/\/www.bbmpackaging.com\/en\/#website","url":"https:\/\/www.bbmpackaging.com\/en\/","name":"BBM Packaging","description":"Imbottigliamento: macchinari manutenzione e much more","potentialAction":[{"@type":"SearchAction","target":{"@type":"EntryPoint","urlTemplate":"https:\/\/www.bbmpackaging.com\/en\/?s={search_term_string}"},"query-input":{"@type":"PropertyValueSpecification","valueRequired":true,"valueName":"search_term_string"}}],"inLanguage":"en-US"}]}},"_links":{"self":[{"href":"https:\/\/www.bbmpackaging.com\/en\/wp-json\/wp\/v2\/pages\/37203","targetHints":{"allow":["GET"]}}],"collection":[{"href":"https:\/\/www.bbmpackaging.com\/en\/wp-json\/wp\/v2\/pages"}],"about":[{"href":"https:\/\/www.bbmpackaging.com\/en\/wp-json\/wp\/v2\/types\/page"}],"author":[{"embeddable":true,"href":"https:\/\/www.bbmpackaging.com\/en\/wp-json\/wp\/v2\/users\/2"}],"replies":[{"embeddable":true,"href":"https:\/\/www.bbmpackaging.com\/en\/wp-json\/wp\/v2\/comments?post=37203"}],"version-history":[{"count":0,"href":"https:\/\/www.bbmpackaging.com\/en\/wp-json\/wp\/v2\/pages\/37203\/revisions"}],"up":[{"embeddable":true,"href":"https:\/\/www.bbmpackaging.com\/en\/wp-json\/wp\/v2\/pages\/21109"}],"wp:featuredmedia":[{"embeddable":true,"href":"https:\/\/www.bbmpackaging.com\/en\/wp-json\/wp\/v2\/media\/37759"}],"wp:attachment":[{"href":"https:\/\/www.bbmpackaging.com\/en\/wp-json\/wp\/v2\/media?parent=37203"}],"curies":[{"name":"wp","href":"https:\/\/api.w.org\/{rel}","templated":true}]}}