{"id":74883,"date":"2026-01-29T16:45:09","date_gmt":"2026-01-29T15:45:09","guid":{"rendered":"https:\/\/www.bbmpackaging.com\/?page_id=74883"},"modified":"2026-02-05T16:50:18","modified_gmt":"2026-02-05T15:50:18","slug":"brands","status":"publish","type":"page","link":"https:\/\/www.bbmpackaging.com\/en\/brands\/","title":{"rendered":"Brands"},"content":{"rendered":"<h2><strong>Brands for sale<\/strong><\/h2>\n","protected":false},"excerpt":{"rendered":"<p>Brands for sale<\/p>\n","protected":false},"author":2,"featured_media":73904,"parent":0,"menu_order":0,"comment_status":"closed","ping_status":"closed","template":"page-brands.php","meta":{"_acf_changed":false,"footnotes":""},"class_list":["post-74883","page","type-page","status-publish","has-post-thumbnail","hentry"],"acf":[],"yoast_head":"<!-- This site is optimized with the Yoast SEO plugin v27.2 - https:\/\/yoast.com\/product\/yoast-seo-wordpress\/ -->\n<title>Bottling machinery: brands - BBM Packaging<\/title>\n<meta name=\"description\" content=\"All brands sold by BBM Packaging. SIDEL, KRONES, SMI, OCME, GEA PROCOMAC: discover the bottling brands we carry\" \/>\n<meta name=\"robots\" content=\"index, follow, max-snippet:-1, max-image-preview:large, max-video-preview:-1\" \/>\n<link rel=\"canonical\" href=\"https:\/\/www.bbmpackaging.com\/en\/brands\/\" \/>\n<meta property=\"og:locale\" content=\"en_US\" \/>\n<meta property=\"og:type\" content=\"article\" \/>\n<meta property=\"og:title\" content=\"Bottling machinery: brands - BBM Packaging\" \/>\n<meta property=\"og:description\" content=\"All brands sold by BBM Packaging. SIDEL, KRONES, SMI, OCME, GEA PROCOMAC: discover the bottling brands we carry\" \/>\n<meta property=\"og:url\" content=\"https:\/\/www.bbmpackaging.com\/en\/brands\/\" \/>\n<meta property=\"og:site_name\" content=\"BBM Packaging\" \/>\n<meta property=\"article:modified_time\" content=\"2026-02-05T15:50:18+00:00\" \/>\n<meta property=\"og:image\" content=\"https:\/\/www.bbmpackaging.com\/wp-content\/uploads\/2025\/12\/machine-d-embouteillage-isobare-4.jpg\" \/>\n\t<meta property=\"og:image:width\" content=\"1024\" \/>\n\t<meta property=\"og:image:height\" content=\"683\" \/>\n\t<meta property=\"og:image:type\" content=\"image\/jpeg\" \/>\n<meta name=\"twitter:card\" content=\"summary_large_image\" \/>\n<meta name=\"twitter:label1\" content=\"Est. reading time\" \/>\n\t<meta name=\"twitter:data1\" content=\"1 minute\" \/>\n<script type=\"application\/ld+json\" class=\"yoast-schema-graph\">{\"@context\":\"https:\/\/schema.org\",\"@graph\":[{\"@type\":\"WebPage\",\"@id\":\"https:\/\/www.bbmpackaging.com\/en\/brands\/\",\"url\":\"https:\/\/www.bbmpackaging.com\/en\/brands\/\",\"name\":\"Bottling machinery: brands - BBM Packaging\",\"isPartOf\":{\"@id\":\"https:\/\/www.bbmpackaging.com\/en\/#website\"},\"primaryImageOfPage\":{\"@id\":\"https:\/\/www.bbmpackaging.com\/en\/brands\/#primaryimage\"},\"image\":{\"@id\":\"https:\/\/www.bbmpackaging.com\/en\/brands\/#primaryimage\"},\"thumbnailUrl\":\"https:\/\/www.bbmpackaging.com\/wp-content\/uploads\/2025\/12\/machine-d-embouteillage-isobare-4.jpg\",\"datePublished\":\"2026-01-29T15:45:09+00:00\",\"dateModified\":\"2026-02-05T15:50:18+00:00\",\"description\":\"All brands sold by BBM Packaging. SIDEL, KRONES, SMI, OCME, GEA PROCOMAC: discover the bottling brands we carry\",\"breadcrumb\":{\"@id\":\"https:\/\/www.bbmpackaging.com\/en\/brands\/#breadcrumb\"},\"inLanguage\":\"en-US\",\"potentialAction\":[{\"@type\":\"ReadAction\",\"target\":[\"https:\/\/www.bbmpackaging.com\/en\/brands\/\"]}]},{\"@type\":\"ImageObject\",\"inLanguage\":\"en-US\",\"@id\":\"https:\/\/www.bbmpackaging.com\/en\/brands\/#primaryimage\",\"url\":\"https:\/\/www.bbmpackaging.com\/wp-content\/uploads\/2025\/12\/machine-d-embouteillage-isobare-4.jpg\",\"contentUrl\":\"https:\/\/www.bbmpackaging.com\/wp-content\/uploads\/2025\/12\/machine-d-embouteillage-isobare-4.jpg\",\"width\":1024,\"height\":683,\"caption\":\"D\u00e9couvrez ce qu'est une machine d'embouteillage isobare, quand l'utiliser et combien elle co\u00fbte. Guide complet pour choisir la bonne solution. Contactez-nous d\u00e8s maintenant.\"},{\"@type\":\"BreadcrumbList\",\"@id\":\"https:\/\/www.bbmpackaging.com\/en\/brands\/#breadcrumb\",\"itemListElement\":[{\"@type\":\"ListItem\",\"position\":1,\"name\":\"Home\",\"item\":\"https:\/\/www.bbmpackaging.com\/en\/\"},{\"@type\":\"ListItem\",\"position\":2,\"name\":\"Brands\"}]},{\"@type\":\"WebSite\",\"@id\":\"https:\/\/www.bbmpackaging.com\/en\/#website\",\"url\":\"https:\/\/www.bbmpackaging.com\/en\/\",\"name\":\"BBM Packaging\",\"description\":\"Imbottigliamento: macchinari manutenzione e much more\",\"potentialAction\":[{\"@type\":\"SearchAction\",\"target\":{\"@type\":\"EntryPoint\",\"urlTemplate\":\"https:\/\/www.bbmpackaging.com\/en\/?s={search_term_string}\"},\"query-input\":{\"@type\":\"PropertyValueSpecification\",\"valueRequired\":true,\"valueName\":\"search_term_string\"}}],\"inLanguage\":\"en-US\"}]}<\/script>\n<!-- \/ Yoast SEO plugin. -->","yoast_head_json":{"title":"Bottling machinery: brands - BBM Packaging","description":"All brands sold by BBM Packaging. SIDEL, KRONES, SMI, OCME, GEA PROCOMAC: discover the bottling brands we carry","robots":{"index":"index","follow":"follow","max-snippet":"max-snippet:-1","max-image-preview":"max-image-preview:large","max-video-preview":"max-video-preview:-1"},"canonical":"https:\/\/www.bbmpackaging.com\/en\/brands\/","og_locale":"en_US","og_type":"article","og_title":"Bottling machinery: brands - BBM Packaging","og_description":"All brands sold by BBM Packaging. SIDEL, KRONES, SMI, OCME, GEA PROCOMAC: discover the bottling brands we carry","og_url":"https:\/\/www.bbmpackaging.com\/en\/brands\/","og_site_name":"BBM Packaging","article_modified_time":"2026-02-05T15:50:18+00:00","og_image":[{"width":1024,"height":683,"url":"https:\/\/www.bbmpackaging.com\/wp-content\/uploads\/2025\/12\/machine-d-embouteillage-isobare-4.jpg","type":"image\/jpeg"}],"twitter_card":"summary_large_image","twitter_misc":{"Est. reading time":"1 minute"},"schema":{"@context":"https:\/\/schema.org","@graph":[{"@type":"WebPage","@id":"https:\/\/www.bbmpackaging.com\/en\/brands\/","url":"https:\/\/www.bbmpackaging.com\/en\/brands\/","name":"Bottling machinery: brands - BBM Packaging","isPartOf":{"@id":"https:\/\/www.bbmpackaging.com\/en\/#website"},"primaryImageOfPage":{"@id":"https:\/\/www.bbmpackaging.com\/en\/brands\/#primaryimage"},"image":{"@id":"https:\/\/www.bbmpackaging.com\/en\/brands\/#primaryimage"},"thumbnailUrl":"https:\/\/www.bbmpackaging.com\/wp-content\/uploads\/2025\/12\/machine-d-embouteillage-isobare-4.jpg","datePublished":"2026-01-29T15:45:09+00:00","dateModified":"2026-02-05T15:50:18+00:00","description":"All brands sold by BBM Packaging. SIDEL, KRONES, SMI, OCME, GEA PROCOMAC: discover the bottling brands we carry","breadcrumb":{"@id":"https:\/\/www.bbmpackaging.com\/en\/brands\/#breadcrumb"},"inLanguage":"en-US","potentialAction":[{"@type":"ReadAction","target":["https:\/\/www.bbmpackaging.com\/en\/brands\/"]}]},{"@type":"ImageObject","inLanguage":"en-US","@id":"https:\/\/www.bbmpackaging.com\/en\/brands\/#primaryimage","url":"https:\/\/www.bbmpackaging.com\/wp-content\/uploads\/2025\/12\/machine-d-embouteillage-isobare-4.jpg","contentUrl":"https:\/\/www.bbmpackaging.com\/wp-content\/uploads\/2025\/12\/machine-d-embouteillage-isobare-4.jpg","width":1024,"height":683,"caption":"D\u00e9couvrez ce qu'est une machine d'embouteillage isobare, quand l'utiliser et combien elle co\u00fbte. Guide complet pour choisir la bonne solution. Contactez-nous d\u00e8s maintenant."},{"@type":"BreadcrumbList","@id":"https:\/\/www.bbmpackaging.com\/en\/brands\/#breadcrumb","itemListElement":[{"@type":"ListItem","position":1,"name":"Home","item":"https:\/\/www.bbmpackaging.com\/en\/"},{"@type":"ListItem","position":2,"name":"Brands"}]},{"@type":"WebSite","@id":"https:\/\/www.bbmpackaging.com\/en\/#website","url":"https:\/\/www.bbmpackaging.com\/en\/","name":"BBM Packaging","description":"Imbottigliamento: macchinari manutenzione e much more","potentialAction":[{"@type":"SearchAction","target":{"@type":"EntryPoint","urlTemplate":"https:\/\/www.bbmpackaging.com\/en\/?s={search_term_string}"},"query-input":{"@type":"PropertyValueSpecification","valueRequired":true,"valueName":"search_term_string"}}],"inLanguage":"en-US"}]}},"_links":{"self":[{"href":"https:\/\/www.bbmpackaging.com\/en\/wp-json\/wp\/v2\/pages\/74883","targetHints":{"allow":["GET"]}}],"collection":[{"href":"https:\/\/www.bbmpackaging.com\/en\/wp-json\/wp\/v2\/pages"}],"about":[{"href":"https:\/\/www.bbmpackaging.com\/en\/wp-json\/wp\/v2\/types\/page"}],"author":[{"embeddable":true,"href":"https:\/\/www.bbmpackaging.com\/en\/wp-json\/wp\/v2\/users\/2"}],"replies":[{"embeddable":true,"href":"https:\/\/www.bbmpackaging.com\/en\/wp-json\/wp\/v2\/comments?post=74883"}],"version-history":[{"count":3,"href":"https:\/\/www.bbmpackaging.com\/en\/wp-json\/wp\/v2\/pages\/74883\/revisions"}],"predecessor-version":[{"id":75795,"href":"https:\/\/www.bbmpackaging.com\/en\/wp-json\/wp\/v2\/pages\/74883\/revisions\/75795"}],"wp:featuredmedia":[{"embeddable":true,"href":"https:\/\/www.bbmpackaging.com\/en\/wp-json\/wp\/v2\/media\/73904"}],"wp:attachment":[{"href":"https:\/\/www.bbmpackaging.com\/en\/wp-json\/wp\/v2\/media?parent=74883"}],"curies":[{"name":"wp","href":"https:\/\/api.w.org\/{rel}","templated":true}]}}