{"id":21863,"date":"2021-02-22T09:58:12","date_gmt":"2021-02-22T08:58:12","guid":{"rendered":"https:\/\/www.bbmpackaging.com\/manutenzione\/"},"modified":"2024-11-27T09:30:16","modified_gmt":"2024-11-27T08:30:16","slug":"manutenzione","status":"publish","type":"page","link":"https:\/\/www.bbmpackaging.com\/es\/services\/mantenimiento-maquinas-embotelladoras\/","title":{"rendered":"Mantenimiento de maquinas"},"content":{"rendered":"<p class=\"big\">Servicio de mantenimiento de embotellado y envasado.<\/p>\n<h3>Lo que hacemos<\/h3>\n<p>Estamos especializados en el mantenimiento de m\u00e1quinas embotelladoras y envasadoras, ofreciendo asistencia t\u00e9cnica y gracias a un gran almac\u00e9n de repuestos, tan originales como compatibles.<br \/>\nEl equipo de servicio de BBM PACKAGING, con m\u00e1s de 50 t\u00e9cnicos calificados, interviene en la planta de embotellado del cliente tanto para el mantenimiento programado como para las intervenciones de emergencia, garantizando el m\u00ednimo tiempo de inactividad de la m\u00e1quina. En particular ofrecemos servicios de mantenimiento para:<\/p>\n<p><strong> Sopladoras \u2013 Llenadoras \u2013 Cintas Transportadoras \u2013 Botellas\/Paquete \u2013 Empaquetadoras \u2013 Colocadores de asas \u2013 Paletizadores<\/strong><\/p>\n","protected":false},"excerpt":{"rendered":"<p>Servicio de mantenimiento de embotellado y envasado. Lo que hacemos Estamos especializados en el mantenimiento de m\u00e1quinas embotelladoras&#8230;<\/p>\n","protected":false},"author":2,"featured_media":18055,"parent":21877,"menu_order":0,"comment_status":"closed","ping_status":"closed","template":"page-manutenzione.php","meta":{"_acf_changed":false,"footnotes":""},"class_list":["post-21863","page","type-page","status-publish","has-post-thumbnail","hentry"],"acf":[],"yoast_head":"<!-- This site is optimized with the Yoast SEO plugin v27.2 - https:\/\/yoast.com\/product\/yoast-seo-wordpress\/ -->\n<title>Mantenimiento L\u00edneas de Embotellado y Envasado<\/title>\n<meta name=\"description\" content=\"Nos especializamos en el mantenimiento de m\u00e1quinas embotelladoras y envasadoras. Elija nuestra experiencia en asistencia t\u00e9cnica de repuestos. Cont\u00e1ctenos.\" \/>\n<meta name=\"robots\" content=\"index, follow, max-snippet:-1, max-image-preview:large, max-video-preview:-1\" \/>\n<link rel=\"canonical\" href=\"https:\/\/www.bbmpackaging.com\/es\/services\/mantenimiento-maquinas-embotelladoras\/\" \/>\n<meta property=\"og:locale\" content=\"es_ES\" \/>\n<meta property=\"og:type\" content=\"article\" \/>\n<meta property=\"og:title\" content=\"Mantenimiento L\u00edneas de Embotellado y Envasado\" \/>\n<meta property=\"og:description\" content=\"Nos especializamos en el mantenimiento de m\u00e1quinas embotelladoras y envasadoras. Elija nuestra experiencia en asistencia t\u00e9cnica de repuestos. Cont\u00e1ctenos.\" \/>\n<meta property=\"og:url\" content=\"https:\/\/www.bbmpackaging.com\/es\/services\/mantenimiento-maquinas-embotelladoras\/\" \/>\n<meta property=\"og:site_name\" content=\"BBM Packaging\" \/>\n<meta property=\"article:modified_time\" content=\"2024-11-27T08:30:16+00:00\" \/>\n<meta property=\"og:image\" content=\"https:\/\/cdn.bbmpackaging.com\/wp-content\/uploads\/2021\/09\/banner_manutenzione.jpg\" \/>\n\t<meta property=\"og:image:width\" content=\"1920\" \/>\n\t<meta property=\"og:image:height\" content=\"630\" \/>\n\t<meta property=\"og:image:type\" content=\"image\/jpeg\" \/>\n<meta name=\"twitter:card\" content=\"summary_large_image\" \/>\n<meta name=\"twitter:label1\" content=\"Tiempo de lectura\" \/>\n\t<meta name=\"twitter:data1\" content=\"1 minuto\" \/>\n<script type=\"application\/ld+json\" class=\"yoast-schema-graph\">{\"@context\":\"https:\/\/schema.org\",\"@graph\":[{\"@type\":\"WebPage\",\"@id\":\"https:\/\/www.bbmpackaging.com\/es\/services\/mantenimiento-maquinas-embotelladoras\/\",\"url\":\"https:\/\/www.bbmpackaging.com\/es\/services\/mantenimiento-maquinas-embotelladoras\/\",\"name\":\"Mantenimiento L\u00edneas de Embotellado y Envasado\",\"isPartOf\":{\"@id\":\"https:\/\/www.bbmpackaging.com\/es\/#website\"},\"primaryImageOfPage\":{\"@id\":\"https:\/\/www.bbmpackaging.com\/es\/services\/mantenimiento-maquinas-embotelladoras\/#primaryimage\"},\"image\":{\"@id\":\"https:\/\/www.bbmpackaging.com\/es\/services\/mantenimiento-maquinas-embotelladoras\/#primaryimage\"},\"thumbnailUrl\":\"https:\/\/cdn.bbmpackaging.com\/wp-content\/uploads\/2021\/09\/banner_manutenzione.jpg\",\"datePublished\":\"2021-02-22T08:58:12+00:00\",\"dateModified\":\"2024-11-27T08:30:16+00:00\",\"description\":\"Nos especializamos en el mantenimiento de m\u00e1quinas embotelladoras y envasadoras. Elija nuestra experiencia en asistencia t\u00e9cnica de repuestos. Cont\u00e1ctenos.\",\"breadcrumb\":{\"@id\":\"https:\/\/www.bbmpackaging.com\/es\/services\/mantenimiento-maquinas-embotelladoras\/#breadcrumb\"},\"inLanguage\":\"es\",\"potentialAction\":[{\"@type\":\"ReadAction\",\"target\":[\"https:\/\/www.bbmpackaging.com\/es\/services\/mantenimiento-maquinas-embotelladoras\/\"]}]},{\"@type\":\"ImageObject\",\"inLanguage\":\"es\",\"@id\":\"https:\/\/www.bbmpackaging.com\/es\/services\/mantenimiento-maquinas-embotelladoras\/#primaryimage\",\"url\":\"https:\/\/cdn.bbmpackaging.com\/wp-content\/uploads\/2021\/09\/banner_manutenzione.jpg\",\"contentUrl\":\"https:\/\/cdn.bbmpackaging.com\/wp-content\/uploads\/2021\/09\/banner_manutenzione.jpg\",\"width\":1920,\"height\":630},{\"@type\":\"BreadcrumbList\",\"@id\":\"https:\/\/www.bbmpackaging.com\/es\/services\/mantenimiento-maquinas-embotelladoras\/#breadcrumb\",\"itemListElement\":[{\"@type\":\"ListItem\",\"position\":1,\"name\":\"Home\",\"item\":\"https:\/\/www.bbmpackaging.com\/es\/\"},{\"@type\":\"ListItem\",\"position\":2,\"name\":\"Servicio\",\"item\":\"https:\/\/www.bbmpackaging.com\/es\/servicio\/\"},{\"@type\":\"ListItem\",\"position\":3,\"name\":\"Mantenimiento de maquinas\"}]},{\"@type\":\"WebSite\",\"@id\":\"https:\/\/www.bbmpackaging.com\/es\/#website\",\"url\":\"https:\/\/www.bbmpackaging.com\/es\/\",\"name\":\"BBM Packaging\",\"description\":\"Imbottigliamento: macchinari manutenzione e much more\",\"potentialAction\":[{\"@type\":\"SearchAction\",\"target\":{\"@type\":\"EntryPoint\",\"urlTemplate\":\"https:\/\/www.bbmpackaging.com\/es\/?s={search_term_string}\"},\"query-input\":{\"@type\":\"PropertyValueSpecification\",\"valueRequired\":true,\"valueName\":\"search_term_string\"}}],\"inLanguage\":\"es\"}]}<\/script>\n<!-- \/ Yoast SEO plugin. -->","yoast_head_json":{"title":"Mantenimiento L\u00edneas de Embotellado y Envasado","description":"Nos especializamos en el mantenimiento de m\u00e1quinas embotelladoras y envasadoras. Elija nuestra experiencia en asistencia t\u00e9cnica de repuestos. Cont\u00e1ctenos.","robots":{"index":"index","follow":"follow","max-snippet":"max-snippet:-1","max-image-preview":"max-image-preview:large","max-video-preview":"max-video-preview:-1"},"canonical":"https:\/\/www.bbmpackaging.com\/es\/services\/mantenimiento-maquinas-embotelladoras\/","og_locale":"es_ES","og_type":"article","og_title":"Mantenimiento L\u00edneas de Embotellado y Envasado","og_description":"Nos especializamos en el mantenimiento de m\u00e1quinas embotelladoras y envasadoras. Elija nuestra experiencia en asistencia t\u00e9cnica de repuestos. Cont\u00e1ctenos.","og_url":"https:\/\/www.bbmpackaging.com\/es\/services\/mantenimiento-maquinas-embotelladoras\/","og_site_name":"BBM Packaging","article_modified_time":"2024-11-27T08:30:16+00:00","og_image":[{"width":1920,"height":630,"url":"https:\/\/cdn.bbmpackaging.com\/wp-content\/uploads\/2021\/09\/banner_manutenzione.jpg","type":"image\/jpeg"}],"twitter_card":"summary_large_image","twitter_misc":{"Tiempo de lectura":"1 minuto"},"schema":{"@context":"https:\/\/schema.org","@graph":[{"@type":"WebPage","@id":"https:\/\/www.bbmpackaging.com\/es\/services\/mantenimiento-maquinas-embotelladoras\/","url":"https:\/\/www.bbmpackaging.com\/es\/services\/mantenimiento-maquinas-embotelladoras\/","name":"Mantenimiento L\u00edneas de Embotellado y Envasado","isPartOf":{"@id":"https:\/\/www.bbmpackaging.com\/es\/#website"},"primaryImageOfPage":{"@id":"https:\/\/www.bbmpackaging.com\/es\/services\/mantenimiento-maquinas-embotelladoras\/#primaryimage"},"image":{"@id":"https:\/\/www.bbmpackaging.com\/es\/services\/mantenimiento-maquinas-embotelladoras\/#primaryimage"},"thumbnailUrl":"https:\/\/cdn.bbmpackaging.com\/wp-content\/uploads\/2021\/09\/banner_manutenzione.jpg","datePublished":"2021-02-22T08:58:12+00:00","dateModified":"2024-11-27T08:30:16+00:00","description":"Nos especializamos en el mantenimiento de m\u00e1quinas embotelladoras y envasadoras. Elija nuestra experiencia en asistencia t\u00e9cnica de repuestos. Cont\u00e1ctenos.","breadcrumb":{"@id":"https:\/\/www.bbmpackaging.com\/es\/services\/mantenimiento-maquinas-embotelladoras\/#breadcrumb"},"inLanguage":"es","potentialAction":[{"@type":"ReadAction","target":["https:\/\/www.bbmpackaging.com\/es\/services\/mantenimiento-maquinas-embotelladoras\/"]}]},{"@type":"ImageObject","inLanguage":"es","@id":"https:\/\/www.bbmpackaging.com\/es\/services\/mantenimiento-maquinas-embotelladoras\/#primaryimage","url":"https:\/\/cdn.bbmpackaging.com\/wp-content\/uploads\/2021\/09\/banner_manutenzione.jpg","contentUrl":"https:\/\/cdn.bbmpackaging.com\/wp-content\/uploads\/2021\/09\/banner_manutenzione.jpg","width":1920,"height":630},{"@type":"BreadcrumbList","@id":"https:\/\/www.bbmpackaging.com\/es\/services\/mantenimiento-maquinas-embotelladoras\/#breadcrumb","itemListElement":[{"@type":"ListItem","position":1,"name":"Home","item":"https:\/\/www.bbmpackaging.com\/es\/"},{"@type":"ListItem","position":2,"name":"Servicio","item":"https:\/\/www.bbmpackaging.com\/es\/servicio\/"},{"@type":"ListItem","position":3,"name":"Mantenimiento de maquinas"}]},{"@type":"WebSite","@id":"https:\/\/www.bbmpackaging.com\/es\/#website","url":"https:\/\/www.bbmpackaging.com\/es\/","name":"BBM Packaging","description":"Imbottigliamento: macchinari manutenzione e much more","potentialAction":[{"@type":"SearchAction","target":{"@type":"EntryPoint","urlTemplate":"https:\/\/www.bbmpackaging.com\/es\/?s={search_term_string}"},"query-input":{"@type":"PropertyValueSpecification","valueRequired":true,"valueName":"search_term_string"}}],"inLanguage":"es"}]}},"_links":{"self":[{"href":"https:\/\/www.bbmpackaging.com\/es\/wp-json\/wp\/v2\/pages\/21863","targetHints":{"allow":["GET"]}}],"collection":[{"href":"https:\/\/www.bbmpackaging.com\/es\/wp-json\/wp\/v2\/pages"}],"about":[{"href":"https:\/\/www.bbmpackaging.com\/es\/wp-json\/wp\/v2\/types\/page"}],"author":[{"embeddable":true,"href":"https:\/\/www.bbmpackaging.com\/es\/wp-json\/wp\/v2\/users\/2"}],"replies":[{"embeddable":true,"href":"https:\/\/www.bbmpackaging.com\/es\/wp-json\/wp\/v2\/comments?post=21863"}],"version-history":[{"count":0,"href":"https:\/\/www.bbmpackaging.com\/es\/wp-json\/wp\/v2\/pages\/21863\/revisions"}],"up":[{"embeddable":true,"href":"https:\/\/www.bbmpackaging.com\/es\/wp-json\/wp\/v2\/pages\/21877"}],"wp:featuredmedia":[{"embeddable":true,"href":"https:\/\/www.bbmpackaging.com\/es\/wp-json\/wp\/v2\/media\/18055"}],"wp:attachment":[{"href":"https:\/\/www.bbmpackaging.com\/es\/wp-json\/wp\/v2\/media?parent=21863"}],"curies":[{"name":"wp","href":"https:\/\/api.w.org\/{rel}","templated":true}]}}