{"id":21875,"date":"2021-07-16T14:38:41","date_gmt":"2021-07-16T12:38:41","guid":{"rendered":"https:\/\/www.bbmpackaging.com\/engineering\/"},"modified":"2024-11-27T09:39:21","modified_gmt":"2024-11-27T08:39:21","slug":"engineering","status":"publish","type":"page","link":"https:\/\/www.bbmpackaging.com\/es\/ingenieria\/","title":{"rendered":"Engineering"},"content":{"rendered":"<p class=\"big\">Las actualizaciones de las m\u00e1quinas embotelladoras pueden ser \u00fatiles para aprovechar al m\u00e1ximo el potencial de la m\u00e1quina, ahorrando energ\u00eda y, en muchos casos, eliminando los costos de tiempo de inactividad.<\/p>\n<p>Una implementaci\u00f3n de uso m\u00faltiple, una actualizaci\u00f3n, un cambio de formato o una conversi\u00f3n pueden ser la mejor soluci\u00f3n para mantener la eficiencia de la m\u00e1quina y siempre actualizada. Lleve sus m\u00e1quinas al m\u00e1ximo potencial, ofrezca una mayor eficiencia, reduzca los costos de gesti\u00f3n y aumente su confiabilidad: todo esto a trav\u00e9s de soluciones personalizadas, caracterizadas por ahorros en t\u00e9rminos de costos y menores tiempos de amortizaci\u00f3n, instalados directamente por nuestors especialistas en su localidad.<\/p>\n<p><a class=\"button\" title=\"UPGRADES PARA ENJAJADORAS\" href=\"https:\/\/cdn.bbmpackaging.com\/wp-content\/uploads\/2024\/02\/BBM_Upgrades-para-enfajadoras.pdf\" target=\"_blank\" rel=\"noopener\">UPGRADES PARA ENFAJADORAS<\/a> <a class=\"button\" title=\"UPGRADES Y AHORRO ENERG\u00c9TICO EN LAS SOPLADORAS\" href=\"https:\/\/cdn.bbmpackaging.com\/wp-content\/uploads\/2024\/02\/BBM_Upgrade-sopladoras.pdf\" target=\"_blank\" rel=\"noopener\">UPGRADES Y AHORRO ENERG\u00c9TICO EN LAS SOPLADORAS<\/a><\/p>\n","protected":false},"excerpt":{"rendered":"<p>Las actualizaciones de las m\u00e1quinas embotelladoras pueden ser \u00fatiles para aprovechar al m\u00e1ximo el potencial de la m\u00e1quina,&#8230;<\/p>\n","protected":false},"author":2,"featured_media":18002,"parent":0,"menu_order":0,"comment_status":"closed","ping_status":"closed","template":"page-manutenzione.php","meta":{"_acf_changed":false,"footnotes":""},"class_list":["post-21875","page","type-page","status-publish","has-post-thumbnail","hentry"],"acf":[],"yoast_head":"<!-- This site is optimized with the Yoast SEO plugin v27.2 - https:\/\/yoast.com\/product\/yoast-seo-wordpress\/ -->\n<title>Ingenier\u00eda BBM Packaging - L\u00edneas de Embotellado<\/title>\n<meta name=\"description\" content=\"Actualizar la maquinaria embotelladora puede resultar \u00fatil para aprovechar al m\u00e1ximo el potencial de la m\u00e1quina, aprovechando el ahorro energ\u00e9tico\" \/>\n<meta name=\"robots\" content=\"index, follow, max-snippet:-1, max-image-preview:large, max-video-preview:-1\" \/>\n<link rel=\"canonical\" href=\"https:\/\/www.bbmpackaging.com\/es\/ingenieria\/\" \/>\n<meta property=\"og:locale\" content=\"es_ES\" \/>\n<meta property=\"og:type\" content=\"article\" \/>\n<meta property=\"og:title\" content=\"Ingenier\u00eda BBM Packaging - L\u00edneas de Embotellado\" \/>\n<meta property=\"og:description\" content=\"Actualizar la maquinaria embotelladora puede resultar \u00fatil para aprovechar al m\u00e1ximo el potencial de la m\u00e1quina, aprovechando el ahorro energ\u00e9tico\" \/>\n<meta property=\"og:url\" content=\"https:\/\/www.bbmpackaging.com\/es\/ingenieria\/\" \/>\n<meta property=\"og:site_name\" content=\"BBM Packaging\" \/>\n<meta property=\"article:modified_time\" content=\"2024-11-27T08:39:21+00:00\" \/>\n<meta property=\"og:image\" content=\"https:\/\/cdn.bbmpackaging.com\/wp-content\/uploads\/2021\/09\/banner_engineering.jpg\" \/>\n\t<meta property=\"og:image:width\" content=\"1920\" \/>\n\t<meta property=\"og:image:height\" content=\"630\" \/>\n\t<meta property=\"og:image:type\" content=\"image\/jpeg\" \/>\n<meta name=\"twitter:card\" content=\"summary_large_image\" \/>\n<meta name=\"twitter:label1\" content=\"Tiempo de lectura\" \/>\n\t<meta name=\"twitter:data1\" content=\"1 minuto\" \/>\n<script type=\"application\/ld+json\" class=\"yoast-schema-graph\">{\"@context\":\"https:\/\/schema.org\",\"@graph\":[{\"@type\":\"WebPage\",\"@id\":\"https:\/\/www.bbmpackaging.com\/es\/ingenieria\/\",\"url\":\"https:\/\/www.bbmpackaging.com\/es\/ingenieria\/\",\"name\":\"Ingenier\u00eda BBM Packaging - L\u00edneas de Embotellado\",\"isPartOf\":{\"@id\":\"https:\/\/www.bbmpackaging.com\/es\/#website\"},\"primaryImageOfPage\":{\"@id\":\"https:\/\/www.bbmpackaging.com\/es\/ingenieria\/#primaryimage\"},\"image\":{\"@id\":\"https:\/\/www.bbmpackaging.com\/es\/ingenieria\/#primaryimage\"},\"thumbnailUrl\":\"https:\/\/cdn.bbmpackaging.com\/wp-content\/uploads\/2021\/09\/banner_engineering.jpg\",\"datePublished\":\"2021-07-16T12:38:41+00:00\",\"dateModified\":\"2024-11-27T08:39:21+00:00\",\"description\":\"Actualizar la maquinaria embotelladora puede resultar \u00fatil para aprovechar al m\u00e1ximo el potencial de la m\u00e1quina, aprovechando el ahorro energ\u00e9tico\",\"breadcrumb\":{\"@id\":\"https:\/\/www.bbmpackaging.com\/es\/ingenieria\/#breadcrumb\"},\"inLanguage\":\"es\",\"potentialAction\":[{\"@type\":\"ReadAction\",\"target\":[\"https:\/\/www.bbmpackaging.com\/es\/ingenieria\/\"]}]},{\"@type\":\"ImageObject\",\"inLanguage\":\"es\",\"@id\":\"https:\/\/www.bbmpackaging.com\/es\/ingenieria\/#primaryimage\",\"url\":\"https:\/\/cdn.bbmpackaging.com\/wp-content\/uploads\/2021\/09\/banner_engineering.jpg\",\"contentUrl\":\"https:\/\/cdn.bbmpackaging.com\/wp-content\/uploads\/2021\/09\/banner_engineering.jpg\",\"width\":1920,\"height\":630},{\"@type\":\"BreadcrumbList\",\"@id\":\"https:\/\/www.bbmpackaging.com\/es\/ingenieria\/#breadcrumb\",\"itemListElement\":[{\"@type\":\"ListItem\",\"position\":1,\"name\":\"Home\",\"item\":\"https:\/\/www.bbmpackaging.com\/es\/\"},{\"@type\":\"ListItem\",\"position\":2,\"name\":\"Engineering\"}]},{\"@type\":\"WebSite\",\"@id\":\"https:\/\/www.bbmpackaging.com\/es\/#website\",\"url\":\"https:\/\/www.bbmpackaging.com\/es\/\",\"name\":\"BBM Packaging\",\"description\":\"Imbottigliamento: macchinari manutenzione e much more\",\"potentialAction\":[{\"@type\":\"SearchAction\",\"target\":{\"@type\":\"EntryPoint\",\"urlTemplate\":\"https:\/\/www.bbmpackaging.com\/es\/?s={search_term_string}\"},\"query-input\":{\"@type\":\"PropertyValueSpecification\",\"valueRequired\":true,\"valueName\":\"search_term_string\"}}],\"inLanguage\":\"es\"}]}<\/script>\n<!-- \/ Yoast SEO plugin. -->","yoast_head_json":{"title":"Ingenier\u00eda BBM Packaging - L\u00edneas de Embotellado","description":"Actualizar la maquinaria embotelladora puede resultar \u00fatil para aprovechar al m\u00e1ximo el potencial de la m\u00e1quina, aprovechando el ahorro energ\u00e9tico","robots":{"index":"index","follow":"follow","max-snippet":"max-snippet:-1","max-image-preview":"max-image-preview:large","max-video-preview":"max-video-preview:-1"},"canonical":"https:\/\/www.bbmpackaging.com\/es\/ingenieria\/","og_locale":"es_ES","og_type":"article","og_title":"Ingenier\u00eda BBM Packaging - L\u00edneas de Embotellado","og_description":"Actualizar la maquinaria embotelladora puede resultar \u00fatil para aprovechar al m\u00e1ximo el potencial de la m\u00e1quina, aprovechando el ahorro energ\u00e9tico","og_url":"https:\/\/www.bbmpackaging.com\/es\/ingenieria\/","og_site_name":"BBM Packaging","article_modified_time":"2024-11-27T08:39:21+00:00","og_image":[{"width":1920,"height":630,"url":"https:\/\/cdn.bbmpackaging.com\/wp-content\/uploads\/2021\/09\/banner_engineering.jpg","type":"image\/jpeg"}],"twitter_card":"summary_large_image","twitter_misc":{"Tiempo de lectura":"1 minuto"},"schema":{"@context":"https:\/\/schema.org","@graph":[{"@type":"WebPage","@id":"https:\/\/www.bbmpackaging.com\/es\/ingenieria\/","url":"https:\/\/www.bbmpackaging.com\/es\/ingenieria\/","name":"Ingenier\u00eda BBM Packaging - L\u00edneas de Embotellado","isPartOf":{"@id":"https:\/\/www.bbmpackaging.com\/es\/#website"},"primaryImageOfPage":{"@id":"https:\/\/www.bbmpackaging.com\/es\/ingenieria\/#primaryimage"},"image":{"@id":"https:\/\/www.bbmpackaging.com\/es\/ingenieria\/#primaryimage"},"thumbnailUrl":"https:\/\/cdn.bbmpackaging.com\/wp-content\/uploads\/2021\/09\/banner_engineering.jpg","datePublished":"2021-07-16T12:38:41+00:00","dateModified":"2024-11-27T08:39:21+00:00","description":"Actualizar la maquinaria embotelladora puede resultar \u00fatil para aprovechar al m\u00e1ximo el potencial de la m\u00e1quina, aprovechando el ahorro energ\u00e9tico","breadcrumb":{"@id":"https:\/\/www.bbmpackaging.com\/es\/ingenieria\/#breadcrumb"},"inLanguage":"es","potentialAction":[{"@type":"ReadAction","target":["https:\/\/www.bbmpackaging.com\/es\/ingenieria\/"]}]},{"@type":"ImageObject","inLanguage":"es","@id":"https:\/\/www.bbmpackaging.com\/es\/ingenieria\/#primaryimage","url":"https:\/\/cdn.bbmpackaging.com\/wp-content\/uploads\/2021\/09\/banner_engineering.jpg","contentUrl":"https:\/\/cdn.bbmpackaging.com\/wp-content\/uploads\/2021\/09\/banner_engineering.jpg","width":1920,"height":630},{"@type":"BreadcrumbList","@id":"https:\/\/www.bbmpackaging.com\/es\/ingenieria\/#breadcrumb","itemListElement":[{"@type":"ListItem","position":1,"name":"Home","item":"https:\/\/www.bbmpackaging.com\/es\/"},{"@type":"ListItem","position":2,"name":"Engineering"}]},{"@type":"WebSite","@id":"https:\/\/www.bbmpackaging.com\/es\/#website","url":"https:\/\/www.bbmpackaging.com\/es\/","name":"BBM Packaging","description":"Imbottigliamento: macchinari manutenzione e much more","potentialAction":[{"@type":"SearchAction","target":{"@type":"EntryPoint","urlTemplate":"https:\/\/www.bbmpackaging.com\/es\/?s={search_term_string}"},"query-input":{"@type":"PropertyValueSpecification","valueRequired":true,"valueName":"search_term_string"}}],"inLanguage":"es"}]}},"_links":{"self":[{"href":"https:\/\/www.bbmpackaging.com\/es\/wp-json\/wp\/v2\/pages\/21875","targetHints":{"allow":["GET"]}}],"collection":[{"href":"https:\/\/www.bbmpackaging.com\/es\/wp-json\/wp\/v2\/pages"}],"about":[{"href":"https:\/\/www.bbmpackaging.com\/es\/wp-json\/wp\/v2\/types\/page"}],"author":[{"embeddable":true,"href":"https:\/\/www.bbmpackaging.com\/es\/wp-json\/wp\/v2\/users\/2"}],"replies":[{"embeddable":true,"href":"https:\/\/www.bbmpackaging.com\/es\/wp-json\/wp\/v2\/comments?post=21875"}],"version-history":[{"count":0,"href":"https:\/\/www.bbmpackaging.com\/es\/wp-json\/wp\/v2\/pages\/21875\/revisions"}],"wp:featuredmedia":[{"embeddable":true,"href":"https:\/\/www.bbmpackaging.com\/es\/wp-json\/wp\/v2\/media\/18002"}],"wp:attachment":[{"href":"https:\/\/www.bbmpackaging.com\/es\/wp-json\/wp\/v2\/media?parent=21875"}],"curies":[{"name":"wp","href":"https:\/\/api.w.org\/{rel}","templated":true}]}}