{"id":21877,"date":"2021-09-07T09:30:24","date_gmt":"2021-09-07T07:30:24","guid":{"rendered":"https:\/\/www.bbmpackaging.com\/services\/"},"modified":"2025-06-20T12:43:51","modified_gmt":"2025-06-20T10:43:51","slug":"services","status":"publish","type":"page","link":"https:\/\/www.bbmpackaging.com\/es\/servicio\/","title":{"rendered":"Servicio"},"content":{"rendered":"<h2><strong>Servicio completo para m\u00e1quinas y l\u00edneas de embotellado y envasado.<\/strong><\/h2>\n<p>BBM ofrece asistencia t\u00e9cnica profesional en l\u00edneas de embotellado y envasado multimarca. Nuestras competencias t\u00e9cnicas cubren una gama completa de servicios, desde el mantenimiento predictivo hasta la reubicaci\u00f3n de instalaciones, garantizando siempre la m\u00e1xima eficiencia operativa. Gracias a nuestra experiencia con marcas l\u00edderes como SIDEL, KRONES, SMI, OCME, ACMI y muchas m\u00e1s, somos el socio ideal para mantener su planta siempre al m\u00e1ximo rendimiento.<\/p>\n<p><strong>Proporcionamos asistencia t\u00e9cnica 24\/7, garantizando nuestro apoyo incluso los fines de semana y d\u00edas festivos, para asegurar la continuidad y fiabilidad de su trabajo.<\/strong><\/p>\n<div class=\"uk-grid servicesgrid\" style=\"padding-bottom: 0px; padding-top: 20px\">\n<div class=\"uk-width-1-2@m\">\n<h3>Vid\u00e9o Service BBM<\/h3>\n<p><iframe loading=\"lazy\" title=\"YouTube video player\" src=\"https:\/\/www.youtube.com\/embed\/jNMouE_7ff0?si=RnGui6NCEgJKd49X\" width=\"560\" height=\"315\" frameborder=\"0\" allowfullscreen=\"allowfullscreen\"><\/iframe><\/p>\n<\/div>\n<div class=\"uk-width-1-2@m\">\n<h3>Mapa de intervenciones de BBM<\/h3>\n<p><iframe loading=\"lazy\" src=\"https:\/\/www.google.com\/maps\/d\/embed?mid=1ze93MKk04sGh4XE0YSZhl_L3Kk-zORM&amp;ehbc=2E312F&amp;noprof=1&amp;z=2\" width=\"640\" height=\"315\"><\/iframe><\/p>\n<\/div>\n<\/div>\n","protected":false},"excerpt":{"rendered":"<p>Servicio completo para m\u00e1quinas y l\u00edneas de embotellado y envasado. BBM ofrece asistencia t\u00e9cnica profesional en l\u00edneas de&#8230;<\/p>\n","protected":false},"author":2,"featured_media":53327,"parent":0,"menu_order":0,"comment_status":"closed","ping_status":"closed","template":"page-manutenzione.php","meta":{"_acf_changed":false,"footnotes":""},"class_list":["post-21877","page","type-page","status-publish","has-post-thumbnail","hentry"],"acf":[],"yoast_head":"<!-- This site is optimized with the Yoast SEO plugin v27.2 - https:\/\/yoast.com\/product\/yoast-seo-wordpress\/ -->\n<title>Servicio L\u00edneas de Embotellado y Envasado - BBM Service<\/title>\n<meta name=\"description\" content=\"BBM Packaging ofrece servicio en m\u00e1quinas y l\u00edneas de embotellado y envasado multimarca. Descubra los servicios y cont\u00e1ctenos para optimizar su sistema.\" \/>\n<meta name=\"robots\" content=\"index, follow, max-snippet:-1, max-image-preview:large, max-video-preview:-1\" \/>\n<link rel=\"canonical\" href=\"https:\/\/www.bbmpackaging.com\/es\/servicio\/\" \/>\n<meta property=\"og:locale\" content=\"es_ES\" \/>\n<meta property=\"og:type\" content=\"article\" \/>\n<meta property=\"og:title\" content=\"Servicio L\u00edneas de Embotellado y Envasado - BBM Service\" \/>\n<meta property=\"og:description\" content=\"BBM Packaging ofrece servicio en m\u00e1quinas y l\u00edneas de embotellado y envasado multimarca. Descubra los servicios y cont\u00e1ctenos para optimizar su sistema.\" \/>\n<meta property=\"og:url\" content=\"https:\/\/www.bbmpackaging.com\/es\/servicio\/\" \/>\n<meta property=\"og:site_name\" content=\"BBM Packaging\" \/>\n<meta property=\"article:modified_time\" content=\"2025-06-20T10:43:51+00:00\" \/>\n<meta property=\"og:image\" content=\"https:\/\/cdn.bbmpackaging.com\/wp-content\/uploads\/2025\/06\/servicio-bbm-packaging.jpg\" \/>\n\t<meta property=\"og:image:width\" content=\"1920\" \/>\n\t<meta property=\"og:image:height\" content=\"630\" \/>\n\t<meta property=\"og:image:type\" content=\"image\/jpeg\" \/>\n<meta name=\"twitter:card\" content=\"summary_large_image\" \/>\n<meta name=\"twitter:label1\" content=\"Tiempo de lectura\" \/>\n\t<meta name=\"twitter:data1\" content=\"2 minutos\" \/>\n<script type=\"application\/ld+json\" class=\"yoast-schema-graph\">{\"@context\":\"https:\/\/schema.org\",\"@graph\":[{\"@type\":\"WebPage\",\"@id\":\"https:\/\/www.bbmpackaging.com\/es\/servicio\/\",\"url\":\"https:\/\/www.bbmpackaging.com\/es\/servicio\/\",\"name\":\"Servicio L\u00edneas de Embotellado y Envasado - BBM Service\",\"isPartOf\":{\"@id\":\"https:\/\/www.bbmpackaging.com\/es\/#website\"},\"primaryImageOfPage\":{\"@id\":\"https:\/\/www.bbmpackaging.com\/es\/servicio\/#primaryimage\"},\"image\":{\"@id\":\"https:\/\/www.bbmpackaging.com\/es\/servicio\/#primaryimage\"},\"thumbnailUrl\":\"https:\/\/cdn.bbmpackaging.com\/wp-content\/uploads\/2025\/06\/servicio-bbm-packaging.jpg\",\"datePublished\":\"2021-09-07T07:30:24+00:00\",\"dateModified\":\"2025-06-20T10:43:51+00:00\",\"description\":\"BBM Packaging ofrece servicio en m\u00e1quinas y l\u00edneas de embotellado y envasado multimarca. Descubra los servicios y cont\u00e1ctenos para optimizar su sistema.\",\"breadcrumb\":{\"@id\":\"https:\/\/www.bbmpackaging.com\/es\/servicio\/#breadcrumb\"},\"inLanguage\":\"es\",\"potentialAction\":[{\"@type\":\"ReadAction\",\"target\":[\"https:\/\/www.bbmpackaging.com\/es\/servicio\/\"]}]},{\"@type\":\"ImageObject\",\"inLanguage\":\"es\",\"@id\":\"https:\/\/www.bbmpackaging.com\/es\/servicio\/#primaryimage\",\"url\":\"https:\/\/cdn.bbmpackaging.com\/wp-content\/uploads\/2025\/06\/servicio-bbm-packaging.jpg\",\"contentUrl\":\"https:\/\/cdn.bbmpackaging.com\/wp-content\/uploads\/2025\/06\/servicio-bbm-packaging.jpg\",\"width\":1920,\"height\":630,\"caption\":\"Servicio L\u00edneas de Embotellado y Envasado - BBM Service\"},{\"@type\":\"BreadcrumbList\",\"@id\":\"https:\/\/www.bbmpackaging.com\/es\/servicio\/#breadcrumb\",\"itemListElement\":[{\"@type\":\"ListItem\",\"position\":1,\"name\":\"Home\",\"item\":\"https:\/\/www.bbmpackaging.com\/es\/\"},{\"@type\":\"ListItem\",\"position\":2,\"name\":\"Servicio\"}]},{\"@type\":\"WebSite\",\"@id\":\"https:\/\/www.bbmpackaging.com\/es\/#website\",\"url\":\"https:\/\/www.bbmpackaging.com\/es\/\",\"name\":\"BBM Packaging\",\"description\":\"Imbottigliamento: macchinari manutenzione e much more\",\"potentialAction\":[{\"@type\":\"SearchAction\",\"target\":{\"@type\":\"EntryPoint\",\"urlTemplate\":\"https:\/\/www.bbmpackaging.com\/es\/?s={search_term_string}\"},\"query-input\":{\"@type\":\"PropertyValueSpecification\",\"valueRequired\":true,\"valueName\":\"search_term_string\"}}],\"inLanguage\":\"es\"}]}<\/script>\n<!-- \/ Yoast SEO plugin. -->","yoast_head_json":{"title":"Servicio L\u00edneas de Embotellado y Envasado - BBM Service","description":"BBM Packaging ofrece servicio en m\u00e1quinas y l\u00edneas de embotellado y envasado multimarca. Descubra los servicios y cont\u00e1ctenos para optimizar su sistema.","robots":{"index":"index","follow":"follow","max-snippet":"max-snippet:-1","max-image-preview":"max-image-preview:large","max-video-preview":"max-video-preview:-1"},"canonical":"https:\/\/www.bbmpackaging.com\/es\/servicio\/","og_locale":"es_ES","og_type":"article","og_title":"Servicio L\u00edneas de Embotellado y Envasado - BBM Service","og_description":"BBM Packaging ofrece servicio en m\u00e1quinas y l\u00edneas de embotellado y envasado multimarca. Descubra los servicios y cont\u00e1ctenos para optimizar su sistema.","og_url":"https:\/\/www.bbmpackaging.com\/es\/servicio\/","og_site_name":"BBM Packaging","article_modified_time":"2025-06-20T10:43:51+00:00","og_image":[{"width":1920,"height":630,"url":"https:\/\/cdn.bbmpackaging.com\/wp-content\/uploads\/2025\/06\/servicio-bbm-packaging.jpg","type":"image\/jpeg"}],"twitter_card":"summary_large_image","twitter_misc":{"Tiempo de lectura":"2 minutos"},"schema":{"@context":"https:\/\/schema.org","@graph":[{"@type":"WebPage","@id":"https:\/\/www.bbmpackaging.com\/es\/servicio\/","url":"https:\/\/www.bbmpackaging.com\/es\/servicio\/","name":"Servicio L\u00edneas de Embotellado y Envasado - BBM Service","isPartOf":{"@id":"https:\/\/www.bbmpackaging.com\/es\/#website"},"primaryImageOfPage":{"@id":"https:\/\/www.bbmpackaging.com\/es\/servicio\/#primaryimage"},"image":{"@id":"https:\/\/www.bbmpackaging.com\/es\/servicio\/#primaryimage"},"thumbnailUrl":"https:\/\/cdn.bbmpackaging.com\/wp-content\/uploads\/2025\/06\/servicio-bbm-packaging.jpg","datePublished":"2021-09-07T07:30:24+00:00","dateModified":"2025-06-20T10:43:51+00:00","description":"BBM Packaging ofrece servicio en m\u00e1quinas y l\u00edneas de embotellado y envasado multimarca. Descubra los servicios y cont\u00e1ctenos para optimizar su sistema.","breadcrumb":{"@id":"https:\/\/www.bbmpackaging.com\/es\/servicio\/#breadcrumb"},"inLanguage":"es","potentialAction":[{"@type":"ReadAction","target":["https:\/\/www.bbmpackaging.com\/es\/servicio\/"]}]},{"@type":"ImageObject","inLanguage":"es","@id":"https:\/\/www.bbmpackaging.com\/es\/servicio\/#primaryimage","url":"https:\/\/cdn.bbmpackaging.com\/wp-content\/uploads\/2025\/06\/servicio-bbm-packaging.jpg","contentUrl":"https:\/\/cdn.bbmpackaging.com\/wp-content\/uploads\/2025\/06\/servicio-bbm-packaging.jpg","width":1920,"height":630,"caption":"Servicio L\u00edneas de Embotellado y Envasado - BBM Service"},{"@type":"BreadcrumbList","@id":"https:\/\/www.bbmpackaging.com\/es\/servicio\/#breadcrumb","itemListElement":[{"@type":"ListItem","position":1,"name":"Home","item":"https:\/\/www.bbmpackaging.com\/es\/"},{"@type":"ListItem","position":2,"name":"Servicio"}]},{"@type":"WebSite","@id":"https:\/\/www.bbmpackaging.com\/es\/#website","url":"https:\/\/www.bbmpackaging.com\/es\/","name":"BBM Packaging","description":"Imbottigliamento: macchinari manutenzione e much more","potentialAction":[{"@type":"SearchAction","target":{"@type":"EntryPoint","urlTemplate":"https:\/\/www.bbmpackaging.com\/es\/?s={search_term_string}"},"query-input":{"@type":"PropertyValueSpecification","valueRequired":true,"valueName":"search_term_string"}}],"inLanguage":"es"}]}},"_links":{"self":[{"href":"https:\/\/www.bbmpackaging.com\/es\/wp-json\/wp\/v2\/pages\/21877","targetHints":{"allow":["GET"]}}],"collection":[{"href":"https:\/\/www.bbmpackaging.com\/es\/wp-json\/wp\/v2\/pages"}],"about":[{"href":"https:\/\/www.bbmpackaging.com\/es\/wp-json\/wp\/v2\/types\/page"}],"author":[{"embeddable":true,"href":"https:\/\/www.bbmpackaging.com\/es\/wp-json\/wp\/v2\/users\/2"}],"replies":[{"embeddable":true,"href":"https:\/\/www.bbmpackaging.com\/es\/wp-json\/wp\/v2\/comments?post=21877"}],"version-history":[{"count":5,"href":"https:\/\/www.bbmpackaging.com\/es\/wp-json\/wp\/v2\/pages\/21877\/revisions"}],"predecessor-version":[{"id":53331,"href":"https:\/\/www.bbmpackaging.com\/es\/wp-json\/wp\/v2\/pages\/21877\/revisions\/53331"}],"wp:featuredmedia":[{"embeddable":true,"href":"https:\/\/www.bbmpackaging.com\/es\/wp-json\/wp\/v2\/media\/53327"}],"wp:attachment":[{"href":"https:\/\/www.bbmpackaging.com\/es\/wp-json\/wp\/v2\/media?parent=21877"}],"curies":[{"name":"wp","href":"https:\/\/api.w.org\/{rel}","templated":true}]}}