{"id":21879,"date":"2021-02-23T14:45:36","date_gmt":"2021-02-23T13:45:36","guid":{"rendered":"https:\/\/www.bbmpackaging.com\/services\/teleassistenza\/"},"modified":"2025-05-14T16:53:22","modified_gmt":"2025-05-14T14:53:22","slug":"teleassistenza","status":"publish","type":"page","link":"https:\/\/www.bbmpackaging.com\/es\/services\/teleasistencia\/","title":{"rendered":"BBM HT"},"content":{"rendered":"<p>BBM HT Service naci\u00f3 para optimizar la gesti\u00f3n de la intervenci\u00f3n, garantizando varios beneficios al cliente que firma uno de los paquetes<\/p>\n","protected":false},"excerpt":{"rendered":"<p>BBM HT Service naci\u00f3 para optimizar la gesti\u00f3n de la intervenci\u00f3n, garantizando varios beneficios al cliente que firma&#8230;<\/p>\n","protected":false},"author":2,"featured_media":17353,"parent":21877,"menu_order":0,"comment_status":"closed","ping_status":"closed","template":"page-teleassistenza.php","meta":{"_acf_changed":false,"footnotes":""},"class_list":["post-21879","page","type-page","status-publish","has-post-thumbnail","hentry"],"acf":[],"yoast_head":"<!-- This site is optimized with the Yoast SEO plugin v27.2 - https:\/\/yoast.com\/product\/yoast-seo-wordpress\/ -->\n<title>Teleasistencia BBM Packaging - Asistencia Remota<\/title>\n<meta name=\"description\" content=\"\u00bfNecesita asistencia remota para su l\u00ednea de embotellado? Contacta con BBM HT y optimiza el proceso de gesti\u00f3n de intervenciones.\" \/>\n<meta name=\"robots\" content=\"index, follow, max-snippet:-1, max-image-preview:large, max-video-preview:-1\" \/>\n<link rel=\"canonical\" href=\"https:\/\/www.bbmpackaging.com\/es\/services\/teleasistencia\/\" \/>\n<meta property=\"og:locale\" content=\"es_ES\" \/>\n<meta property=\"og:type\" content=\"article\" \/>\n<meta property=\"og:title\" content=\"Teleasistencia BBM Packaging - Asistencia Remota\" \/>\n<meta property=\"og:description\" content=\"\u00bfNecesita asistencia remota para su l\u00ednea de embotellado? Contacta con BBM HT y optimiza el proceso de gesti\u00f3n de intervenciones.\" \/>\n<meta property=\"og:url\" content=\"https:\/\/www.bbmpackaging.com\/es\/services\/teleasistencia\/\" \/>\n<meta property=\"og:site_name\" content=\"BBM Packaging\" \/>\n<meta property=\"article:modified_time\" content=\"2025-05-14T14:53:22+00:00\" \/>\n<meta property=\"og:image\" content=\"https:\/\/cdn.bbmpackaging.com\/wp-content\/uploads\/2021\/07\/banner_ht-1.jpg\" \/>\n\t<meta property=\"og:image:width\" content=\"1920\" \/>\n\t<meta property=\"og:image:height\" content=\"630\" \/>\n\t<meta property=\"og:image:type\" content=\"image\/jpeg\" \/>\n<meta name=\"twitter:card\" content=\"summary_large_image\" \/>\n<meta name=\"twitter:label1\" content=\"Tiempo de lectura\" \/>\n\t<meta name=\"twitter:data1\" content=\"1 minuto\" \/>\n<script type=\"application\/ld+json\" class=\"yoast-schema-graph\">{\"@context\":\"https:\/\/schema.org\",\"@graph\":[{\"@type\":\"WebPage\",\"@id\":\"https:\/\/www.bbmpackaging.com\/es\/services\/teleasistencia\/\",\"url\":\"https:\/\/www.bbmpackaging.com\/es\/services\/teleasistencia\/\",\"name\":\"Teleasistencia BBM Packaging - Asistencia Remota\",\"isPartOf\":{\"@id\":\"https:\/\/www.bbmpackaging.com\/es\/#website\"},\"primaryImageOfPage\":{\"@id\":\"https:\/\/www.bbmpackaging.com\/es\/services\/teleasistencia\/#primaryimage\"},\"image\":{\"@id\":\"https:\/\/www.bbmpackaging.com\/es\/services\/teleasistencia\/#primaryimage\"},\"thumbnailUrl\":\"https:\/\/cdn.bbmpackaging.com\/wp-content\/uploads\/2021\/07\/banner_ht-1.jpg\",\"datePublished\":\"2021-02-23T13:45:36+00:00\",\"dateModified\":\"2025-05-14T14:53:22+00:00\",\"description\":\"\u00bfNecesita asistencia remota para su l\u00ednea de embotellado? Contacta con BBM HT y optimiza el proceso de gesti\u00f3n de intervenciones.\",\"breadcrumb\":{\"@id\":\"https:\/\/www.bbmpackaging.com\/es\/services\/teleasistencia\/#breadcrumb\"},\"inLanguage\":\"es\",\"potentialAction\":[{\"@type\":\"ReadAction\",\"target\":[\"https:\/\/www.bbmpackaging.com\/es\/services\/teleasistencia\/\"]}]},{\"@type\":\"ImageObject\",\"inLanguage\":\"es\",\"@id\":\"https:\/\/www.bbmpackaging.com\/es\/services\/teleasistencia\/#primaryimage\",\"url\":\"https:\/\/cdn.bbmpackaging.com\/wp-content\/uploads\/2021\/07\/banner_ht-1.jpg\",\"contentUrl\":\"https:\/\/cdn.bbmpackaging.com\/wp-content\/uploads\/2021\/07\/banner_ht-1.jpg\",\"width\":1920,\"height\":630},{\"@type\":\"BreadcrumbList\",\"@id\":\"https:\/\/www.bbmpackaging.com\/es\/services\/teleasistencia\/#breadcrumb\",\"itemListElement\":[{\"@type\":\"ListItem\",\"position\":1,\"name\":\"Home\",\"item\":\"https:\/\/www.bbmpackaging.com\/es\/\"},{\"@type\":\"ListItem\",\"position\":2,\"name\":\"Servicio\",\"item\":\"https:\/\/www.bbmpackaging.com\/es\/servicio\/\"},{\"@type\":\"ListItem\",\"position\":3,\"name\":\"BBM HT\"}]},{\"@type\":\"WebSite\",\"@id\":\"https:\/\/www.bbmpackaging.com\/es\/#website\",\"url\":\"https:\/\/www.bbmpackaging.com\/es\/\",\"name\":\"BBM Packaging\",\"description\":\"Imbottigliamento: macchinari manutenzione e much more\",\"potentialAction\":[{\"@type\":\"SearchAction\",\"target\":{\"@type\":\"EntryPoint\",\"urlTemplate\":\"https:\/\/www.bbmpackaging.com\/es\/?s={search_term_string}\"},\"query-input\":{\"@type\":\"PropertyValueSpecification\",\"valueRequired\":true,\"valueName\":\"search_term_string\"}}],\"inLanguage\":\"es\"}]}<\/script>\n<!-- \/ Yoast SEO plugin. -->","yoast_head_json":{"title":"Teleasistencia BBM Packaging - Asistencia Remota","description":"\u00bfNecesita asistencia remota para su l\u00ednea de embotellado? Contacta con BBM HT y optimiza el proceso de gesti\u00f3n de intervenciones.","robots":{"index":"index","follow":"follow","max-snippet":"max-snippet:-1","max-image-preview":"max-image-preview:large","max-video-preview":"max-video-preview:-1"},"canonical":"https:\/\/www.bbmpackaging.com\/es\/services\/teleasistencia\/","og_locale":"es_ES","og_type":"article","og_title":"Teleasistencia BBM Packaging - Asistencia Remota","og_description":"\u00bfNecesita asistencia remota para su l\u00ednea de embotellado? Contacta con BBM HT y optimiza el proceso de gesti\u00f3n de intervenciones.","og_url":"https:\/\/www.bbmpackaging.com\/es\/services\/teleasistencia\/","og_site_name":"BBM Packaging","article_modified_time":"2025-05-14T14:53:22+00:00","og_image":[{"width":1920,"height":630,"url":"https:\/\/cdn.bbmpackaging.com\/wp-content\/uploads\/2021\/07\/banner_ht-1.jpg","type":"image\/jpeg"}],"twitter_card":"summary_large_image","twitter_misc":{"Tiempo de lectura":"1 minuto"},"schema":{"@context":"https:\/\/schema.org","@graph":[{"@type":"WebPage","@id":"https:\/\/www.bbmpackaging.com\/es\/services\/teleasistencia\/","url":"https:\/\/www.bbmpackaging.com\/es\/services\/teleasistencia\/","name":"Teleasistencia BBM Packaging - Asistencia Remota","isPartOf":{"@id":"https:\/\/www.bbmpackaging.com\/es\/#website"},"primaryImageOfPage":{"@id":"https:\/\/www.bbmpackaging.com\/es\/services\/teleasistencia\/#primaryimage"},"image":{"@id":"https:\/\/www.bbmpackaging.com\/es\/services\/teleasistencia\/#primaryimage"},"thumbnailUrl":"https:\/\/cdn.bbmpackaging.com\/wp-content\/uploads\/2021\/07\/banner_ht-1.jpg","datePublished":"2021-02-23T13:45:36+00:00","dateModified":"2025-05-14T14:53:22+00:00","description":"\u00bfNecesita asistencia remota para su l\u00ednea de embotellado? Contacta con BBM HT y optimiza el proceso de gesti\u00f3n de intervenciones.","breadcrumb":{"@id":"https:\/\/www.bbmpackaging.com\/es\/services\/teleasistencia\/#breadcrumb"},"inLanguage":"es","potentialAction":[{"@type":"ReadAction","target":["https:\/\/www.bbmpackaging.com\/es\/services\/teleasistencia\/"]}]},{"@type":"ImageObject","inLanguage":"es","@id":"https:\/\/www.bbmpackaging.com\/es\/services\/teleasistencia\/#primaryimage","url":"https:\/\/cdn.bbmpackaging.com\/wp-content\/uploads\/2021\/07\/banner_ht-1.jpg","contentUrl":"https:\/\/cdn.bbmpackaging.com\/wp-content\/uploads\/2021\/07\/banner_ht-1.jpg","width":1920,"height":630},{"@type":"BreadcrumbList","@id":"https:\/\/www.bbmpackaging.com\/es\/services\/teleasistencia\/#breadcrumb","itemListElement":[{"@type":"ListItem","position":1,"name":"Home","item":"https:\/\/www.bbmpackaging.com\/es\/"},{"@type":"ListItem","position":2,"name":"Servicio","item":"https:\/\/www.bbmpackaging.com\/es\/servicio\/"},{"@type":"ListItem","position":3,"name":"BBM HT"}]},{"@type":"WebSite","@id":"https:\/\/www.bbmpackaging.com\/es\/#website","url":"https:\/\/www.bbmpackaging.com\/es\/","name":"BBM Packaging","description":"Imbottigliamento: macchinari manutenzione e much more","potentialAction":[{"@type":"SearchAction","target":{"@type":"EntryPoint","urlTemplate":"https:\/\/www.bbmpackaging.com\/es\/?s={search_term_string}"},"query-input":{"@type":"PropertyValueSpecification","valueRequired":true,"valueName":"search_term_string"}}],"inLanguage":"es"}]}},"_links":{"self":[{"href":"https:\/\/www.bbmpackaging.com\/es\/wp-json\/wp\/v2\/pages\/21879","targetHints":{"allow":["GET"]}}],"collection":[{"href":"https:\/\/www.bbmpackaging.com\/es\/wp-json\/wp\/v2\/pages"}],"about":[{"href":"https:\/\/www.bbmpackaging.com\/es\/wp-json\/wp\/v2\/types\/page"}],"author":[{"embeddable":true,"href":"https:\/\/www.bbmpackaging.com\/es\/wp-json\/wp\/v2\/users\/2"}],"replies":[{"embeddable":true,"href":"https:\/\/www.bbmpackaging.com\/es\/wp-json\/wp\/v2\/comments?post=21879"}],"version-history":[{"count":4,"href":"https:\/\/www.bbmpackaging.com\/es\/wp-json\/wp\/v2\/pages\/21879\/revisions"}],"predecessor-version":[{"id":52419,"href":"https:\/\/www.bbmpackaging.com\/es\/wp-json\/wp\/v2\/pages\/21879\/revisions\/52419"}],"up":[{"embeddable":true,"href":"https:\/\/www.bbmpackaging.com\/es\/wp-json\/wp\/v2\/pages\/21877"}],"wp:featuredmedia":[{"embeddable":true,"href":"https:\/\/www.bbmpackaging.com\/es\/wp-json\/wp\/v2\/media\/17353"}],"wp:attachment":[{"href":"https:\/\/www.bbmpackaging.com\/es\/wp-json\/wp\/v2\/media?parent=21879"}],"curies":[{"name":"wp","href":"https:\/\/api.w.org\/{rel}","templated":true}]}}