{"id":21893,"date":"2021-07-16T14:40:12","date_gmt":"2021-07-16T12:40:12","guid":{"rendered":"https:\/\/www.bbmpackaging.com\/engineering\/sistema-recupera-aria\/"},"modified":"2024-11-27T09:40:12","modified_gmt":"2024-11-27T08:40:12","slug":"sistema-recupera-aria","status":"publish","type":"page","link":"https:\/\/www.bbmpackaging.com\/es\/ingenieria\/sistema-de-recuperacion-de-aire\/","title":{"rendered":"Sistema de recuperaci\u00f3n de aire"},"content":{"rendered":"<p class=\"big\">Sistema de recuperaci\u00f3n de aire para sopladoras: sistema integrado con conexi\u00f3n inal\u00e1mbrica para la gesti\u00f3n de la recuperaci\u00f3n de aire en la optimizaci\u00f3n de los procesos de embotellado.<\/p>\n","protected":false},"excerpt":{"rendered":"<p>Sistema de recuperaci\u00f3n de aire para sopladoras: sistema integrado con conexi\u00f3n inal\u00e1mbrica para la gesti\u00f3n de la recuperaci\u00f3n&#8230;<\/p>\n","protected":false},"author":2,"featured_media":15922,"parent":21875,"menu_order":0,"comment_status":"closed","ping_status":"closed","template":"page-2colonne.php","meta":{"_acf_changed":false,"footnotes":""},"class_list":["post-21893","page","type-page","status-publish","has-post-thumbnail","hentry"],"acf":[],"yoast_head":"<!-- This site is optimized with the Yoast SEO plugin v27.2 - https:\/\/yoast.com\/product\/yoast-seo-wordpress\/ -->\n<title>Sistema de Recuperaci\u00f3n de aire para Sopladoras - BBM Packaging<\/title>\n<meta name=\"description\" content=\"Actualizaci\u00f3n del sistema de recuperaci\u00f3n de aire para sopladoras: sistema integrado con conexi\u00f3n inal\u00e1mbrica para la gesti\u00f3n de la recuperaci\u00f3n de aire en la optimizaci\u00f3n del\" \/>\n<meta name=\"robots\" content=\"index, follow, max-snippet:-1, max-image-preview:large, max-video-preview:-1\" \/>\n<link rel=\"canonical\" href=\"https:\/\/www.bbmpackaging.com\/es\/ingenieria\/sistema-de-recuperacion-de-aire\/\" \/>\n<meta property=\"og:locale\" content=\"es_ES\" \/>\n<meta property=\"og:type\" content=\"article\" \/>\n<meta property=\"og:title\" content=\"Sistema de Recuperaci\u00f3n de aire para Sopladoras - BBM Packaging\" \/>\n<meta property=\"og:description\" content=\"Actualizaci\u00f3n del sistema de recuperaci\u00f3n de aire para sopladoras: sistema integrado con conexi\u00f3n inal\u00e1mbrica para la gesti\u00f3n de la recuperaci\u00f3n de aire en la optimizaci\u00f3n del\" \/>\n<meta property=\"og:url\" content=\"https:\/\/www.bbmpackaging.com\/es\/ingenieria\/sistema-de-recuperacion-de-aire\/\" \/>\n<meta property=\"og:site_name\" content=\"BBM Packaging\" \/>\n<meta property=\"article:modified_time\" content=\"2024-11-27T08:40:12+00:00\" \/>\n<meta property=\"og:image\" content=\"https:\/\/cdn.bbmpackaging.com\/wp-content\/uploads\/2021\/07\/air-recovery.jpg\" \/>\n\t<meta property=\"og:image:width\" content=\"1920\" \/>\n\t<meta property=\"og:image:height\" content=\"630\" \/>\n\t<meta property=\"og:image:type\" content=\"image\/jpeg\" \/>\n<meta name=\"twitter:card\" content=\"summary_large_image\" \/>\n<meta name=\"twitter:label1\" content=\"Tiempo de lectura\" \/>\n\t<meta name=\"twitter:data1\" content=\"1 minuto\" \/>\n<script type=\"application\/ld+json\" class=\"yoast-schema-graph\">{\"@context\":\"https:\/\/schema.org\",\"@graph\":[{\"@type\":\"WebPage\",\"@id\":\"https:\/\/www.bbmpackaging.com\/es\/ingenieria\/sistema-de-recuperacion-de-aire\/\",\"url\":\"https:\/\/www.bbmpackaging.com\/es\/ingenieria\/sistema-de-recuperacion-de-aire\/\",\"name\":\"Sistema de Recuperaci\u00f3n de aire para Sopladoras - BBM Packaging\",\"isPartOf\":{\"@id\":\"https:\/\/www.bbmpackaging.com\/es\/#website\"},\"primaryImageOfPage\":{\"@id\":\"https:\/\/www.bbmpackaging.com\/es\/ingenieria\/sistema-de-recuperacion-de-aire\/#primaryimage\"},\"image\":{\"@id\":\"https:\/\/www.bbmpackaging.com\/es\/ingenieria\/sistema-de-recuperacion-de-aire\/#primaryimage\"},\"thumbnailUrl\":\"https:\/\/cdn.bbmpackaging.com\/wp-content\/uploads\/2021\/07\/air-recovery.jpg\",\"datePublished\":\"2021-07-16T12:40:12+00:00\",\"dateModified\":\"2024-11-27T08:40:12+00:00\",\"description\":\"Actualizaci\u00f3n del sistema de recuperaci\u00f3n de aire para sopladoras: sistema integrado con conexi\u00f3n inal\u00e1mbrica para la gesti\u00f3n de la recuperaci\u00f3n de aire en la optimizaci\u00f3n del\",\"breadcrumb\":{\"@id\":\"https:\/\/www.bbmpackaging.com\/es\/ingenieria\/sistema-de-recuperacion-de-aire\/#breadcrumb\"},\"inLanguage\":\"es\",\"potentialAction\":[{\"@type\":\"ReadAction\",\"target\":[\"https:\/\/www.bbmpackaging.com\/es\/ingenieria\/sistema-de-recuperacion-de-aire\/\"]}]},{\"@type\":\"ImageObject\",\"inLanguage\":\"es\",\"@id\":\"https:\/\/www.bbmpackaging.com\/es\/ingenieria\/sistema-de-recuperacion-de-aire\/#primaryimage\",\"url\":\"https:\/\/cdn.bbmpackaging.com\/wp-content\/uploads\/2021\/07\/air-recovery.jpg\",\"contentUrl\":\"https:\/\/cdn.bbmpackaging.com\/wp-content\/uploads\/2021\/07\/air-recovery.jpg\",\"width\":1920,\"height\":630},{\"@type\":\"BreadcrumbList\",\"@id\":\"https:\/\/www.bbmpackaging.com\/es\/ingenieria\/sistema-de-recuperacion-de-aire\/#breadcrumb\",\"itemListElement\":[{\"@type\":\"ListItem\",\"position\":1,\"name\":\"Home\",\"item\":\"https:\/\/www.bbmpackaging.com\/es\/\"},{\"@type\":\"ListItem\",\"position\":2,\"name\":\"Engineering\",\"item\":\"https:\/\/www.bbmpackaging.com\/es\/ingenieria\/\"},{\"@type\":\"ListItem\",\"position\":3,\"name\":\"Sistema de recuperaci\u00f3n de aire\"}]},{\"@type\":\"WebSite\",\"@id\":\"https:\/\/www.bbmpackaging.com\/es\/#website\",\"url\":\"https:\/\/www.bbmpackaging.com\/es\/\",\"name\":\"BBM Packaging\",\"description\":\"Imbottigliamento: macchinari manutenzione e much more\",\"potentialAction\":[{\"@type\":\"SearchAction\",\"target\":{\"@type\":\"EntryPoint\",\"urlTemplate\":\"https:\/\/www.bbmpackaging.com\/es\/?s={search_term_string}\"},\"query-input\":{\"@type\":\"PropertyValueSpecification\",\"valueRequired\":true,\"valueName\":\"search_term_string\"}}],\"inLanguage\":\"es\"}]}<\/script>\n<!-- \/ Yoast SEO plugin. -->","yoast_head_json":{"title":"Sistema de Recuperaci\u00f3n de aire para Sopladoras - BBM Packaging","description":"Actualizaci\u00f3n del sistema de recuperaci\u00f3n de aire para sopladoras: sistema integrado con conexi\u00f3n inal\u00e1mbrica para la gesti\u00f3n de la recuperaci\u00f3n de aire en la optimizaci\u00f3n del","robots":{"index":"index","follow":"follow","max-snippet":"max-snippet:-1","max-image-preview":"max-image-preview:large","max-video-preview":"max-video-preview:-1"},"canonical":"https:\/\/www.bbmpackaging.com\/es\/ingenieria\/sistema-de-recuperacion-de-aire\/","og_locale":"es_ES","og_type":"article","og_title":"Sistema de Recuperaci\u00f3n de aire para Sopladoras - BBM Packaging","og_description":"Actualizaci\u00f3n del sistema de recuperaci\u00f3n de aire para sopladoras: sistema integrado con conexi\u00f3n inal\u00e1mbrica para la gesti\u00f3n de la recuperaci\u00f3n de aire en la optimizaci\u00f3n del","og_url":"https:\/\/www.bbmpackaging.com\/es\/ingenieria\/sistema-de-recuperacion-de-aire\/","og_site_name":"BBM Packaging","article_modified_time":"2024-11-27T08:40:12+00:00","og_image":[{"width":1920,"height":630,"url":"https:\/\/cdn.bbmpackaging.com\/wp-content\/uploads\/2021\/07\/air-recovery.jpg","type":"image\/jpeg"}],"twitter_card":"summary_large_image","twitter_misc":{"Tiempo de lectura":"1 minuto"},"schema":{"@context":"https:\/\/schema.org","@graph":[{"@type":"WebPage","@id":"https:\/\/www.bbmpackaging.com\/es\/ingenieria\/sistema-de-recuperacion-de-aire\/","url":"https:\/\/www.bbmpackaging.com\/es\/ingenieria\/sistema-de-recuperacion-de-aire\/","name":"Sistema de Recuperaci\u00f3n de aire para Sopladoras - BBM Packaging","isPartOf":{"@id":"https:\/\/www.bbmpackaging.com\/es\/#website"},"primaryImageOfPage":{"@id":"https:\/\/www.bbmpackaging.com\/es\/ingenieria\/sistema-de-recuperacion-de-aire\/#primaryimage"},"image":{"@id":"https:\/\/www.bbmpackaging.com\/es\/ingenieria\/sistema-de-recuperacion-de-aire\/#primaryimage"},"thumbnailUrl":"https:\/\/cdn.bbmpackaging.com\/wp-content\/uploads\/2021\/07\/air-recovery.jpg","datePublished":"2021-07-16T12:40:12+00:00","dateModified":"2024-11-27T08:40:12+00:00","description":"Actualizaci\u00f3n del sistema de recuperaci\u00f3n de aire para sopladoras: sistema integrado con conexi\u00f3n inal\u00e1mbrica para la gesti\u00f3n de la recuperaci\u00f3n de aire en la optimizaci\u00f3n del","breadcrumb":{"@id":"https:\/\/www.bbmpackaging.com\/es\/ingenieria\/sistema-de-recuperacion-de-aire\/#breadcrumb"},"inLanguage":"es","potentialAction":[{"@type":"ReadAction","target":["https:\/\/www.bbmpackaging.com\/es\/ingenieria\/sistema-de-recuperacion-de-aire\/"]}]},{"@type":"ImageObject","inLanguage":"es","@id":"https:\/\/www.bbmpackaging.com\/es\/ingenieria\/sistema-de-recuperacion-de-aire\/#primaryimage","url":"https:\/\/cdn.bbmpackaging.com\/wp-content\/uploads\/2021\/07\/air-recovery.jpg","contentUrl":"https:\/\/cdn.bbmpackaging.com\/wp-content\/uploads\/2021\/07\/air-recovery.jpg","width":1920,"height":630},{"@type":"BreadcrumbList","@id":"https:\/\/www.bbmpackaging.com\/es\/ingenieria\/sistema-de-recuperacion-de-aire\/#breadcrumb","itemListElement":[{"@type":"ListItem","position":1,"name":"Home","item":"https:\/\/www.bbmpackaging.com\/es\/"},{"@type":"ListItem","position":2,"name":"Engineering","item":"https:\/\/www.bbmpackaging.com\/es\/ingenieria\/"},{"@type":"ListItem","position":3,"name":"Sistema de recuperaci\u00f3n de aire"}]},{"@type":"WebSite","@id":"https:\/\/www.bbmpackaging.com\/es\/#website","url":"https:\/\/www.bbmpackaging.com\/es\/","name":"BBM Packaging","description":"Imbottigliamento: macchinari manutenzione e much more","potentialAction":[{"@type":"SearchAction","target":{"@type":"EntryPoint","urlTemplate":"https:\/\/www.bbmpackaging.com\/es\/?s={search_term_string}"},"query-input":{"@type":"PropertyValueSpecification","valueRequired":true,"valueName":"search_term_string"}}],"inLanguage":"es"}]}},"_links":{"self":[{"href":"https:\/\/www.bbmpackaging.com\/es\/wp-json\/wp\/v2\/pages\/21893","targetHints":{"allow":["GET"]}}],"collection":[{"href":"https:\/\/www.bbmpackaging.com\/es\/wp-json\/wp\/v2\/pages"}],"about":[{"href":"https:\/\/www.bbmpackaging.com\/es\/wp-json\/wp\/v2\/types\/page"}],"author":[{"embeddable":true,"href":"https:\/\/www.bbmpackaging.com\/es\/wp-json\/wp\/v2\/users\/2"}],"replies":[{"embeddable":true,"href":"https:\/\/www.bbmpackaging.com\/es\/wp-json\/wp\/v2\/comments?post=21893"}],"version-history":[{"count":0,"href":"https:\/\/www.bbmpackaging.com\/es\/wp-json\/wp\/v2\/pages\/21893\/revisions"}],"up":[{"embeddable":true,"href":"https:\/\/www.bbmpackaging.com\/es\/wp-json\/wp\/v2\/pages\/21875"}],"wp:featuredmedia":[{"embeddable":true,"href":"https:\/\/www.bbmpackaging.com\/es\/wp-json\/wp\/v2\/media\/15922"}],"wp:attachment":[{"href":"https:\/\/www.bbmpackaging.com\/es\/wp-json\/wp\/v2\/media?parent=21893"}],"curies":[{"name":"wp","href":"https:\/\/api.w.org\/{rel}","templated":true}]}}