{"id":24232,"date":"2021-11-23T09:34:50","date_gmt":"2021-11-23T08:34:50","guid":{"rendered":"https:\/\/www.bbmpackaging.com\/attrezzature-accessorie\/"},"modified":"2024-12-24T08:52:20","modified_gmt":"2024-12-24T07:52:20","slug":"attrezzature-accessorie","status":"publish","type":"page","link":"https:\/\/www.bbmpackaging.com\/es\/maquinas\/equipos-auxiliares\/","title":{"rendered":"Equipos Auxiliares"},"content":{"rendered":"<p>Equipos para completar la provisi\u00f3n de la l\u00ednea, que permiten personalizar sus productos y disponer de una l\u00ednea completa y eficaz y que cumpla todos los requisitos del mercado. Se trata de equipos de tama\u00f1o medio\/peque\u00f1o, que pueden integrarse en la propia l\u00ednea de embotellado o envasado automatizado, lo que permite alcanzar altos niveles de producci\u00f3n.<\/p>\n","protected":false},"excerpt":{"rendered":"<p>Equipos para completar la provisi\u00f3n de la l\u00ednea, que permiten personalizar sus productos y disponer de una l\u00ednea&#8230;<\/p>\n","protected":false},"author":2,"featured_media":24229,"parent":0,"menu_order":0,"comment_status":"closed","ping_status":"closed","template":"page-attrezzature.php","meta":{"_acf_changed":false,"footnotes":""},"class_list":["post-24232","page","type-page","status-publish","has-post-thumbnail","hentry"],"acf":[],"yoast_head":"<!-- This site is optimized with the Yoast SEO plugin v27.2 - https:\/\/yoast.com\/product\/yoast-seo-wordpress\/ -->\n<title>Equipos Accesorios - BBM Packaging<\/title>\n<meta name=\"description\" content=\"Descubra los equipos para completar l\u00edneas de suministro. Te permiten personalizar tus productos y tener una l\u00ednea completa y eficiente.\" \/>\n<meta name=\"robots\" content=\"index, follow, max-snippet:-1, max-image-preview:large, max-video-preview:-1\" \/>\n<link rel=\"canonical\" href=\"https:\/\/www.bbmpackaging.com\/es\/maquinas\/equipos-auxiliares\/\" \/>\n<meta property=\"og:locale\" content=\"es_ES\" \/>\n<meta property=\"og:type\" content=\"article\" \/>\n<meta property=\"og:title\" content=\"Equipos Accesorios - BBM Packaging\" \/>\n<meta property=\"og:description\" content=\"Descubra los equipos para completar l\u00edneas de suministro. Te permiten personalizar tus productos y tener una l\u00ednea completa y eficiente.\" \/>\n<meta property=\"og:url\" content=\"https:\/\/www.bbmpackaging.com\/es\/maquinas\/equipos-auxiliares\/\" \/>\n<meta property=\"og:site_name\" content=\"BBM Packaging\" \/>\n<meta property=\"article:modified_time\" content=\"2024-12-24T07:52:20+00:00\" \/>\n<meta property=\"og:image\" content=\"https:\/\/cdn.bbmpackaging.com\/wp-content\/uploads\/2021\/11\/attrezzature_accessorie-1.jpg\" \/>\n\t<meta property=\"og:image:width\" content=\"1440\" \/>\n\t<meta property=\"og:image:height\" content=\"491\" \/>\n\t<meta property=\"og:image:type\" content=\"image\/jpeg\" \/>\n<meta name=\"twitter:card\" content=\"summary_large_image\" \/>\n<meta name=\"twitter:label1\" content=\"Tiempo de lectura\" \/>\n\t<meta name=\"twitter:data1\" content=\"1 minuto\" \/>\n<script type=\"application\/ld+json\" class=\"yoast-schema-graph\">{\"@context\":\"https:\/\/schema.org\",\"@graph\":[{\"@type\":\"WebPage\",\"@id\":\"https:\/\/www.bbmpackaging.com\/es\/maquinas\/equipos-auxiliares\/\",\"url\":\"https:\/\/www.bbmpackaging.com\/es\/maquinas\/equipos-auxiliares\/\",\"name\":\"Equipos Accesorios - BBM Packaging\",\"isPartOf\":{\"@id\":\"https:\/\/www.bbmpackaging.com\/es\/#website\"},\"primaryImageOfPage\":{\"@id\":\"https:\/\/www.bbmpackaging.com\/es\/maquinas\/equipos-auxiliares\/#primaryimage\"},\"image\":{\"@id\":\"https:\/\/www.bbmpackaging.com\/es\/maquinas\/equipos-auxiliares\/#primaryimage\"},\"thumbnailUrl\":\"https:\/\/cdn.bbmpackaging.com\/wp-content\/uploads\/2021\/11\/attrezzature_accessorie-1.jpg\",\"datePublished\":\"2021-11-23T08:34:50+00:00\",\"dateModified\":\"2024-12-24T07:52:20+00:00\",\"description\":\"Descubra los equipos para completar l\u00edneas de suministro. Te permiten personalizar tus productos y tener una l\u00ednea completa y eficiente.\",\"breadcrumb\":{\"@id\":\"https:\/\/www.bbmpackaging.com\/es\/maquinas\/equipos-auxiliares\/#breadcrumb\"},\"inLanguage\":\"es\",\"potentialAction\":[{\"@type\":\"ReadAction\",\"target\":[\"https:\/\/www.bbmpackaging.com\/es\/maquinas\/equipos-auxiliares\/\"]}]},{\"@type\":\"ImageObject\",\"inLanguage\":\"es\",\"@id\":\"https:\/\/www.bbmpackaging.com\/es\/maquinas\/equipos-auxiliares\/#primaryimage\",\"url\":\"https:\/\/cdn.bbmpackaging.com\/wp-content\/uploads\/2021\/11\/attrezzature_accessorie-1.jpg\",\"contentUrl\":\"https:\/\/cdn.bbmpackaging.com\/wp-content\/uploads\/2021\/11\/attrezzature_accessorie-1.jpg\",\"width\":1440,\"height\":491},{\"@type\":\"BreadcrumbList\",\"@id\":\"https:\/\/www.bbmpackaging.com\/es\/maquinas\/equipos-auxiliares\/#breadcrumb\",\"itemListElement\":[{\"@type\":\"ListItem\",\"position\":1,\"name\":\"Home\",\"item\":\"https:\/\/www.bbmpackaging.com\/es\/\"},{\"@type\":\"ListItem\",\"position\":2,\"name\":\"Equipos Auxiliares\"}]},{\"@type\":\"WebSite\",\"@id\":\"https:\/\/www.bbmpackaging.com\/es\/#website\",\"url\":\"https:\/\/www.bbmpackaging.com\/es\/\",\"name\":\"BBM Packaging\",\"description\":\"Imbottigliamento: macchinari manutenzione e much more\",\"potentialAction\":[{\"@type\":\"SearchAction\",\"target\":{\"@type\":\"EntryPoint\",\"urlTemplate\":\"https:\/\/www.bbmpackaging.com\/es\/?s={search_term_string}\"},\"query-input\":{\"@type\":\"PropertyValueSpecification\",\"valueRequired\":true,\"valueName\":\"search_term_string\"}}],\"inLanguage\":\"es\"}]}<\/script>\n<!-- \/ Yoast SEO plugin. -->","yoast_head_json":{"title":"Equipos Accesorios - BBM Packaging","description":"Descubra los equipos para completar l\u00edneas de suministro. Te permiten personalizar tus productos y tener una l\u00ednea completa y eficiente.","robots":{"index":"index","follow":"follow","max-snippet":"max-snippet:-1","max-image-preview":"max-image-preview:large","max-video-preview":"max-video-preview:-1"},"canonical":"https:\/\/www.bbmpackaging.com\/es\/maquinas\/equipos-auxiliares\/","og_locale":"es_ES","og_type":"article","og_title":"Equipos Accesorios - BBM Packaging","og_description":"Descubra los equipos para completar l\u00edneas de suministro. Te permiten personalizar tus productos y tener una l\u00ednea completa y eficiente.","og_url":"https:\/\/www.bbmpackaging.com\/es\/maquinas\/equipos-auxiliares\/","og_site_name":"BBM Packaging","article_modified_time":"2024-12-24T07:52:20+00:00","og_image":[{"width":1440,"height":491,"url":"https:\/\/cdn.bbmpackaging.com\/wp-content\/uploads\/2021\/11\/attrezzature_accessorie-1.jpg","type":"image\/jpeg"}],"twitter_card":"summary_large_image","twitter_misc":{"Tiempo de lectura":"1 minuto"},"schema":{"@context":"https:\/\/schema.org","@graph":[{"@type":"WebPage","@id":"https:\/\/www.bbmpackaging.com\/es\/maquinas\/equipos-auxiliares\/","url":"https:\/\/www.bbmpackaging.com\/es\/maquinas\/equipos-auxiliares\/","name":"Equipos Accesorios - BBM Packaging","isPartOf":{"@id":"https:\/\/www.bbmpackaging.com\/es\/#website"},"primaryImageOfPage":{"@id":"https:\/\/www.bbmpackaging.com\/es\/maquinas\/equipos-auxiliares\/#primaryimage"},"image":{"@id":"https:\/\/www.bbmpackaging.com\/es\/maquinas\/equipos-auxiliares\/#primaryimage"},"thumbnailUrl":"https:\/\/cdn.bbmpackaging.com\/wp-content\/uploads\/2021\/11\/attrezzature_accessorie-1.jpg","datePublished":"2021-11-23T08:34:50+00:00","dateModified":"2024-12-24T07:52:20+00:00","description":"Descubra los equipos para completar l\u00edneas de suministro. Te permiten personalizar tus productos y tener una l\u00ednea completa y eficiente.","breadcrumb":{"@id":"https:\/\/www.bbmpackaging.com\/es\/maquinas\/equipos-auxiliares\/#breadcrumb"},"inLanguage":"es","potentialAction":[{"@type":"ReadAction","target":["https:\/\/www.bbmpackaging.com\/es\/maquinas\/equipos-auxiliares\/"]}]},{"@type":"ImageObject","inLanguage":"es","@id":"https:\/\/www.bbmpackaging.com\/es\/maquinas\/equipos-auxiliares\/#primaryimage","url":"https:\/\/cdn.bbmpackaging.com\/wp-content\/uploads\/2021\/11\/attrezzature_accessorie-1.jpg","contentUrl":"https:\/\/cdn.bbmpackaging.com\/wp-content\/uploads\/2021\/11\/attrezzature_accessorie-1.jpg","width":1440,"height":491},{"@type":"BreadcrumbList","@id":"https:\/\/www.bbmpackaging.com\/es\/maquinas\/equipos-auxiliares\/#breadcrumb","itemListElement":[{"@type":"ListItem","position":1,"name":"Home","item":"https:\/\/www.bbmpackaging.com\/es\/"},{"@type":"ListItem","position":2,"name":"Equipos Auxiliares"}]},{"@type":"WebSite","@id":"https:\/\/www.bbmpackaging.com\/es\/#website","url":"https:\/\/www.bbmpackaging.com\/es\/","name":"BBM Packaging","description":"Imbottigliamento: macchinari manutenzione e much more","potentialAction":[{"@type":"SearchAction","target":{"@type":"EntryPoint","urlTemplate":"https:\/\/www.bbmpackaging.com\/es\/?s={search_term_string}"},"query-input":{"@type":"PropertyValueSpecification","valueRequired":true,"valueName":"search_term_string"}}],"inLanguage":"es"}]}},"_links":{"self":[{"href":"https:\/\/www.bbmpackaging.com\/es\/wp-json\/wp\/v2\/pages\/24232","targetHints":{"allow":["GET"]}}],"collection":[{"href":"https:\/\/www.bbmpackaging.com\/es\/wp-json\/wp\/v2\/pages"}],"about":[{"href":"https:\/\/www.bbmpackaging.com\/es\/wp-json\/wp\/v2\/types\/page"}],"author":[{"embeddable":true,"href":"https:\/\/www.bbmpackaging.com\/es\/wp-json\/wp\/v2\/users\/2"}],"replies":[{"embeddable":true,"href":"https:\/\/www.bbmpackaging.com\/es\/wp-json\/wp\/v2\/comments?post=24232"}],"version-history":[{"count":1,"href":"https:\/\/www.bbmpackaging.com\/es\/wp-json\/wp\/v2\/pages\/24232\/revisions"}],"predecessor-version":[{"id":48313,"href":"https:\/\/www.bbmpackaging.com\/es\/wp-json\/wp\/v2\/pages\/24232\/revisions\/48313"}],"wp:featuredmedia":[{"embeddable":true,"href":"https:\/\/www.bbmpackaging.com\/es\/wp-json\/wp\/v2\/media\/24229"}],"wp:attachment":[{"href":"https:\/\/www.bbmpackaging.com\/es\/wp-json\/wp\/v2\/media?parent=24232"}],"curies":[{"name":"wp","href":"https:\/\/api.w.org\/{rel}","templated":true}]}}