{"id":24902,"date":"2022-01-25T11:08:58","date_gmt":"2022-01-25T10:08:58","guid":{"rendered":"https:\/\/www.bbmpackaging.com\/?page_id=24902"},"modified":"2025-05-19T15:58:18","modified_gmt":"2025-05-19T13:58:18","slug":"sostenibilita-ambientale-e-sociale","status":"publish","type":"page","link":"https:\/\/www.bbmpackaging.com\/es\/quienes-somos\/sostenibilidad\/","title":{"rendered":"Sostenibilidad"},"content":{"rendered":"<h2 class=\"\" data-start=\"112\" data-end=\"155\"><strong>Nuestra estrategia de sostenibilidad<\/strong><\/h2>\n<p class=\"\" data-start=\"157\" data-end=\"435\">En BBM creemos que la sostenibilidad no es un objetivo, sino una forma de trabajar, cada d\u00eda. Por eso, integramos los principios ESG en cada aspecto de nuestra actividad: desde el dise\u00f1o de los servicios hasta la gesti\u00f3n interna, desde la gobernanza hasta la relaci\u00f3n con el territorio.<\/p>\n<p class=\"\" data-start=\"437\" data-end=\"927\">Nuestro modelo de sostenibilidad se basa en una gobernanza s\u00f3lida y compartida. El Consejo de Administraci\u00f3n, compuesto por los tres socios fundadores, lidera el compromiso estrat\u00e9gico junto con un equipo transversal de profesionales que coordina comit\u00e9s sobre temas clave: igualdad de g\u00e9nero, privacidad, denuncias internas. Cada iniciativa nace del di\u00e1logo continuo entre departamentos y se traduce en acciones concretas, respaldadas por documentos como el C\u00f3digo \u00c9tico y el Plan Estrat\u00e9gico para la Igualdad de G\u00e9nero.<\/p>\n<p class=\"\" data-start=\"929\" data-end=\"1485\">Nuestra sostenibilidad tiene dos dimensiones: una interna y una externa. Internamente, promovemos comportamientos responsables \u2013 desde la eliminaci\u00f3n del pl\u00e1stico de un solo uso hasta la digitalizaci\u00f3n de los procesos \u2013 e invertimos en soluciones de bajo impacto, como instalaciones fotovoltaicas, veh\u00edculos corporativos de bajas emisiones y una gesti\u00f3n rigurosa de los residuos. Externamente, ofrecemos un modelo de negocio circular que tiene en el <strong data-start=\"1329\" data-end=\"1348\">remanufacturing<\/strong> su n\u00facleo vital: regeneramos maquinaria usada para devolverla al mercado con alto rendimiento y una huella ambiental reducida.<\/p>\n<p class=\"\" data-start=\"1487\" data-end=\"1645\">Este enfoque nos llev\u00f3, en 2024, a obtener la <strong data-start=\"1543\" data-end=\"1573\">medalla de oro de Ecovadis<\/strong>, situ\u00e1ndonos entre el 5% de las empresas m\u00e1s virtuosas a nivel global.<\/p>\n<p class=\"\" data-start=\"1647\" data-end=\"1893\">Tambi\u00e9n invertimos en las personas y en la comunidad: colaboramos con universidades, escuelas y centros de investigaci\u00f3n para formar los talentos del ma\u00f1ana, y participamos activamente en la vida econ\u00f3mica del territorio, en sinergia con entidades p\u00fablicas y asociaciones.<\/p>\n<p class=\"\" data-start=\"1895\" data-end=\"2204\">Miramos hacia el futuro. Para el trienio 2025\u20132027 hemos definido objetivos ambiciosos: una nueva sede de bajo impacto ambiental, estaciones de carga para veh\u00edculos el\u00e9ctricos, digitalizaci\u00f3n de los procesos, certificaciones de calidad, almacenes autom\u00e1ticos y programas de formaci\u00f3n cada vez m\u00e1s espec\u00edficos.<\/p>\n<p data-start=\"1895\" data-end=\"2204\">BBM declara con orgullo su adhesi\u00f3n al conjunto de principios promovidos por el Pacto Mundial de las Naciones Unidas (UNGC). Este compromiso demuestra nuestra dedicaci\u00f3n a promover la sostenibilidad y a adoptar pr\u00e1cticas empresariales \u00e9ticas y responsables.<\/p>\n<p class=\"\" data-start=\"1098\" data-end=\"1326\"><strong data-start=\"1098\" data-end=\"1326\">Te invitamos a consultar nuestro Informe de Sostenibilidad para descubrir en detalle las acciones concretas que estamos emprendiendo para contribuir al logro de los ODS y promover un modelo de desarrollo sostenible.<\/strong><\/p>\n","protected":false},"excerpt":{"rendered":"<p>Nuestra estrategia de sostenibilidad En BBM creemos que la sostenibilidad no es un objetivo, sino una forma de&#8230;<\/p>\n","protected":false},"author":2,"featured_media":52533,"parent":21907,"menu_order":0,"comment_status":"closed","ping_status":"closed","template":"page-chisiamo.php","meta":{"_acf_changed":false,"footnotes":""},"class_list":["post-24902","page","type-page","status-publish","has-post-thumbnail","hentry"],"acf":[],"yoast_head":"<!-- This site is optimized with the Yoast SEO plugin v27.2 - https:\/\/yoast.com\/product\/yoast-seo-wordpress\/ -->\n<title>Nuestro Compromiso con la Sostenibilidad - BBM Packaging<\/title>\n<meta name=\"description\" content=\"BBM promueve una sostenibilidad integrada, tambi\u00e9n externamente a trav\u00e9s del remanufacturing de las l\u00edneas de embotellado. Lee el Informe de Sostenibilidad.\" \/>\n<meta name=\"robots\" content=\"index, follow, max-snippet:-1, max-image-preview:large, max-video-preview:-1\" \/>\n<link rel=\"canonical\" href=\"https:\/\/www.bbmpackaging.com\/es\/quienes-somos\/sostenibilidad\/\" \/>\n<meta property=\"og:locale\" content=\"es_ES\" \/>\n<meta property=\"og:type\" content=\"article\" \/>\n<meta property=\"og:title\" content=\"Nuestro Compromiso con la Sostenibilidad - BBM Packaging\" \/>\n<meta property=\"og:description\" content=\"BBM promueve una sostenibilidad integrada, tambi\u00e9n externamente a trav\u00e9s del remanufacturing de las l\u00edneas de embotellado. Lee el Informe de Sostenibilidad.\" \/>\n<meta property=\"og:url\" content=\"https:\/\/www.bbmpackaging.com\/es\/quienes-somos\/sostenibilidad\/\" \/>\n<meta property=\"og:site_name\" content=\"BBM Packaging\" \/>\n<meta property=\"article:modified_time\" content=\"2025-05-19T13:58:18+00:00\" \/>\n<meta property=\"og:image\" content=\"https:\/\/cdn.bbmpackaging.com\/wp-content\/uploads\/2025\/05\/bbm-packaging-sostenibilita.jpg\" \/>\n\t<meta property=\"og:image:width\" content=\"1920\" \/>\n\t<meta property=\"og:image:height\" content=\"547\" \/>\n\t<meta property=\"og:image:type\" content=\"image\/jpeg\" \/>\n<meta name=\"twitter:card\" content=\"summary_large_image\" \/>\n<meta name=\"twitter:label1\" content=\"Tiempo de lectura\" \/>\n\t<meta name=\"twitter:data1\" content=\"3 minutos\" \/>\n<script type=\"application\/ld+json\" class=\"yoast-schema-graph\">{\"@context\":\"https:\/\/schema.org\",\"@graph\":[{\"@type\":\"WebPage\",\"@id\":\"https:\/\/www.bbmpackaging.com\/es\/quienes-somos\/sostenibilidad\/\",\"url\":\"https:\/\/www.bbmpackaging.com\/es\/quienes-somos\/sostenibilidad\/\",\"name\":\"Nuestro Compromiso con la Sostenibilidad - BBM Packaging\",\"isPartOf\":{\"@id\":\"https:\/\/www.bbmpackaging.com\/es\/#website\"},\"primaryImageOfPage\":{\"@id\":\"https:\/\/www.bbmpackaging.com\/es\/quienes-somos\/sostenibilidad\/#primaryimage\"},\"image\":{\"@id\":\"https:\/\/www.bbmpackaging.com\/es\/quienes-somos\/sostenibilidad\/#primaryimage\"},\"thumbnailUrl\":\"https:\/\/cdn.bbmpackaging.com\/wp-content\/uploads\/2025\/05\/bbm-packaging-sostenibilita.jpg\",\"datePublished\":\"2022-01-25T10:08:58+00:00\",\"dateModified\":\"2025-05-19T13:58:18+00:00\",\"description\":\"BBM promueve una sostenibilidad integrada, tambi\u00e9n externamente a trav\u00e9s del remanufacturing de las l\u00edneas de embotellado. Lee el Informe de Sostenibilidad.\",\"breadcrumb\":{\"@id\":\"https:\/\/www.bbmpackaging.com\/es\/quienes-somos\/sostenibilidad\/#breadcrumb\"},\"inLanguage\":\"es\",\"potentialAction\":[{\"@type\":\"ReadAction\",\"target\":[\"https:\/\/www.bbmpackaging.com\/es\/quienes-somos\/sostenibilidad\/\"]}]},{\"@type\":\"ImageObject\",\"inLanguage\":\"es\",\"@id\":\"https:\/\/www.bbmpackaging.com\/es\/quienes-somos\/sostenibilidad\/#primaryimage\",\"url\":\"https:\/\/cdn.bbmpackaging.com\/wp-content\/uploads\/2025\/05\/bbm-packaging-sostenibilita.jpg\",\"contentUrl\":\"https:\/\/cdn.bbmpackaging.com\/wp-content\/uploads\/2025\/05\/bbm-packaging-sostenibilita.jpg\",\"width\":1920,\"height\":547,\"caption\":\"BBM promuove una sostenibilit\u00e0 integrata, anche esternamente il remanufacturing delle linee di imbottigliamento. Leggi il Bilancio di Sostenibilit\u00e0\"},{\"@type\":\"BreadcrumbList\",\"@id\":\"https:\/\/www.bbmpackaging.com\/es\/quienes-somos\/sostenibilidad\/#breadcrumb\",\"itemListElement\":[{\"@type\":\"ListItem\",\"position\":1,\"name\":\"Home\",\"item\":\"https:\/\/www.bbmpackaging.com\/es\/\"},{\"@type\":\"ListItem\",\"position\":2,\"name\":\"Quienes Somos\",\"item\":\"https:\/\/www.bbmpackaging.com\/es\/quienes-somos\/\"},{\"@type\":\"ListItem\",\"position\":3,\"name\":\"Sostenibilidad\"}]},{\"@type\":\"WebSite\",\"@id\":\"https:\/\/www.bbmpackaging.com\/es\/#website\",\"url\":\"https:\/\/www.bbmpackaging.com\/es\/\",\"name\":\"BBM Packaging\",\"description\":\"Imbottigliamento: macchinari manutenzione e much more\",\"potentialAction\":[{\"@type\":\"SearchAction\",\"target\":{\"@type\":\"EntryPoint\",\"urlTemplate\":\"https:\/\/www.bbmpackaging.com\/es\/?s={search_term_string}\"},\"query-input\":{\"@type\":\"PropertyValueSpecification\",\"valueRequired\":true,\"valueName\":\"search_term_string\"}}],\"inLanguage\":\"es\"}]}<\/script>\n<!-- \/ Yoast SEO plugin. -->","yoast_head_json":{"title":"Nuestro Compromiso con la Sostenibilidad - BBM Packaging","description":"BBM promueve una sostenibilidad integrada, tambi\u00e9n externamente a trav\u00e9s del remanufacturing de las l\u00edneas de embotellado. Lee el Informe de Sostenibilidad.","robots":{"index":"index","follow":"follow","max-snippet":"max-snippet:-1","max-image-preview":"max-image-preview:large","max-video-preview":"max-video-preview:-1"},"canonical":"https:\/\/www.bbmpackaging.com\/es\/quienes-somos\/sostenibilidad\/","og_locale":"es_ES","og_type":"article","og_title":"Nuestro Compromiso con la Sostenibilidad - BBM Packaging","og_description":"BBM promueve una sostenibilidad integrada, tambi\u00e9n externamente a trav\u00e9s del remanufacturing de las l\u00edneas de embotellado. Lee el Informe de Sostenibilidad.","og_url":"https:\/\/www.bbmpackaging.com\/es\/quienes-somos\/sostenibilidad\/","og_site_name":"BBM Packaging","article_modified_time":"2025-05-19T13:58:18+00:00","og_image":[{"width":1920,"height":547,"url":"https:\/\/cdn.bbmpackaging.com\/wp-content\/uploads\/2025\/05\/bbm-packaging-sostenibilita.jpg","type":"image\/jpeg"}],"twitter_card":"summary_large_image","twitter_misc":{"Tiempo de lectura":"3 minutos"},"schema":{"@context":"https:\/\/schema.org","@graph":[{"@type":"WebPage","@id":"https:\/\/www.bbmpackaging.com\/es\/quienes-somos\/sostenibilidad\/","url":"https:\/\/www.bbmpackaging.com\/es\/quienes-somos\/sostenibilidad\/","name":"Nuestro Compromiso con la Sostenibilidad - BBM Packaging","isPartOf":{"@id":"https:\/\/www.bbmpackaging.com\/es\/#website"},"primaryImageOfPage":{"@id":"https:\/\/www.bbmpackaging.com\/es\/quienes-somos\/sostenibilidad\/#primaryimage"},"image":{"@id":"https:\/\/www.bbmpackaging.com\/es\/quienes-somos\/sostenibilidad\/#primaryimage"},"thumbnailUrl":"https:\/\/cdn.bbmpackaging.com\/wp-content\/uploads\/2025\/05\/bbm-packaging-sostenibilita.jpg","datePublished":"2022-01-25T10:08:58+00:00","dateModified":"2025-05-19T13:58:18+00:00","description":"BBM promueve una sostenibilidad integrada, tambi\u00e9n externamente a trav\u00e9s del remanufacturing de las l\u00edneas de embotellado. Lee el Informe de Sostenibilidad.","breadcrumb":{"@id":"https:\/\/www.bbmpackaging.com\/es\/quienes-somos\/sostenibilidad\/#breadcrumb"},"inLanguage":"es","potentialAction":[{"@type":"ReadAction","target":["https:\/\/www.bbmpackaging.com\/es\/quienes-somos\/sostenibilidad\/"]}]},{"@type":"ImageObject","inLanguage":"es","@id":"https:\/\/www.bbmpackaging.com\/es\/quienes-somos\/sostenibilidad\/#primaryimage","url":"https:\/\/cdn.bbmpackaging.com\/wp-content\/uploads\/2025\/05\/bbm-packaging-sostenibilita.jpg","contentUrl":"https:\/\/cdn.bbmpackaging.com\/wp-content\/uploads\/2025\/05\/bbm-packaging-sostenibilita.jpg","width":1920,"height":547,"caption":"BBM promuove una sostenibilit\u00e0 integrata, anche esternamente il remanufacturing delle linee di imbottigliamento. Leggi il Bilancio di Sostenibilit\u00e0"},{"@type":"BreadcrumbList","@id":"https:\/\/www.bbmpackaging.com\/es\/quienes-somos\/sostenibilidad\/#breadcrumb","itemListElement":[{"@type":"ListItem","position":1,"name":"Home","item":"https:\/\/www.bbmpackaging.com\/es\/"},{"@type":"ListItem","position":2,"name":"Quienes Somos","item":"https:\/\/www.bbmpackaging.com\/es\/quienes-somos\/"},{"@type":"ListItem","position":3,"name":"Sostenibilidad"}]},{"@type":"WebSite","@id":"https:\/\/www.bbmpackaging.com\/es\/#website","url":"https:\/\/www.bbmpackaging.com\/es\/","name":"BBM Packaging","description":"Imbottigliamento: macchinari manutenzione e much more","potentialAction":[{"@type":"SearchAction","target":{"@type":"EntryPoint","urlTemplate":"https:\/\/www.bbmpackaging.com\/es\/?s={search_term_string}"},"query-input":{"@type":"PropertyValueSpecification","valueRequired":true,"valueName":"search_term_string"}}],"inLanguage":"es"}]}},"_links":{"self":[{"href":"https:\/\/www.bbmpackaging.com\/es\/wp-json\/wp\/v2\/pages\/24902","targetHints":{"allow":["GET"]}}],"collection":[{"href":"https:\/\/www.bbmpackaging.com\/es\/wp-json\/wp\/v2\/pages"}],"about":[{"href":"https:\/\/www.bbmpackaging.com\/es\/wp-json\/wp\/v2\/types\/page"}],"author":[{"embeddable":true,"href":"https:\/\/www.bbmpackaging.com\/es\/wp-json\/wp\/v2\/users\/2"}],"replies":[{"embeddable":true,"href":"https:\/\/www.bbmpackaging.com\/es\/wp-json\/wp\/v2\/comments?post=24902"}],"version-history":[{"count":4,"href":"https:\/\/www.bbmpackaging.com\/es\/wp-json\/wp\/v2\/pages\/24902\/revisions"}],"predecessor-version":[{"id":52540,"href":"https:\/\/www.bbmpackaging.com\/es\/wp-json\/wp\/v2\/pages\/24902\/revisions\/52540"}],"up":[{"embeddable":true,"href":"https:\/\/www.bbmpackaging.com\/es\/wp-json\/wp\/v2\/pages\/21907"}],"wp:featuredmedia":[{"embeddable":true,"href":"https:\/\/www.bbmpackaging.com\/es\/wp-json\/wp\/v2\/media\/52533"}],"wp:attachment":[{"href":"https:\/\/www.bbmpackaging.com\/es\/wp-json\/wp\/v2\/media?parent=24902"}],"curies":[{"name":"wp","href":"https:\/\/api.w.org\/{rel}","templated":true}]}}