{"id":29237,"date":"2022-08-22T15:25:09","date_gmt":"2022-08-22T13:25:09","guid":{"rendered":"https:\/\/www.bbmpackaging.com\/?page_id=29237"},"modified":"2026-03-30T15:19:05","modified_gmt":"2026-03-30T13:19:05","slug":"elettronica-di-commercio","status":"publish","type":"page","link":"https:\/\/www.bbmpackaging.com\/es\/maquinas\/componentes-electronicos-usados\/","title":{"rendered":"Componentes electr\u00f3nicos"},"content":{"rendered":"<h3>Componentes electr\u00f3nicos de BBM<\/h3>\n<ul>\n<li>Estamos especializados en el suministro e instalaci\u00f3n de componentes electr\u00f3nicos para l\u00edneas de embotellado. Sustituimos los componentes electr\u00f3nicos originales (como inspectores, m\u00f3dulos, I-Os, HMIs, PLCs), que a menudo son obsoletos y est\u00e1n descatalogados, por electr\u00f3nica comercial dedicada de segunda mano<\/li>\n<\/ul>\n<h5>VENTAJAS<\/h5>\n<p>Las piezas originales se cambian Al no tener que depender de una sola marca, el cliente puede optar por la pieza con mejor relaci\u00f3n calidad\/precio y con plazos de entrega cortos. Descubra la amplia gama de componentes electr\u00f3nicos que le ofrece BBM; tambi\u00e9n nos encargamos de la instalaci\u00f3n y el servicio en sus instalaciones.<\/p>\n<p>&nbsp;<\/p>\n","protected":false},"excerpt":{"rendered":"<p>Componentes electr\u00f3nicos de BBM Estamos especializados en el suministro e instalaci\u00f3n de componentes electr\u00f3nicos para l\u00edneas de embotellado&#8230;.<\/p>\n","protected":false},"author":2,"featured_media":30059,"parent":24232,"menu_order":0,"comment_status":"closed","ping_status":"closed","template":"page-attrezzature.php","meta":{"_acf_changed":false,"footnotes":""},"class_list":["post-29237","page","type-page","status-publish","has-post-thumbnail","hentry"],"acf":[],"yoast_head":"<!-- This site is optimized with the Yoast SEO plugin v27.2 - https:\/\/yoast.com\/product\/yoast-seo-wordpress\/ -->\n<title>Componentes electronicos usados - BBM Packaging<\/title>\n<meta name=\"description\" content=\"Nos especializamos en el suministro e instalaci\u00f3n de dispositivos electr\u00f3nicos comerciales para l\u00edneas de embotellado. Descubra los componentes electr\u00f3nicos.\" \/>\n<meta name=\"robots\" content=\"index, follow, max-snippet:-1, max-image-preview:large, max-video-preview:-1\" \/>\n<link rel=\"canonical\" href=\"https:\/\/www.bbmpackaging.com\/es\/maquinas\/componentes-electronicos-usados\/\" \/>\n<meta property=\"og:locale\" content=\"es_ES\" \/>\n<meta property=\"og:type\" content=\"article\" \/>\n<meta property=\"og:title\" content=\"Componentes electronicos usados - BBM Packaging\" \/>\n<meta property=\"og:description\" content=\"Nos especializamos en el suministro e instalaci\u00f3n de dispositivos electr\u00f3nicos comerciales para l\u00edneas de embotellado. Descubra los componentes electr\u00f3nicos.\" \/>\n<meta property=\"og:url\" content=\"https:\/\/www.bbmpackaging.com\/es\/maquinas\/componentes-electronicos-usados\/\" \/>\n<meta property=\"og:site_name\" content=\"BBM Packaging\" \/>\n<meta property=\"article:modified_time\" content=\"2026-03-30T13:19:05+00:00\" \/>\n<meta property=\"og:image\" content=\"https:\/\/cdn.bbmpackaging.com\/wp-content\/uploads\/2022\/07\/IMG_3453-e1657783001221.jpg\" \/>\n\t<meta property=\"og:image:width\" content=\"1024\" \/>\n\t<meta property=\"og:image:height\" content=\"768\" \/>\n\t<meta property=\"og:image:type\" content=\"image\/jpeg\" \/>\n<meta name=\"twitter:card\" content=\"summary_large_image\" \/>\n<meta name=\"twitter:label1\" content=\"Tiempo de lectura\" \/>\n\t<meta name=\"twitter:data1\" content=\"1 minuto\" \/>\n<script type=\"application\/ld+json\" class=\"yoast-schema-graph\">{\"@context\":\"https:\/\/schema.org\",\"@graph\":[{\"@type\":\"WebPage\",\"@id\":\"https:\/\/www.bbmpackaging.com\/es\/maquinas\/componentes-electronicos-usados\/\",\"url\":\"https:\/\/www.bbmpackaging.com\/es\/maquinas\/componentes-electronicos-usados\/\",\"name\":\"Componentes electronicos usados - BBM Packaging\",\"isPartOf\":{\"@id\":\"https:\/\/www.bbmpackaging.com\/es\/#website\"},\"primaryImageOfPage\":{\"@id\":\"https:\/\/www.bbmpackaging.com\/es\/maquinas\/componentes-electronicos-usados\/#primaryimage\"},\"image\":{\"@id\":\"https:\/\/www.bbmpackaging.com\/es\/maquinas\/componentes-electronicos-usados\/#primaryimage\"},\"thumbnailUrl\":\"https:\/\/cdn.bbmpackaging.com\/wp-content\/uploads\/2022\/07\/IMG_3453-e1657783001221.jpg\",\"datePublished\":\"2022-08-22T13:25:09+00:00\",\"dateModified\":\"2026-03-30T13:19:05+00:00\",\"description\":\"Nos especializamos en el suministro e instalaci\u00f3n de dispositivos electr\u00f3nicos comerciales para l\u00edneas de embotellado. Descubra los componentes electr\u00f3nicos.\",\"breadcrumb\":{\"@id\":\"https:\/\/www.bbmpackaging.com\/es\/maquinas\/componentes-electronicos-usados\/#breadcrumb\"},\"inLanguage\":\"es\",\"potentialAction\":[{\"@type\":\"ReadAction\",\"target\":[\"https:\/\/www.bbmpackaging.com\/es\/maquinas\/componentes-electronicos-usados\/\"]}]},{\"@type\":\"ImageObject\",\"inLanguage\":\"es\",\"@id\":\"https:\/\/www.bbmpackaging.com\/es\/maquinas\/componentes-electronicos-usados\/#primaryimage\",\"url\":\"https:\/\/cdn.bbmpackaging.com\/wp-content\/uploads\/2022\/07\/IMG_3453-e1657783001221.jpg\",\"contentUrl\":\"https:\/\/cdn.bbmpackaging.com\/wp-content\/uploads\/2022\/07\/IMG_3453-e1657783001221.jpg\",\"width\":1024,\"height\":768,\"caption\":\"Componenti elettronici BBM\"},{\"@type\":\"BreadcrumbList\",\"@id\":\"https:\/\/www.bbmpackaging.com\/es\/maquinas\/componentes-electronicos-usados\/#breadcrumb\",\"itemListElement\":[{\"@type\":\"ListItem\",\"position\":1,\"name\":\"Home\",\"item\":\"https:\/\/www.bbmpackaging.com\/es\/\"},{\"@type\":\"ListItem\",\"position\":2,\"name\":\"Equipos Auxiliares\",\"item\":\"https:\/\/www.bbmpackaging.com\/es\/maquinas\/equipos-auxiliares\/\"},{\"@type\":\"ListItem\",\"position\":3,\"name\":\"Componentes electr\u00f3nicos\"}]},{\"@type\":\"WebSite\",\"@id\":\"https:\/\/www.bbmpackaging.com\/es\/#website\",\"url\":\"https:\/\/www.bbmpackaging.com\/es\/\",\"name\":\"BBM Packaging\",\"description\":\"Imbottigliamento: macchinari manutenzione e much more\",\"potentialAction\":[{\"@type\":\"SearchAction\",\"target\":{\"@type\":\"EntryPoint\",\"urlTemplate\":\"https:\/\/www.bbmpackaging.com\/es\/?s={search_term_string}\"},\"query-input\":{\"@type\":\"PropertyValueSpecification\",\"valueRequired\":true,\"valueName\":\"search_term_string\"}}],\"inLanguage\":\"es\"}]}<\/script>\n<!-- \/ Yoast SEO plugin. -->","yoast_head_json":{"title":"Componentes electronicos usados - BBM Packaging","description":"Nos especializamos en el suministro e instalaci\u00f3n de dispositivos electr\u00f3nicos comerciales para l\u00edneas de embotellado. Descubra los componentes electr\u00f3nicos.","robots":{"index":"index","follow":"follow","max-snippet":"max-snippet:-1","max-image-preview":"max-image-preview:large","max-video-preview":"max-video-preview:-1"},"canonical":"https:\/\/www.bbmpackaging.com\/es\/maquinas\/componentes-electronicos-usados\/","og_locale":"es_ES","og_type":"article","og_title":"Componentes electronicos usados - BBM Packaging","og_description":"Nos especializamos en el suministro e instalaci\u00f3n de dispositivos electr\u00f3nicos comerciales para l\u00edneas de embotellado. Descubra los componentes electr\u00f3nicos.","og_url":"https:\/\/www.bbmpackaging.com\/es\/maquinas\/componentes-electronicos-usados\/","og_site_name":"BBM Packaging","article_modified_time":"2026-03-30T13:19:05+00:00","og_image":[{"width":1024,"height":768,"url":"https:\/\/cdn.bbmpackaging.com\/wp-content\/uploads\/2022\/07\/IMG_3453-e1657783001221.jpg","type":"image\/jpeg"}],"twitter_card":"summary_large_image","twitter_misc":{"Tiempo de lectura":"1 minuto"},"schema":{"@context":"https:\/\/schema.org","@graph":[{"@type":"WebPage","@id":"https:\/\/www.bbmpackaging.com\/es\/maquinas\/componentes-electronicos-usados\/","url":"https:\/\/www.bbmpackaging.com\/es\/maquinas\/componentes-electronicos-usados\/","name":"Componentes electronicos usados - BBM Packaging","isPartOf":{"@id":"https:\/\/www.bbmpackaging.com\/es\/#website"},"primaryImageOfPage":{"@id":"https:\/\/www.bbmpackaging.com\/es\/maquinas\/componentes-electronicos-usados\/#primaryimage"},"image":{"@id":"https:\/\/www.bbmpackaging.com\/es\/maquinas\/componentes-electronicos-usados\/#primaryimage"},"thumbnailUrl":"https:\/\/cdn.bbmpackaging.com\/wp-content\/uploads\/2022\/07\/IMG_3453-e1657783001221.jpg","datePublished":"2022-08-22T13:25:09+00:00","dateModified":"2026-03-30T13:19:05+00:00","description":"Nos especializamos en el suministro e instalaci\u00f3n de dispositivos electr\u00f3nicos comerciales para l\u00edneas de embotellado. Descubra los componentes electr\u00f3nicos.","breadcrumb":{"@id":"https:\/\/www.bbmpackaging.com\/es\/maquinas\/componentes-electronicos-usados\/#breadcrumb"},"inLanguage":"es","potentialAction":[{"@type":"ReadAction","target":["https:\/\/www.bbmpackaging.com\/es\/maquinas\/componentes-electronicos-usados\/"]}]},{"@type":"ImageObject","inLanguage":"es","@id":"https:\/\/www.bbmpackaging.com\/es\/maquinas\/componentes-electronicos-usados\/#primaryimage","url":"https:\/\/cdn.bbmpackaging.com\/wp-content\/uploads\/2022\/07\/IMG_3453-e1657783001221.jpg","contentUrl":"https:\/\/cdn.bbmpackaging.com\/wp-content\/uploads\/2022\/07\/IMG_3453-e1657783001221.jpg","width":1024,"height":768,"caption":"Componenti elettronici BBM"},{"@type":"BreadcrumbList","@id":"https:\/\/www.bbmpackaging.com\/es\/maquinas\/componentes-electronicos-usados\/#breadcrumb","itemListElement":[{"@type":"ListItem","position":1,"name":"Home","item":"https:\/\/www.bbmpackaging.com\/es\/"},{"@type":"ListItem","position":2,"name":"Equipos Auxiliares","item":"https:\/\/www.bbmpackaging.com\/es\/maquinas\/equipos-auxiliares\/"},{"@type":"ListItem","position":3,"name":"Componentes electr\u00f3nicos"}]},{"@type":"WebSite","@id":"https:\/\/www.bbmpackaging.com\/es\/#website","url":"https:\/\/www.bbmpackaging.com\/es\/","name":"BBM Packaging","description":"Imbottigliamento: macchinari manutenzione e much more","potentialAction":[{"@type":"SearchAction","target":{"@type":"EntryPoint","urlTemplate":"https:\/\/www.bbmpackaging.com\/es\/?s={search_term_string}"},"query-input":{"@type":"PropertyValueSpecification","valueRequired":true,"valueName":"search_term_string"}}],"inLanguage":"es"}]}},"_links":{"self":[{"href":"https:\/\/www.bbmpackaging.com\/es\/wp-json\/wp\/v2\/pages\/29237","targetHints":{"allow":["GET"]}}],"collection":[{"href":"https:\/\/www.bbmpackaging.com\/es\/wp-json\/wp\/v2\/pages"}],"about":[{"href":"https:\/\/www.bbmpackaging.com\/es\/wp-json\/wp\/v2\/types\/page"}],"author":[{"embeddable":true,"href":"https:\/\/www.bbmpackaging.com\/es\/wp-json\/wp\/v2\/users\/2"}],"replies":[{"embeddable":true,"href":"https:\/\/www.bbmpackaging.com\/es\/wp-json\/wp\/v2\/comments?post=29237"}],"version-history":[{"count":2,"href":"https:\/\/www.bbmpackaging.com\/es\/wp-json\/wp\/v2\/pages\/29237\/revisions"}],"predecessor-version":[{"id":77047,"href":"https:\/\/www.bbmpackaging.com\/es\/wp-json\/wp\/v2\/pages\/29237\/revisions\/77047"}],"up":[{"embeddable":true,"href":"https:\/\/www.bbmpackaging.com\/es\/wp-json\/wp\/v2\/pages\/24232"}],"wp:featuredmedia":[{"embeddable":true,"href":"https:\/\/www.bbmpackaging.com\/es\/wp-json\/wp\/v2\/media\/30059"}],"wp:attachment":[{"href":"https:\/\/www.bbmpackaging.com\/es\/wp-json\/wp\/v2\/media?parent=29237"}],"curies":[{"name":"wp","href":"https:\/\/api.w.org\/{rel}","templated":true}]}}