{"id":37205,"date":"2023-08-16T14:01:21","date_gmt":"2023-08-16T12:01:21","guid":{"rendered":"https:\/\/www.bbmpackaging.com\/services\/montaggio-conto-terzi\/"},"modified":"2024-11-27T09:29:42","modified_gmt":"2024-11-27T08:29:42","slug":"montaggio-conto-terzi","status":"publish","type":"page","link":"https:\/\/www.bbmpackaging.com\/es\/services\/montaje-de-maquinaria\/","title":{"rendered":"Montaje de m\u00e1quinas para terceros"},"content":{"rendered":"<p><strong>\u00bfDEMASIADO TRABAJO Y POCO TIEMPO? BBM SE ENCARGA DEL MONTAJE DE M\u00c1QUINAS PARA TERCEROS<\/strong><\/p>\n<p style=\"margin: 0cm 0cm 18.0pt 0cm;\"><strong>Gracias a nuestra experiencia, garantizamos un trabajo excelente y un alto nivel de conocimientos t\u00e9cnicos<\/strong><\/p>\n<p>Cada vez son m\u00e1s los clientes que nos solicitan un servicio de montaje completo o parcial de maquinaria e instalaciones industriales, as\u00ed como el montaje de piezas mec\u00e1nicas, <a href=\"https:\/\/www.bbmpackaging.com\/es\/componentes-electronicos\/\" target=\"_blank\" rel=\"noopener\"><strong>el\u00e9ctricas<\/strong> <\/a>y electromec\u00e1nicas. <strong>Realizamos este servicio por cuenta de terceros o por contrato: el montaje puede realizarse en nuestra f\u00e1brica, lo que ofrece a los clientes la ventaja de no tener que ocupar el espacio de su taller ni comprometer sus propios recursos y equipos.<\/strong><\/p>\n<p><strong>\u00bfPor qu\u00e9 subcontratar a BBM?<\/strong><\/p>\n<p>BBM decidi\u00f3 dedicar 400 metros cuadrados de su zona de producci\u00f3n al montaje y ensayo de nueva maquinaria. Al delegar los trabajos de montaje en nuestros t\u00e9cnicos especializados, el cliente puede contar con un valioso apoyo, externalizando tareas y responsabilidades. Ofrecemos calidad y flexibilidad en la producci\u00f3n.<\/p>\n","protected":false},"excerpt":{"rendered":"<p>\u00bfDEMASIADO TRABAJO Y POCO TIEMPO? BBM SE ENCARGA DEL MONTAJE DE M\u00c1QUINAS PARA TERCEROS Gracias a nuestra experiencia,&#8230;<\/p>\n","protected":false},"author":2,"featured_media":37761,"parent":21877,"menu_order":0,"comment_status":"closed","ping_status":"closed","template":"page-chisiamo.php","meta":{"_acf_changed":false,"footnotes":""},"class_list":["post-37205","page","type-page","status-publish","has-post-thumbnail","hentry"],"acf":[],"yoast_head":"<!-- This site is optimized with the Yoast SEO plugin v27.2 - https:\/\/yoast.com\/product\/yoast-seo-wordpress\/ -->\n<title>Montaje por cuenta ajena L\u00edneas de Embotellado y Envasado<\/title>\n<meta name=\"description\" content=\"BBM realiza el montaje de m\u00e1quinas completas para l\u00edneas de embotellado y embalaje por cuenta de terceros. Contacta con nosotros para saber c\u00f3mo se desarrolla la actividad.\" \/>\n<meta name=\"robots\" content=\"index, follow, max-snippet:-1, max-image-preview:large, max-video-preview:-1\" \/>\n<link rel=\"canonical\" href=\"https:\/\/www.bbmpackaging.com\/es\/services\/montaje-de-maquinaria\/\" \/>\n<meta property=\"og:locale\" content=\"es_ES\" \/>\n<meta property=\"og:type\" content=\"article\" \/>\n<meta property=\"og:title\" content=\"Montaje por cuenta ajena L\u00edneas de Embotellado y Envasado\" \/>\n<meta property=\"og:description\" content=\"BBM realiza el montaje de m\u00e1quinas completas para l\u00edneas de embotellado y embalaje por cuenta de terceros. Contacta con nosotros para saber c\u00f3mo se desarrolla la actividad.\" \/>\n<meta property=\"og:url\" content=\"https:\/\/www.bbmpackaging.com\/es\/services\/montaje-de-maquinaria\/\" \/>\n<meta property=\"og:site_name\" content=\"BBM Packaging\" \/>\n<meta property=\"article:modified_time\" content=\"2024-11-27T08:29:42+00:00\" \/>\n<meta property=\"og:image\" content=\"https:\/\/cdn.bbmpackaging.com\/wp-content\/uploads\/2023\/10\/camion-trasporto-rulliere-e1706869715783.jpg\" \/>\n\t<meta property=\"og:image:width\" content=\"1440\" \/>\n\t<meta property=\"og:image:height\" content=\"1080\" \/>\n\t<meta property=\"og:image:type\" content=\"image\/jpeg\" \/>\n<meta name=\"twitter:card\" content=\"summary_large_image\" \/>\n<meta name=\"twitter:label1\" content=\"Tiempo de lectura\" \/>\n\t<meta name=\"twitter:data1\" content=\"2 minutos\" \/>\n<script type=\"application\/ld+json\" class=\"yoast-schema-graph\">{\"@context\":\"https:\/\/schema.org\",\"@graph\":[{\"@type\":\"WebPage\",\"@id\":\"https:\/\/www.bbmpackaging.com\/es\/services\/montaje-de-maquinaria\/\",\"url\":\"https:\/\/www.bbmpackaging.com\/es\/services\/montaje-de-maquinaria\/\",\"name\":\"Montaje por cuenta ajena L\u00edneas de Embotellado y Envasado\",\"isPartOf\":{\"@id\":\"https:\/\/www.bbmpackaging.com\/es\/#website\"},\"primaryImageOfPage\":{\"@id\":\"https:\/\/www.bbmpackaging.com\/es\/services\/montaje-de-maquinaria\/#primaryimage\"},\"image\":{\"@id\":\"https:\/\/www.bbmpackaging.com\/es\/services\/montaje-de-maquinaria\/#primaryimage\"},\"thumbnailUrl\":\"https:\/\/cdn.bbmpackaging.com\/wp-content\/uploads\/2023\/10\/camion-trasporto-rulliere-e1706869715783.jpg\",\"datePublished\":\"2023-08-16T12:01:21+00:00\",\"dateModified\":\"2024-11-27T08:29:42+00:00\",\"description\":\"BBM realiza el montaje de m\u00e1quinas completas para l\u00edneas de embotellado y embalaje por cuenta de terceros. Contacta con nosotros para saber c\u00f3mo se desarrolla la actividad.\",\"breadcrumb\":{\"@id\":\"https:\/\/www.bbmpackaging.com\/es\/services\/montaje-de-maquinaria\/#breadcrumb\"},\"inLanguage\":\"es\",\"potentialAction\":[{\"@type\":\"ReadAction\",\"target\":[\"https:\/\/www.bbmpackaging.com\/es\/services\/montaje-de-maquinaria\/\"]}]},{\"@type\":\"ImageObject\",\"inLanguage\":\"es\",\"@id\":\"https:\/\/www.bbmpackaging.com\/es\/services\/montaje-de-maquinaria\/#primaryimage\",\"url\":\"https:\/\/cdn.bbmpackaging.com\/wp-content\/uploads\/2023\/10\/camion-trasporto-rulliere-e1706869715783.jpg\",\"contentUrl\":\"https:\/\/cdn.bbmpackaging.com\/wp-content\/uploads\/2023\/10\/camion-trasporto-rulliere-e1706869715783.jpg\",\"width\":1440,\"height\":1080,\"caption\":\"camion trasporto rulliere\"},{\"@type\":\"BreadcrumbList\",\"@id\":\"https:\/\/www.bbmpackaging.com\/es\/services\/montaje-de-maquinaria\/#breadcrumb\",\"itemListElement\":[{\"@type\":\"ListItem\",\"position\":1,\"name\":\"Home\",\"item\":\"https:\/\/www.bbmpackaging.com\/es\/\"},{\"@type\":\"ListItem\",\"position\":2,\"name\":\"Servicio\",\"item\":\"https:\/\/www.bbmpackaging.com\/es\/servicio\/\"},{\"@type\":\"ListItem\",\"position\":3,\"name\":\"Montaje de m\u00e1quinas para terceros\"}]},{\"@type\":\"WebSite\",\"@id\":\"https:\/\/www.bbmpackaging.com\/es\/#website\",\"url\":\"https:\/\/www.bbmpackaging.com\/es\/\",\"name\":\"BBM Packaging\",\"description\":\"Imbottigliamento: macchinari manutenzione e much more\",\"potentialAction\":[{\"@type\":\"SearchAction\",\"target\":{\"@type\":\"EntryPoint\",\"urlTemplate\":\"https:\/\/www.bbmpackaging.com\/es\/?s={search_term_string}\"},\"query-input\":{\"@type\":\"PropertyValueSpecification\",\"valueRequired\":true,\"valueName\":\"search_term_string\"}}],\"inLanguage\":\"es\"}]}<\/script>\n<!-- \/ Yoast SEO plugin. -->","yoast_head_json":{"title":"Montaje por cuenta ajena L\u00edneas de Embotellado y Envasado","description":"BBM realiza el montaje de m\u00e1quinas completas para l\u00edneas de embotellado y embalaje por cuenta de terceros. Contacta con nosotros para saber c\u00f3mo se desarrolla la actividad.","robots":{"index":"index","follow":"follow","max-snippet":"max-snippet:-1","max-image-preview":"max-image-preview:large","max-video-preview":"max-video-preview:-1"},"canonical":"https:\/\/www.bbmpackaging.com\/es\/services\/montaje-de-maquinaria\/","og_locale":"es_ES","og_type":"article","og_title":"Montaje por cuenta ajena L\u00edneas de Embotellado y Envasado","og_description":"BBM realiza el montaje de m\u00e1quinas completas para l\u00edneas de embotellado y embalaje por cuenta de terceros. Contacta con nosotros para saber c\u00f3mo se desarrolla la actividad.","og_url":"https:\/\/www.bbmpackaging.com\/es\/services\/montaje-de-maquinaria\/","og_site_name":"BBM Packaging","article_modified_time":"2024-11-27T08:29:42+00:00","og_image":[{"width":1440,"height":1080,"url":"https:\/\/cdn.bbmpackaging.com\/wp-content\/uploads\/2023\/10\/camion-trasporto-rulliere-e1706869715783.jpg","type":"image\/jpeg"}],"twitter_card":"summary_large_image","twitter_misc":{"Tiempo de lectura":"2 minutos"},"schema":{"@context":"https:\/\/schema.org","@graph":[{"@type":"WebPage","@id":"https:\/\/www.bbmpackaging.com\/es\/services\/montaje-de-maquinaria\/","url":"https:\/\/www.bbmpackaging.com\/es\/services\/montaje-de-maquinaria\/","name":"Montaje por cuenta ajena L\u00edneas de Embotellado y Envasado","isPartOf":{"@id":"https:\/\/www.bbmpackaging.com\/es\/#website"},"primaryImageOfPage":{"@id":"https:\/\/www.bbmpackaging.com\/es\/services\/montaje-de-maquinaria\/#primaryimage"},"image":{"@id":"https:\/\/www.bbmpackaging.com\/es\/services\/montaje-de-maquinaria\/#primaryimage"},"thumbnailUrl":"https:\/\/cdn.bbmpackaging.com\/wp-content\/uploads\/2023\/10\/camion-trasporto-rulliere-e1706869715783.jpg","datePublished":"2023-08-16T12:01:21+00:00","dateModified":"2024-11-27T08:29:42+00:00","description":"BBM realiza el montaje de m\u00e1quinas completas para l\u00edneas de embotellado y embalaje por cuenta de terceros. Contacta con nosotros para saber c\u00f3mo se desarrolla la actividad.","breadcrumb":{"@id":"https:\/\/www.bbmpackaging.com\/es\/services\/montaje-de-maquinaria\/#breadcrumb"},"inLanguage":"es","potentialAction":[{"@type":"ReadAction","target":["https:\/\/www.bbmpackaging.com\/es\/services\/montaje-de-maquinaria\/"]}]},{"@type":"ImageObject","inLanguage":"es","@id":"https:\/\/www.bbmpackaging.com\/es\/services\/montaje-de-maquinaria\/#primaryimage","url":"https:\/\/cdn.bbmpackaging.com\/wp-content\/uploads\/2023\/10\/camion-trasporto-rulliere-e1706869715783.jpg","contentUrl":"https:\/\/cdn.bbmpackaging.com\/wp-content\/uploads\/2023\/10\/camion-trasporto-rulliere-e1706869715783.jpg","width":1440,"height":1080,"caption":"camion trasporto rulliere"},{"@type":"BreadcrumbList","@id":"https:\/\/www.bbmpackaging.com\/es\/services\/montaje-de-maquinaria\/#breadcrumb","itemListElement":[{"@type":"ListItem","position":1,"name":"Home","item":"https:\/\/www.bbmpackaging.com\/es\/"},{"@type":"ListItem","position":2,"name":"Servicio","item":"https:\/\/www.bbmpackaging.com\/es\/servicio\/"},{"@type":"ListItem","position":3,"name":"Montaje de m\u00e1quinas para terceros"}]},{"@type":"WebSite","@id":"https:\/\/www.bbmpackaging.com\/es\/#website","url":"https:\/\/www.bbmpackaging.com\/es\/","name":"BBM Packaging","description":"Imbottigliamento: macchinari manutenzione e much more","potentialAction":[{"@type":"SearchAction","target":{"@type":"EntryPoint","urlTemplate":"https:\/\/www.bbmpackaging.com\/es\/?s={search_term_string}"},"query-input":{"@type":"PropertyValueSpecification","valueRequired":true,"valueName":"search_term_string"}}],"inLanguage":"es"}]}},"_links":{"self":[{"href":"https:\/\/www.bbmpackaging.com\/es\/wp-json\/wp\/v2\/pages\/37205","targetHints":{"allow":["GET"]}}],"collection":[{"href":"https:\/\/www.bbmpackaging.com\/es\/wp-json\/wp\/v2\/pages"}],"about":[{"href":"https:\/\/www.bbmpackaging.com\/es\/wp-json\/wp\/v2\/types\/page"}],"author":[{"embeddable":true,"href":"https:\/\/www.bbmpackaging.com\/es\/wp-json\/wp\/v2\/users\/2"}],"replies":[{"embeddable":true,"href":"https:\/\/www.bbmpackaging.com\/es\/wp-json\/wp\/v2\/comments?post=37205"}],"version-history":[{"count":0,"href":"https:\/\/www.bbmpackaging.com\/es\/wp-json\/wp\/v2\/pages\/37205\/revisions"}],"up":[{"embeddable":true,"href":"https:\/\/www.bbmpackaging.com\/es\/wp-json\/wp\/v2\/pages\/21877"}],"wp:featuredmedia":[{"embeddable":true,"href":"https:\/\/www.bbmpackaging.com\/es\/wp-json\/wp\/v2\/media\/37761"}],"wp:attachment":[{"href":"https:\/\/www.bbmpackaging.com\/es\/wp-json\/wp\/v2\/media?parent=37205"}],"curies":[{"name":"wp","href":"https:\/\/api.w.org\/{rel}","templated":true}]}}