{"id":38709,"date":"2024-01-18T15:11:11","date_gmt":"2024-01-18T14:11:11","guid":{"rendered":"https:\/\/www.bbmpackaging.com\/qualita\/"},"modified":"2025-10-15T08:56:55","modified_gmt":"2025-10-15T06:56:55","slug":"qualita","status":"publish","type":"page","link":"https:\/\/www.bbmpackaging.com\/es\/sobre-nosotros\/calidad\/","title":{"rendered":"Calidad"},"content":{"rendered":"<h2><strong>BBM: Excelencia, Innovaci\u00f3n y Fiabilidad en los Repuestos para Embotellado y Empaquetado<\/strong><\/h2>\n<p>En BBM, la calidad no es solo un objetivo, sino una marca distintiva que nos diferencia en el sector de los <a title=\"Repuestos BBM\" href=\"https:\/\/www.bbmpackaging.com\/es\/repuestos\/\" target=\"_blank\" rel=\"noopener\"><strong>repuestos para maquinaria de embotellado y empaquetado<\/strong><\/a>. Descubre los tres pilares de nuestra calidad: altos est\u00e1ndares, rendimiento duradero y fiabilidad sin compromisos.<\/p>\n<p>BBM Service suministra repuestos compatibles para maquinaria de embotellado y empaquetado de agua, bebidas y productos alimenticios. Para garantizar la conformidad de los repuestos con altos est\u00e1ndares de calidad, BBM ha establecido un estricto proceso de control de calidad y ha dise\u00f1ado una sala metrol\u00f3gica interna equipada con instrumentaci\u00f3n de vanguardia.<\/p>\n<ul>\n<li><span style=\"color: #000000;\">Rigurosa <strong>procedura de control de calidad<\/strong>, gracias a la presencia de una <strong>sala metrol\u00f3gica interna<\/strong><\/span><\/li>\n<li><span style=\"color: #000000;\">Colaboraci\u00f3n con <strong>socios de excelencia<\/strong>: proveedores seleccionados que realizan an\u00e1lisis exhaustivos de los art\u00edculos del mercado posventa, adem\u00e1s de nuestras pruebas internas. Todos los proveedores son monitoreados constantemente a trav\u00e9s de un proceso de evaluaci\u00f3n de proveedores (vendor-rating)<\/span><\/li>\n<li><span style=\"color: #000000;\">Elaboraci\u00f3n de <strong>informes internos de conformidad<\/strong><\/span><\/li>\n<\/ul>\n<h4><strong>Sala metrol\u00f3gica de BBM: un entorno ideal para alcanzar los m\u00e1s altos niveles de calidad y productividad<\/strong><\/h4>\n<p><strong>BBM ha construido una verdadera sala metrol\u00f3gica interna<\/strong>. La sala metrol\u00f3gica de BBM es un ambiente climatizado y con temperatura controlada, equipada con los instrumentos necesarios para un control dimensional de alta precisi\u00f3n. Entre los instrumentos disponibles se incluyen: calibradores digitales de gran tama\u00f1o, micr\u00f3metros digitales externos e internos, ales\u00f3metros, dur\u00f3metros, rugos\u00edmetros, proyector de perfiles, microscopio digital y otros dispositivos para la medici\u00f3n m\u00e1s precisa de los par\u00e1metros de las piezas.<\/p>\n<p>&nbsp;<\/p>\n<p><iframe loading=\"lazy\" title=\"YouTube video player\" src=\"https:\/\/www.youtube.com\/embed\/hl8UutVT2Y8?si=-i2xNXQx1qOo_GFV\" width=\"560\" height=\"315\" frameborder=\"0\" allowfullscreen=\"allowfullscreen\"><\/iframe><\/p>\n<h4><strong>Ingenier\u00eda inversa<\/strong><\/h4>\n<p>La ingenier\u00eda inversa es el proceso de an\u00e1lisis de un producto con el fin de comprender su estructura y sus principios de dise\u00f1o, a menudo con el objetivo de reproducirlo, siempre respetando las leyes vigentes de propiedad intelectual. La ingenier\u00eda inversa puede utilizarse para varios fines, como mejorar o corregir un producto existente.<\/p>\n<p>Con el brazo de medici\u00f3n <strong>Quantum Max de <a title=\"FARO Technologies\" href=\"https:\/\/www.faro.com\/es-MX\" target=\"_blank\" rel=\"noopener\">FARO Technologies<\/a><\/strong>, BBM realiza mediciones completas en la m\u00e1quina del cliente. La detecci\u00f3n dimensional precisa permite una reproducci\u00f3n fiel de las piezas de repuesto, <strong>incluso de aquellas fuera de producci\u00f3n<\/strong>. El brazo garantiza una velocidad y precisi\u00f3n excepcionales, facilitando inspecciones 3D y una r\u00e1pida identificaci\u00f3n de defectos.<\/p>\n<p>Gracias a su portabilidad y a su alcance de 2,5 metros, realizamos mediciones incluso en piezas de gran tama\u00f1o o de formas complejas, tanto en nuestras instalaciones como en la planta del cliente.<\/p>\n<h4><strong>M\u00e1quina de medici\u00f3n por escaneo ZEISS<\/strong><\/h4>\n<p>La sala metrol\u00f3gica de BBM cuenta con su joya tecnol\u00f3gica: una m\u00e1quina de medici\u00f3n tridimensional por escaneo&nbsp;<a title=\"ZEISS\" href=\"https:\/\/www.zeiss.com.mx\/metrologia\/home.html\" target=\"_blank\" rel=\"noopener\"><strong>ZEISS<\/strong><\/a> Duramax, una marca de referencia en la medici\u00f3n de precisi\u00f3n. Gracias a su tecnolog\u00eda de escaneo avanzada, la precisi\u00f3n microm\u00e9trica asistida por ordenador, la medici\u00f3n de alta resoluci\u00f3n y la completa automatizaci\u00f3n, la m\u00e1quina de medici\u00f3n de BBM ofrece un sistema sin igual en su categor\u00eda.<\/p>\n<h4><strong>Nueva incorporaci\u00f3n: M\u00e1quina \u00d3ptica ZEISS<\/strong><\/h4>\n<p>Recientemente ha entrado en funcionamiento la nueva m\u00e1quina \u00f3ptica ZEISS, equipada con un alto grado de automatizaci\u00f3n y sensores de vanguardia, para una medici\u00f3n rapid\u00edsima y a\u00fan m\u00e1s precisa de los componentes distribuidos por BBM.<\/p>\n<p>Gracias a la acci\u00f3n conjunta de ambas m\u00e1quinas, se obtiene un control total de la pieza &nbsp;&#8211; la primera es ideal para la medici\u00f3n de superficies medianas y grandes y piezas complejas, mientras que la segunda es perfecta para componentes peque\u00f1os y piezas diminutas.<\/p>\n<p>&nbsp;<\/p>\n<p><iframe loading=\"lazy\" title=\"YouTube video player\" src=\"https:\/\/www.youtube.com\/embed\/pNdDtDQ7nR4?si=m_ns6X49xHYh3e7I\" width=\"560\" height=\"315\" frameborder=\"0\" allowfullscreen=\"allowfullscreen\"><span data-mce-type=\"bookmark\" style=\"display: inline-block; width: 0px; overflow: hidden; line-height: 0;\" class=\"mce_SELRES_start\">\ufeff<\/span><span data-mce-type=\"bookmark\" style=\"display: inline-block; width: 0px; overflow: hidden; line-height: 0;\" class=\"mce_SELRES_start\">\ufeff<\/span><\/iframe><\/p>\n<h3><strong>\u00bfPor qu\u00e9 confiar en la calidad de BBM Service?<\/strong><\/h3>\n<p>La b\u00fasqueda de la calidad es un proceso minucioso, necesario para identificar las posibles deficiencias de la pieza y resolverlas, mejorando su rendimiento y prolongando su vida \u00fatil. BBM es un socio fiable para identificar incluso las problem\u00e1ticas m\u00e1s espec\u00edficas de las piezas, con el fin de mejorar su rendimiento mediante nuevos tratamientos y recubrimientos. \u00bfEl objetivo final? Mejorar la vida \u00fatil de la pieza y, en consecuencia, de la m\u00e1quina.<\/p>\n<p><strong>Incluso los repuestos BBM utilizados en las intervenciones de <a title=\"mantenimiento de la l\u00ednea de embotellado\" href=\"https:\/\/www.bbmpackaging.com\/es\/services\/mantenimiento-maquinas-embotelladoras\/\" target=\"_blank\" rel=\"noopener\">mantenimiento de la l\u00ednea de embotellado<\/a> siguen este riguroso proceso. Solo cuando son declarados aptos, los repuestos se autorizan para su env\u00edo y almacenamiento.<\/strong><\/p>\n<div id='gallery-1' class='gallery galleryid-38709 gallery-columns-3 gallery-size-medium'><figure class='gallery-item'>\n\t\t\t<div class='gallery-icon landscape'>\n\t\t\t\t<a href='https:\/\/www.bbmpackaging.com\/es\/sobre-nosotros\/calidad\/attachment\/sidel-krones-smi-repuestos-compatibles-calidad-1\/'><img decoding=\"async\" width=\"300\" height=\"200\" src=\"https:\/\/www.bbmpackaging.com\/wp-content\/uploads\/2025\/10\/sidel-krones-smi-repuestos-compatibles-calidad-1-300x200.jpg\" class=\"attachment-medium size-medium\" alt=\"BBM ofrece repuestos compatibles para m\u00e1quinas de embotellado, garantizados por controles de calidad y una sala metrol\u00f3gica de vanguardia.\" srcset=\"https:\/\/www.bbmpackaging.com\/wp-content\/uploads\/2025\/10\/sidel-krones-smi-repuestos-compatibles-calidad-1-300x200.jpg 300w, https:\/\/www.bbmpackaging.com\/wp-content\/uploads\/2025\/10\/sidel-krones-smi-repuestos-compatibles-calidad-1-768x512.jpg 768w, https:\/\/www.bbmpackaging.com\/wp-content\/uploads\/2025\/10\/sidel-krones-smi-repuestos-compatibles-calidad-1-420x280.jpg 420w, https:\/\/www.bbmpackaging.com\/wp-content\/uploads\/2025\/10\/sidel-krones-smi-repuestos-compatibles-calidad-1-560x374.jpg 560w, https:\/\/www.bbmpackaging.com\/wp-content\/uploads\/2025\/10\/sidel-krones-smi-repuestos-compatibles-calidad-1.jpg 1024w\" sizes=\"(max-width: 300px) 100vw, 300px\" \/><\/a>\n\t\t\t<\/div><\/figure><figure class='gallery-item'>\n\t\t\t<div class='gallery-icon landscape'>\n\t\t\t\t<a href='https:\/\/www.bbmpackaging.com\/es\/sobre-nosotros\/calidad\/attachment\/sidel-krones-smi-repuestos-compatibles-calidad-2\/'><img decoding=\"async\" width=\"300\" height=\"200\" src=\"https:\/\/www.bbmpackaging.com\/wp-content\/uploads\/2025\/10\/sidel-krones-smi-repuestos-compatibles-calidad-2-300x200.jpg\" class=\"attachment-medium size-medium\" alt=\"BBM ofrece repuestos compatibles para m\u00e1quinas de embotellado, garantizados por controles de calidad y una sala metrol\u00f3gica de vanguardia.\" srcset=\"https:\/\/www.bbmpackaging.com\/wp-content\/uploads\/2025\/10\/sidel-krones-smi-repuestos-compatibles-calidad-2-300x200.jpg 300w, https:\/\/www.bbmpackaging.com\/wp-content\/uploads\/2025\/10\/sidel-krones-smi-repuestos-compatibles-calidad-2-768x512.jpg 768w, https:\/\/www.bbmpackaging.com\/wp-content\/uploads\/2025\/10\/sidel-krones-smi-repuestos-compatibles-calidad-2-420x280.jpg 420w, https:\/\/www.bbmpackaging.com\/wp-content\/uploads\/2025\/10\/sidel-krones-smi-repuestos-compatibles-calidad-2-560x374.jpg 560w, https:\/\/www.bbmpackaging.com\/wp-content\/uploads\/2025\/10\/sidel-krones-smi-repuestos-compatibles-calidad-2.jpg 1024w\" sizes=\"(max-width: 300px) 100vw, 300px\" \/><\/a>\n\t\t\t<\/div><\/figure><figure class='gallery-item'>\n\t\t\t<div class='gallery-icon landscape'>\n\t\t\t\t<a href='https:\/\/www.bbmpackaging.com\/es\/sobre-nosotros\/calidad\/attachment\/sidel-krones-smi-repuestos-compatibles-calidad-3\/'><img decoding=\"async\" width=\"300\" height=\"200\" src=\"https:\/\/www.bbmpackaging.com\/wp-content\/uploads\/2025\/10\/sidel-krones-smi-repuestos-compatibles-calidad-3-300x200.jpg\" class=\"attachment-medium size-medium\" alt=\"BBM ofrece repuestos compatibles para m\u00e1quinas de embotellado, garantizados por controles de calidad y una sala metrol\u00f3gica de vanguardia.\" srcset=\"https:\/\/www.bbmpackaging.com\/wp-content\/uploads\/2025\/10\/sidel-krones-smi-repuestos-compatibles-calidad-3-300x200.jpg 300w, https:\/\/www.bbmpackaging.com\/wp-content\/uploads\/2025\/10\/sidel-krones-smi-repuestos-compatibles-calidad-3-768x512.jpg 768w, https:\/\/www.bbmpackaging.com\/wp-content\/uploads\/2025\/10\/sidel-krones-smi-repuestos-compatibles-calidad-3-420x280.jpg 420w, https:\/\/www.bbmpackaging.com\/wp-content\/uploads\/2025\/10\/sidel-krones-smi-repuestos-compatibles-calidad-3-560x374.jpg 560w, https:\/\/www.bbmpackaging.com\/wp-content\/uploads\/2025\/10\/sidel-krones-smi-repuestos-compatibles-calidad-3.jpg 1024w\" sizes=\"(max-width: 300px) 100vw, 300px\" \/><\/a>\n\t\t\t<\/div><\/figure><figure class='gallery-item'>\n\t\t\t<div class='gallery-icon landscape'>\n\t\t\t\t<a href='https:\/\/www.bbmpackaging.com\/es\/sobre-nosotros\/calidad\/attachment\/sidel-krones-smi-repuestos-compatibles-calidad-4\/'><img decoding=\"async\" width=\"300\" height=\"200\" src=\"https:\/\/www.bbmpackaging.com\/wp-content\/uploads\/2025\/10\/sidel-krones-smi-repuestos-compatibles-calidad-4-300x200.jpg\" class=\"attachment-medium size-medium\" alt=\"BBM ofrece repuestos compatibles para m\u00e1quinas de embotellado, garantizados por controles de calidad y una sala metrol\u00f3gica de vanguardia.\" srcset=\"https:\/\/www.bbmpackaging.com\/wp-content\/uploads\/2025\/10\/sidel-krones-smi-repuestos-compatibles-calidad-4-300x200.jpg 300w, https:\/\/www.bbmpackaging.com\/wp-content\/uploads\/2025\/10\/sidel-krones-smi-repuestos-compatibles-calidad-4-768x512.jpg 768w, https:\/\/www.bbmpackaging.com\/wp-content\/uploads\/2025\/10\/sidel-krones-smi-repuestos-compatibles-calidad-4-420x280.jpg 420w, https:\/\/www.bbmpackaging.com\/wp-content\/uploads\/2025\/10\/sidel-krones-smi-repuestos-compatibles-calidad-4-560x374.jpg 560w, https:\/\/www.bbmpackaging.com\/wp-content\/uploads\/2025\/10\/sidel-krones-smi-repuestos-compatibles-calidad-4.jpg 1024w\" sizes=\"(max-width: 300px) 100vw, 300px\" \/><\/a>\n\t\t\t<\/div><\/figure><figure class='gallery-item'>\n\t\t\t<div class='gallery-icon landscape'>\n\t\t\t\t<a href='https:\/\/www.bbmpackaging.com\/es\/sobre-nosotros\/calidad\/attachment\/sidel-krones-smi-repuestos-compatibles-calidad-5\/'><img decoding=\"async\" width=\"300\" height=\"200\" src=\"https:\/\/www.bbmpackaging.com\/wp-content\/uploads\/2025\/10\/sidel-krones-smi-repuestos-compatibles-calidad-5-300x200.jpg\" class=\"attachment-medium size-medium\" alt=\"BBM ofrece repuestos compatibles para m\u00e1quinas de embotellado, garantizados por controles de calidad y una sala metrol\u00f3gica de vanguardia.\" srcset=\"https:\/\/www.bbmpackaging.com\/wp-content\/uploads\/2025\/10\/sidel-krones-smi-repuestos-compatibles-calidad-5-300x200.jpg 300w, https:\/\/www.bbmpackaging.com\/wp-content\/uploads\/2025\/10\/sidel-krones-smi-repuestos-compatibles-calidad-5-768x512.jpg 768w, https:\/\/www.bbmpackaging.com\/wp-content\/uploads\/2025\/10\/sidel-krones-smi-repuestos-compatibles-calidad-5-420x280.jpg 420w, https:\/\/www.bbmpackaging.com\/wp-content\/uploads\/2025\/10\/sidel-krones-smi-repuestos-compatibles-calidad-5-560x374.jpg 560w, https:\/\/www.bbmpackaging.com\/wp-content\/uploads\/2025\/10\/sidel-krones-smi-repuestos-compatibles-calidad-5.jpg 1024w\" sizes=\"(max-width: 300px) 100vw, 300px\" \/><\/a>\n\t\t\t<\/div><\/figure><figure class='gallery-item'>\n\t\t\t<div class='gallery-icon landscape'>\n\t\t\t\t<a href='https:\/\/www.bbmpackaging.com\/es\/sobre-nosotros\/calidad\/attachment\/sidel-krones-smi-repuestos-compatibles-calidad-6\/'><img decoding=\"async\" width=\"300\" height=\"200\" src=\"https:\/\/www.bbmpackaging.com\/wp-content\/uploads\/2025\/10\/sidel-krones-smi-repuestos-compatibles-calidad-6-300x200.jpg\" class=\"attachment-medium size-medium\" alt=\"BBM ofrece repuestos compatibles para m\u00e1quinas de embotellado, garantizados por controles de calidad y una sala metrol\u00f3gica de vanguardia.\" srcset=\"https:\/\/www.bbmpackaging.com\/wp-content\/uploads\/2025\/10\/sidel-krones-smi-repuestos-compatibles-calidad-6-300x200.jpg 300w, https:\/\/www.bbmpackaging.com\/wp-content\/uploads\/2025\/10\/sidel-krones-smi-repuestos-compatibles-calidad-6-768x512.jpg 768w, https:\/\/www.bbmpackaging.com\/wp-content\/uploads\/2025\/10\/sidel-krones-smi-repuestos-compatibles-calidad-6-420x280.jpg 420w, https:\/\/www.bbmpackaging.com\/wp-content\/uploads\/2025\/10\/sidel-krones-smi-repuestos-compatibles-calidad-6-560x374.jpg 560w, https:\/\/www.bbmpackaging.com\/wp-content\/uploads\/2025\/10\/sidel-krones-smi-repuestos-compatibles-calidad-6.jpg 1024w\" sizes=\"(max-width: 300px) 100vw, 300px\" \/><\/a>\n\t\t\t<\/div><\/figure>\n\t\t<\/div>\n\n<h4><strong>Formaci\u00f3n continua<\/strong><\/h4>\n<p>BBM invierte significativamente en la formaci\u00f3n de su oficina t\u00e9cnica. Cada a\u00f1o, nuestros ingenieros y dise\u00f1adores participan en estimulantes sesiones de formaci\u00f3n en prestigiosas instituciones como la <a title=\"Universidad de B\u00e9rgamo\" href=\"https:\/\/www.unibg.it\/\" target=\"_blank\" rel=\"noopener\">Universidad de B\u00e9rgamo<\/a> \u2013 facultad de ingenier\u00eda y la C\u00e1mara de Comercio de B\u00e9rgamo. Centr\u00e1ndonos en temas fundamentales como los materiales innovadores, tanto met\u00e1licos como pl\u00e1sticos, nos comprometemos a garantizar una calidad en constante crecimiento para satisfacer las exigencias cada vez mayores de nuestros clientes.<\/p>\n<h4><strong>Tiempos de respuesta seguros y r\u00e1pidos<\/strong><\/h4>\n<p><strong>Un PLUS que no debe subestimarse \u2013&nbsp;<\/strong>Cada solicitud del cliente se gestiona con la m\u00e1xima rapidez, sin comprometer nunca la calidad ni la precisi\u00f3n de las respuestas. Descubre la eficiencia de nuestra infraestructura log\u00edstica, que nos permite monitorear constantemente las solicitudes entrantes y procesar los pedidos en el menor tiempo posible.<\/p>\n<p><strong><a class=\"button\" href=\"https:\/\/www.bbmpackaging.com\/wp-content\/uploads\/2025\/09\/BBM_Repuestos-compatibles_2025_compressed.pdf\" target=\"_blank\" rel=\"noopener\">Descubre la selecci\u00f3n de repuestos compatibles BBM<\/a><\/strong><\/p>\n","protected":false},"excerpt":{"rendered":"<p>BBM: Excelencia, Innovaci\u00f3n y Fiabilidad en los Repuestos para Embotellado y Empaquetado En BBM, la calidad no es&#8230;<\/p>\n","protected":false},"author":2,"featured_media":52747,"parent":21907,"menu_order":0,"comment_status":"closed","ping_status":"closed","template":"page-chisiamo.php","meta":{"_acf_changed":false,"footnotes":""},"class_list":["post-38709","page","type-page","status-publish","has-post-thumbnail","hentry"],"acf":[],"yoast_head":"<!-- This site is optimized with the Yoast SEO plugin v27.2 - https:\/\/yoast.com\/product\/yoast-seo-wordpress\/ -->\n<title>La calidad de los repuestos compatibles de BBM Packaging<\/title>\n<meta name=\"description\" content=\"BBM ofrece repuestos compatibles para m\u00e1quinas de embotellado, garantizados por controles de calidad y una sala metrol\u00f3gica de vanguardia.\" \/>\n<meta name=\"robots\" content=\"index, follow, max-snippet:-1, max-image-preview:large, max-video-preview:-1\" \/>\n<link rel=\"canonical\" href=\"https:\/\/www.bbmpackaging.com\/es\/sobre-nosotros\/calidad\/\" \/>\n<meta property=\"og:locale\" content=\"es_ES\" \/>\n<meta property=\"og:type\" content=\"article\" \/>\n<meta property=\"og:title\" content=\"La calidad de los repuestos compatibles de BBM Packaging\" \/>\n<meta property=\"og:description\" content=\"BBM ofrece repuestos compatibles para m\u00e1quinas de embotellado, garantizados por controles de calidad y una sala metrol\u00f3gica de vanguardia.\" \/>\n<meta property=\"og:url\" content=\"https:\/\/www.bbmpackaging.com\/es\/sobre-nosotros\/calidad\/\" \/>\n<meta property=\"og:site_name\" content=\"BBM Packaging\" \/>\n<meta property=\"article:modified_time\" content=\"2025-10-15T06:56:55+00:00\" \/>\n<meta property=\"og:image\" content=\"https:\/\/www.bbmpackaging.com\/wp-content\/uploads\/2025\/05\/qualita-ricambi-bbm-packaging.jpg\" \/>\n\t<meta property=\"og:image:width\" content=\"1620\" \/>\n\t<meta property=\"og:image:height\" content=\"1080\" \/>\n\t<meta property=\"og:image:type\" content=\"image\/jpeg\" \/>\n<meta name=\"twitter:card\" content=\"summary_large_image\" \/>\n<meta name=\"twitter:label1\" content=\"Tiempo de lectura\" \/>\n\t<meta name=\"twitter:data1\" content=\"5 minutos\" \/>\n<script type=\"application\/ld+json\" class=\"yoast-schema-graph\">{\"@context\":\"https:\/\/schema.org\",\"@graph\":[{\"@type\":\"WebPage\",\"@id\":\"https:\/\/www.bbmpackaging.com\/es\/sobre-nosotros\/calidad\/\",\"url\":\"https:\/\/www.bbmpackaging.com\/es\/sobre-nosotros\/calidad\/\",\"name\":\"La calidad de los repuestos compatibles de BBM Packaging\",\"isPartOf\":{\"@id\":\"https:\/\/www.bbmpackaging.com\/es\/#website\"},\"primaryImageOfPage\":{\"@id\":\"https:\/\/www.bbmpackaging.com\/es\/sobre-nosotros\/calidad\/#primaryimage\"},\"image\":{\"@id\":\"https:\/\/www.bbmpackaging.com\/es\/sobre-nosotros\/calidad\/#primaryimage\"},\"thumbnailUrl\":\"https:\/\/cdn.bbmpackaging.com\/wp-content\/uploads\/2025\/05\/qualita-ricambi-bbm-packaging.jpg\",\"datePublished\":\"2024-01-18T14:11:11+00:00\",\"dateModified\":\"2025-10-15T06:56:55+00:00\",\"description\":\"BBM ofrece repuestos compatibles para m\u00e1quinas de embotellado, garantizados por controles de calidad y una sala metrol\u00f3gica de vanguardia.\",\"breadcrumb\":{\"@id\":\"https:\/\/www.bbmpackaging.com\/es\/sobre-nosotros\/calidad\/#breadcrumb\"},\"inLanguage\":\"es\",\"potentialAction\":[{\"@type\":\"ReadAction\",\"target\":[\"https:\/\/www.bbmpackaging.com\/es\/sobre-nosotros\/calidad\/\"]}]},{\"@type\":\"ImageObject\",\"inLanguage\":\"es\",\"@id\":\"https:\/\/www.bbmpackaging.com\/es\/sobre-nosotros\/calidad\/#primaryimage\",\"url\":\"https:\/\/cdn.bbmpackaging.com\/wp-content\/uploads\/2025\/05\/qualita-ricambi-bbm-packaging.jpg\",\"contentUrl\":\"https:\/\/cdn.bbmpackaging.com\/wp-content\/uploads\/2025\/05\/qualita-ricambi-bbm-packaging.jpg\",\"width\":1620,\"height\":1080,\"caption\":\"Ricambi compatibili di alta qualit\u00e0 per macchine di imbottigliamento e confezionamento. BBM Packaging garantisce affidabilit\u00e0, ampia disponibilit\u00e0 e soluzioni su misura per ridurre i fermi impianto\"},{\"@type\":\"BreadcrumbList\",\"@id\":\"https:\/\/www.bbmpackaging.com\/es\/sobre-nosotros\/calidad\/#breadcrumb\",\"itemListElement\":[{\"@type\":\"ListItem\",\"position\":1,\"name\":\"Home\",\"item\":\"https:\/\/www.bbmpackaging.com\/es\/\"},{\"@type\":\"ListItem\",\"position\":2,\"name\":\"Quienes Somos\",\"item\":\"https:\/\/www.bbmpackaging.com\/es\/quienes-somos\/\"},{\"@type\":\"ListItem\",\"position\":3,\"name\":\"Calidad\"}]},{\"@type\":\"WebSite\",\"@id\":\"https:\/\/www.bbmpackaging.com\/es\/#website\",\"url\":\"https:\/\/www.bbmpackaging.com\/es\/\",\"name\":\"BBM Packaging\",\"description\":\"Imbottigliamento: macchinari manutenzione e much more\",\"potentialAction\":[{\"@type\":\"SearchAction\",\"target\":{\"@type\":\"EntryPoint\",\"urlTemplate\":\"https:\/\/www.bbmpackaging.com\/es\/?s={search_term_string}\"},\"query-input\":{\"@type\":\"PropertyValueSpecification\",\"valueRequired\":true,\"valueName\":\"search_term_string\"}}],\"inLanguage\":\"es\"}]}<\/script>\n<!-- \/ Yoast SEO plugin. -->","yoast_head_json":{"title":"La calidad de los repuestos compatibles de BBM Packaging","description":"BBM ofrece repuestos compatibles para m\u00e1quinas de embotellado, garantizados por controles de calidad y una sala metrol\u00f3gica de vanguardia.","robots":{"index":"index","follow":"follow","max-snippet":"max-snippet:-1","max-image-preview":"max-image-preview:large","max-video-preview":"max-video-preview:-1"},"canonical":"https:\/\/www.bbmpackaging.com\/es\/sobre-nosotros\/calidad\/","og_locale":"es_ES","og_type":"article","og_title":"La calidad de los repuestos compatibles de BBM Packaging","og_description":"BBM ofrece repuestos compatibles para m\u00e1quinas de embotellado, garantizados por controles de calidad y una sala metrol\u00f3gica de vanguardia.","og_url":"https:\/\/www.bbmpackaging.com\/es\/sobre-nosotros\/calidad\/","og_site_name":"BBM Packaging","article_modified_time":"2025-10-15T06:56:55+00:00","og_image":[{"width":1620,"height":1080,"url":"https:\/\/www.bbmpackaging.com\/wp-content\/uploads\/2025\/05\/qualita-ricambi-bbm-packaging.jpg","type":"image\/jpeg"}],"twitter_card":"summary_large_image","twitter_misc":{"Tiempo de lectura":"5 minutos"},"schema":{"@context":"https:\/\/schema.org","@graph":[{"@type":"WebPage","@id":"https:\/\/www.bbmpackaging.com\/es\/sobre-nosotros\/calidad\/","url":"https:\/\/www.bbmpackaging.com\/es\/sobre-nosotros\/calidad\/","name":"La calidad de los repuestos compatibles de BBM Packaging","isPartOf":{"@id":"https:\/\/www.bbmpackaging.com\/es\/#website"},"primaryImageOfPage":{"@id":"https:\/\/www.bbmpackaging.com\/es\/sobre-nosotros\/calidad\/#primaryimage"},"image":{"@id":"https:\/\/www.bbmpackaging.com\/es\/sobre-nosotros\/calidad\/#primaryimage"},"thumbnailUrl":"https:\/\/cdn.bbmpackaging.com\/wp-content\/uploads\/2025\/05\/qualita-ricambi-bbm-packaging.jpg","datePublished":"2024-01-18T14:11:11+00:00","dateModified":"2025-10-15T06:56:55+00:00","description":"BBM ofrece repuestos compatibles para m\u00e1quinas de embotellado, garantizados por controles de calidad y una sala metrol\u00f3gica de vanguardia.","breadcrumb":{"@id":"https:\/\/www.bbmpackaging.com\/es\/sobre-nosotros\/calidad\/#breadcrumb"},"inLanguage":"es","potentialAction":[{"@type":"ReadAction","target":["https:\/\/www.bbmpackaging.com\/es\/sobre-nosotros\/calidad\/"]}]},{"@type":"ImageObject","inLanguage":"es","@id":"https:\/\/www.bbmpackaging.com\/es\/sobre-nosotros\/calidad\/#primaryimage","url":"https:\/\/cdn.bbmpackaging.com\/wp-content\/uploads\/2025\/05\/qualita-ricambi-bbm-packaging.jpg","contentUrl":"https:\/\/cdn.bbmpackaging.com\/wp-content\/uploads\/2025\/05\/qualita-ricambi-bbm-packaging.jpg","width":1620,"height":1080,"caption":"Ricambi compatibili di alta qualit\u00e0 per macchine di imbottigliamento e confezionamento. BBM Packaging garantisce affidabilit\u00e0, ampia disponibilit\u00e0 e soluzioni su misura per ridurre i fermi impianto"},{"@type":"BreadcrumbList","@id":"https:\/\/www.bbmpackaging.com\/es\/sobre-nosotros\/calidad\/#breadcrumb","itemListElement":[{"@type":"ListItem","position":1,"name":"Home","item":"https:\/\/www.bbmpackaging.com\/es\/"},{"@type":"ListItem","position":2,"name":"Quienes Somos","item":"https:\/\/www.bbmpackaging.com\/es\/quienes-somos\/"},{"@type":"ListItem","position":3,"name":"Calidad"}]},{"@type":"WebSite","@id":"https:\/\/www.bbmpackaging.com\/es\/#website","url":"https:\/\/www.bbmpackaging.com\/es\/","name":"BBM Packaging","description":"Imbottigliamento: macchinari manutenzione e much more","potentialAction":[{"@type":"SearchAction","target":{"@type":"EntryPoint","urlTemplate":"https:\/\/www.bbmpackaging.com\/es\/?s={search_term_string}"},"query-input":{"@type":"PropertyValueSpecification","valueRequired":true,"valueName":"search_term_string"}}],"inLanguage":"es"}]}},"_links":{"self":[{"href":"https:\/\/www.bbmpackaging.com\/es\/wp-json\/wp\/v2\/pages\/38709","targetHints":{"allow":["GET"]}}],"collection":[{"href":"https:\/\/www.bbmpackaging.com\/es\/wp-json\/wp\/v2\/pages"}],"about":[{"href":"https:\/\/www.bbmpackaging.com\/es\/wp-json\/wp\/v2\/types\/page"}],"author":[{"embeddable":true,"href":"https:\/\/www.bbmpackaging.com\/es\/wp-json\/wp\/v2\/users\/2"}],"replies":[{"embeddable":true,"href":"https:\/\/www.bbmpackaging.com\/es\/wp-json\/wp\/v2\/comments?post=38709"}],"version-history":[{"count":4,"href":"https:\/\/www.bbmpackaging.com\/es\/wp-json\/wp\/v2\/pages\/38709\/revisions"}],"predecessor-version":[{"id":72015,"href":"https:\/\/www.bbmpackaging.com\/es\/wp-json\/wp\/v2\/pages\/38709\/revisions\/72015"}],"up":[{"embeddable":true,"href":"https:\/\/www.bbmpackaging.com\/es\/wp-json\/wp\/v2\/pages\/21907"}],"wp:featuredmedia":[{"embeddable":true,"href":"https:\/\/www.bbmpackaging.com\/es\/wp-json\/wp\/v2\/media\/52747"}],"wp:attachment":[{"href":"https:\/\/www.bbmpackaging.com\/es\/wp-json\/wp\/v2\/media?parent=38709"}],"curies":[{"name":"wp","href":"https:\/\/api.w.org\/{rel}","templated":true}]}}