{"id":38796,"date":"2024-01-19T17:32:50","date_gmt":"2024-01-19T16:32:50","guid":{"rendered":"https:\/\/www.bbmpackaging.com\/logistica-bbm\/"},"modified":"2025-09-10T16:54:51","modified_gmt":"2025-09-10T14:54:51","slug":"logistica-bbm","status":"publish","type":"page","link":"https:\/\/www.bbmpackaging.com\/es\/sobre-nosotros\/logistica\/","title":{"rendered":"Log\u00edstica"},"content":{"rendered":"<h2><strong>LOG\u00cdSTICA BBM: UN MODELO DE AUTOMATIZACI\u00d3N Y AMPLIA GAMA<\/strong><\/h2>\n<div class=\"w-full text-token-text-primary\" data-testid=\"conversation-turn-10\">\n<div class=\"px-4 py-2 justify-center text-base md:gap-6 m-auto\">\n<div class=\"flex flex-1 text-base mx-auto gap-3 md:px-5 lg:px-1 xl:px-5 md:max-w-3xl lg:max-w-[40rem] xl:max-w-[48rem] group\">\n<div class=\"relative flex w-full flex-col lg:w-[calc(100%-115px)]\">\n<div class=\"flex-col gap-1 md:gap-3\">\n<div class=\"flex flex-grow flex-col max-w-full\">\n<div class=\"min-h-[20px] text-message flex flex-col items-start gap-3 whitespace-pre-wrap break-words [.text-message+&amp;]:mt-5 overflow-x-auto\" data-message-author-role=\"user\" data-message-id=\"aaa2fe44-3767-4019-a97e-711b3c5d628c\">\n<div class=\"\"><strong>Para afrontar los desaf\u00edos del sector, hemos invertido en el fortalecimiento del stock de repuestos compatibles para embotellado y envasado, y en la automatizaci\u00f3n de toda la cadena de suministro.<\/strong><\/div>\n<div>&nbsp;<\/div>\n<h3><strong>Inversiones e innovaci\u00f3n para optimizar la experiencia del cliente<\/strong><\/h3>\n<div class=\"w-full text-token-text-primary\" data-testid=\"conversation-turn-14\">\n<div class=\"px-4 py-2 justify-center text-base md:gap-6 m-auto\">\n<div class=\"flex flex-1 text-base mx-auto gap-3 md:px-5 lg:px-1 xl:px-5 md:max-w-3xl lg:max-w-[40rem] xl:max-w-[48rem] group\">\n<div class=\"relative flex w-full flex-col lg:w-[calc(100%-115px)]\">\n<div class=\"flex-col gap-1 md:gap-3\">\n<div class=\"flex flex-grow flex-col max-w-full\">\n<div class=\"min-h-[20px] text-message flex flex-col items-start gap-3 whitespace-pre-wrap break-words [.text-message+&amp;]:mt-5 overflow-x-auto\" data-message-author-role=\"user\" data-message-id=\"aaa2e483-cc3b-488d-bcac-6dec8f2a6dd8\">\n<div class=\"\">Nuestra pasi\u00f3n se concreta en un compromiso constante y en la b\u00fasqueda incesante de la mejora. En los \u00faltimos a\u00f1os hemos realizado importantes inversiones en digitalizaci\u00f3n y en la transici\u00f3n hacia la Industria 4.0. Esto nos ha permitido garantizar una mayor flexibilidad y control de costos.<\/div>\n<h3><strong><br \/><\/br>Sostenibilidad: BBM y la reducci\u00f3n de la huella de CO\u2082 gracias a env\u00edos m\u00e1s sostenibles<\/strong><\/h3>\n<div>BBM Service se compromete activamente a reducir las emisiones de CO\u2082 de sus env\u00edos mediante la adopci\u00f3n de combustible de aviaci\u00f3n sostenible. Para lograr este objetivo, hemos elegido a <a href=\"https:\/\/dhlpro.com\/media\/38129\/gogreen-plus.pdf\" target=\"_blank\" rel=\"noopener\"><strong>DHL Express<\/strong><\/a>, con quienes compartimos el compromiso con soluciones m\u00e1s sostenibles. Nuestros env\u00edos utilizan el servicio DHL GoGreenPlus, lo que nos permite reducir el impacto ambiental de las operaciones log\u00edsticas. Gracias al uso de SAF (Sustainable Aviation Fuel), un combustible para aviaci\u00f3n de bajo impacto ambiental mezclado con el combustible tradicional, podemos reducir las emisiones hasta en un 80%*.<\/div>\n<p><img decoding=\"async\" class=\"alignnone size-full wp-image-46735\" src=\"https:\/\/cdn.bbmpackaging.com\/wp-content\/uploads\/2024\/10\/LOGO-DHL.png\" alt=\"\" width=\"712\" height=\"218\" srcset=\"https:\/\/cdn.bbmpackaging.com\/wp-content\/uploads\/2024\/10\/LOGO-DHL.png 712w, https:\/\/cdn.bbmpackaging.com\/wp-content\/uploads\/2024\/10\/LOGO-DHL-300x92.png 300w, https:\/\/cdn.bbmpackaging.com\/wp-content\/uploads\/2024\/10\/LOGO-DHL-420x129.png 420w, https:\/\/cdn.bbmpackaging.com\/wp-content\/uploads\/2024\/10\/LOGO-DHL-560x171.png 560w\" sizes=\"(max-width: 712px) 100vw, 712px\" \/><\/p>\n<p>*Combustible de avi\u00f3n basado en las directrices de CORSIA prescritas por SBTI. Valores LCA SAF basados en datos de ICCT, suponiendo las emisiones del ciclo de vida de los aceites de cocina usados y de los aceites vegetales derivados de plantas.<\/p>\n<\/div>\n<\/div>\n<\/div>\n<\/div>\n<\/div>\n<\/div>\n<\/div>\n<\/div>\n<\/div>\n<\/div>\n<\/div>\n<\/div>\n<\/div>\n<\/div>\n","protected":false},"excerpt":{"rendered":"<p>LOG\u00cdSTICA BBM: UN MODELO DE AUTOMATIZACI\u00d3N Y AMPLIA GAMA Para afrontar los desaf\u00edos del sector, hemos invertido en&#8230;<\/p>\n","protected":false},"author":2,"featured_media":38787,"parent":21907,"menu_order":0,"comment_status":"closed","ping_status":"closed","template":"page-chisiamo.php","meta":{"_acf_changed":false,"footnotes":""},"class_list":["post-38796","page","type-page","status-publish","has-post-thumbnail","hentry"],"acf":[],"yoast_head":"<!-- This site is optimized with the Yoast SEO plugin v27.2 - https:\/\/yoast.com\/product\/yoast-seo-wordpress\/ -->\n<title>Log\u00edstica BBM Packaging: Automatizaci\u00f3n y Amplia Gama<\/title>\n<meta name=\"description\" content=\"BBM Packaging ofrece soluciones log\u00edsticas avanzadas con automatizaci\u00f3n e integraci\u00f3n para mejorar la eficiencia y la gesti\u00f3n de toda la cadena de suministro.\" \/>\n<meta name=\"robots\" content=\"index, follow, max-snippet:-1, max-image-preview:large, max-video-preview:-1\" \/>\n<link rel=\"canonical\" href=\"https:\/\/www.bbmpackaging.com\/es\/sobre-nosotros\/logistica\/\" \/>\n<meta property=\"og:locale\" content=\"es_ES\" \/>\n<meta property=\"og:type\" content=\"article\" \/>\n<meta property=\"og:title\" content=\"Log\u00edstica BBM Packaging: Automatizaci\u00f3n y Amplia Gama\" \/>\n<meta property=\"og:description\" content=\"BBM Packaging ofrece soluciones log\u00edsticas avanzadas con automatizaci\u00f3n e integraci\u00f3n para mejorar la eficiencia y la gesti\u00f3n de toda la cadena de suministro.\" \/>\n<meta property=\"og:url\" content=\"https:\/\/www.bbmpackaging.com\/es\/sobre-nosotros\/logistica\/\" \/>\n<meta property=\"og:site_name\" content=\"BBM Packaging\" \/>\n<meta property=\"article:modified_time\" content=\"2025-09-10T14:54:51+00:00\" \/>\n<meta property=\"og:image\" content=\"https:\/\/www.bbmpackaging.com\/wp-content\/uploads\/2024\/01\/SMI-3-e1705681826690.jpg\" \/>\n\t<meta property=\"og:image:width\" content=\"1620\" \/>\n\t<meta property=\"og:image:height\" content=\"1080\" \/>\n\t<meta property=\"og:image:type\" content=\"image\/jpeg\" \/>\n<meta name=\"twitter:card\" content=\"summary_large_image\" \/>\n<meta name=\"twitter:label1\" content=\"Tiempo de lectura\" \/>\n\t<meta name=\"twitter:data1\" content=\"2 minutos\" \/>\n<script type=\"application\/ld+json\" class=\"yoast-schema-graph\">{\"@context\":\"https:\/\/schema.org\",\"@graph\":[{\"@type\":\"WebPage\",\"@id\":\"https:\/\/www.bbmpackaging.com\/es\/sobre-nosotros\/logistica\/\",\"url\":\"https:\/\/www.bbmpackaging.com\/es\/sobre-nosotros\/logistica\/\",\"name\":\"Log\u00edstica BBM Packaging: Automatizaci\u00f3n y Amplia Gama\",\"isPartOf\":{\"@id\":\"https:\/\/www.bbmpackaging.com\/es\/#website\"},\"primaryImageOfPage\":{\"@id\":\"https:\/\/www.bbmpackaging.com\/es\/sobre-nosotros\/logistica\/#primaryimage\"},\"image\":{\"@id\":\"https:\/\/www.bbmpackaging.com\/es\/sobre-nosotros\/logistica\/#primaryimage\"},\"thumbnailUrl\":\"https:\/\/cdn.bbmpackaging.com\/wp-content\/uploads\/2024\/01\/SMI-3.jpg\",\"datePublished\":\"2024-01-19T16:32:50+00:00\",\"dateModified\":\"2025-09-10T14:54:51+00:00\",\"description\":\"BBM Packaging ofrece soluciones log\u00edsticas avanzadas con automatizaci\u00f3n e integraci\u00f3n para mejorar la eficiencia y la gesti\u00f3n de toda la cadena de suministro.\",\"breadcrumb\":{\"@id\":\"https:\/\/www.bbmpackaging.com\/es\/sobre-nosotros\/logistica\/#breadcrumb\"},\"inLanguage\":\"es\",\"potentialAction\":[{\"@type\":\"ReadAction\",\"target\":[\"https:\/\/www.bbmpackaging.com\/es\/sobre-nosotros\/logistica\/\"]}]},{\"@type\":\"ImageObject\",\"inLanguage\":\"es\",\"@id\":\"https:\/\/www.bbmpackaging.com\/es\/sobre-nosotros\/logistica\/#primaryimage\",\"url\":\"https:\/\/cdn.bbmpackaging.com\/wp-content\/uploads\/2024\/01\/SMI-3.jpg\",\"contentUrl\":\"https:\/\/cdn.bbmpackaging.com\/wp-content\/uploads\/2024\/01\/SMI-3.jpg\",\"width\":1620,\"height\":1080},{\"@type\":\"BreadcrumbList\",\"@id\":\"https:\/\/www.bbmpackaging.com\/es\/sobre-nosotros\/logistica\/#breadcrumb\",\"itemListElement\":[{\"@type\":\"ListItem\",\"position\":1,\"name\":\"Home\",\"item\":\"https:\/\/www.bbmpackaging.com\/es\/\"},{\"@type\":\"ListItem\",\"position\":2,\"name\":\"Quienes Somos\",\"item\":\"https:\/\/www.bbmpackaging.com\/es\/quienes-somos\/\"},{\"@type\":\"ListItem\",\"position\":3,\"name\":\"Log\u00edstica\"}]},{\"@type\":\"WebSite\",\"@id\":\"https:\/\/www.bbmpackaging.com\/es\/#website\",\"url\":\"https:\/\/www.bbmpackaging.com\/es\/\",\"name\":\"BBM Packaging\",\"description\":\"Imbottigliamento: macchinari manutenzione e much more\",\"potentialAction\":[{\"@type\":\"SearchAction\",\"target\":{\"@type\":\"EntryPoint\",\"urlTemplate\":\"https:\/\/www.bbmpackaging.com\/es\/?s={search_term_string}\"},\"query-input\":{\"@type\":\"PropertyValueSpecification\",\"valueRequired\":true,\"valueName\":\"search_term_string\"}}],\"inLanguage\":\"es\"}]}<\/script>\n<!-- \/ Yoast SEO plugin. -->","yoast_head_json":{"title":"Log\u00edstica BBM Packaging: Automatizaci\u00f3n y Amplia Gama","description":"BBM Packaging ofrece soluciones log\u00edsticas avanzadas con automatizaci\u00f3n e integraci\u00f3n para mejorar la eficiencia y la gesti\u00f3n de toda la cadena de suministro.","robots":{"index":"index","follow":"follow","max-snippet":"max-snippet:-1","max-image-preview":"max-image-preview:large","max-video-preview":"max-video-preview:-1"},"canonical":"https:\/\/www.bbmpackaging.com\/es\/sobre-nosotros\/logistica\/","og_locale":"es_ES","og_type":"article","og_title":"Log\u00edstica BBM Packaging: Automatizaci\u00f3n y Amplia Gama","og_description":"BBM Packaging ofrece soluciones log\u00edsticas avanzadas con automatizaci\u00f3n e integraci\u00f3n para mejorar la eficiencia y la gesti\u00f3n de toda la cadena de suministro.","og_url":"https:\/\/www.bbmpackaging.com\/es\/sobre-nosotros\/logistica\/","og_site_name":"BBM Packaging","article_modified_time":"2025-09-10T14:54:51+00:00","og_image":[{"width":1620,"height":1080,"url":"https:\/\/www.bbmpackaging.com\/wp-content\/uploads\/2024\/01\/SMI-3-e1705681826690.jpg","type":"image\/jpeg"}],"twitter_card":"summary_large_image","twitter_misc":{"Tiempo de lectura":"2 minutos"},"schema":{"@context":"https:\/\/schema.org","@graph":[{"@type":"WebPage","@id":"https:\/\/www.bbmpackaging.com\/es\/sobre-nosotros\/logistica\/","url":"https:\/\/www.bbmpackaging.com\/es\/sobre-nosotros\/logistica\/","name":"Log\u00edstica BBM Packaging: Automatizaci\u00f3n y Amplia Gama","isPartOf":{"@id":"https:\/\/www.bbmpackaging.com\/es\/#website"},"primaryImageOfPage":{"@id":"https:\/\/www.bbmpackaging.com\/es\/sobre-nosotros\/logistica\/#primaryimage"},"image":{"@id":"https:\/\/www.bbmpackaging.com\/es\/sobre-nosotros\/logistica\/#primaryimage"},"thumbnailUrl":"https:\/\/cdn.bbmpackaging.com\/wp-content\/uploads\/2024\/01\/SMI-3.jpg","datePublished":"2024-01-19T16:32:50+00:00","dateModified":"2025-09-10T14:54:51+00:00","description":"BBM Packaging ofrece soluciones log\u00edsticas avanzadas con automatizaci\u00f3n e integraci\u00f3n para mejorar la eficiencia y la gesti\u00f3n de toda la cadena de suministro.","breadcrumb":{"@id":"https:\/\/www.bbmpackaging.com\/es\/sobre-nosotros\/logistica\/#breadcrumb"},"inLanguage":"es","potentialAction":[{"@type":"ReadAction","target":["https:\/\/www.bbmpackaging.com\/es\/sobre-nosotros\/logistica\/"]}]},{"@type":"ImageObject","inLanguage":"es","@id":"https:\/\/www.bbmpackaging.com\/es\/sobre-nosotros\/logistica\/#primaryimage","url":"https:\/\/cdn.bbmpackaging.com\/wp-content\/uploads\/2024\/01\/SMI-3.jpg","contentUrl":"https:\/\/cdn.bbmpackaging.com\/wp-content\/uploads\/2024\/01\/SMI-3.jpg","width":1620,"height":1080},{"@type":"BreadcrumbList","@id":"https:\/\/www.bbmpackaging.com\/es\/sobre-nosotros\/logistica\/#breadcrumb","itemListElement":[{"@type":"ListItem","position":1,"name":"Home","item":"https:\/\/www.bbmpackaging.com\/es\/"},{"@type":"ListItem","position":2,"name":"Quienes Somos","item":"https:\/\/www.bbmpackaging.com\/es\/quienes-somos\/"},{"@type":"ListItem","position":3,"name":"Log\u00edstica"}]},{"@type":"WebSite","@id":"https:\/\/www.bbmpackaging.com\/es\/#website","url":"https:\/\/www.bbmpackaging.com\/es\/","name":"BBM Packaging","description":"Imbottigliamento: macchinari manutenzione e much more","potentialAction":[{"@type":"SearchAction","target":{"@type":"EntryPoint","urlTemplate":"https:\/\/www.bbmpackaging.com\/es\/?s={search_term_string}"},"query-input":{"@type":"PropertyValueSpecification","valueRequired":true,"valueName":"search_term_string"}}],"inLanguage":"es"}]}},"_links":{"self":[{"href":"https:\/\/www.bbmpackaging.com\/es\/wp-json\/wp\/v2\/pages\/38796","targetHints":{"allow":["GET"]}}],"collection":[{"href":"https:\/\/www.bbmpackaging.com\/es\/wp-json\/wp\/v2\/pages"}],"about":[{"href":"https:\/\/www.bbmpackaging.com\/es\/wp-json\/wp\/v2\/types\/page"}],"author":[{"embeddable":true,"href":"https:\/\/www.bbmpackaging.com\/es\/wp-json\/wp\/v2\/users\/2"}],"replies":[{"embeddable":true,"href":"https:\/\/www.bbmpackaging.com\/es\/wp-json\/wp\/v2\/comments?post=38796"}],"version-history":[{"count":3,"href":"https:\/\/www.bbmpackaging.com\/es\/wp-json\/wp\/v2\/pages\/38796\/revisions"}],"predecessor-version":[{"id":58889,"href":"https:\/\/www.bbmpackaging.com\/es\/wp-json\/wp\/v2\/pages\/38796\/revisions\/58889"}],"up":[{"embeddable":true,"href":"https:\/\/www.bbmpackaging.com\/es\/wp-json\/wp\/v2\/pages\/21907"}],"wp:featuredmedia":[{"embeddable":true,"href":"https:\/\/www.bbmpackaging.com\/es\/wp-json\/wp\/v2\/media\/38787"}],"wp:attachment":[{"href":"https:\/\/www.bbmpackaging.com\/es\/wp-json\/wp\/v2\/media?parent=38796"}],"curies":[{"name":"wp","href":"https:\/\/api.w.org\/{rel}","templated":true}]}}