{"id":49013,"date":"2025-02-14T09:45:28","date_gmt":"2025-02-14T08:45:28","guid":{"rendered":"https:\/\/www.bbmpackaging.com\/?page_id=49013"},"modified":"2025-11-26T08:57:27","modified_gmt":"2025-11-26T07:57:27","slug":"ven-y-visitanos","status":"publish","type":"page","link":"https:\/\/www.bbmpackaging.com\/es\/ven-y-visitanos\/","title":{"rendered":"Ven a visitarnos"},"content":{"rendered":"<h2><strong>BBM PACKAGING y sus sedes operativas<\/strong><\/h2>\n<p><strong>BBM Packaging<\/strong> es una empresa italiana con s\u00f3lidas ra\u00edces en en Val Brembana (B\u00e9rgamo), especializada en el <strong>sector del embotellado y envasado<\/strong>. Su modelo operativo se basa en un equilibrio entre innovaci\u00f3n, sostenibilidad y valorizaci\u00f3n de las competencias locales.<\/p>\n<p>Las dos sedes principales \u2013 San Pellegrino Terme y Lenna \u2013 representan polos estrat\u00e9gicos complementarios por funci\u00f3n y visi\u00f3n, al servicio de una \u00fanica misi\u00f3n: <strong>ofrecer soluciones eficientes y de vanguardia para el mundo del packaging.<\/strong> Ambas sedes son de f\u00e1cil acceso, situadas a menos de 30 minutos en coche del aeropuerto internacional de Mil\u00e1n Orio al Serio, lo que garantiza una conexi\u00f3n r\u00e1pida y eficaz con clientes y socios tanto nacionales como internacionales.&nbsp;<\/p>\n<h2 style=\"margin-top: 0rem;\"><strong>Sede de Palencia (Espa\u00f1a)<\/strong><\/h2>\n<p>Desde 2025, BBM cuenta con una nueva filial en Espa\u00f1a, situada estrat\u00e9gicamente cerca de Palencia. Esta presencia directa en el territorio nos permite ofrecer un servicio a\u00fan m\u00e1s amplio y r\u00e1pido a nuestros clientes internacionales, garantizando intervenciones t\u00e9cnicas \u00e1giles, apoyo constante y una mayor cercan\u00eda operativa a las empresas del mercado ib\u00e9rico.<\/p>\n","protected":false},"excerpt":{"rendered":"<p>BBM PACKAGING y sus sedes operativas BBM Packaging es una empresa italiana con s\u00f3lidas ra\u00edces en en Val&#8230;<\/p>\n","protected":false},"author":3,"featured_media":53749,"parent":0,"menu_order":0,"comment_status":"closed","ping_status":"closed","template":"page-2colonne.php","meta":{"_acf_changed":false,"footnotes":""},"class_list":["post-49013","page","type-page","status-publish","has-post-thumbnail","hentry"],"acf":[],"yoast_head":"<!-- This site is optimized with the Yoast SEO plugin v27.2 - https:\/\/yoast.com\/product\/yoast-seo-wordpress\/ -->\n<title>BBM PACKAGING Sedes operativas en Val Brembana (BG)<\/title>\n<meta name=\"description\" content=\"Vis\u00edtenos en nuestras sedes de San Pellegrino Terme y Lenna, dos centros estrat\u00e9gicos en los sectores del embotellado y de la maquinaria de envasado.\" \/>\n<meta name=\"robots\" content=\"index, follow, max-snippet:-1, max-image-preview:large, max-video-preview:-1\" \/>\n<link rel=\"canonical\" href=\"https:\/\/www.bbmpackaging.com\/es\/ven-y-visitanos\/\" \/>\n<meta property=\"og:locale\" content=\"es_ES\" \/>\n<meta property=\"og:type\" content=\"article\" \/>\n<meta property=\"og:title\" content=\"BBM PACKAGING Sedes operativas en Val Brembana (BG)\" \/>\n<meta property=\"og:description\" content=\"Vis\u00edtenos en nuestras sedes de San Pellegrino Terme y Lenna, dos centros estrat\u00e9gicos en los sectores del embotellado y de la maquinaria de envasado.\" \/>\n<meta property=\"og:url\" content=\"https:\/\/www.bbmpackaging.com\/es\/ven-y-visitanos\/\" \/>\n<meta property=\"og:site_name\" content=\"BBM Packaging\" \/>\n<meta property=\"article:modified_time\" content=\"2025-11-26T07:57:27+00:00\" \/>\n<meta property=\"og:image\" content=\"https:\/\/www.bbmpackaging.com\/wp-content\/uploads\/2025\/06\/BBM-Ven-a-visitarnos-1.jpg\" \/>\n\t<meta property=\"og:image:width\" content=\"1920\" \/>\n\t<meta property=\"og:image:height\" content=\"655\" \/>\n\t<meta property=\"og:image:type\" content=\"image\/jpeg\" \/>\n<meta name=\"twitter:card\" content=\"summary_large_image\" \/>\n<meta name=\"twitter:label1\" content=\"Tiempo de lectura\" \/>\n\t<meta name=\"twitter:data1\" content=\"2 minutos\" \/>\n<script type=\"application\/ld+json\" class=\"yoast-schema-graph\">{\"@context\":\"https:\/\/schema.org\",\"@graph\":[{\"@type\":\"WebPage\",\"@id\":\"https:\/\/www.bbmpackaging.com\/es\/ven-y-visitanos\/\",\"url\":\"https:\/\/www.bbmpackaging.com\/es\/ven-y-visitanos\/\",\"name\":\"BBM PACKAGING Sedes operativas en Val Brembana (BG)\",\"isPartOf\":{\"@id\":\"https:\/\/www.bbmpackaging.com\/es\/#website\"},\"primaryImageOfPage\":{\"@id\":\"https:\/\/www.bbmpackaging.com\/es\/ven-y-visitanos\/#primaryimage\"},\"image\":{\"@id\":\"https:\/\/www.bbmpackaging.com\/es\/ven-y-visitanos\/#primaryimage\"},\"thumbnailUrl\":\"https:\/\/cdn.bbmpackaging.com\/wp-content\/uploads\/2025\/06\/BBM-Ven-a-visitarnos-1.jpg\",\"datePublished\":\"2025-02-14T08:45:28+00:00\",\"dateModified\":\"2025-11-26T07:57:27+00:00\",\"description\":\"Vis\u00edtenos en nuestras sedes de San Pellegrino Terme y Lenna, dos centros estrat\u00e9gicos en los sectores del embotellado y de la maquinaria de envasado.\",\"breadcrumb\":{\"@id\":\"https:\/\/www.bbmpackaging.com\/es\/ven-y-visitanos\/#breadcrumb\"},\"inLanguage\":\"es\",\"potentialAction\":[{\"@type\":\"ReadAction\",\"target\":[\"https:\/\/www.bbmpackaging.com\/es\/ven-y-visitanos\/\"]}]},{\"@type\":\"ImageObject\",\"inLanguage\":\"es\",\"@id\":\"https:\/\/www.bbmpackaging.com\/es\/ven-y-visitanos\/#primaryimage\",\"url\":\"https:\/\/cdn.bbmpackaging.com\/wp-content\/uploads\/2025\/06\/BBM-Ven-a-visitarnos-1.jpg\",\"contentUrl\":\"https:\/\/cdn.bbmpackaging.com\/wp-content\/uploads\/2025\/06\/BBM-Ven-a-visitarnos-1.jpg\",\"width\":1920,\"height\":655,\"caption\":\"BBM Ven a visitarnos\"},{\"@type\":\"BreadcrumbList\",\"@id\":\"https:\/\/www.bbmpackaging.com\/es\/ven-y-visitanos\/#breadcrumb\",\"itemListElement\":[{\"@type\":\"ListItem\",\"position\":1,\"name\":\"Home\",\"item\":\"https:\/\/www.bbmpackaging.com\/es\/\"},{\"@type\":\"ListItem\",\"position\":2,\"name\":\"Ven a visitarnos\"}]},{\"@type\":\"WebSite\",\"@id\":\"https:\/\/www.bbmpackaging.com\/es\/#website\",\"url\":\"https:\/\/www.bbmpackaging.com\/es\/\",\"name\":\"BBM Packaging\",\"description\":\"Imbottigliamento: macchinari manutenzione e much more\",\"potentialAction\":[{\"@type\":\"SearchAction\",\"target\":{\"@type\":\"EntryPoint\",\"urlTemplate\":\"https:\/\/www.bbmpackaging.com\/es\/?s={search_term_string}\"},\"query-input\":{\"@type\":\"PropertyValueSpecification\",\"valueRequired\":true,\"valueName\":\"search_term_string\"}}],\"inLanguage\":\"es\"}]}<\/script>\n<!-- \/ Yoast SEO plugin. -->","yoast_head_json":{"title":"BBM PACKAGING Sedes operativas en Val Brembana (BG)","description":"Vis\u00edtenos en nuestras sedes de San Pellegrino Terme y Lenna, dos centros estrat\u00e9gicos en los sectores del embotellado y de la maquinaria de envasado.","robots":{"index":"index","follow":"follow","max-snippet":"max-snippet:-1","max-image-preview":"max-image-preview:large","max-video-preview":"max-video-preview:-1"},"canonical":"https:\/\/www.bbmpackaging.com\/es\/ven-y-visitanos\/","og_locale":"es_ES","og_type":"article","og_title":"BBM PACKAGING Sedes operativas en Val Brembana (BG)","og_description":"Vis\u00edtenos en nuestras sedes de San Pellegrino Terme y Lenna, dos centros estrat\u00e9gicos en los sectores del embotellado y de la maquinaria de envasado.","og_url":"https:\/\/www.bbmpackaging.com\/es\/ven-y-visitanos\/","og_site_name":"BBM Packaging","article_modified_time":"2025-11-26T07:57:27+00:00","og_image":[{"width":1920,"height":655,"url":"https:\/\/www.bbmpackaging.com\/wp-content\/uploads\/2025\/06\/BBM-Ven-a-visitarnos-1.jpg","type":"image\/jpeg"}],"twitter_card":"summary_large_image","twitter_misc":{"Tiempo de lectura":"2 minutos"},"schema":{"@context":"https:\/\/schema.org","@graph":[{"@type":"WebPage","@id":"https:\/\/www.bbmpackaging.com\/es\/ven-y-visitanos\/","url":"https:\/\/www.bbmpackaging.com\/es\/ven-y-visitanos\/","name":"BBM PACKAGING Sedes operativas en Val Brembana (BG)","isPartOf":{"@id":"https:\/\/www.bbmpackaging.com\/es\/#website"},"primaryImageOfPage":{"@id":"https:\/\/www.bbmpackaging.com\/es\/ven-y-visitanos\/#primaryimage"},"image":{"@id":"https:\/\/www.bbmpackaging.com\/es\/ven-y-visitanos\/#primaryimage"},"thumbnailUrl":"https:\/\/cdn.bbmpackaging.com\/wp-content\/uploads\/2025\/06\/BBM-Ven-a-visitarnos-1.jpg","datePublished":"2025-02-14T08:45:28+00:00","dateModified":"2025-11-26T07:57:27+00:00","description":"Vis\u00edtenos en nuestras sedes de San Pellegrino Terme y Lenna, dos centros estrat\u00e9gicos en los sectores del embotellado y de la maquinaria de envasado.","breadcrumb":{"@id":"https:\/\/www.bbmpackaging.com\/es\/ven-y-visitanos\/#breadcrumb"},"inLanguage":"es","potentialAction":[{"@type":"ReadAction","target":["https:\/\/www.bbmpackaging.com\/es\/ven-y-visitanos\/"]}]},{"@type":"ImageObject","inLanguage":"es","@id":"https:\/\/www.bbmpackaging.com\/es\/ven-y-visitanos\/#primaryimage","url":"https:\/\/cdn.bbmpackaging.com\/wp-content\/uploads\/2025\/06\/BBM-Ven-a-visitarnos-1.jpg","contentUrl":"https:\/\/cdn.bbmpackaging.com\/wp-content\/uploads\/2025\/06\/BBM-Ven-a-visitarnos-1.jpg","width":1920,"height":655,"caption":"BBM Ven a visitarnos"},{"@type":"BreadcrumbList","@id":"https:\/\/www.bbmpackaging.com\/es\/ven-y-visitanos\/#breadcrumb","itemListElement":[{"@type":"ListItem","position":1,"name":"Home","item":"https:\/\/www.bbmpackaging.com\/es\/"},{"@type":"ListItem","position":2,"name":"Ven a visitarnos"}]},{"@type":"WebSite","@id":"https:\/\/www.bbmpackaging.com\/es\/#website","url":"https:\/\/www.bbmpackaging.com\/es\/","name":"BBM Packaging","description":"Imbottigliamento: macchinari manutenzione e much more","potentialAction":[{"@type":"SearchAction","target":{"@type":"EntryPoint","urlTemplate":"https:\/\/www.bbmpackaging.com\/es\/?s={search_term_string}"},"query-input":{"@type":"PropertyValueSpecification","valueRequired":true,"valueName":"search_term_string"}}],"inLanguage":"es"}]}},"_links":{"self":[{"href":"https:\/\/www.bbmpackaging.com\/es\/wp-json\/wp\/v2\/pages\/49013","targetHints":{"allow":["GET"]}}],"collection":[{"href":"https:\/\/www.bbmpackaging.com\/es\/wp-json\/wp\/v2\/pages"}],"about":[{"href":"https:\/\/www.bbmpackaging.com\/es\/wp-json\/wp\/v2\/types\/page"}],"author":[{"embeddable":true,"href":"https:\/\/www.bbmpackaging.com\/es\/wp-json\/wp\/v2\/users\/3"}],"replies":[{"embeddable":true,"href":"https:\/\/www.bbmpackaging.com\/es\/wp-json\/wp\/v2\/comments?post=49013"}],"version-history":[{"count":5,"href":"https:\/\/www.bbmpackaging.com\/es\/wp-json\/wp\/v2\/pages\/49013\/revisions"}],"predecessor-version":[{"id":73108,"href":"https:\/\/www.bbmpackaging.com\/es\/wp-json\/wp\/v2\/pages\/49013\/revisions\/73108"}],"wp:featuredmedia":[{"embeddable":true,"href":"https:\/\/www.bbmpackaging.com\/es\/wp-json\/wp\/v2\/media\/53749"}],"wp:attachment":[{"href":"https:\/\/www.bbmpackaging.com\/es\/wp-json\/wp\/v2\/media?parent=49013"}],"curies":[{"name":"wp","href":"https:\/\/api.w.org\/{rel}","templated":true}]}}