{"id":75556,"date":"2026-02-02T16:35:05","date_gmt":"2026-02-02T15:35:05","guid":{"rendered":"https:\/\/www.bbmpackaging.com\/?page_id=75556"},"modified":"2026-02-05T16:51:18","modified_gmt":"2026-02-05T15:51:18","slug":"brands","status":"publish","type":"page","link":"https:\/\/www.bbmpackaging.com\/es\/brands\/","title":{"rendered":"Brands"},"content":{"rendered":"<h2><strong>Las marcas en venta<\/strong><\/h2>\n","protected":false},"excerpt":{"rendered":"<p>Las marcas en venta<\/p>\n","protected":false},"author":2,"featured_media":73906,"parent":0,"menu_order":0,"comment_status":"closed","ping_status":"closed","template":"page-brands.php","meta":{"_acf_changed":false,"footnotes":""},"class_list":["post-75556","page","type-page","status-publish","has-post-thumbnail","hentry"],"acf":[],"yoast_head":"<!-- This site is optimized with the Yoast SEO plugin v27.2 - https:\/\/yoast.com\/product\/yoast-seo-wordpress\/ -->\n<title>Maquinaria de embotellado: marcas - BBM Packaging<\/title>\n<meta name=\"description\" content=\"Todas las marcas a la venta en BBM Packaging. SIDEL, KRONES, SMI, OCME, GEA PROCOMAC: descubre las marcas de embotellado que comercializamos\" \/>\n<meta name=\"robots\" content=\"index, follow, max-snippet:-1, max-image-preview:large, max-video-preview:-1\" \/>\n<link rel=\"canonical\" href=\"https:\/\/www.bbmpackaging.com\/es\/brands\/\" \/>\n<meta property=\"og:locale\" content=\"es_ES\" \/>\n<meta property=\"og:type\" content=\"article\" \/>\n<meta property=\"og:title\" content=\"Maquinaria de embotellado: marcas - BBM Packaging\" \/>\n<meta property=\"og:description\" content=\"Todas las marcas a la venta en BBM Packaging. SIDEL, KRONES, SMI, OCME, GEA PROCOMAC: descubre las marcas de embotellado que comercializamos\" \/>\n<meta property=\"og:url\" content=\"https:\/\/www.bbmpackaging.com\/es\/brands\/\" \/>\n<meta property=\"og:site_name\" content=\"BBM Packaging\" \/>\n<meta property=\"article:modified_time\" content=\"2026-02-05T15:51:18+00:00\" \/>\n<meta property=\"og:image\" content=\"https:\/\/www.bbmpackaging.com\/wp-content\/uploads\/2025\/12\/machine-d-embouteillage-isobare-4.jpg\" \/>\n\t<meta property=\"og:image:width\" content=\"1024\" \/>\n\t<meta property=\"og:image:height\" content=\"683\" \/>\n\t<meta property=\"og:image:type\" content=\"image\/jpeg\" \/>\n<meta name=\"twitter:card\" content=\"summary_large_image\" \/>\n<meta name=\"twitter:label1\" content=\"Tiempo de lectura\" \/>\n\t<meta name=\"twitter:data1\" content=\"1 minuto\" \/>\n<script type=\"application\/ld+json\" class=\"yoast-schema-graph\">{\"@context\":\"https:\/\/schema.org\",\"@graph\":[{\"@type\":\"WebPage\",\"@id\":\"https:\/\/www.bbmpackaging.com\/es\/brands\/\",\"url\":\"https:\/\/www.bbmpackaging.com\/es\/brands\/\",\"name\":\"Maquinaria de embotellado: marcas - BBM Packaging\",\"isPartOf\":{\"@id\":\"https:\/\/www.bbmpackaging.com\/es\/#website\"},\"primaryImageOfPage\":{\"@id\":\"https:\/\/www.bbmpackaging.com\/es\/brands\/#primaryimage\"},\"image\":{\"@id\":\"https:\/\/www.bbmpackaging.com\/es\/brands\/#primaryimage\"},\"thumbnailUrl\":\"https:\/\/www.bbmpackaging.com\/wp-content\/uploads\/2025\/12\/machine-d-embouteillage-isobare-4.jpg\",\"datePublished\":\"2026-02-02T15:35:05+00:00\",\"dateModified\":\"2026-02-05T15:51:18+00:00\",\"description\":\"Todas las marcas a la venta en BBM Packaging. SIDEL, KRONES, SMI, OCME, GEA PROCOMAC: descubre las marcas de embotellado que comercializamos\",\"breadcrumb\":{\"@id\":\"https:\/\/www.bbmpackaging.com\/es\/brands\/#breadcrumb\"},\"inLanguage\":\"es\",\"potentialAction\":[{\"@type\":\"ReadAction\",\"target\":[\"https:\/\/www.bbmpackaging.com\/es\/brands\/\"]}]},{\"@type\":\"ImageObject\",\"inLanguage\":\"es\",\"@id\":\"https:\/\/www.bbmpackaging.com\/es\/brands\/#primaryimage\",\"url\":\"https:\/\/www.bbmpackaging.com\/wp-content\/uploads\/2025\/12\/machine-d-embouteillage-isobare-4.jpg\",\"contentUrl\":\"https:\/\/www.bbmpackaging.com\/wp-content\/uploads\/2025\/12\/machine-d-embouteillage-isobare-4.jpg\",\"width\":1024,\"height\":683,\"caption\":\"D\u00e9couvrez ce qu'est une machine d'embouteillage isobare, quand l'utiliser et combien elle co\u00fbte. Guide complet pour choisir la bonne solution. Contactez-nous d\u00e8s maintenant.\"},{\"@type\":\"BreadcrumbList\",\"@id\":\"https:\/\/www.bbmpackaging.com\/es\/brands\/#breadcrumb\",\"itemListElement\":[{\"@type\":\"ListItem\",\"position\":1,\"name\":\"Home\",\"item\":\"https:\/\/www.bbmpackaging.com\/es\/\"},{\"@type\":\"ListItem\",\"position\":2,\"name\":\"Brands\"}]},{\"@type\":\"WebSite\",\"@id\":\"https:\/\/www.bbmpackaging.com\/es\/#website\",\"url\":\"https:\/\/www.bbmpackaging.com\/es\/\",\"name\":\"BBM Packaging\",\"description\":\"Imbottigliamento: macchinari manutenzione e much more\",\"potentialAction\":[{\"@type\":\"SearchAction\",\"target\":{\"@type\":\"EntryPoint\",\"urlTemplate\":\"https:\/\/www.bbmpackaging.com\/es\/?s={search_term_string}\"},\"query-input\":{\"@type\":\"PropertyValueSpecification\",\"valueRequired\":true,\"valueName\":\"search_term_string\"}}],\"inLanguage\":\"es\"}]}<\/script>\n<!-- \/ Yoast SEO plugin. -->","yoast_head_json":{"title":"Maquinaria de embotellado: marcas - BBM Packaging","description":"Todas las marcas a la venta en BBM Packaging. SIDEL, KRONES, SMI, OCME, GEA PROCOMAC: descubre las marcas de embotellado que comercializamos","robots":{"index":"index","follow":"follow","max-snippet":"max-snippet:-1","max-image-preview":"max-image-preview:large","max-video-preview":"max-video-preview:-1"},"canonical":"https:\/\/www.bbmpackaging.com\/es\/brands\/","og_locale":"es_ES","og_type":"article","og_title":"Maquinaria de embotellado: marcas - BBM Packaging","og_description":"Todas las marcas a la venta en BBM Packaging. SIDEL, KRONES, SMI, OCME, GEA PROCOMAC: descubre las marcas de embotellado que comercializamos","og_url":"https:\/\/www.bbmpackaging.com\/es\/brands\/","og_site_name":"BBM Packaging","article_modified_time":"2026-02-05T15:51:18+00:00","og_image":[{"width":1024,"height":683,"url":"https:\/\/www.bbmpackaging.com\/wp-content\/uploads\/2025\/12\/machine-d-embouteillage-isobare-4.jpg","type":"image\/jpeg"}],"twitter_card":"summary_large_image","twitter_misc":{"Tiempo de lectura":"1 minuto"},"schema":{"@context":"https:\/\/schema.org","@graph":[{"@type":"WebPage","@id":"https:\/\/www.bbmpackaging.com\/es\/brands\/","url":"https:\/\/www.bbmpackaging.com\/es\/brands\/","name":"Maquinaria de embotellado: marcas - BBM Packaging","isPartOf":{"@id":"https:\/\/www.bbmpackaging.com\/es\/#website"},"primaryImageOfPage":{"@id":"https:\/\/www.bbmpackaging.com\/es\/brands\/#primaryimage"},"image":{"@id":"https:\/\/www.bbmpackaging.com\/es\/brands\/#primaryimage"},"thumbnailUrl":"https:\/\/www.bbmpackaging.com\/wp-content\/uploads\/2025\/12\/machine-d-embouteillage-isobare-4.jpg","datePublished":"2026-02-02T15:35:05+00:00","dateModified":"2026-02-05T15:51:18+00:00","description":"Todas las marcas a la venta en BBM Packaging. SIDEL, KRONES, SMI, OCME, GEA PROCOMAC: descubre las marcas de embotellado que comercializamos","breadcrumb":{"@id":"https:\/\/www.bbmpackaging.com\/es\/brands\/#breadcrumb"},"inLanguage":"es","potentialAction":[{"@type":"ReadAction","target":["https:\/\/www.bbmpackaging.com\/es\/brands\/"]}]},{"@type":"ImageObject","inLanguage":"es","@id":"https:\/\/www.bbmpackaging.com\/es\/brands\/#primaryimage","url":"https:\/\/www.bbmpackaging.com\/wp-content\/uploads\/2025\/12\/machine-d-embouteillage-isobare-4.jpg","contentUrl":"https:\/\/www.bbmpackaging.com\/wp-content\/uploads\/2025\/12\/machine-d-embouteillage-isobare-4.jpg","width":1024,"height":683,"caption":"D\u00e9couvrez ce qu'est une machine d'embouteillage isobare, quand l'utiliser et combien elle co\u00fbte. Guide complet pour choisir la bonne solution. Contactez-nous d\u00e8s maintenant."},{"@type":"BreadcrumbList","@id":"https:\/\/www.bbmpackaging.com\/es\/brands\/#breadcrumb","itemListElement":[{"@type":"ListItem","position":1,"name":"Home","item":"https:\/\/www.bbmpackaging.com\/es\/"},{"@type":"ListItem","position":2,"name":"Brands"}]},{"@type":"WebSite","@id":"https:\/\/www.bbmpackaging.com\/es\/#website","url":"https:\/\/www.bbmpackaging.com\/es\/","name":"BBM Packaging","description":"Imbottigliamento: macchinari manutenzione e much more","potentialAction":[{"@type":"SearchAction","target":{"@type":"EntryPoint","urlTemplate":"https:\/\/www.bbmpackaging.com\/es\/?s={search_term_string}"},"query-input":{"@type":"PropertyValueSpecification","valueRequired":true,"valueName":"search_term_string"}}],"inLanguage":"es"}]}},"_links":{"self":[{"href":"https:\/\/www.bbmpackaging.com\/es\/wp-json\/wp\/v2\/pages\/75556","targetHints":{"allow":["GET"]}}],"collection":[{"href":"https:\/\/www.bbmpackaging.com\/es\/wp-json\/wp\/v2\/pages"}],"about":[{"href":"https:\/\/www.bbmpackaging.com\/es\/wp-json\/wp\/v2\/types\/page"}],"author":[{"embeddable":true,"href":"https:\/\/www.bbmpackaging.com\/es\/wp-json\/wp\/v2\/users\/2"}],"replies":[{"embeddable":true,"href":"https:\/\/www.bbmpackaging.com\/es\/wp-json\/wp\/v2\/comments?post=75556"}],"version-history":[{"count":2,"href":"https:\/\/www.bbmpackaging.com\/es\/wp-json\/wp\/v2\/pages\/75556\/revisions"}],"predecessor-version":[{"id":75797,"href":"https:\/\/www.bbmpackaging.com\/es\/wp-json\/wp\/v2\/pages\/75556\/revisions\/75797"}],"wp:featuredmedia":[{"embeddable":true,"href":"https:\/\/www.bbmpackaging.com\/es\/wp-json\/wp\/v2\/media\/73906"}],"wp:attachment":[{"href":"https:\/\/www.bbmpackaging.com\/es\/wp-json\/wp\/v2\/media?parent=75556"}],"curies":[{"name":"wp","href":"https:\/\/api.w.org\/{rel}","templated":true}]}}