{"id":21655,"date":"2021-08-23T11:15:11","date_gmt":"2021-08-23T09:15:11","guid":{"rendered":"https:\/\/www.bbmpackaging.com\/prodotto\/soffiatrice-grandi-formati-bs-1\/"},"modified":"2026-02-05T12:29:25","modified_gmt":"2026-02-05T11:29:25","slug":"soffiatrice-grandi-formati-bs-1","status":"publish","type":"product","link":"https:\/\/www.bbmpackaging.com\/es\/maquinas\/sopladora-grande-formato\/","title":{"rendered":"Sopladoras de gran formato"},"content":{"rendered":"<h4 class=\"big\">BBM PACKAGING dise\u00f1a y fabrica m\u00e1quinas sopladoras a medida para tama\u00f1os grandes, como botellas de agua desachable y recargables.<\/h4>\n<p>Las m\u00e1quinas de soplado a medida se adaptan a diferentes aplicaciones, como agua, aceite de cocina, productos qu\u00edmicos industriales, otros. La gran ventaja de estas m\u00e1quinas sopladoras hechas a medida es que los recipientes hechos pueden reciclarse.<\/p>\n","protected":false},"excerpt":{"rendered":"<p>BBM PACKAGING dise\u00f1a y fabrica m\u00e1quinas sopladoras a medida para tama\u00f1os grandes, como botellas de agua desachable y&#8230;<\/p>\n","protected":false},"featured_media":15117,"comment_status":"open","ping_status":"closed","template":"","meta":{"_acf_changed":false},"brand":[7498],"product_brand":[],"product_cat":[1104,1105],"product_tag":[],"class_list":{"0":"post-21655","1":"product","2":"type-product","3":"status-publish","4":"has-post-thumbnail","6":"brand-bbm-packaging","7":"product_cat-maquinas","8":"product_cat-nuevas","10":"first","11":"instock","12":"shipping-taxable","13":"product-type-simple"},"acf":[],"yoast_head":"<!-- This site is optimized with the Yoast SEO plugin v27.2 - https:\/\/yoast.com\/product\/yoast-seo-wordpress\/ -->\n<title>Nueva Sopladora para grandes formatos - BBM Packaging<\/title>\n<meta name=\"description\" content=\"M\u00e1quinas sopladoras BBM a medida para grandes formatos, como botellas de agua, dise\u00f1adas para un alto rendimiento y fiabilidad.\" \/>\n<meta name=\"robots\" content=\"index, follow, max-snippet:-1, max-image-preview:large, max-video-preview:-1\" \/>\n<link rel=\"canonical\" href=\"https:\/\/www.bbmpackaging.com\/es\/maquinas\/sopladora-grande-formato\/\" \/>\n<meta property=\"og:locale\" content=\"es_ES\" \/>\n<meta property=\"og:type\" content=\"article\" \/>\n<meta property=\"og:title\" content=\"Nueva Sopladora para grandes formatos - BBM Packaging\" \/>\n<meta property=\"og:description\" content=\"M\u00e1quinas sopladoras BBM a medida para grandes formatos, como botellas de agua, dise\u00f1adas para un alto rendimiento y fiabilidad.\" \/>\n<meta property=\"og:url\" content=\"https:\/\/www.bbmpackaging.com\/es\/maquinas\/sopladora-grande-formato\/\" \/>\n<meta property=\"og:site_name\" content=\"BBM Packaging\" \/>\n<meta property=\"article:modified_time\" content=\"2026-02-05T11:29:25+00:00\" \/>\n<meta property=\"og:image\" content=\"https:\/\/www.bbmpackaging.com\/wp-content\/uploads\/2021\/03\/macchine-per-imbottigliamento-su-misura-01-1.jpg\" \/>\n\t<meta property=\"og:image:width\" content=\"450\" \/>\n\t<meta property=\"og:image:height\" content=\"370\" \/>\n\t<meta property=\"og:image:type\" content=\"image\/jpeg\" \/>\n<meta name=\"twitter:card\" content=\"summary_large_image\" \/>\n<meta name=\"twitter:label1\" content=\"Tiempo de lectura\" \/>\n\t<meta name=\"twitter:data1\" content=\"1 minuto\" \/>\n<script type=\"application\/ld+json\" class=\"yoast-schema-graph\">{\"@context\":\"https:\/\/schema.org\",\"@graph\":[{\"@type\":\"WebPage\",\"@id\":\"https:\/\/www.bbmpackaging.com\/es\/maquinas\/sopladora-grande-formato\/\",\"url\":\"https:\/\/www.bbmpackaging.com\/es\/maquinas\/sopladora-grande-formato\/\",\"name\":\"Nueva Sopladora para grandes formatos - BBM Packaging\",\"isPartOf\":{\"@id\":\"https:\/\/www.bbmpackaging.com\/es\/#website\"},\"primaryImageOfPage\":{\"@id\":\"https:\/\/www.bbmpackaging.com\/es\/maquinas\/sopladora-grande-formato\/#primaryimage\"},\"image\":{\"@id\":\"https:\/\/www.bbmpackaging.com\/es\/maquinas\/sopladora-grande-formato\/#primaryimage\"},\"thumbnailUrl\":\"https:\/\/cdn.bbmpackaging.com\/wp-content\/uploads\/2021\/03\/macchine-per-imbottigliamento-su-misura-01-1.jpg\",\"datePublished\":\"2021-08-23T09:15:11+00:00\",\"dateModified\":\"2026-02-05T11:29:25+00:00\",\"description\":\"M\u00e1quinas sopladoras BBM a medida para grandes formatos, como botellas de agua, dise\u00f1adas para un alto rendimiento y fiabilidad.\",\"breadcrumb\":{\"@id\":\"https:\/\/www.bbmpackaging.com\/es\/maquinas\/sopladora-grande-formato\/#breadcrumb\"},\"inLanguage\":\"es\",\"potentialAction\":[{\"@type\":\"ReadAction\",\"target\":[\"https:\/\/www.bbmpackaging.com\/es\/maquinas\/sopladora-grande-formato\/\"]}]},{\"@type\":\"ImageObject\",\"inLanguage\":\"es\",\"@id\":\"https:\/\/www.bbmpackaging.com\/es\/maquinas\/sopladora-grande-formato\/#primaryimage\",\"url\":\"https:\/\/cdn.bbmpackaging.com\/wp-content\/uploads\/2021\/03\/macchine-per-imbottigliamento-su-misura-01-1.jpg\",\"contentUrl\":\"https:\/\/cdn.bbmpackaging.com\/wp-content\/uploads\/2021\/03\/macchine-per-imbottigliamento-su-misura-01-1.jpg\",\"width\":450,\"height\":370},{\"@type\":\"BreadcrumbList\",\"@id\":\"https:\/\/www.bbmpackaging.com\/es\/maquinas\/sopladora-grande-formato\/#breadcrumb\",\"itemListElement\":[{\"@type\":\"ListItem\",\"position\":1,\"name\":\"Home\",\"item\":\"https:\/\/www.bbmpackaging.com\/es\/\"},{\"@type\":\"ListItem\",\"position\":2,\"name\":\"Productos\",\"item\":\"https:\/\/www.bbmpackaging.com\/es\/productos\/\"},{\"@type\":\"ListItem\",\"position\":3,\"name\":\"Nuevo\",\"item\":\"https:\/\/www.bbmpackaging.com\/es\/maquinas\/nuevas\/\"},{\"@type\":\"ListItem\",\"position\":4,\"name\":\"Sopladoras de gran formato\"}]},{\"@type\":\"WebSite\",\"@id\":\"https:\/\/www.bbmpackaging.com\/es\/#website\",\"url\":\"https:\/\/www.bbmpackaging.com\/es\/\",\"name\":\"BBM Packaging\",\"description\":\"Imbottigliamento: macchinari manutenzione e much more\",\"potentialAction\":[{\"@type\":\"SearchAction\",\"target\":{\"@type\":\"EntryPoint\",\"urlTemplate\":\"https:\/\/www.bbmpackaging.com\/es\/?s={search_term_string}\"},\"query-input\":{\"@type\":\"PropertyValueSpecification\",\"valueRequired\":true,\"valueName\":\"search_term_string\"}}],\"inLanguage\":\"es\"}]}<\/script>\n<!-- \/ Yoast SEO plugin. -->","yoast_head_json":{"title":"Nueva Sopladora para grandes formatos - BBM Packaging","description":"M\u00e1quinas sopladoras BBM a medida para grandes formatos, como botellas de agua, dise\u00f1adas para un alto rendimiento y fiabilidad.","robots":{"index":"index","follow":"follow","max-snippet":"max-snippet:-1","max-image-preview":"max-image-preview:large","max-video-preview":"max-video-preview:-1"},"canonical":"https:\/\/www.bbmpackaging.com\/es\/maquinas\/sopladora-grande-formato\/","og_locale":"es_ES","og_type":"article","og_title":"Nueva Sopladora para grandes formatos - BBM Packaging","og_description":"M\u00e1quinas sopladoras BBM a medida para grandes formatos, como botellas de agua, dise\u00f1adas para un alto rendimiento y fiabilidad.","og_url":"https:\/\/www.bbmpackaging.com\/es\/maquinas\/sopladora-grande-formato\/","og_site_name":"BBM Packaging","article_modified_time":"2026-02-05T11:29:25+00:00","og_image":[{"width":450,"height":370,"url":"https:\/\/www.bbmpackaging.com\/wp-content\/uploads\/2021\/03\/macchine-per-imbottigliamento-su-misura-01-1.jpg","type":"image\/jpeg"}],"twitter_card":"summary_large_image","twitter_misc":{"Tiempo de lectura":"1 minuto"},"schema":{"@context":"https:\/\/schema.org","@graph":[{"@type":"WebPage","@id":"https:\/\/www.bbmpackaging.com\/es\/maquinas\/sopladora-grande-formato\/","url":"https:\/\/www.bbmpackaging.com\/es\/maquinas\/sopladora-grande-formato\/","name":"Nueva Sopladora para grandes formatos - BBM Packaging","isPartOf":{"@id":"https:\/\/www.bbmpackaging.com\/es\/#website"},"primaryImageOfPage":{"@id":"https:\/\/www.bbmpackaging.com\/es\/maquinas\/sopladora-grande-formato\/#primaryimage"},"image":{"@id":"https:\/\/www.bbmpackaging.com\/es\/maquinas\/sopladora-grande-formato\/#primaryimage"},"thumbnailUrl":"https:\/\/cdn.bbmpackaging.com\/wp-content\/uploads\/2021\/03\/macchine-per-imbottigliamento-su-misura-01-1.jpg","datePublished":"2021-08-23T09:15:11+00:00","dateModified":"2026-02-05T11:29:25+00:00","description":"M\u00e1quinas sopladoras BBM a medida para grandes formatos, como botellas de agua, dise\u00f1adas para un alto rendimiento y fiabilidad.","breadcrumb":{"@id":"https:\/\/www.bbmpackaging.com\/es\/maquinas\/sopladora-grande-formato\/#breadcrumb"},"inLanguage":"es","potentialAction":[{"@type":"ReadAction","target":["https:\/\/www.bbmpackaging.com\/es\/maquinas\/sopladora-grande-formato\/"]}]},{"@type":"ImageObject","inLanguage":"es","@id":"https:\/\/www.bbmpackaging.com\/es\/maquinas\/sopladora-grande-formato\/#primaryimage","url":"https:\/\/cdn.bbmpackaging.com\/wp-content\/uploads\/2021\/03\/macchine-per-imbottigliamento-su-misura-01-1.jpg","contentUrl":"https:\/\/cdn.bbmpackaging.com\/wp-content\/uploads\/2021\/03\/macchine-per-imbottigliamento-su-misura-01-1.jpg","width":450,"height":370},{"@type":"BreadcrumbList","@id":"https:\/\/www.bbmpackaging.com\/es\/maquinas\/sopladora-grande-formato\/#breadcrumb","itemListElement":[{"@type":"ListItem","position":1,"name":"Home","item":"https:\/\/www.bbmpackaging.com\/es\/"},{"@type":"ListItem","position":2,"name":"Productos","item":"https:\/\/www.bbmpackaging.com\/es\/productos\/"},{"@type":"ListItem","position":3,"name":"Nuevo","item":"https:\/\/www.bbmpackaging.com\/es\/maquinas\/nuevas\/"},{"@type":"ListItem","position":4,"name":"Sopladoras de gran formato"}]},{"@type":"WebSite","@id":"https:\/\/www.bbmpackaging.com\/es\/#website","url":"https:\/\/www.bbmpackaging.com\/es\/","name":"BBM Packaging","description":"Imbottigliamento: macchinari manutenzione e much more","potentialAction":[{"@type":"SearchAction","target":{"@type":"EntryPoint","urlTemplate":"https:\/\/www.bbmpackaging.com\/es\/?s={search_term_string}"},"query-input":{"@type":"PropertyValueSpecification","valueRequired":true,"valueName":"search_term_string"}}],"inLanguage":"es"}]}},"_links":{"self":[{"href":"https:\/\/www.bbmpackaging.com\/es\/wp-json\/wp\/v2\/product\/21655","targetHints":{"allow":["GET"]}}],"collection":[{"href":"https:\/\/www.bbmpackaging.com\/es\/wp-json\/wp\/v2\/product"}],"about":[{"href":"https:\/\/www.bbmpackaging.com\/es\/wp-json\/wp\/v2\/types\/product"}],"replies":[{"embeddable":true,"href":"https:\/\/www.bbmpackaging.com\/es\/wp-json\/wp\/v2\/comments?post=21655"}],"wp:featuredmedia":[{"embeddable":true,"href":"https:\/\/www.bbmpackaging.com\/es\/wp-json\/wp\/v2\/media\/15117"}],"wp:attachment":[{"href":"https:\/\/www.bbmpackaging.com\/es\/wp-json\/wp\/v2\/media?parent=21655"}],"wp:term":[{"taxonomy":"brand","embeddable":true,"href":"https:\/\/www.bbmpackaging.com\/es\/wp-json\/wp\/v2\/brand?post=21655"},{"taxonomy":"product_brand","embeddable":true,"href":"https:\/\/www.bbmpackaging.com\/es\/wp-json\/wp\/v2\/product_brand?post=21655"},{"taxonomy":"product_cat","embeddable":true,"href":"https:\/\/www.bbmpackaging.com\/es\/wp-json\/wp\/v2\/product_cat?post=21655"},{"taxonomy":"product_tag","embeddable":true,"href":"https:\/\/www.bbmpackaging.com\/es\/wp-json\/wp\/v2\/product_tag?post=21655"}],"curies":[{"name":"wp","href":"https:\/\/api.w.org\/{rel}","templated":true}]}}