{"id":21657,"date":"2021-08-23T11:19:05","date_gmt":"2021-08-23T09:19:05","guid":{"rendered":"https:\/\/www.bbmpackaging.com\/prodotto\/lca-10ts-impianto-di-lavaggio-automatico-casse-in-plastica\/"},"modified":"2026-02-05T12:29:25","modified_gmt":"2026-02-05T11:29:25","slug":"lca-10ts-impianto-di-lavaggio-automatico-casse-in-plastica","status":"publish","type":"product","link":"https:\/\/www.bbmpackaging.com\/es\/maquinas\/sistema-automatico-lavado-de-cajas\/","title":{"rendered":"Sistema de lavado automatico de cajas de pl\u00e0stico"},"content":{"rendered":"<h4 class=\"big\">Sistema de lavado autom\u00e1tico para embotellado a medida: LCA 10T-S para la limpieza de cajas de pl\u00e1stico.<\/h4>\n<p>LCA 10T-S es el <strong>sistema innovador de lavado autom\u00e1tico para limpiar cajas de retorno de pl\u00e1stico que resuelve definitivamente el problema de la suciedad residual en el fondo de las botellas de vidrio<\/strong>. LCA 10T-S combina la acci\u00f3n mec\u00e1nica de 200 cepillos giratorios y la acci\u00f3n detergente del agua a presi\u00f3n, garantizando la limpieza efectiva de cajas para 50,000 botellas \/ hora en solo 5 metros de espacio.<\/p>\n<p>LCA 10T-S ofrece la m\u00e1xima flexibilidad operativa gracias a un <strong>sistema de cambio de formato que le permite lavar cajas de diferentes tama\u00f1os y formatos<\/strong> (5\u00d74, 4\u00d73, 4\u00d74 nido de abeja, con diferentes formatos de botella): a trav\u00e9s de la interfaz de usuario \u00abtouch-screen\u00bbes posible personalizar los programas de lavado para satisfacer las necesidades m\u00e1s espec\u00edficas.<\/p>\n<p>El sistema se puede integrar con la estaci\u00f3n de <strong>pre-enjabonamiento<\/strong> para combinar la acci\u00f3n desengrasante de los detergentes.<\/p>\n","protected":false},"excerpt":{"rendered":"<p>Sistema de lavado autom\u00e1tico para embotellado a medida: LCA 10T-S para la limpieza de cajas de pl\u00e1stico. LCA&#8230;<\/p>\n","protected":false},"featured_media":46068,"comment_status":"open","ping_status":"closed","template":"","meta":{"_acf_changed":false},"brand":[7498],"product_brand":[],"product_cat":[1104,1107,1105],"product_tag":[],"class_list":{"0":"post-21657","1":"product","2":"type-product","3":"status-publish","4":"has-post-thumbnail","6":"brand-bbm-packaging","7":"product_cat-maquinas","8":"product_cat-usadas","9":"product_cat-nuevas","11":"first","12":"instock","13":"shipping-taxable","14":"product-type-simple"},"acf":[],"yoast_head":"<!-- This site is optimized with the Yoast SEO plugin v27.2 - https:\/\/yoast.com\/product\/yoast-seo-wordpress\/ -->\n<title>Nuevo Sistema de Lavado Autom\u00e1tico de Cajas - BBM Packaging<\/title>\n<meta name=\"description\" content=\"Planta autom\u00e1tica LCA 10T-S de BBM Packaging para el lavado de cajas de pl\u00e1stico, ideal para l\u00edneas de embotellado personalizadas.\" \/>\n<meta name=\"robots\" content=\"index, follow, max-snippet:-1, max-image-preview:large, max-video-preview:-1\" \/>\n<link rel=\"canonical\" href=\"https:\/\/www.bbmpackaging.com\/es\/maquinas\/sistema-automatico-lavado-de-cajas\/\" \/>\n<meta property=\"og:locale\" content=\"es_ES\" \/>\n<meta property=\"og:type\" content=\"article\" \/>\n<meta property=\"og:title\" content=\"Nuevo Sistema de Lavado Autom\u00e1tico de Cajas - BBM Packaging\" \/>\n<meta property=\"og:description\" content=\"Planta autom\u00e1tica LCA 10T-S de BBM Packaging para el lavado de cajas de pl\u00e1stico, ideal para l\u00edneas de embotellado personalizadas.\" \/>\n<meta property=\"og:url\" content=\"https:\/\/www.bbmpackaging.com\/es\/maquinas\/sistema-automatico-lavado-de-cajas\/\" \/>\n<meta property=\"og:site_name\" content=\"BBM Packaging\" \/>\n<meta property=\"article:modified_time\" content=\"2026-02-05T11:29:25+00:00\" \/>\n<meta property=\"og:image\" content=\"https:\/\/www.bbmpackaging.com\/wp-content\/uploads\/2021\/08\/Lavacasse-automatico-BBM-Packaging.jpg\" \/>\n\t<meta property=\"og:image:width\" content=\"584\" \/>\n\t<meta property=\"og:image:height\" content=\"480\" \/>\n\t<meta property=\"og:image:type\" content=\"image\/jpeg\" \/>\n<meta name=\"twitter:card\" content=\"summary_large_image\" \/>\n<meta name=\"twitter:label1\" content=\"Tiempo de lectura\" \/>\n\t<meta name=\"twitter:data1\" content=\"2 minutos\" \/>\n<script type=\"application\/ld+json\" class=\"yoast-schema-graph\">{\"@context\":\"https:\/\/schema.org\",\"@graph\":[{\"@type\":\"WebPage\",\"@id\":\"https:\/\/www.bbmpackaging.com\/es\/maquinas\/sistema-automatico-lavado-de-cajas\/\",\"url\":\"https:\/\/www.bbmpackaging.com\/es\/maquinas\/sistema-automatico-lavado-de-cajas\/\",\"name\":\"Nuevo Sistema de Lavado Autom\u00e1tico de Cajas - BBM Packaging\",\"isPartOf\":{\"@id\":\"https:\/\/www.bbmpackaging.com\/es\/#website\"},\"primaryImageOfPage\":{\"@id\":\"https:\/\/www.bbmpackaging.com\/es\/maquinas\/sistema-automatico-lavado-de-cajas\/#primaryimage\"},\"image\":{\"@id\":\"https:\/\/www.bbmpackaging.com\/es\/maquinas\/sistema-automatico-lavado-de-cajas\/#primaryimage\"},\"thumbnailUrl\":\"https:\/\/cdn.bbmpackaging.com\/wp-content\/uploads\/2021\/08\/Lavacasse-automatico-BBM-Packaging.jpg\",\"datePublished\":\"2021-08-23T09:19:05+00:00\",\"dateModified\":\"2026-02-05T11:29:25+00:00\",\"description\":\"Planta autom\u00e1tica LCA 10T-S de BBM Packaging para el lavado de cajas de pl\u00e1stico, ideal para l\u00edneas de embotellado personalizadas.\",\"breadcrumb\":{\"@id\":\"https:\/\/www.bbmpackaging.com\/es\/maquinas\/sistema-automatico-lavado-de-cajas\/#breadcrumb\"},\"inLanguage\":\"es\",\"potentialAction\":[{\"@type\":\"ReadAction\",\"target\":[\"https:\/\/www.bbmpackaging.com\/es\/maquinas\/sistema-automatico-lavado-de-cajas\/\"]}]},{\"@type\":\"ImageObject\",\"inLanguage\":\"es\",\"@id\":\"https:\/\/www.bbmpackaging.com\/es\/maquinas\/sistema-automatico-lavado-de-cajas\/#primaryimage\",\"url\":\"https:\/\/cdn.bbmpackaging.com\/wp-content\/uploads\/2021\/08\/Lavacasse-automatico-BBM-Packaging.jpg\",\"contentUrl\":\"https:\/\/cdn.bbmpackaging.com\/wp-content\/uploads\/2021\/08\/Lavacasse-automatico-BBM-Packaging.jpg\",\"width\":584,\"height\":480,\"caption\":\"Lavacasse automatico BBM Packaging\"},{\"@type\":\"BreadcrumbList\",\"@id\":\"https:\/\/www.bbmpackaging.com\/es\/maquinas\/sistema-automatico-lavado-de-cajas\/#breadcrumb\",\"itemListElement\":[{\"@type\":\"ListItem\",\"position\":1,\"name\":\"Home\",\"item\":\"https:\/\/www.bbmpackaging.com\/es\/\"},{\"@type\":\"ListItem\",\"position\":2,\"name\":\"Productos\",\"item\":\"https:\/\/www.bbmpackaging.com\/es\/productos\/\"},{\"@type\":\"ListItem\",\"position\":3,\"name\":\"Sistema de lavado automatico de cajas de pl\u00e0stico\"}]},{\"@type\":\"WebSite\",\"@id\":\"https:\/\/www.bbmpackaging.com\/es\/#website\",\"url\":\"https:\/\/www.bbmpackaging.com\/es\/\",\"name\":\"BBM Packaging\",\"description\":\"Imbottigliamento: macchinari manutenzione e much more\",\"potentialAction\":[{\"@type\":\"SearchAction\",\"target\":{\"@type\":\"EntryPoint\",\"urlTemplate\":\"https:\/\/www.bbmpackaging.com\/es\/?s={search_term_string}\"},\"query-input\":{\"@type\":\"PropertyValueSpecification\",\"valueRequired\":true,\"valueName\":\"search_term_string\"}}],\"inLanguage\":\"es\"}]}<\/script>\n<!-- \/ Yoast SEO plugin. -->","yoast_head_json":{"title":"Nuevo Sistema de Lavado Autom\u00e1tico de Cajas - BBM Packaging","description":"Planta autom\u00e1tica LCA 10T-S de BBM Packaging para el lavado de cajas de pl\u00e1stico, ideal para l\u00edneas de embotellado personalizadas.","robots":{"index":"index","follow":"follow","max-snippet":"max-snippet:-1","max-image-preview":"max-image-preview:large","max-video-preview":"max-video-preview:-1"},"canonical":"https:\/\/www.bbmpackaging.com\/es\/maquinas\/sistema-automatico-lavado-de-cajas\/","og_locale":"es_ES","og_type":"article","og_title":"Nuevo Sistema de Lavado Autom\u00e1tico de Cajas - BBM Packaging","og_description":"Planta autom\u00e1tica LCA 10T-S de BBM Packaging para el lavado de cajas de pl\u00e1stico, ideal para l\u00edneas de embotellado personalizadas.","og_url":"https:\/\/www.bbmpackaging.com\/es\/maquinas\/sistema-automatico-lavado-de-cajas\/","og_site_name":"BBM Packaging","article_modified_time":"2026-02-05T11:29:25+00:00","og_image":[{"width":584,"height":480,"url":"https:\/\/www.bbmpackaging.com\/wp-content\/uploads\/2021\/08\/Lavacasse-automatico-BBM-Packaging.jpg","type":"image\/jpeg"}],"twitter_card":"summary_large_image","twitter_misc":{"Tiempo de lectura":"2 minutos"},"schema":{"@context":"https:\/\/schema.org","@graph":[{"@type":"WebPage","@id":"https:\/\/www.bbmpackaging.com\/es\/maquinas\/sistema-automatico-lavado-de-cajas\/","url":"https:\/\/www.bbmpackaging.com\/es\/maquinas\/sistema-automatico-lavado-de-cajas\/","name":"Nuevo Sistema de Lavado Autom\u00e1tico de Cajas - BBM Packaging","isPartOf":{"@id":"https:\/\/www.bbmpackaging.com\/es\/#website"},"primaryImageOfPage":{"@id":"https:\/\/www.bbmpackaging.com\/es\/maquinas\/sistema-automatico-lavado-de-cajas\/#primaryimage"},"image":{"@id":"https:\/\/www.bbmpackaging.com\/es\/maquinas\/sistema-automatico-lavado-de-cajas\/#primaryimage"},"thumbnailUrl":"https:\/\/cdn.bbmpackaging.com\/wp-content\/uploads\/2021\/08\/Lavacasse-automatico-BBM-Packaging.jpg","datePublished":"2021-08-23T09:19:05+00:00","dateModified":"2026-02-05T11:29:25+00:00","description":"Planta autom\u00e1tica LCA 10T-S de BBM Packaging para el lavado de cajas de pl\u00e1stico, ideal para l\u00edneas de embotellado personalizadas.","breadcrumb":{"@id":"https:\/\/www.bbmpackaging.com\/es\/maquinas\/sistema-automatico-lavado-de-cajas\/#breadcrumb"},"inLanguage":"es","potentialAction":[{"@type":"ReadAction","target":["https:\/\/www.bbmpackaging.com\/es\/maquinas\/sistema-automatico-lavado-de-cajas\/"]}]},{"@type":"ImageObject","inLanguage":"es","@id":"https:\/\/www.bbmpackaging.com\/es\/maquinas\/sistema-automatico-lavado-de-cajas\/#primaryimage","url":"https:\/\/cdn.bbmpackaging.com\/wp-content\/uploads\/2021\/08\/Lavacasse-automatico-BBM-Packaging.jpg","contentUrl":"https:\/\/cdn.bbmpackaging.com\/wp-content\/uploads\/2021\/08\/Lavacasse-automatico-BBM-Packaging.jpg","width":584,"height":480,"caption":"Lavacasse automatico BBM Packaging"},{"@type":"BreadcrumbList","@id":"https:\/\/www.bbmpackaging.com\/es\/maquinas\/sistema-automatico-lavado-de-cajas\/#breadcrumb","itemListElement":[{"@type":"ListItem","position":1,"name":"Home","item":"https:\/\/www.bbmpackaging.com\/es\/"},{"@type":"ListItem","position":2,"name":"Productos","item":"https:\/\/www.bbmpackaging.com\/es\/productos\/"},{"@type":"ListItem","position":3,"name":"Sistema de lavado automatico de cajas de pl\u00e0stico"}]},{"@type":"WebSite","@id":"https:\/\/www.bbmpackaging.com\/es\/#website","url":"https:\/\/www.bbmpackaging.com\/es\/","name":"BBM Packaging","description":"Imbottigliamento: macchinari manutenzione e much more","potentialAction":[{"@type":"SearchAction","target":{"@type":"EntryPoint","urlTemplate":"https:\/\/www.bbmpackaging.com\/es\/?s={search_term_string}"},"query-input":{"@type":"PropertyValueSpecification","valueRequired":true,"valueName":"search_term_string"}}],"inLanguage":"es"}]}},"_links":{"self":[{"href":"https:\/\/www.bbmpackaging.com\/es\/wp-json\/wp\/v2\/product\/21657","targetHints":{"allow":["GET"]}}],"collection":[{"href":"https:\/\/www.bbmpackaging.com\/es\/wp-json\/wp\/v2\/product"}],"about":[{"href":"https:\/\/www.bbmpackaging.com\/es\/wp-json\/wp\/v2\/types\/product"}],"replies":[{"embeddable":true,"href":"https:\/\/www.bbmpackaging.com\/es\/wp-json\/wp\/v2\/comments?post=21657"}],"wp:featuredmedia":[{"embeddable":true,"href":"https:\/\/www.bbmpackaging.com\/es\/wp-json\/wp\/v2\/media\/46068"}],"wp:attachment":[{"href":"https:\/\/www.bbmpackaging.com\/es\/wp-json\/wp\/v2\/media?parent=21657"}],"wp:term":[{"taxonomy":"brand","embeddable":true,"href":"https:\/\/www.bbmpackaging.com\/es\/wp-json\/wp\/v2\/brand?post=21657"},{"taxonomy":"product_brand","embeddable":true,"href":"https:\/\/www.bbmpackaging.com\/es\/wp-json\/wp\/v2\/product_brand?post=21657"},{"taxonomy":"product_cat","embeddable":true,"href":"https:\/\/www.bbmpackaging.com\/es\/wp-json\/wp\/v2\/product_cat?post=21657"},{"taxonomy":"product_tag","embeddable":true,"href":"https:\/\/www.bbmpackaging.com\/es\/wp-json\/wp\/v2\/product_tag?post=21657"}],"curies":[{"name":"wp","href":"https:\/\/api.w.org\/{rel}","templated":true}]}}