{"id":21659,"date":"2021-08-23T11:21:13","date_gmt":"2021-08-23T09:21:13","guid":{"rendered":"https:\/\/www.bbmpackaging.com\/prodotto\/pick-place-manipolatori-e-sovrappositori\/"},"modified":"2026-02-05T12:29:25","modified_gmt":"2026-02-05T11:29:25","slug":"pick-place-manipolatori-e-sovrappositori","status":"publish","type":"product","link":"https:\/\/www.bbmpackaging.com\/es\/maquinas\/manipuladores-y-apiladores-pick-place\/","title":{"rendered":"Pick &#038; place"},"content":{"rendered":"<h4>BBM PACKAGING propone sistemas de selecci\u00f3n y colocaci\u00f3n para boxeo personalizado, dise\u00f1ados para la creaci\u00f3n de formatos multicapa, manejo de productos, boxeo y automatizaci\u00f3n de los procesos de empaquetado y embalaje.<\/h4>\n<p>Los sistemas Pick &amp; Place son soluciones compactas y vers\u00e1tiles para el manejo de productos de diferente naturaleza; se utilizan para crear configuraciones de m\u00faltiples capas, para mover \/ transferir o insertar productos en cajas, bandejas, blisters, etc. Cada Pick and Place est\u00e1 personalizado para el producto a tratar y para la aplicaci\u00f3n requerida, garantizando la flexibilidad necesaria para cada uso.<\/p>\n","protected":false},"excerpt":{"rendered":"<p>BBM PACKAGING propone sistemas de selecci\u00f3n y colocaci\u00f3n para boxeo personalizado, dise\u00f1ados para la creaci\u00f3n de formatos multicapa,&#8230;<\/p>\n","protected":false},"featured_media":15127,"comment_status":"open","ping_status":"closed","template":"","meta":{"_acf_changed":false},"brand":[7498],"product_brand":[],"product_cat":[1104,1105],"product_tag":[],"class_list":{"0":"post-21659","1":"product","2":"type-product","3":"status-publish","4":"has-post-thumbnail","6":"brand-bbm-packaging","7":"product_cat-maquinas","8":"product_cat-nuevas","10":"first","11":"instock","12":"shipping-taxable","13":"product-type-simple"},"acf":[],"yoast_head":"<!-- This site is optimized with the Yoast SEO plugin v27.2 - https:\/\/yoast.com\/product\/yoast-seo-wordpress\/ -->\n<title>Nuevas M\u00e1quinas Pick and Place - BBM Packaging<\/title>\n<meta name=\"description\" content=\"Descubre sistemas Pick&amp;Place para envasado y automatizaci\u00f3n de procesos de empaquetado con formatos multicapa y manipulaci\u00f3n precisa de productos.\" \/>\n<meta name=\"robots\" content=\"index, follow, max-snippet:-1, max-image-preview:large, max-video-preview:-1\" \/>\n<link rel=\"canonical\" href=\"https:\/\/www.bbmpackaging.com\/es\/maquinas\/manipuladores-y-apiladores-pick-place\/\" \/>\n<meta property=\"og:locale\" content=\"es_ES\" \/>\n<meta property=\"og:type\" content=\"article\" \/>\n<meta property=\"og:title\" content=\"Nuevas M\u00e1quinas Pick and Place - BBM Packaging\" \/>\n<meta property=\"og:description\" content=\"Descubre sistemas Pick&amp;Place para envasado y automatizaci\u00f3n de procesos de empaquetado con formatos multicapa y manipulaci\u00f3n precisa de productos.\" \/>\n<meta property=\"og:url\" content=\"https:\/\/www.bbmpackaging.com\/es\/maquinas\/manipuladores-y-apiladores-pick-place\/\" \/>\n<meta property=\"og:site_name\" content=\"BBM Packaging\" \/>\n<meta property=\"article:modified_time\" content=\"2026-02-05T11:29:25+00:00\" \/>\n<meta property=\"og:image\" content=\"https:\/\/www.bbmpackaging.com\/wp-content\/uploads\/2021\/03\/macchine-per-imbottigliamento-su-misura-03.jpg\" \/>\n\t<meta property=\"og:image:width\" content=\"450\" \/>\n\t<meta property=\"og:image:height\" content=\"370\" \/>\n\t<meta property=\"og:image:type\" content=\"image\/jpeg\" \/>\n<meta name=\"twitter:card\" content=\"summary_large_image\" \/>\n<meta name=\"twitter:label1\" content=\"Tiempo de lectura\" \/>\n\t<meta name=\"twitter:data1\" content=\"1 minuto\" \/>\n<script type=\"application\/ld+json\" class=\"yoast-schema-graph\">{\"@context\":\"https:\/\/schema.org\",\"@graph\":[{\"@type\":\"WebPage\",\"@id\":\"https:\/\/www.bbmpackaging.com\/es\/maquinas\/manipuladores-y-apiladores-pick-place\/\",\"url\":\"https:\/\/www.bbmpackaging.com\/es\/maquinas\/manipuladores-y-apiladores-pick-place\/\",\"name\":\"Nuevas M\u00e1quinas Pick and Place - BBM Packaging\",\"isPartOf\":{\"@id\":\"https:\/\/www.bbmpackaging.com\/es\/#website\"},\"primaryImageOfPage\":{\"@id\":\"https:\/\/www.bbmpackaging.com\/es\/maquinas\/manipuladores-y-apiladores-pick-place\/#primaryimage\"},\"image\":{\"@id\":\"https:\/\/www.bbmpackaging.com\/es\/maquinas\/manipuladores-y-apiladores-pick-place\/#primaryimage\"},\"thumbnailUrl\":\"https:\/\/cdn.bbmpackaging.com\/wp-content\/uploads\/2021\/03\/macchine-per-imbottigliamento-su-misura-03.jpg\",\"datePublished\":\"2021-08-23T09:21:13+00:00\",\"dateModified\":\"2026-02-05T11:29:25+00:00\",\"description\":\"Descubre sistemas Pick&Place para envasado y automatizaci\u00f3n de procesos de empaquetado con formatos multicapa y manipulaci\u00f3n precisa de productos.\",\"breadcrumb\":{\"@id\":\"https:\/\/www.bbmpackaging.com\/es\/maquinas\/manipuladores-y-apiladores-pick-place\/#breadcrumb\"},\"inLanguage\":\"es\",\"potentialAction\":[{\"@type\":\"ReadAction\",\"target\":[\"https:\/\/www.bbmpackaging.com\/es\/maquinas\/manipuladores-y-apiladores-pick-place\/\"]}]},{\"@type\":\"ImageObject\",\"inLanguage\":\"es\",\"@id\":\"https:\/\/www.bbmpackaging.com\/es\/maquinas\/manipuladores-y-apiladores-pick-place\/#primaryimage\",\"url\":\"https:\/\/cdn.bbmpackaging.com\/wp-content\/uploads\/2021\/03\/macchine-per-imbottigliamento-su-misura-03.jpg\",\"contentUrl\":\"https:\/\/cdn.bbmpackaging.com\/wp-content\/uploads\/2021\/03\/macchine-per-imbottigliamento-su-misura-03.jpg\",\"width\":450,\"height\":370},{\"@type\":\"BreadcrumbList\",\"@id\":\"https:\/\/www.bbmpackaging.com\/es\/maquinas\/manipuladores-y-apiladores-pick-place\/#breadcrumb\",\"itemListElement\":[{\"@type\":\"ListItem\",\"position\":1,\"name\":\"Home\",\"item\":\"https:\/\/www.bbmpackaging.com\/es\/\"},{\"@type\":\"ListItem\",\"position\":2,\"name\":\"Productos\",\"item\":\"https:\/\/www.bbmpackaging.com\/es\/productos\/\"},{\"@type\":\"ListItem\",\"position\":3,\"name\":\"Nuevo\",\"item\":\"https:\/\/www.bbmpackaging.com\/es\/maquinas\/nuevas\/\"},{\"@type\":\"ListItem\",\"position\":4,\"name\":\"Pick &#038; place\"}]},{\"@type\":\"WebSite\",\"@id\":\"https:\/\/www.bbmpackaging.com\/es\/#website\",\"url\":\"https:\/\/www.bbmpackaging.com\/es\/\",\"name\":\"BBM Packaging\",\"description\":\"Imbottigliamento: macchinari manutenzione e much more\",\"potentialAction\":[{\"@type\":\"SearchAction\",\"target\":{\"@type\":\"EntryPoint\",\"urlTemplate\":\"https:\/\/www.bbmpackaging.com\/es\/?s={search_term_string}\"},\"query-input\":{\"@type\":\"PropertyValueSpecification\",\"valueRequired\":true,\"valueName\":\"search_term_string\"}}],\"inLanguage\":\"es\"}]}<\/script>\n<!-- \/ Yoast SEO plugin. -->","yoast_head_json":{"title":"Nuevas M\u00e1quinas Pick and Place - BBM Packaging","description":"Descubre sistemas Pick&Place para envasado y automatizaci\u00f3n de procesos de empaquetado con formatos multicapa y manipulaci\u00f3n precisa de productos.","robots":{"index":"index","follow":"follow","max-snippet":"max-snippet:-1","max-image-preview":"max-image-preview:large","max-video-preview":"max-video-preview:-1"},"canonical":"https:\/\/www.bbmpackaging.com\/es\/maquinas\/manipuladores-y-apiladores-pick-place\/","og_locale":"es_ES","og_type":"article","og_title":"Nuevas M\u00e1quinas Pick and Place - BBM Packaging","og_description":"Descubre sistemas Pick&Place para envasado y automatizaci\u00f3n de procesos de empaquetado con formatos multicapa y manipulaci\u00f3n precisa de productos.","og_url":"https:\/\/www.bbmpackaging.com\/es\/maquinas\/manipuladores-y-apiladores-pick-place\/","og_site_name":"BBM Packaging","article_modified_time":"2026-02-05T11:29:25+00:00","og_image":[{"width":450,"height":370,"url":"https:\/\/www.bbmpackaging.com\/wp-content\/uploads\/2021\/03\/macchine-per-imbottigliamento-su-misura-03.jpg","type":"image\/jpeg"}],"twitter_card":"summary_large_image","twitter_misc":{"Tiempo de lectura":"1 minuto"},"schema":{"@context":"https:\/\/schema.org","@graph":[{"@type":"WebPage","@id":"https:\/\/www.bbmpackaging.com\/es\/maquinas\/manipuladores-y-apiladores-pick-place\/","url":"https:\/\/www.bbmpackaging.com\/es\/maquinas\/manipuladores-y-apiladores-pick-place\/","name":"Nuevas M\u00e1quinas Pick and Place - BBM Packaging","isPartOf":{"@id":"https:\/\/www.bbmpackaging.com\/es\/#website"},"primaryImageOfPage":{"@id":"https:\/\/www.bbmpackaging.com\/es\/maquinas\/manipuladores-y-apiladores-pick-place\/#primaryimage"},"image":{"@id":"https:\/\/www.bbmpackaging.com\/es\/maquinas\/manipuladores-y-apiladores-pick-place\/#primaryimage"},"thumbnailUrl":"https:\/\/cdn.bbmpackaging.com\/wp-content\/uploads\/2021\/03\/macchine-per-imbottigliamento-su-misura-03.jpg","datePublished":"2021-08-23T09:21:13+00:00","dateModified":"2026-02-05T11:29:25+00:00","description":"Descubre sistemas Pick&Place para envasado y automatizaci\u00f3n de procesos de empaquetado con formatos multicapa y manipulaci\u00f3n precisa de productos.","breadcrumb":{"@id":"https:\/\/www.bbmpackaging.com\/es\/maquinas\/manipuladores-y-apiladores-pick-place\/#breadcrumb"},"inLanguage":"es","potentialAction":[{"@type":"ReadAction","target":["https:\/\/www.bbmpackaging.com\/es\/maquinas\/manipuladores-y-apiladores-pick-place\/"]}]},{"@type":"ImageObject","inLanguage":"es","@id":"https:\/\/www.bbmpackaging.com\/es\/maquinas\/manipuladores-y-apiladores-pick-place\/#primaryimage","url":"https:\/\/cdn.bbmpackaging.com\/wp-content\/uploads\/2021\/03\/macchine-per-imbottigliamento-su-misura-03.jpg","contentUrl":"https:\/\/cdn.bbmpackaging.com\/wp-content\/uploads\/2021\/03\/macchine-per-imbottigliamento-su-misura-03.jpg","width":450,"height":370},{"@type":"BreadcrumbList","@id":"https:\/\/www.bbmpackaging.com\/es\/maquinas\/manipuladores-y-apiladores-pick-place\/#breadcrumb","itemListElement":[{"@type":"ListItem","position":1,"name":"Home","item":"https:\/\/www.bbmpackaging.com\/es\/"},{"@type":"ListItem","position":2,"name":"Productos","item":"https:\/\/www.bbmpackaging.com\/es\/productos\/"},{"@type":"ListItem","position":3,"name":"Nuevo","item":"https:\/\/www.bbmpackaging.com\/es\/maquinas\/nuevas\/"},{"@type":"ListItem","position":4,"name":"Pick &#038; place"}]},{"@type":"WebSite","@id":"https:\/\/www.bbmpackaging.com\/es\/#website","url":"https:\/\/www.bbmpackaging.com\/es\/","name":"BBM Packaging","description":"Imbottigliamento: macchinari manutenzione e much more","potentialAction":[{"@type":"SearchAction","target":{"@type":"EntryPoint","urlTemplate":"https:\/\/www.bbmpackaging.com\/es\/?s={search_term_string}"},"query-input":{"@type":"PropertyValueSpecification","valueRequired":true,"valueName":"search_term_string"}}],"inLanguage":"es"}]}},"_links":{"self":[{"href":"https:\/\/www.bbmpackaging.com\/es\/wp-json\/wp\/v2\/product\/21659","targetHints":{"allow":["GET"]}}],"collection":[{"href":"https:\/\/www.bbmpackaging.com\/es\/wp-json\/wp\/v2\/product"}],"about":[{"href":"https:\/\/www.bbmpackaging.com\/es\/wp-json\/wp\/v2\/types\/product"}],"replies":[{"embeddable":true,"href":"https:\/\/www.bbmpackaging.com\/es\/wp-json\/wp\/v2\/comments?post=21659"}],"wp:featuredmedia":[{"embeddable":true,"href":"https:\/\/www.bbmpackaging.com\/es\/wp-json\/wp\/v2\/media\/15127"}],"wp:attachment":[{"href":"https:\/\/www.bbmpackaging.com\/es\/wp-json\/wp\/v2\/media?parent=21659"}],"wp:term":[{"taxonomy":"brand","embeddable":true,"href":"https:\/\/www.bbmpackaging.com\/es\/wp-json\/wp\/v2\/brand?post=21659"},{"taxonomy":"product_brand","embeddable":true,"href":"https:\/\/www.bbmpackaging.com\/es\/wp-json\/wp\/v2\/product_brand?post=21659"},{"taxonomy":"product_cat","embeddable":true,"href":"https:\/\/www.bbmpackaging.com\/es\/wp-json\/wp\/v2\/product_cat?post=21659"},{"taxonomy":"product_tag","embeddable":true,"href":"https:\/\/www.bbmpackaging.com\/es\/wp-json\/wp\/v2\/product_tag?post=21659"}],"curies":[{"name":"wp","href":"https:\/\/api.w.org\/{rel}","templated":true}]}}