{"id":21661,"date":"2021-08-23T11:25:54","date_gmt":"2021-08-23T09:25:54","guid":{"rendered":"https:\/\/www.bbmpackaging.com\/prodotto\/bbm-hsb-30-manipolatore-ad-assi-cartesiani\/"},"modified":"2026-02-05T12:29:25","modified_gmt":"2026-02-05T11:29:25","slug":"bbm-hsb-30-manipolatore-ad-assi-cartesiani","status":"publish","type":"product","link":"https:\/\/www.bbmpackaging.com\/es\/maquinas\/bbm-manipulador-ejes-cartesianos\/","title":{"rendered":"Manipulador de eje cartesiano"},"content":{"rendered":"<h4 class=\"big\">Manipulador de ejes con control el\u00e9ctrico y dise\u00f1o de p\u00f3rtico para la manipulaci\u00f3n a alta velocidad de fardos, cajas y productos de diversos tipos y tama\u00f1os. En un espacio reducido, el HSB-30 prepara los productos recibidos seg\u00fan el patr\u00f3n requerido: distribuci\u00f3n en varios canales, rotaci\u00f3n y paso libre.<\/h4>\n<p>Utilizando una estructura de geometr\u00eda cartesiana, compuesta por tres ejes lineales ortogonales estructurados por correderas de traslaci\u00f3n que controlan el movimiento en las tres dimensiones x-y-z, el HSB-30 garantiza la precisi\u00f3n y repetibilidad de los movimientos, con un sencillo control de trayectoria gestionado por un PLC. La manipulaci\u00f3n de los productos se consigue siguiendo los productos: los accionamientos sin escobillas garantizan la precisi\u00f3n, la estabilidad y los movimientos suaves de los productos.<\/p>\n","protected":false},"excerpt":{"rendered":"<p>Manipulador de ejes con control el\u00e9ctrico y dise\u00f1o de p\u00f3rtico para la manipulaci\u00f3n a alta velocidad de fardos,&#8230;<\/p>\n","protected":false},"featured_media":15132,"comment_status":"open","ping_status":"closed","template":"","meta":{"_acf_changed":false},"brand":[7498],"product_brand":[],"product_cat":[1104,1107,1105],"product_tag":[],"class_list":{"0":"post-21661","1":"product","2":"type-product","3":"status-publish","4":"has-post-thumbnail","6":"brand-bbm-packaging","7":"product_cat-maquinas","8":"product_cat-usadas","9":"product_cat-nuevas","11":"first","12":"instock","13":"shipping-taxable","14":"product-type-simple"},"acf":[],"yoast_head":"<!-- This site is optimized with the Yoast SEO plugin v27.2 - https:\/\/yoast.com\/product\/yoast-seo-wordpress\/ -->\n<title>Nuevo Manipulador de ejes cartesianos - BBM Packaging<\/title>\n<meta name=\"description\" content=\"Manipulador de ejes cartesianos para manipulaci\u00f3n a alta velocidad de paquetes y cajas, con estructura robusta y control electr\u00f3nico preciso.\" \/>\n<meta name=\"robots\" content=\"index, follow, max-snippet:-1, max-image-preview:large, max-video-preview:-1\" \/>\n<link rel=\"canonical\" href=\"https:\/\/www.bbmpackaging.com\/es\/maquinas\/bbm-manipulador-ejes-cartesianos\/\" \/>\n<meta property=\"og:locale\" content=\"es_ES\" \/>\n<meta property=\"og:type\" content=\"article\" \/>\n<meta property=\"og:title\" content=\"Nuevo Manipulador de ejes cartesianos - BBM Packaging\" \/>\n<meta property=\"og:description\" content=\"Manipulador de ejes cartesianos para manipulaci\u00f3n a alta velocidad de paquetes y cajas, con estructura robusta y control electr\u00f3nico preciso.\" \/>\n<meta property=\"og:url\" content=\"https:\/\/www.bbmpackaging.com\/es\/maquinas\/bbm-manipulador-ejes-cartesianos\/\" \/>\n<meta property=\"og:site_name\" content=\"BBM Packaging\" \/>\n<meta property=\"article:modified_time\" content=\"2026-02-05T11:29:25+00:00\" \/>\n<meta property=\"og:image\" content=\"https:\/\/www.bbmpackaging.com\/wp-content\/uploads\/2021\/03\/BBM-HSB-30.jpg\" \/>\n\t<meta property=\"og:image:width\" content=\"450\" \/>\n\t<meta property=\"og:image:height\" content=\"370\" \/>\n\t<meta property=\"og:image:type\" content=\"image\/jpeg\" \/>\n<meta name=\"twitter:card\" content=\"summary_large_image\" \/>\n<meta name=\"twitter:label1\" content=\"Tiempo de lectura\" \/>\n\t<meta name=\"twitter:data1\" content=\"1 minuto\" \/>\n<script type=\"application\/ld+json\" class=\"yoast-schema-graph\">{\"@context\":\"https:\/\/schema.org\",\"@graph\":[{\"@type\":\"WebPage\",\"@id\":\"https:\/\/www.bbmpackaging.com\/es\/maquinas\/bbm-manipulador-ejes-cartesianos\/\",\"url\":\"https:\/\/www.bbmpackaging.com\/es\/maquinas\/bbm-manipulador-ejes-cartesianos\/\",\"name\":\"Nuevo Manipulador de ejes cartesianos - BBM Packaging\",\"isPartOf\":{\"@id\":\"https:\/\/www.bbmpackaging.com\/es\/#website\"},\"primaryImageOfPage\":{\"@id\":\"https:\/\/www.bbmpackaging.com\/es\/maquinas\/bbm-manipulador-ejes-cartesianos\/#primaryimage\"},\"image\":{\"@id\":\"https:\/\/www.bbmpackaging.com\/es\/maquinas\/bbm-manipulador-ejes-cartesianos\/#primaryimage\"},\"thumbnailUrl\":\"https:\/\/cdn.bbmpackaging.com\/wp-content\/uploads\/2021\/03\/BBM-HSB-30.jpg\",\"datePublished\":\"2021-08-23T09:25:54+00:00\",\"dateModified\":\"2026-02-05T11:29:25+00:00\",\"description\":\"Manipulador de ejes cartesianos para manipulaci\u00f3n a alta velocidad de paquetes y cajas, con estructura robusta y control electr\u00f3nico preciso.\",\"breadcrumb\":{\"@id\":\"https:\/\/www.bbmpackaging.com\/es\/maquinas\/bbm-manipulador-ejes-cartesianos\/#breadcrumb\"},\"inLanguage\":\"es\",\"potentialAction\":[{\"@type\":\"ReadAction\",\"target\":[\"https:\/\/www.bbmpackaging.com\/es\/maquinas\/bbm-manipulador-ejes-cartesianos\/\"]}]},{\"@type\":\"ImageObject\",\"inLanguage\":\"es\",\"@id\":\"https:\/\/www.bbmpackaging.com\/es\/maquinas\/bbm-manipulador-ejes-cartesianos\/#primaryimage\",\"url\":\"https:\/\/cdn.bbmpackaging.com\/wp-content\/uploads\/2021\/03\/BBM-HSB-30.jpg\",\"contentUrl\":\"https:\/\/cdn.bbmpackaging.com\/wp-content\/uploads\/2021\/03\/BBM-HSB-30.jpg\",\"width\":450,\"height\":370},{\"@type\":\"BreadcrumbList\",\"@id\":\"https:\/\/www.bbmpackaging.com\/es\/maquinas\/bbm-manipulador-ejes-cartesianos\/#breadcrumb\",\"itemListElement\":[{\"@type\":\"ListItem\",\"position\":1,\"name\":\"Home\",\"item\":\"https:\/\/www.bbmpackaging.com\/es\/\"},{\"@type\":\"ListItem\",\"position\":2,\"name\":\"Productos\",\"item\":\"https:\/\/www.bbmpackaging.com\/es\/productos\/\"},{\"@type\":\"ListItem\",\"position\":3,\"name\":\"Manipulador de eje cartesiano\"}]},{\"@type\":\"WebSite\",\"@id\":\"https:\/\/www.bbmpackaging.com\/es\/#website\",\"url\":\"https:\/\/www.bbmpackaging.com\/es\/\",\"name\":\"BBM Packaging\",\"description\":\"Imbottigliamento: macchinari manutenzione e much more\",\"potentialAction\":[{\"@type\":\"SearchAction\",\"target\":{\"@type\":\"EntryPoint\",\"urlTemplate\":\"https:\/\/www.bbmpackaging.com\/es\/?s={search_term_string}\"},\"query-input\":{\"@type\":\"PropertyValueSpecification\",\"valueRequired\":true,\"valueName\":\"search_term_string\"}}],\"inLanguage\":\"es\"}]}<\/script>\n<!-- \/ Yoast SEO plugin. -->","yoast_head_json":{"title":"Nuevo Manipulador de ejes cartesianos - BBM Packaging","description":"Manipulador de ejes cartesianos para manipulaci\u00f3n a alta velocidad de paquetes y cajas, con estructura robusta y control electr\u00f3nico preciso.","robots":{"index":"index","follow":"follow","max-snippet":"max-snippet:-1","max-image-preview":"max-image-preview:large","max-video-preview":"max-video-preview:-1"},"canonical":"https:\/\/www.bbmpackaging.com\/es\/maquinas\/bbm-manipulador-ejes-cartesianos\/","og_locale":"es_ES","og_type":"article","og_title":"Nuevo Manipulador de ejes cartesianos - BBM Packaging","og_description":"Manipulador de ejes cartesianos para manipulaci\u00f3n a alta velocidad de paquetes y cajas, con estructura robusta y control electr\u00f3nico preciso.","og_url":"https:\/\/www.bbmpackaging.com\/es\/maquinas\/bbm-manipulador-ejes-cartesianos\/","og_site_name":"BBM Packaging","article_modified_time":"2026-02-05T11:29:25+00:00","og_image":[{"width":450,"height":370,"url":"https:\/\/www.bbmpackaging.com\/wp-content\/uploads\/2021\/03\/BBM-HSB-30.jpg","type":"image\/jpeg"}],"twitter_card":"summary_large_image","twitter_misc":{"Tiempo de lectura":"1 minuto"},"schema":{"@context":"https:\/\/schema.org","@graph":[{"@type":"WebPage","@id":"https:\/\/www.bbmpackaging.com\/es\/maquinas\/bbm-manipulador-ejes-cartesianos\/","url":"https:\/\/www.bbmpackaging.com\/es\/maquinas\/bbm-manipulador-ejes-cartesianos\/","name":"Nuevo Manipulador de ejes cartesianos - BBM Packaging","isPartOf":{"@id":"https:\/\/www.bbmpackaging.com\/es\/#website"},"primaryImageOfPage":{"@id":"https:\/\/www.bbmpackaging.com\/es\/maquinas\/bbm-manipulador-ejes-cartesianos\/#primaryimage"},"image":{"@id":"https:\/\/www.bbmpackaging.com\/es\/maquinas\/bbm-manipulador-ejes-cartesianos\/#primaryimage"},"thumbnailUrl":"https:\/\/cdn.bbmpackaging.com\/wp-content\/uploads\/2021\/03\/BBM-HSB-30.jpg","datePublished":"2021-08-23T09:25:54+00:00","dateModified":"2026-02-05T11:29:25+00:00","description":"Manipulador de ejes cartesianos para manipulaci\u00f3n a alta velocidad de paquetes y cajas, con estructura robusta y control electr\u00f3nico preciso.","breadcrumb":{"@id":"https:\/\/www.bbmpackaging.com\/es\/maquinas\/bbm-manipulador-ejes-cartesianos\/#breadcrumb"},"inLanguage":"es","potentialAction":[{"@type":"ReadAction","target":["https:\/\/www.bbmpackaging.com\/es\/maquinas\/bbm-manipulador-ejes-cartesianos\/"]}]},{"@type":"ImageObject","inLanguage":"es","@id":"https:\/\/www.bbmpackaging.com\/es\/maquinas\/bbm-manipulador-ejes-cartesianos\/#primaryimage","url":"https:\/\/cdn.bbmpackaging.com\/wp-content\/uploads\/2021\/03\/BBM-HSB-30.jpg","contentUrl":"https:\/\/cdn.bbmpackaging.com\/wp-content\/uploads\/2021\/03\/BBM-HSB-30.jpg","width":450,"height":370},{"@type":"BreadcrumbList","@id":"https:\/\/www.bbmpackaging.com\/es\/maquinas\/bbm-manipulador-ejes-cartesianos\/#breadcrumb","itemListElement":[{"@type":"ListItem","position":1,"name":"Home","item":"https:\/\/www.bbmpackaging.com\/es\/"},{"@type":"ListItem","position":2,"name":"Productos","item":"https:\/\/www.bbmpackaging.com\/es\/productos\/"},{"@type":"ListItem","position":3,"name":"Manipulador de eje cartesiano"}]},{"@type":"WebSite","@id":"https:\/\/www.bbmpackaging.com\/es\/#website","url":"https:\/\/www.bbmpackaging.com\/es\/","name":"BBM Packaging","description":"Imbottigliamento: macchinari manutenzione e much more","potentialAction":[{"@type":"SearchAction","target":{"@type":"EntryPoint","urlTemplate":"https:\/\/www.bbmpackaging.com\/es\/?s={search_term_string}"},"query-input":{"@type":"PropertyValueSpecification","valueRequired":true,"valueName":"search_term_string"}}],"inLanguage":"es"}]}},"_links":{"self":[{"href":"https:\/\/www.bbmpackaging.com\/es\/wp-json\/wp\/v2\/product\/21661","targetHints":{"allow":["GET"]}}],"collection":[{"href":"https:\/\/www.bbmpackaging.com\/es\/wp-json\/wp\/v2\/product"}],"about":[{"href":"https:\/\/www.bbmpackaging.com\/es\/wp-json\/wp\/v2\/types\/product"}],"replies":[{"embeddable":true,"href":"https:\/\/www.bbmpackaging.com\/es\/wp-json\/wp\/v2\/comments?post=21661"}],"wp:featuredmedia":[{"embeddable":true,"href":"https:\/\/www.bbmpackaging.com\/es\/wp-json\/wp\/v2\/media\/15132"}],"wp:attachment":[{"href":"https:\/\/www.bbmpackaging.com\/es\/wp-json\/wp\/v2\/media?parent=21661"}],"wp:term":[{"taxonomy":"brand","embeddable":true,"href":"https:\/\/www.bbmpackaging.com\/es\/wp-json\/wp\/v2\/brand?post=21661"},{"taxonomy":"product_brand","embeddable":true,"href":"https:\/\/www.bbmpackaging.com\/es\/wp-json\/wp\/v2\/product_brand?post=21661"},{"taxonomy":"product_cat","embeddable":true,"href":"https:\/\/www.bbmpackaging.com\/es\/wp-json\/wp\/v2\/product_cat?post=21661"},{"taxonomy":"product_tag","embeddable":true,"href":"https:\/\/www.bbmpackaging.com\/es\/wp-json\/wp\/v2\/product_tag?post=21661"}],"curies":[{"name":"wp","href":"https:\/\/api.w.org\/{rel}","templated":true}]}}