{"id":21717,"date":"2021-07-21T10:07:13","date_gmt":"2021-07-21T08:07:13","guid":{"rendered":"https:\/\/www.bbmpackaging.com\/prodotto\/fardellatrice-smi-sk-802f\/"},"modified":"2026-03-04T08:30:23","modified_gmt":"2026-03-04T07:30:23","slug":"fardellatrice-smi-sk-802f","status":"publish","type":"product","link":"https:\/\/www.bbmpackaging.com\/es\/maquinas\/enfajadoras-empaquetadoras-de-bandejas-usadas\/enfajadora-smi-sk-802f\/","title":{"rendered":"Enfajadora SMI SK802F"},"content":{"rendered":"<p>SMI SK802F Enfajadora autom\u00e1tica para el envasado en film retr\u00e1ctil.<br \/>\nEl desenrollado de las bobinas de pel\u00edcula est\u00e1 controlado por un motor sin escobillas, que garantiza un tensado preciso y constante de la pel\u00edcula.<\/p>\n","protected":false},"excerpt":{"rendered":"<p>Enfajadora autom\u00e1tica SMI SK802F usada con velocidad m\u00e1xima de hasta 100 ppm, reacondicionada y garantizada. La velocidad indicada en botellas por hora se refiere al formato est\u00e1ndar de 1500 ml en embalaje 3&#215;2.<\/p>\n","protected":false},"featured_media":17071,"comment_status":"closed","ping_status":"closed","template":"","meta":{"_acf_changed":false},"brand":[7439],"product_brand":[],"product_cat":[1107,1119],"product_tag":[],"class_list":{"0":"post-21717","1":"product","2":"type-product","3":"status-publish","4":"has-post-thumbnail","6":"brand-smi","7":"product_cat-usadas","8":"product_cat-enfajadoras-empaquetadoras-de-bandejas-usadas","10":"first","11":"instock","12":"product-type-simple"},"acf":[],"yoast_head":"<!-- This site is optimized with the Yoast SEO plugin v27.2 - https:\/\/yoast.com\/product\/yoast-seo-wordpress\/ -->\n<title>Enfajadora SMI SK 802F Usada - BBM Packaging<\/title>\n<meta name=\"description\" content=\"Descubra la enfajadora autom\u00e1tica SMI SK802F con lado derecho del operador usada. Enfardadora de film retr\u00e1ctil, velocidad m\u00e1xima 100 ppm. Ver m\u00e1s\" \/>\n<meta name=\"robots\" content=\"index, follow, max-snippet:-1, max-image-preview:large, max-video-preview:-1\" \/>\n<link rel=\"canonical\" href=\"https:\/\/www.bbmpackaging.com\/es\/maquinas\/enfajadoras-empaquetadoras-de-bandejas-usadas\/enfajadora-smi-sk-802f\/\" \/>\n<meta property=\"og:locale\" content=\"es_ES\" \/>\n<meta property=\"og:type\" content=\"article\" \/>\n<meta property=\"og:title\" content=\"Enfajadora SMI SK 802F Usada - BBM Packaging\" \/>\n<meta property=\"og:description\" content=\"Descubra la enfajadora autom\u00e1tica SMI SK802F con lado derecho del operador usada. Enfardadora de film retr\u00e1ctil, velocidad m\u00e1xima 100 ppm. Ver m\u00e1s\" \/>\n<meta property=\"og:url\" content=\"https:\/\/www.bbmpackaging.com\/es\/maquinas\/enfajadoras-empaquetadoras-de-bandejas-usadas\/enfajadora-smi-sk-802f\/\" \/>\n<meta property=\"og:site_name\" content=\"BBM Packaging\" \/>\n<meta property=\"article:modified_time\" content=\"2026-03-04T07:30:23+00:00\" \/>\n<meta property=\"og:image\" content=\"https:\/\/www.bbmpackaging.com\/wp-content\/uploads\/2021\/07\/SMI-SK802F-BBM-U21-MainFoto.jpg\" \/>\n\t<meta property=\"og:image:width\" content=\"560\" \/>\n\t<meta property=\"og:image:height\" content=\"420\" \/>\n\t<meta property=\"og:image:type\" content=\"image\/jpeg\" \/>\n<meta name=\"twitter:card\" content=\"summary_large_image\" \/>\n<meta name=\"twitter:label1\" content=\"Tiempo de lectura\" \/>\n\t<meta name=\"twitter:data1\" content=\"1 minuto\" \/>\n<script type=\"application\/ld+json\" class=\"yoast-schema-graph\">{\"@context\":\"https:\/\/schema.org\",\"@graph\":[{\"@type\":\"WebPage\",\"@id\":\"https:\/\/www.bbmpackaging.com\/es\/maquinas\/enfajadoras-empaquetadoras-de-bandejas-usadas\/enfajadora-smi-sk-802f\/\",\"url\":\"https:\/\/www.bbmpackaging.com\/es\/maquinas\/enfajadoras-empaquetadoras-de-bandejas-usadas\/enfajadora-smi-sk-802f\/\",\"name\":\"Enfajadora SMI SK 802F Usada - BBM Packaging\",\"isPartOf\":{\"@id\":\"https:\/\/www.bbmpackaging.com\/es\/#website\"},\"primaryImageOfPage\":{\"@id\":\"https:\/\/www.bbmpackaging.com\/es\/maquinas\/enfajadoras-empaquetadoras-de-bandejas-usadas\/enfajadora-smi-sk-802f\/#primaryimage\"},\"image\":{\"@id\":\"https:\/\/www.bbmpackaging.com\/es\/maquinas\/enfajadoras-empaquetadoras-de-bandejas-usadas\/enfajadora-smi-sk-802f\/#primaryimage\"},\"thumbnailUrl\":\"https:\/\/cdn.bbmpackaging.com\/wp-content\/uploads\/2021\/07\/SMI-SK802F-BBM-U21-MainFoto.jpg\",\"datePublished\":\"2021-07-21T08:07:13+00:00\",\"dateModified\":\"2026-03-04T07:30:23+00:00\",\"description\":\"Descubra la enfajadora autom\u00e1tica SMI SK802F con lado derecho del operador usada. Enfardadora de film retr\u00e1ctil, velocidad m\u00e1xima 100 ppm. Ver m\u00e1s\",\"breadcrumb\":{\"@id\":\"https:\/\/www.bbmpackaging.com\/es\/maquinas\/enfajadoras-empaquetadoras-de-bandejas-usadas\/enfajadora-smi-sk-802f\/#breadcrumb\"},\"inLanguage\":\"es\",\"potentialAction\":[{\"@type\":\"ReadAction\",\"target\":[\"https:\/\/www.bbmpackaging.com\/es\/maquinas\/enfajadoras-empaquetadoras-de-bandejas-usadas\/enfajadora-smi-sk-802f\/\"]}]},{\"@type\":\"ImageObject\",\"inLanguage\":\"es\",\"@id\":\"https:\/\/www.bbmpackaging.com\/es\/maquinas\/enfajadoras-empaquetadoras-de-bandejas-usadas\/enfajadora-smi-sk-802f\/#primaryimage\",\"url\":\"https:\/\/cdn.bbmpackaging.com\/wp-content\/uploads\/2021\/07\/SMI-SK802F-BBM-U21-MainFoto.jpg\",\"contentUrl\":\"https:\/\/cdn.bbmpackaging.com\/wp-content\/uploads\/2021\/07\/SMI-SK802F-BBM-U21-MainFoto.jpg\",\"width\":560,\"height\":420},{\"@type\":\"BreadcrumbList\",\"@id\":\"https:\/\/www.bbmpackaging.com\/es\/maquinas\/enfajadoras-empaquetadoras-de-bandejas-usadas\/enfajadora-smi-sk-802f\/#breadcrumb\",\"itemListElement\":[{\"@type\":\"ListItem\",\"position\":1,\"name\":\"Home\",\"item\":\"https:\/\/www.bbmpackaging.com\/es\/\"},{\"@type\":\"ListItem\",\"position\":2,\"name\":\"Productos\",\"item\":\"https:\/\/www.bbmpackaging.com\/es\/productos\/\"},{\"@type\":\"ListItem\",\"position\":3,\"name\":\"Usado\",\"item\":\"https:\/\/www.bbmpackaging.com\/es\/maquinas\/usadas\/\"},{\"@type\":\"ListItem\",\"position\":4,\"name\":\"Enfajadoras y empaquetadoras\",\"item\":\"https:\/\/www.bbmpackaging.com\/es\/maquinas\/enfajadoras-empaquetadoras-de-bandejas-usadas\/\"},{\"@type\":\"ListItem\",\"position\":5,\"name\":\"Enfajadora SMI SK802F\"}]},{\"@type\":\"WebSite\",\"@id\":\"https:\/\/www.bbmpackaging.com\/es\/#website\",\"url\":\"https:\/\/www.bbmpackaging.com\/es\/\",\"name\":\"BBM Packaging\",\"description\":\"Imbottigliamento: macchinari manutenzione e much more\",\"potentialAction\":[{\"@type\":\"SearchAction\",\"target\":{\"@type\":\"EntryPoint\",\"urlTemplate\":\"https:\/\/www.bbmpackaging.com\/es\/?s={search_term_string}\"},\"query-input\":{\"@type\":\"PropertyValueSpecification\",\"valueRequired\":true,\"valueName\":\"search_term_string\"}}],\"inLanguage\":\"es\"}]}<\/script>\n<!-- \/ Yoast SEO plugin. -->","yoast_head_json":{"title":"Enfajadora SMI SK 802F Usada - BBM Packaging","description":"Descubra la enfajadora autom\u00e1tica SMI SK802F con lado derecho del operador usada. Enfardadora de film retr\u00e1ctil, velocidad m\u00e1xima 100 ppm. Ver m\u00e1s","robots":{"index":"index","follow":"follow","max-snippet":"max-snippet:-1","max-image-preview":"max-image-preview:large","max-video-preview":"max-video-preview:-1"},"canonical":"https:\/\/www.bbmpackaging.com\/es\/maquinas\/enfajadoras-empaquetadoras-de-bandejas-usadas\/enfajadora-smi-sk-802f\/","og_locale":"es_ES","og_type":"article","og_title":"Enfajadora SMI SK 802F Usada - BBM Packaging","og_description":"Descubra la enfajadora autom\u00e1tica SMI SK802F con lado derecho del operador usada. Enfardadora de film retr\u00e1ctil, velocidad m\u00e1xima 100 ppm. Ver m\u00e1s","og_url":"https:\/\/www.bbmpackaging.com\/es\/maquinas\/enfajadoras-empaquetadoras-de-bandejas-usadas\/enfajadora-smi-sk-802f\/","og_site_name":"BBM Packaging","article_modified_time":"2026-03-04T07:30:23+00:00","og_image":[{"width":560,"height":420,"url":"https:\/\/www.bbmpackaging.com\/wp-content\/uploads\/2021\/07\/SMI-SK802F-BBM-U21-MainFoto.jpg","type":"image\/jpeg"}],"twitter_card":"summary_large_image","twitter_misc":{"Tiempo de lectura":"1 minuto"},"schema":{"@context":"https:\/\/schema.org","@graph":[{"@type":"WebPage","@id":"https:\/\/www.bbmpackaging.com\/es\/maquinas\/enfajadoras-empaquetadoras-de-bandejas-usadas\/enfajadora-smi-sk-802f\/","url":"https:\/\/www.bbmpackaging.com\/es\/maquinas\/enfajadoras-empaquetadoras-de-bandejas-usadas\/enfajadora-smi-sk-802f\/","name":"Enfajadora SMI SK 802F Usada - BBM Packaging","isPartOf":{"@id":"https:\/\/www.bbmpackaging.com\/es\/#website"},"primaryImageOfPage":{"@id":"https:\/\/www.bbmpackaging.com\/es\/maquinas\/enfajadoras-empaquetadoras-de-bandejas-usadas\/enfajadora-smi-sk-802f\/#primaryimage"},"image":{"@id":"https:\/\/www.bbmpackaging.com\/es\/maquinas\/enfajadoras-empaquetadoras-de-bandejas-usadas\/enfajadora-smi-sk-802f\/#primaryimage"},"thumbnailUrl":"https:\/\/cdn.bbmpackaging.com\/wp-content\/uploads\/2021\/07\/SMI-SK802F-BBM-U21-MainFoto.jpg","datePublished":"2021-07-21T08:07:13+00:00","dateModified":"2026-03-04T07:30:23+00:00","description":"Descubra la enfajadora autom\u00e1tica SMI SK802F con lado derecho del operador usada. Enfardadora de film retr\u00e1ctil, velocidad m\u00e1xima 100 ppm. Ver m\u00e1s","breadcrumb":{"@id":"https:\/\/www.bbmpackaging.com\/es\/maquinas\/enfajadoras-empaquetadoras-de-bandejas-usadas\/enfajadora-smi-sk-802f\/#breadcrumb"},"inLanguage":"es","potentialAction":[{"@type":"ReadAction","target":["https:\/\/www.bbmpackaging.com\/es\/maquinas\/enfajadoras-empaquetadoras-de-bandejas-usadas\/enfajadora-smi-sk-802f\/"]}]},{"@type":"ImageObject","inLanguage":"es","@id":"https:\/\/www.bbmpackaging.com\/es\/maquinas\/enfajadoras-empaquetadoras-de-bandejas-usadas\/enfajadora-smi-sk-802f\/#primaryimage","url":"https:\/\/cdn.bbmpackaging.com\/wp-content\/uploads\/2021\/07\/SMI-SK802F-BBM-U21-MainFoto.jpg","contentUrl":"https:\/\/cdn.bbmpackaging.com\/wp-content\/uploads\/2021\/07\/SMI-SK802F-BBM-U21-MainFoto.jpg","width":560,"height":420},{"@type":"BreadcrumbList","@id":"https:\/\/www.bbmpackaging.com\/es\/maquinas\/enfajadoras-empaquetadoras-de-bandejas-usadas\/enfajadora-smi-sk-802f\/#breadcrumb","itemListElement":[{"@type":"ListItem","position":1,"name":"Home","item":"https:\/\/www.bbmpackaging.com\/es\/"},{"@type":"ListItem","position":2,"name":"Productos","item":"https:\/\/www.bbmpackaging.com\/es\/productos\/"},{"@type":"ListItem","position":3,"name":"Usado","item":"https:\/\/www.bbmpackaging.com\/es\/maquinas\/usadas\/"},{"@type":"ListItem","position":4,"name":"Enfajadoras y empaquetadoras","item":"https:\/\/www.bbmpackaging.com\/es\/maquinas\/enfajadoras-empaquetadoras-de-bandejas-usadas\/"},{"@type":"ListItem","position":5,"name":"Enfajadora SMI SK802F"}]},{"@type":"WebSite","@id":"https:\/\/www.bbmpackaging.com\/es\/#website","url":"https:\/\/www.bbmpackaging.com\/es\/","name":"BBM Packaging","description":"Imbottigliamento: macchinari manutenzione e much more","potentialAction":[{"@type":"SearchAction","target":{"@type":"EntryPoint","urlTemplate":"https:\/\/www.bbmpackaging.com\/es\/?s={search_term_string}"},"query-input":{"@type":"PropertyValueSpecification","valueRequired":true,"valueName":"search_term_string"}}],"inLanguage":"es"}]}},"_links":{"self":[{"href":"https:\/\/www.bbmpackaging.com\/es\/wp-json\/wp\/v2\/product\/21717","targetHints":{"allow":["GET"]}}],"collection":[{"href":"https:\/\/www.bbmpackaging.com\/es\/wp-json\/wp\/v2\/product"}],"about":[{"href":"https:\/\/www.bbmpackaging.com\/es\/wp-json\/wp\/v2\/types\/product"}],"replies":[{"embeddable":true,"href":"https:\/\/www.bbmpackaging.com\/es\/wp-json\/wp\/v2\/comments?post=21717"}],"wp:featuredmedia":[{"embeddable":true,"href":"https:\/\/www.bbmpackaging.com\/es\/wp-json\/wp\/v2\/media\/17071"}],"wp:attachment":[{"href":"https:\/\/www.bbmpackaging.com\/es\/wp-json\/wp\/v2\/media?parent=21717"}],"wp:term":[{"taxonomy":"brand","embeddable":true,"href":"https:\/\/www.bbmpackaging.com\/es\/wp-json\/wp\/v2\/brand?post=21717"},{"taxonomy":"product_brand","embeddable":true,"href":"https:\/\/www.bbmpackaging.com\/es\/wp-json\/wp\/v2\/product_brand?post=21717"},{"taxonomy":"product_cat","embeddable":true,"href":"https:\/\/www.bbmpackaging.com\/es\/wp-json\/wp\/v2\/product_cat?post=21717"},{"taxonomy":"product_tag","embeddable":true,"href":"https:\/\/www.bbmpackaging.com\/es\/wp-json\/wp\/v2\/product_tag?post=21717"}],"curies":[{"name":"wp","href":"https:\/\/api.w.org\/{rel}","templated":true}]}}