{"id":21854,"date":"2021-07-16T10:20:53","date_gmt":"2021-07-16T08:20:53","guid":{"rendered":"https:\/\/www.bbmpackaging.com\/prodotto\/nastri-bottiglie\/"},"modified":"2026-02-05T12:29:41","modified_gmt":"2026-02-05T11:29:41","slug":"nastri-bottiglie","status":"publish","type":"product","link":"https:\/\/www.bbmpackaging.com\/es\/maquinas\/cintas-transportadoras\/cintas-para-botellas\/","title":{"rendered":"Cintas transportadoras de envases"},"content":{"rendered":"<p>Las cintas transportadoras de botellas est\u00e1n fabricadas con una s\u00f3lida estructura de acero y est\u00e1n formadas por cadenas de acero inoxidable o de pl\u00e1stico. Las cintas transportadoras est\u00e1n controladas por sensores y controladores especiales que permiten una producci\u00f3n continua.<\/p>\n","protected":false},"excerpt":{"rendered":"<p>Las cintas transportadoras de botellas est\u00e1n fabricadas con una s\u00f3lida estructura de acero y est\u00e1n formadas por cadenas&#8230;<\/p>\n","protected":false},"featured_media":16138,"comment_status":"open","ping_status":"closed","template":"","meta":{"_acf_changed":false},"brand":[7498],"product_brand":[],"product_cat":[1105,1131,1107],"product_tag":[],"class_list":{"0":"post-21854","1":"product","2":"type-product","3":"status-publish","4":"has-post-thumbnail","6":"brand-bbm-packaging","7":"product_cat-nuevas","8":"product_cat-cintas-transportadoras","9":"product_cat-usadas","11":"first","12":"instock","13":"shipping-taxable","14":"product-type-simple"},"acf":[],"yoast_head":"<!-- This site is optimized with the Yoast SEO plugin v27.2 - https:\/\/yoast.com\/product\/yoast-seo-wordpress\/ -->\n<title>Cintas transportadoras para botellas - BBM Packaging<\/title>\n<meta name=\"description\" content=\"Cintas transportadoras para botellas con cadenas de acero o pl\u00e1stico, dise\u00f1adas para robustez y durabilidad. Perfectas para la eficiencia en las l\u00edneas de embotellado.\" \/>\n<meta name=\"robots\" content=\"index, follow, max-snippet:-1, max-image-preview:large, max-video-preview:-1\" \/>\n<link rel=\"canonical\" href=\"https:\/\/www.bbmpackaging.com\/es\/maquinas\/cintas-transportadoras\/cintas-para-botellas\/\" \/>\n<meta property=\"og:locale\" content=\"es_ES\" \/>\n<meta property=\"og:type\" content=\"article\" \/>\n<meta property=\"og:title\" content=\"Cintas transportadoras para botellas - BBM Packaging\" \/>\n<meta property=\"og:description\" content=\"Cintas transportadoras para botellas con cadenas de acero o pl\u00e1stico, dise\u00f1adas para robustez y durabilidad. Perfectas para la eficiencia en las l\u00edneas de embotellado.\" \/>\n<meta property=\"og:url\" content=\"https:\/\/www.bbmpackaging.com\/es\/maquinas\/cintas-transportadoras\/cintas-para-botellas\/\" \/>\n<meta property=\"og:site_name\" content=\"BBM Packaging\" \/>\n<meta property=\"article:modified_time\" content=\"2026-02-05T11:29:41+00:00\" \/>\n<meta property=\"og:image\" content=\"https:\/\/www.bbmpackaging.com\/wp-content\/uploads\/2021\/07\/prew-nastri-bottiglie.jpg\" \/>\n\t<meta property=\"og:image:width\" content=\"560\" \/>\n\t<meta property=\"og:image:height\" content=\"420\" \/>\n\t<meta property=\"og:image:type\" content=\"image\/jpeg\" \/>\n<meta name=\"twitter:card\" content=\"summary_large_image\" \/>\n<meta name=\"twitter:label1\" content=\"Tiempo de lectura\" \/>\n\t<meta name=\"twitter:data1\" content=\"1 minuto\" \/>\n<script type=\"application\/ld+json\" class=\"yoast-schema-graph\">{\"@context\":\"https:\/\/schema.org\",\"@graph\":[{\"@type\":\"WebPage\",\"@id\":\"https:\/\/www.bbmpackaging.com\/es\/maquinas\/cintas-transportadoras\/cintas-para-botellas\/\",\"url\":\"https:\/\/www.bbmpackaging.com\/es\/maquinas\/cintas-transportadoras\/cintas-para-botellas\/\",\"name\":\"Cintas transportadoras para botellas - BBM Packaging\",\"isPartOf\":{\"@id\":\"https:\/\/www.bbmpackaging.com\/es\/#website\"},\"primaryImageOfPage\":{\"@id\":\"https:\/\/www.bbmpackaging.com\/es\/maquinas\/cintas-transportadoras\/cintas-para-botellas\/#primaryimage\"},\"image\":{\"@id\":\"https:\/\/www.bbmpackaging.com\/es\/maquinas\/cintas-transportadoras\/cintas-para-botellas\/#primaryimage\"},\"thumbnailUrl\":\"https:\/\/cdn.bbmpackaging.com\/wp-content\/uploads\/2021\/07\/prew-nastri-bottiglie.jpg\",\"datePublished\":\"2021-07-16T08:20:53+00:00\",\"dateModified\":\"2026-02-05T11:29:41+00:00\",\"description\":\"Cintas transportadoras para botellas con cadenas de acero o pl\u00e1stico, dise\u00f1adas para robustez y durabilidad. Perfectas para la eficiencia en las l\u00edneas de embotellado.\",\"breadcrumb\":{\"@id\":\"https:\/\/www.bbmpackaging.com\/es\/maquinas\/cintas-transportadoras\/cintas-para-botellas\/#breadcrumb\"},\"inLanguage\":\"es\",\"potentialAction\":[{\"@type\":\"ReadAction\",\"target\":[\"https:\/\/www.bbmpackaging.com\/es\/maquinas\/cintas-transportadoras\/cintas-para-botellas\/\"]}]},{\"@type\":\"ImageObject\",\"inLanguage\":\"es\",\"@id\":\"https:\/\/www.bbmpackaging.com\/es\/maquinas\/cintas-transportadoras\/cintas-para-botellas\/#primaryimage\",\"url\":\"https:\/\/cdn.bbmpackaging.com\/wp-content\/uploads\/2021\/07\/prew-nastri-bottiglie.jpg\",\"contentUrl\":\"https:\/\/cdn.bbmpackaging.com\/wp-content\/uploads\/2021\/07\/prew-nastri-bottiglie.jpg\",\"width\":560,\"height\":420},{\"@type\":\"BreadcrumbList\",\"@id\":\"https:\/\/www.bbmpackaging.com\/es\/maquinas\/cintas-transportadoras\/cintas-para-botellas\/#breadcrumb\",\"itemListElement\":[{\"@type\":\"ListItem\",\"position\":1,\"name\":\"Home\",\"item\":\"https:\/\/www.bbmpackaging.com\/es\/\"},{\"@type\":\"ListItem\",\"position\":2,\"name\":\"Productos\",\"item\":\"https:\/\/www.bbmpackaging.com\/es\/productos\/\"},{\"@type\":\"ListItem\",\"position\":3,\"name\":\"Nuevo\",\"item\":\"https:\/\/www.bbmpackaging.com\/es\/maquinas\/nuevas\/\"},{\"@type\":\"ListItem\",\"position\":4,\"name\":\"Cintas transportadoras de envases\"}]},{\"@type\":\"WebSite\",\"@id\":\"https:\/\/www.bbmpackaging.com\/es\/#website\",\"url\":\"https:\/\/www.bbmpackaging.com\/es\/\",\"name\":\"BBM Packaging\",\"description\":\"Imbottigliamento: macchinari manutenzione e much more\",\"potentialAction\":[{\"@type\":\"SearchAction\",\"target\":{\"@type\":\"EntryPoint\",\"urlTemplate\":\"https:\/\/www.bbmpackaging.com\/es\/?s={search_term_string}\"},\"query-input\":{\"@type\":\"PropertyValueSpecification\",\"valueRequired\":true,\"valueName\":\"search_term_string\"}}],\"inLanguage\":\"es\"}]}<\/script>\n<!-- \/ Yoast SEO plugin. -->","yoast_head_json":{"title":"Cintas transportadoras para botellas - BBM Packaging","description":"Cintas transportadoras para botellas con cadenas de acero o pl\u00e1stico, dise\u00f1adas para robustez y durabilidad. Perfectas para la eficiencia en las l\u00edneas de embotellado.","robots":{"index":"index","follow":"follow","max-snippet":"max-snippet:-1","max-image-preview":"max-image-preview:large","max-video-preview":"max-video-preview:-1"},"canonical":"https:\/\/www.bbmpackaging.com\/es\/maquinas\/cintas-transportadoras\/cintas-para-botellas\/","og_locale":"es_ES","og_type":"article","og_title":"Cintas transportadoras para botellas - BBM Packaging","og_description":"Cintas transportadoras para botellas con cadenas de acero o pl\u00e1stico, dise\u00f1adas para robustez y durabilidad. Perfectas para la eficiencia en las l\u00edneas de embotellado.","og_url":"https:\/\/www.bbmpackaging.com\/es\/maquinas\/cintas-transportadoras\/cintas-para-botellas\/","og_site_name":"BBM Packaging","article_modified_time":"2026-02-05T11:29:41+00:00","og_image":[{"width":560,"height":420,"url":"https:\/\/www.bbmpackaging.com\/wp-content\/uploads\/2021\/07\/prew-nastri-bottiglie.jpg","type":"image\/jpeg"}],"twitter_card":"summary_large_image","twitter_misc":{"Tiempo de lectura":"1 minuto"},"schema":{"@context":"https:\/\/schema.org","@graph":[{"@type":"WebPage","@id":"https:\/\/www.bbmpackaging.com\/es\/maquinas\/cintas-transportadoras\/cintas-para-botellas\/","url":"https:\/\/www.bbmpackaging.com\/es\/maquinas\/cintas-transportadoras\/cintas-para-botellas\/","name":"Cintas transportadoras para botellas - BBM Packaging","isPartOf":{"@id":"https:\/\/www.bbmpackaging.com\/es\/#website"},"primaryImageOfPage":{"@id":"https:\/\/www.bbmpackaging.com\/es\/maquinas\/cintas-transportadoras\/cintas-para-botellas\/#primaryimage"},"image":{"@id":"https:\/\/www.bbmpackaging.com\/es\/maquinas\/cintas-transportadoras\/cintas-para-botellas\/#primaryimage"},"thumbnailUrl":"https:\/\/cdn.bbmpackaging.com\/wp-content\/uploads\/2021\/07\/prew-nastri-bottiglie.jpg","datePublished":"2021-07-16T08:20:53+00:00","dateModified":"2026-02-05T11:29:41+00:00","description":"Cintas transportadoras para botellas con cadenas de acero o pl\u00e1stico, dise\u00f1adas para robustez y durabilidad. Perfectas para la eficiencia en las l\u00edneas de embotellado.","breadcrumb":{"@id":"https:\/\/www.bbmpackaging.com\/es\/maquinas\/cintas-transportadoras\/cintas-para-botellas\/#breadcrumb"},"inLanguage":"es","potentialAction":[{"@type":"ReadAction","target":["https:\/\/www.bbmpackaging.com\/es\/maquinas\/cintas-transportadoras\/cintas-para-botellas\/"]}]},{"@type":"ImageObject","inLanguage":"es","@id":"https:\/\/www.bbmpackaging.com\/es\/maquinas\/cintas-transportadoras\/cintas-para-botellas\/#primaryimage","url":"https:\/\/cdn.bbmpackaging.com\/wp-content\/uploads\/2021\/07\/prew-nastri-bottiglie.jpg","contentUrl":"https:\/\/cdn.bbmpackaging.com\/wp-content\/uploads\/2021\/07\/prew-nastri-bottiglie.jpg","width":560,"height":420},{"@type":"BreadcrumbList","@id":"https:\/\/www.bbmpackaging.com\/es\/maquinas\/cintas-transportadoras\/cintas-para-botellas\/#breadcrumb","itemListElement":[{"@type":"ListItem","position":1,"name":"Home","item":"https:\/\/www.bbmpackaging.com\/es\/"},{"@type":"ListItem","position":2,"name":"Productos","item":"https:\/\/www.bbmpackaging.com\/es\/productos\/"},{"@type":"ListItem","position":3,"name":"Nuevo","item":"https:\/\/www.bbmpackaging.com\/es\/maquinas\/nuevas\/"},{"@type":"ListItem","position":4,"name":"Cintas transportadoras de envases"}]},{"@type":"WebSite","@id":"https:\/\/www.bbmpackaging.com\/es\/#website","url":"https:\/\/www.bbmpackaging.com\/es\/","name":"BBM Packaging","description":"Imbottigliamento: macchinari manutenzione e much more","potentialAction":[{"@type":"SearchAction","target":{"@type":"EntryPoint","urlTemplate":"https:\/\/www.bbmpackaging.com\/es\/?s={search_term_string}"},"query-input":{"@type":"PropertyValueSpecification","valueRequired":true,"valueName":"search_term_string"}}],"inLanguage":"es"}]}},"_links":{"self":[{"href":"https:\/\/www.bbmpackaging.com\/es\/wp-json\/wp\/v2\/product\/21854","targetHints":{"allow":["GET"]}}],"collection":[{"href":"https:\/\/www.bbmpackaging.com\/es\/wp-json\/wp\/v2\/product"}],"about":[{"href":"https:\/\/www.bbmpackaging.com\/es\/wp-json\/wp\/v2\/types\/product"}],"replies":[{"embeddable":true,"href":"https:\/\/www.bbmpackaging.com\/es\/wp-json\/wp\/v2\/comments?post=21854"}],"wp:featuredmedia":[{"embeddable":true,"href":"https:\/\/www.bbmpackaging.com\/es\/wp-json\/wp\/v2\/media\/16138"}],"wp:attachment":[{"href":"https:\/\/www.bbmpackaging.com\/es\/wp-json\/wp\/v2\/media?parent=21854"}],"wp:term":[{"taxonomy":"brand","embeddable":true,"href":"https:\/\/www.bbmpackaging.com\/es\/wp-json\/wp\/v2\/brand?post=21854"},{"taxonomy":"product_brand","embeddable":true,"href":"https:\/\/www.bbmpackaging.com\/es\/wp-json\/wp\/v2\/product_brand?post=21854"},{"taxonomy":"product_cat","embeddable":true,"href":"https:\/\/www.bbmpackaging.com\/es\/wp-json\/wp\/v2\/product_cat?post=21854"},{"taxonomy":"product_tag","embeddable":true,"href":"https:\/\/www.bbmpackaging.com\/es\/wp-json\/wp\/v2\/product_tag?post=21854"}],"curies":[{"name":"wp","href":"https:\/\/api.w.org\/{rel}","templated":true}]}}