{"id":27498,"date":"2022-03-29T15:26:57","date_gmt":"2022-03-29T13:26:57","guid":{"rendered":"https:\/\/www.bbmpackaging.com\/prodotto\/mettisigillo-etipack-super-1-3-2-5\/"},"modified":"2026-02-05T12:25:26","modified_gmt":"2026-02-05T11:25:26","slug":"mettisigillo-etipack-super-1-3-2-5","status":"publish","type":"product","link":"https:\/\/www.bbmpackaging.com\/es\/maquinas\/etiquetadoras-usadas\/selladora-etipack-super-13-25\/","title":{"rendered":"Selladora ETIPACK Super 1.3 \u2013 2.5"},"content":{"rendered":"<p>Selladora\u00a0 Etipack usada, modelo Super 1.3 &#8211; 2.5, revisada y garantizada, con un rendimiento nominal de 42.000 botellas para hora<\/p>\n","protected":false},"excerpt":{"rendered":"<p>Selladora Etipack reacondicionada y garantizada, con doble cabeza<\/p>\n","protected":false},"featured_media":28530,"comment_status":"open","ping_status":"closed","template":"","meta":{"_acf_changed":false},"brand":[7492],"product_brand":[],"product_cat":[1104,1107,1117],"product_tag":[2729,2744,2745,2746,2747],"class_list":{"0":"post-27498","1":"product","2":"type-product","3":"status-publish","4":"has-post-thumbnail","6":"brand-etipack","7":"product_cat-maquinas","8":"product_cat-usadas","9":"product_cat-etiquetadoras-usadas","10":"product_tag-bottling-es","11":"product_tag-sealer-es","12":"product_tag-tamper-evident-es","13":"product_tag-labeller-es","14":"product_tag-machine-es","16":"first","17":"instock","18":"shipping-taxable","19":"product-type-simple"},"acf":[],"yoast_head":"<!-- This site is optimized with the Yoast SEO plugin v27.2 - https:\/\/yoast.com\/product\/yoast-seo-wordpress\/ -->\n<title>Selladora ETIPACK Super 1.3-2.5 Usada - BBM Packaging<\/title>\n<meta name=\"description\" content=\"Descubra la m\u00e1quina selladora Etipack, revisada y garantizada y con doble cabezal. Obtenga m\u00e1s informaci\u00f3n en nuestro sitio web y cont\u00e1ctenos para obtener informaci\u00f3n.\" \/>\n<meta name=\"robots\" content=\"index, follow, max-snippet:-1, max-image-preview:large, max-video-preview:-1\" \/>\n<link rel=\"canonical\" href=\"https:\/\/www.bbmpackaging.com\/es\/maquinas\/etiquetadoras-usadas\/selladora-etipack-super-13-25\/\" \/>\n<meta property=\"og:locale\" content=\"es_ES\" \/>\n<meta property=\"og:type\" content=\"article\" \/>\n<meta property=\"og:title\" content=\"Selladora ETIPACK Super 1.3-2.5 Usada - BBM Packaging\" \/>\n<meta property=\"og:description\" content=\"Descubra la m\u00e1quina selladora Etipack, revisada y garantizada y con doble cabezal. Obtenga m\u00e1s informaci\u00f3n en nuestro sitio web y cont\u00e1ctenos para obtener informaci\u00f3n.\" \/>\n<meta property=\"og:url\" content=\"https:\/\/www.bbmpackaging.com\/es\/maquinas\/etiquetadoras-usadas\/selladora-etipack-super-13-25\/\" \/>\n<meta property=\"og:site_name\" content=\"BBM Packaging\" \/>\n<meta property=\"article:modified_time\" content=\"2026-02-05T11:25:26+00:00\" \/>\n<meta property=\"og:image\" content=\"https:\/\/www.bbmpackaging.com\/wp-content\/uploads\/2022\/03\/mettisigillo.jpg\" \/>\n\t<meta property=\"og:image:width\" content=\"420\" \/>\n\t<meta property=\"og:image:height\" content=\"315\" \/>\n\t<meta property=\"og:image:type\" content=\"image\/jpeg\" \/>\n<meta name=\"twitter:card\" content=\"summary_large_image\" \/>\n<meta name=\"twitter:label1\" content=\"Tiempo de lectura\" \/>\n\t<meta name=\"twitter:data1\" content=\"1 minuto\" \/>\n<script type=\"application\/ld+json\" class=\"yoast-schema-graph\">{\"@context\":\"https:\/\/schema.org\",\"@graph\":[{\"@type\":\"WebPage\",\"@id\":\"https:\/\/www.bbmpackaging.com\/es\/maquinas\/etiquetadoras-usadas\/selladora-etipack-super-13-25\/\",\"url\":\"https:\/\/www.bbmpackaging.com\/es\/maquinas\/etiquetadoras-usadas\/selladora-etipack-super-13-25\/\",\"name\":\"Selladora ETIPACK Super 1.3-2.5 Usada - BBM Packaging\",\"isPartOf\":{\"@id\":\"https:\/\/www.bbmpackaging.com\/es\/#website\"},\"primaryImageOfPage\":{\"@id\":\"https:\/\/www.bbmpackaging.com\/es\/maquinas\/etiquetadoras-usadas\/selladora-etipack-super-13-25\/#primaryimage\"},\"image\":{\"@id\":\"https:\/\/www.bbmpackaging.com\/es\/maquinas\/etiquetadoras-usadas\/selladora-etipack-super-13-25\/#primaryimage\"},\"thumbnailUrl\":\"https:\/\/cdn.bbmpackaging.com\/wp-content\/uploads\/2022\/03\/mettisigillo.jpg\",\"datePublished\":\"2022-03-29T13:26:57+00:00\",\"dateModified\":\"2026-02-05T11:25:26+00:00\",\"description\":\"Descubra la m\u00e1quina selladora Etipack, revisada y garantizada y con doble cabezal. Obtenga m\u00e1s informaci\u00f3n en nuestro sitio web y cont\u00e1ctenos para obtener informaci\u00f3n.\",\"breadcrumb\":{\"@id\":\"https:\/\/www.bbmpackaging.com\/es\/maquinas\/etiquetadoras-usadas\/selladora-etipack-super-13-25\/#breadcrumb\"},\"inLanguage\":\"es\",\"potentialAction\":[{\"@type\":\"ReadAction\",\"target\":[\"https:\/\/www.bbmpackaging.com\/es\/maquinas\/etiquetadoras-usadas\/selladora-etipack-super-13-25\/\"]}]},{\"@type\":\"ImageObject\",\"inLanguage\":\"es\",\"@id\":\"https:\/\/www.bbmpackaging.com\/es\/maquinas\/etiquetadoras-usadas\/selladora-etipack-super-13-25\/#primaryimage\",\"url\":\"https:\/\/cdn.bbmpackaging.com\/wp-content\/uploads\/2022\/03\/mettisigillo.jpg\",\"contentUrl\":\"https:\/\/cdn.bbmpackaging.com\/wp-content\/uploads\/2022\/03\/mettisigillo.jpg\",\"width\":420,\"height\":315,\"caption\":\"mettisigillo Etipack BBM Service\"},{\"@type\":\"BreadcrumbList\",\"@id\":\"https:\/\/www.bbmpackaging.com\/es\/maquinas\/etiquetadoras-usadas\/selladora-etipack-super-13-25\/#breadcrumb\",\"itemListElement\":[{\"@type\":\"ListItem\",\"position\":1,\"name\":\"Home\",\"item\":\"https:\/\/www.bbmpackaging.com\/es\/\"},{\"@type\":\"ListItem\",\"position\":2,\"name\":\"Productos\",\"item\":\"https:\/\/www.bbmpackaging.com\/es\/productos\/\"},{\"@type\":\"ListItem\",\"position\":3,\"name\":\"Usado\",\"item\":\"https:\/\/www.bbmpackaging.com\/es\/maquinas\/usadas\/\"},{\"@type\":\"ListItem\",\"position\":4,\"name\":\"Etiquetadoras\",\"item\":\"https:\/\/www.bbmpackaging.com\/es\/maquinas\/etiquetadoras-usadas\/\"},{\"@type\":\"ListItem\",\"position\":5,\"name\":\"Selladora ETIPACK Super 1.3 \u2013 2.5\"}]},{\"@type\":\"WebSite\",\"@id\":\"https:\/\/www.bbmpackaging.com\/es\/#website\",\"url\":\"https:\/\/www.bbmpackaging.com\/es\/\",\"name\":\"BBM Packaging\",\"description\":\"Imbottigliamento: macchinari manutenzione e much more\",\"potentialAction\":[{\"@type\":\"SearchAction\",\"target\":{\"@type\":\"EntryPoint\",\"urlTemplate\":\"https:\/\/www.bbmpackaging.com\/es\/?s={search_term_string}\"},\"query-input\":{\"@type\":\"PropertyValueSpecification\",\"valueRequired\":true,\"valueName\":\"search_term_string\"}}],\"inLanguage\":\"es\"}]}<\/script>\n<!-- \/ Yoast SEO plugin. -->","yoast_head_json":{"title":"Selladora ETIPACK Super 1.3-2.5 Usada - BBM Packaging","description":"Descubra la m\u00e1quina selladora Etipack, revisada y garantizada y con doble cabezal. Obtenga m\u00e1s informaci\u00f3n en nuestro sitio web y cont\u00e1ctenos para obtener informaci\u00f3n.","robots":{"index":"index","follow":"follow","max-snippet":"max-snippet:-1","max-image-preview":"max-image-preview:large","max-video-preview":"max-video-preview:-1"},"canonical":"https:\/\/www.bbmpackaging.com\/es\/maquinas\/etiquetadoras-usadas\/selladora-etipack-super-13-25\/","og_locale":"es_ES","og_type":"article","og_title":"Selladora ETIPACK Super 1.3-2.5 Usada - BBM Packaging","og_description":"Descubra la m\u00e1quina selladora Etipack, revisada y garantizada y con doble cabezal. Obtenga m\u00e1s informaci\u00f3n en nuestro sitio web y cont\u00e1ctenos para obtener informaci\u00f3n.","og_url":"https:\/\/www.bbmpackaging.com\/es\/maquinas\/etiquetadoras-usadas\/selladora-etipack-super-13-25\/","og_site_name":"BBM Packaging","article_modified_time":"2026-02-05T11:25:26+00:00","og_image":[{"width":420,"height":315,"url":"https:\/\/www.bbmpackaging.com\/wp-content\/uploads\/2022\/03\/mettisigillo.jpg","type":"image\/jpeg"}],"twitter_card":"summary_large_image","twitter_misc":{"Tiempo de lectura":"1 minuto"},"schema":{"@context":"https:\/\/schema.org","@graph":[{"@type":"WebPage","@id":"https:\/\/www.bbmpackaging.com\/es\/maquinas\/etiquetadoras-usadas\/selladora-etipack-super-13-25\/","url":"https:\/\/www.bbmpackaging.com\/es\/maquinas\/etiquetadoras-usadas\/selladora-etipack-super-13-25\/","name":"Selladora ETIPACK Super 1.3-2.5 Usada - BBM Packaging","isPartOf":{"@id":"https:\/\/www.bbmpackaging.com\/es\/#website"},"primaryImageOfPage":{"@id":"https:\/\/www.bbmpackaging.com\/es\/maquinas\/etiquetadoras-usadas\/selladora-etipack-super-13-25\/#primaryimage"},"image":{"@id":"https:\/\/www.bbmpackaging.com\/es\/maquinas\/etiquetadoras-usadas\/selladora-etipack-super-13-25\/#primaryimage"},"thumbnailUrl":"https:\/\/cdn.bbmpackaging.com\/wp-content\/uploads\/2022\/03\/mettisigillo.jpg","datePublished":"2022-03-29T13:26:57+00:00","dateModified":"2026-02-05T11:25:26+00:00","description":"Descubra la m\u00e1quina selladora Etipack, revisada y garantizada y con doble cabezal. Obtenga m\u00e1s informaci\u00f3n en nuestro sitio web y cont\u00e1ctenos para obtener informaci\u00f3n.","breadcrumb":{"@id":"https:\/\/www.bbmpackaging.com\/es\/maquinas\/etiquetadoras-usadas\/selladora-etipack-super-13-25\/#breadcrumb"},"inLanguage":"es","potentialAction":[{"@type":"ReadAction","target":["https:\/\/www.bbmpackaging.com\/es\/maquinas\/etiquetadoras-usadas\/selladora-etipack-super-13-25\/"]}]},{"@type":"ImageObject","inLanguage":"es","@id":"https:\/\/www.bbmpackaging.com\/es\/maquinas\/etiquetadoras-usadas\/selladora-etipack-super-13-25\/#primaryimage","url":"https:\/\/cdn.bbmpackaging.com\/wp-content\/uploads\/2022\/03\/mettisigillo.jpg","contentUrl":"https:\/\/cdn.bbmpackaging.com\/wp-content\/uploads\/2022\/03\/mettisigillo.jpg","width":420,"height":315,"caption":"mettisigillo Etipack BBM Service"},{"@type":"BreadcrumbList","@id":"https:\/\/www.bbmpackaging.com\/es\/maquinas\/etiquetadoras-usadas\/selladora-etipack-super-13-25\/#breadcrumb","itemListElement":[{"@type":"ListItem","position":1,"name":"Home","item":"https:\/\/www.bbmpackaging.com\/es\/"},{"@type":"ListItem","position":2,"name":"Productos","item":"https:\/\/www.bbmpackaging.com\/es\/productos\/"},{"@type":"ListItem","position":3,"name":"Usado","item":"https:\/\/www.bbmpackaging.com\/es\/maquinas\/usadas\/"},{"@type":"ListItem","position":4,"name":"Etiquetadoras","item":"https:\/\/www.bbmpackaging.com\/es\/maquinas\/etiquetadoras-usadas\/"},{"@type":"ListItem","position":5,"name":"Selladora ETIPACK Super 1.3 \u2013 2.5"}]},{"@type":"WebSite","@id":"https:\/\/www.bbmpackaging.com\/es\/#website","url":"https:\/\/www.bbmpackaging.com\/es\/","name":"BBM Packaging","description":"Imbottigliamento: macchinari manutenzione e much more","potentialAction":[{"@type":"SearchAction","target":{"@type":"EntryPoint","urlTemplate":"https:\/\/www.bbmpackaging.com\/es\/?s={search_term_string}"},"query-input":{"@type":"PropertyValueSpecification","valueRequired":true,"valueName":"search_term_string"}}],"inLanguage":"es"}]}},"_links":{"self":[{"href":"https:\/\/www.bbmpackaging.com\/es\/wp-json\/wp\/v2\/product\/27498","targetHints":{"allow":["GET"]}}],"collection":[{"href":"https:\/\/www.bbmpackaging.com\/es\/wp-json\/wp\/v2\/product"}],"about":[{"href":"https:\/\/www.bbmpackaging.com\/es\/wp-json\/wp\/v2\/types\/product"}],"replies":[{"embeddable":true,"href":"https:\/\/www.bbmpackaging.com\/es\/wp-json\/wp\/v2\/comments?post=27498"}],"wp:featuredmedia":[{"embeddable":true,"href":"https:\/\/www.bbmpackaging.com\/es\/wp-json\/wp\/v2\/media\/28530"}],"wp:attachment":[{"href":"https:\/\/www.bbmpackaging.com\/es\/wp-json\/wp\/v2\/media?parent=27498"}],"wp:term":[{"taxonomy":"brand","embeddable":true,"href":"https:\/\/www.bbmpackaging.com\/es\/wp-json\/wp\/v2\/brand?post=27498"},{"taxonomy":"product_brand","embeddable":true,"href":"https:\/\/www.bbmpackaging.com\/es\/wp-json\/wp\/v2\/product_brand?post=27498"},{"taxonomy":"product_cat","embeddable":true,"href":"https:\/\/www.bbmpackaging.com\/es\/wp-json\/wp\/v2\/product_cat?post=27498"},{"taxonomy":"product_tag","embeddable":true,"href":"https:\/\/www.bbmpackaging.com\/es\/wp-json\/wp\/v2\/product_tag?post=27498"}],"curies":[{"name":"wp","href":"https:\/\/api.w.org\/{rel}","templated":true}]}}