{"id":27673,"date":"2022-03-29T16:15:58","date_gmt":"2022-03-29T14:15:58","guid":{"rendered":"https:\/\/www.bbmpackaging.com\/prodotto\/premix-procomac-starmix-15000\/"},"modified":"2026-02-05T12:25:26","modified_gmt":"2026-02-05T11:25:26","slug":"premix-procomac-starmix-15000","status":"publish","type":"product","link":"https:\/\/www.bbmpackaging.com\/es\/maquinas\/carbonatadores-mezcladores-usados\/premix-procomac-starmix-15000\/","title":{"rendered":"Premix Procomac Starmix 15000"},"content":{"rendered":"<p>Premix SIG Simonazzi usado<\/p>\n","protected":false},"excerpt":{"rendered":"<p>Premezcla Procomac Starmix, disponible usado, reacondicionado y garantizado por BBM Service<\/p>\n","protected":false},"featured_media":27670,"comment_status":"open","ping_status":"closed","template":"","meta":{"_acf_changed":false},"brand":[7525],"product_brand":[],"product_cat":[1104,1115,1107],"product_tag":[2782,2781,2780,2779,2778,2729],"class_list":{"0":"post-27673","1":"product","2":"type-product","3":"status-publish","4":"has-post-thumbnail","6":"brand-gea-procomac","7":"product_cat-maquinas","8":"product_cat-carbonatadores-mezcladores-usados","9":"product_cat-usadas","10":"product_tag-usato-es","11":"product_tag-imbottigliamento-es","12":"product_tag-procomac-es","13":"product_tag-saturatore-es","14":"product_tag-premix-es","15":"product_tag-bottling-es","17":"first","18":"instock","19":"shipping-taxable","20":"product-type-simple"},"acf":[],"yoast_head":"<!-- This site is optimized with the Yoast SEO plugin v27.2 - https:\/\/yoast.com\/product\/yoast-seo-wordpress\/ -->\n<title>Premix Procomac Starmix 15000 - BBM Packaging<\/title>\n<meta name=\"description\" content=\"Descubra el Premix Procomac Starmix, usada, disponible reacondicionada y garantizada por BBM Service. Cont\u00e1ctenos para m\u00e1s informaci\u00f3n sobre el producto.\" \/>\n<meta name=\"robots\" content=\"index, follow, max-snippet:-1, max-image-preview:large, max-video-preview:-1\" \/>\n<link rel=\"canonical\" href=\"https:\/\/www.bbmpackaging.com\/es\/maquinas\/carbonatadores-mezcladores-usados\/premix-procomac-starmix-15000\/\" \/>\n<meta property=\"og:locale\" content=\"es_ES\" \/>\n<meta property=\"og:type\" content=\"article\" \/>\n<meta property=\"og:title\" content=\"Premix Procomac Starmix 15000 - BBM Packaging\" \/>\n<meta property=\"og:description\" content=\"Descubra el Premix Procomac Starmix, usada, disponible reacondicionada y garantizada por BBM Service. Cont\u00e1ctenos para m\u00e1s informaci\u00f3n sobre el producto.\" \/>\n<meta property=\"og:url\" content=\"https:\/\/www.bbmpackaging.com\/es\/maquinas\/carbonatadores-mezcladores-usados\/premix-procomac-starmix-15000\/\" \/>\n<meta property=\"og:site_name\" content=\"BBM Packaging\" \/>\n<meta property=\"article:modified_time\" content=\"2026-02-05T11:25:26+00:00\" \/>\n<meta property=\"og:image\" content=\"https:\/\/www.bbmpackaging.com\/wp-content\/uploads\/2022\/03\/foto-prodotto_premix-starmix.jpg-1.jpg\" \/>\n\t<meta property=\"og:image:width\" content=\"560\" \/>\n\t<meta property=\"og:image:height\" content=\"420\" \/>\n\t<meta property=\"og:image:type\" content=\"image\/jpeg\" \/>\n<meta name=\"twitter:card\" content=\"summary_large_image\" \/>\n<meta name=\"twitter:label1\" content=\"Tiempo de lectura\" \/>\n\t<meta name=\"twitter:data1\" content=\"1 minuto\" \/>\n<script type=\"application\/ld+json\" class=\"yoast-schema-graph\">{\"@context\":\"https:\/\/schema.org\",\"@graph\":[{\"@type\":\"WebPage\",\"@id\":\"https:\/\/www.bbmpackaging.com\/es\/maquinas\/carbonatadores-mezcladores-usados\/premix-procomac-starmix-15000\/\",\"url\":\"https:\/\/www.bbmpackaging.com\/es\/maquinas\/carbonatadores-mezcladores-usados\/premix-procomac-starmix-15000\/\",\"name\":\"Premix Procomac Starmix 15000 - BBM Packaging\",\"isPartOf\":{\"@id\":\"https:\/\/www.bbmpackaging.com\/es\/#website\"},\"primaryImageOfPage\":{\"@id\":\"https:\/\/www.bbmpackaging.com\/es\/maquinas\/carbonatadores-mezcladores-usados\/premix-procomac-starmix-15000\/#primaryimage\"},\"image\":{\"@id\":\"https:\/\/www.bbmpackaging.com\/es\/maquinas\/carbonatadores-mezcladores-usados\/premix-procomac-starmix-15000\/#primaryimage\"},\"thumbnailUrl\":\"https:\/\/cdn.bbmpackaging.com\/wp-content\/uploads\/2022\/03\/foto-prodotto_premix-starmix.jpg-1.jpg\",\"datePublished\":\"2022-03-29T14:15:58+00:00\",\"dateModified\":\"2026-02-05T11:25:26+00:00\",\"description\":\"Descubra el Premix Procomac Starmix, usada, disponible reacondicionada y garantizada por BBM Service. Cont\u00e1ctenos para m\u00e1s informaci\u00f3n sobre el producto.\",\"breadcrumb\":{\"@id\":\"https:\/\/www.bbmpackaging.com\/es\/maquinas\/carbonatadores-mezcladores-usados\/premix-procomac-starmix-15000\/#breadcrumb\"},\"inLanguage\":\"es\",\"potentialAction\":[{\"@type\":\"ReadAction\",\"target\":[\"https:\/\/www.bbmpackaging.com\/es\/maquinas\/carbonatadores-mezcladores-usados\/premix-procomac-starmix-15000\/\"]}]},{\"@type\":\"ImageObject\",\"inLanguage\":\"es\",\"@id\":\"https:\/\/www.bbmpackaging.com\/es\/maquinas\/carbonatadores-mezcladores-usados\/premix-procomac-starmix-15000\/#primaryimage\",\"url\":\"https:\/\/cdn.bbmpackaging.com\/wp-content\/uploads\/2022\/03\/foto-prodotto_premix-starmix.jpg-1.jpg\",\"contentUrl\":\"https:\/\/cdn.bbmpackaging.com\/wp-content\/uploads\/2022\/03\/foto-prodotto_premix-starmix.jpg-1.jpg\",\"width\":560,\"height\":420},{\"@type\":\"BreadcrumbList\",\"@id\":\"https:\/\/www.bbmpackaging.com\/es\/maquinas\/carbonatadores-mezcladores-usados\/premix-procomac-starmix-15000\/#breadcrumb\",\"itemListElement\":[{\"@type\":\"ListItem\",\"position\":1,\"name\":\"Home\",\"item\":\"https:\/\/www.bbmpackaging.com\/es\/\"},{\"@type\":\"ListItem\",\"position\":2,\"name\":\"Productos\",\"item\":\"https:\/\/www.bbmpackaging.com\/es\/productos\/\"},{\"@type\":\"ListItem\",\"position\":3,\"name\":\"Usado\",\"item\":\"https:\/\/www.bbmpackaging.com\/es\/maquinas\/usadas\/\"},{\"@type\":\"ListItem\",\"position\":4,\"name\":\"Carbonatadores y mezcladores\",\"item\":\"https:\/\/www.bbmpackaging.com\/es\/maquinas\/carbonatadores-mezcladores-usados\/\"},{\"@type\":\"ListItem\",\"position\":5,\"name\":\"Premix Procomac Starmix 15000\"}]},{\"@type\":\"WebSite\",\"@id\":\"https:\/\/www.bbmpackaging.com\/es\/#website\",\"url\":\"https:\/\/www.bbmpackaging.com\/es\/\",\"name\":\"BBM Packaging\",\"description\":\"Imbottigliamento: macchinari manutenzione e much more\",\"potentialAction\":[{\"@type\":\"SearchAction\",\"target\":{\"@type\":\"EntryPoint\",\"urlTemplate\":\"https:\/\/www.bbmpackaging.com\/es\/?s={search_term_string}\"},\"query-input\":{\"@type\":\"PropertyValueSpecification\",\"valueRequired\":true,\"valueName\":\"search_term_string\"}}],\"inLanguage\":\"es\"}]}<\/script>\n<!-- \/ Yoast SEO plugin. -->","yoast_head_json":{"title":"Premix Procomac Starmix 15000 - BBM Packaging","description":"Descubra el Premix Procomac Starmix, usada, disponible reacondicionada y garantizada por BBM Service. Cont\u00e1ctenos para m\u00e1s informaci\u00f3n sobre el producto.","robots":{"index":"index","follow":"follow","max-snippet":"max-snippet:-1","max-image-preview":"max-image-preview:large","max-video-preview":"max-video-preview:-1"},"canonical":"https:\/\/www.bbmpackaging.com\/es\/maquinas\/carbonatadores-mezcladores-usados\/premix-procomac-starmix-15000\/","og_locale":"es_ES","og_type":"article","og_title":"Premix Procomac Starmix 15000 - BBM Packaging","og_description":"Descubra el Premix Procomac Starmix, usada, disponible reacondicionada y garantizada por BBM Service. Cont\u00e1ctenos para m\u00e1s informaci\u00f3n sobre el producto.","og_url":"https:\/\/www.bbmpackaging.com\/es\/maquinas\/carbonatadores-mezcladores-usados\/premix-procomac-starmix-15000\/","og_site_name":"BBM Packaging","article_modified_time":"2026-02-05T11:25:26+00:00","og_image":[{"width":560,"height":420,"url":"https:\/\/www.bbmpackaging.com\/wp-content\/uploads\/2022\/03\/foto-prodotto_premix-starmix.jpg-1.jpg","type":"image\/jpeg"}],"twitter_card":"summary_large_image","twitter_misc":{"Tiempo de lectura":"1 minuto"},"schema":{"@context":"https:\/\/schema.org","@graph":[{"@type":"WebPage","@id":"https:\/\/www.bbmpackaging.com\/es\/maquinas\/carbonatadores-mezcladores-usados\/premix-procomac-starmix-15000\/","url":"https:\/\/www.bbmpackaging.com\/es\/maquinas\/carbonatadores-mezcladores-usados\/premix-procomac-starmix-15000\/","name":"Premix Procomac Starmix 15000 - BBM Packaging","isPartOf":{"@id":"https:\/\/www.bbmpackaging.com\/es\/#website"},"primaryImageOfPage":{"@id":"https:\/\/www.bbmpackaging.com\/es\/maquinas\/carbonatadores-mezcladores-usados\/premix-procomac-starmix-15000\/#primaryimage"},"image":{"@id":"https:\/\/www.bbmpackaging.com\/es\/maquinas\/carbonatadores-mezcladores-usados\/premix-procomac-starmix-15000\/#primaryimage"},"thumbnailUrl":"https:\/\/cdn.bbmpackaging.com\/wp-content\/uploads\/2022\/03\/foto-prodotto_premix-starmix.jpg-1.jpg","datePublished":"2022-03-29T14:15:58+00:00","dateModified":"2026-02-05T11:25:26+00:00","description":"Descubra el Premix Procomac Starmix, usada, disponible reacondicionada y garantizada por BBM Service. Cont\u00e1ctenos para m\u00e1s informaci\u00f3n sobre el producto.","breadcrumb":{"@id":"https:\/\/www.bbmpackaging.com\/es\/maquinas\/carbonatadores-mezcladores-usados\/premix-procomac-starmix-15000\/#breadcrumb"},"inLanguage":"es","potentialAction":[{"@type":"ReadAction","target":["https:\/\/www.bbmpackaging.com\/es\/maquinas\/carbonatadores-mezcladores-usados\/premix-procomac-starmix-15000\/"]}]},{"@type":"ImageObject","inLanguage":"es","@id":"https:\/\/www.bbmpackaging.com\/es\/maquinas\/carbonatadores-mezcladores-usados\/premix-procomac-starmix-15000\/#primaryimage","url":"https:\/\/cdn.bbmpackaging.com\/wp-content\/uploads\/2022\/03\/foto-prodotto_premix-starmix.jpg-1.jpg","contentUrl":"https:\/\/cdn.bbmpackaging.com\/wp-content\/uploads\/2022\/03\/foto-prodotto_premix-starmix.jpg-1.jpg","width":560,"height":420},{"@type":"BreadcrumbList","@id":"https:\/\/www.bbmpackaging.com\/es\/maquinas\/carbonatadores-mezcladores-usados\/premix-procomac-starmix-15000\/#breadcrumb","itemListElement":[{"@type":"ListItem","position":1,"name":"Home","item":"https:\/\/www.bbmpackaging.com\/es\/"},{"@type":"ListItem","position":2,"name":"Productos","item":"https:\/\/www.bbmpackaging.com\/es\/productos\/"},{"@type":"ListItem","position":3,"name":"Usado","item":"https:\/\/www.bbmpackaging.com\/es\/maquinas\/usadas\/"},{"@type":"ListItem","position":4,"name":"Carbonatadores y mezcladores","item":"https:\/\/www.bbmpackaging.com\/es\/maquinas\/carbonatadores-mezcladores-usados\/"},{"@type":"ListItem","position":5,"name":"Premix Procomac Starmix 15000"}]},{"@type":"WebSite","@id":"https:\/\/www.bbmpackaging.com\/es\/#website","url":"https:\/\/www.bbmpackaging.com\/es\/","name":"BBM Packaging","description":"Imbottigliamento: macchinari manutenzione e much more","potentialAction":[{"@type":"SearchAction","target":{"@type":"EntryPoint","urlTemplate":"https:\/\/www.bbmpackaging.com\/es\/?s={search_term_string}"},"query-input":{"@type":"PropertyValueSpecification","valueRequired":true,"valueName":"search_term_string"}}],"inLanguage":"es"}]}},"_links":{"self":[{"href":"https:\/\/www.bbmpackaging.com\/es\/wp-json\/wp\/v2\/product\/27673","targetHints":{"allow":["GET"]}}],"collection":[{"href":"https:\/\/www.bbmpackaging.com\/es\/wp-json\/wp\/v2\/product"}],"about":[{"href":"https:\/\/www.bbmpackaging.com\/es\/wp-json\/wp\/v2\/types\/product"}],"replies":[{"embeddable":true,"href":"https:\/\/www.bbmpackaging.com\/es\/wp-json\/wp\/v2\/comments?post=27673"}],"wp:featuredmedia":[{"embeddable":true,"href":"https:\/\/www.bbmpackaging.com\/es\/wp-json\/wp\/v2\/media\/27670"}],"wp:attachment":[{"href":"https:\/\/www.bbmpackaging.com\/es\/wp-json\/wp\/v2\/media?parent=27673"}],"wp:term":[{"taxonomy":"brand","embeddable":true,"href":"https:\/\/www.bbmpackaging.com\/es\/wp-json\/wp\/v2\/brand?post=27673"},{"taxonomy":"product_brand","embeddable":true,"href":"https:\/\/www.bbmpackaging.com\/es\/wp-json\/wp\/v2\/product_brand?post=27673"},{"taxonomy":"product_cat","embeddable":true,"href":"https:\/\/www.bbmpackaging.com\/es\/wp-json\/wp\/v2\/product_cat?post=27673"},{"taxonomy":"product_tag","embeddable":true,"href":"https:\/\/www.bbmpackaging.com\/es\/wp-json\/wp\/v2\/product_tag?post=27673"}],"curies":[{"name":"wp","href":"https:\/\/api.w.org\/{rel}","templated":true}]}}