{"id":28018,"date":"2022-03-30T16:58:03","date_gmt":"2022-03-30T14:58:03","guid":{"rendered":"https:\/\/www.bbmpackaging.com\/prodotto\/banco-di-accumulo-unifilare\/"},"modified":"2026-02-24T16:26:04","modified_gmt":"2026-02-24T15:26:04","slug":"banco-di-accumulo-unifilare","status":"publish","type":"product","link":"https:\/\/www.bbmpackaging.com\/es\/banco-di-accumulo-unifilare\/","title":{"rendered":"Banco de acumulaci\u00f3n monoconductor"},"content":{"rendered":"<p>El banco de acumulaci\u00f3n de una fila est\u00e1 fabricado con estructuras y componentes de acero inoxidable AISI 304 id\u00e9nticos a los necesarios para la construcci\u00f3n de los transportadores de lamas.<strong> Consta de dos cintas modulares paralelas, colocadas en direcciones opuestas, y de un carro motorizado especial que transporta los envases de una cinta a la otra siguiendo el flujo de producci\u00f3n.<\/strong> La mesa de acumulaci\u00f3n de una l\u00ednea se utiliza para sincronizar y acumular el producto de forma progresiva cuando se ralentiza la m\u00e1quina descendente.<\/p>\n","protected":false},"excerpt":{"rendered":"<p>Banco de acumulaci\u00f3n monoconductor para formatos peque\u00f1os<\/p>\n","protected":false},"featured_media":28009,"comment_status":"open","ping_status":"closed","template":"","meta":{"_acf_changed":false},"brand":[7498],"product_brand":[],"product_cat":[1104,1131,1105],"product_tag":[2961,2960,2958],"class_list":{"0":"post-28018","1":"product","2":"type-product","3":"status-publish","4":"has-post-thumbnail","6":"brand-bbm-packaging","7":"product_cat-maquinas","8":"product_cat-cintas-transportadoras","9":"product_cat-nuevas","10":"product_tag-conveyors-es","11":"product_tag-nastri-es","12":"product_tag-banco-di-accumulo-es","14":"first","15":"instock","16":"shipping-taxable","17":"product-type-simple"},"acf":[],"yoast_head":"<!-- This site is optimized with the Yoast SEO plugin v27.2 - https:\/\/yoast.com\/product\/yoast-seo-wordpress\/ -->\n<title>Banco de acumulaci\u00f3n Unifilar - BBM Packaging<\/title>\n<meta name=\"description\" content=\"Banco de acumulaci\u00f3n unifilar para sincronizar el flujo de productos y gestionar ralentizaciones en las l\u00edneas de producci\u00f3n de manera efectiva. Revisado y garantizado.\" \/>\n<meta name=\"robots\" content=\"index, follow, max-snippet:-1, max-image-preview:large, max-video-preview:-1\" \/>\n<link rel=\"canonical\" href=\"https:\/\/www.bbmpackaging.com\/es\/banco-di-accumulo-unifilare\/\" \/>\n<meta property=\"og:locale\" content=\"es_ES\" \/>\n<meta property=\"og:type\" content=\"article\" \/>\n<meta property=\"og:title\" content=\"Banco de acumulaci\u00f3n Unifilar - BBM Packaging\" \/>\n<meta property=\"og:description\" content=\"Banco de acumulaci\u00f3n unifilar para sincronizar el flujo de productos y gestionar ralentizaciones en las l\u00edneas de producci\u00f3n de manera efectiva. Revisado y garantizado.\" \/>\n<meta property=\"og:url\" content=\"https:\/\/www.bbmpackaging.com\/es\/banco-di-accumulo-unifilare\/\" \/>\n<meta property=\"og:site_name\" content=\"BBM Packaging\" \/>\n<meta property=\"article:modified_time\" content=\"2026-02-24T15:26:04+00:00\" \/>\n<meta property=\"og:image\" content=\"https:\/\/www.bbmpackaging.com\/wp-content\/uploads\/2022\/03\/foto-prodotto.jpg\" \/>\n\t<meta property=\"og:image:width\" content=\"1024\" \/>\n\t<meta property=\"og:image:height\" content=\"768\" \/>\n\t<meta property=\"og:image:type\" content=\"image\/jpeg\" \/>\n<meta name=\"twitter:card\" content=\"summary_large_image\" \/>\n<meta name=\"twitter:label1\" content=\"Tiempo de lectura\" \/>\n\t<meta name=\"twitter:data1\" content=\"1 minuto\" \/>\n<script type=\"application\/ld+json\" class=\"yoast-schema-graph\">{\"@context\":\"https:\/\/schema.org\",\"@graph\":[{\"@type\":\"WebPage\",\"@id\":\"https:\/\/www.bbmpackaging.com\/es\/banco-di-accumulo-unifilare\/\",\"url\":\"https:\/\/www.bbmpackaging.com\/es\/banco-di-accumulo-unifilare\/\",\"name\":\"Banco de acumulaci\u00f3n Unifilar - BBM Packaging\",\"isPartOf\":{\"@id\":\"https:\/\/www.bbmpackaging.com\/es\/#website\"},\"primaryImageOfPage\":{\"@id\":\"https:\/\/www.bbmpackaging.com\/es\/banco-di-accumulo-unifilare\/#primaryimage\"},\"image\":{\"@id\":\"https:\/\/www.bbmpackaging.com\/es\/banco-di-accumulo-unifilare\/#primaryimage\"},\"thumbnailUrl\":\"https:\/\/cdn.bbmpackaging.com\/wp-content\/uploads\/2022\/03\/foto-prodotto.jpg\",\"datePublished\":\"2022-03-30T14:58:03+00:00\",\"dateModified\":\"2026-02-24T15:26:04+00:00\",\"description\":\"Banco de acumulaci\u00f3n unifilar para sincronizar el flujo de productos y gestionar ralentizaciones en las l\u00edneas de producci\u00f3n de manera efectiva. Revisado y garantizado.\",\"breadcrumb\":{\"@id\":\"https:\/\/www.bbmpackaging.com\/es\/banco-di-accumulo-unifilare\/#breadcrumb\"},\"inLanguage\":\"es\",\"potentialAction\":[{\"@type\":\"ReadAction\",\"target\":[\"https:\/\/www.bbmpackaging.com\/es\/banco-di-accumulo-unifilare\/\"]}]},{\"@type\":\"ImageObject\",\"inLanguage\":\"es\",\"@id\":\"https:\/\/www.bbmpackaging.com\/es\/banco-di-accumulo-unifilare\/#primaryimage\",\"url\":\"https:\/\/cdn.bbmpackaging.com\/wp-content\/uploads\/2022\/03\/foto-prodotto.jpg\",\"contentUrl\":\"https:\/\/cdn.bbmpackaging.com\/wp-content\/uploads\/2022\/03\/foto-prodotto.jpg\",\"width\":1024,\"height\":768,\"caption\":\"Banco di accumulo BBM Service\"},{\"@type\":\"BreadcrumbList\",\"@id\":\"https:\/\/www.bbmpackaging.com\/es\/banco-di-accumulo-unifilare\/#breadcrumb\",\"itemListElement\":[{\"@type\":\"ListItem\",\"position\":1,\"name\":\"Home\",\"item\":\"https:\/\/www.bbmpackaging.com\/es\/\"},{\"@type\":\"ListItem\",\"position\":2,\"name\":\"Productos\",\"item\":\"https:\/\/www.bbmpackaging.com\/es\/productos\/\"},{\"@type\":\"ListItem\",\"position\":3,\"name\":\"Nuevo\",\"item\":\"https:\/\/www.bbmpackaging.com\/es\/maquinas\/nuevas\/\"},{\"@type\":\"ListItem\",\"position\":4,\"name\":\"Banco de acumulaci\u00f3n monoconductor\"}]},{\"@type\":\"WebSite\",\"@id\":\"https:\/\/www.bbmpackaging.com\/es\/#website\",\"url\":\"https:\/\/www.bbmpackaging.com\/es\/\",\"name\":\"BBM Packaging\",\"description\":\"Imbottigliamento: macchinari manutenzione e much more\",\"potentialAction\":[{\"@type\":\"SearchAction\",\"target\":{\"@type\":\"EntryPoint\",\"urlTemplate\":\"https:\/\/www.bbmpackaging.com\/es\/?s={search_term_string}\"},\"query-input\":{\"@type\":\"PropertyValueSpecification\",\"valueRequired\":true,\"valueName\":\"search_term_string\"}}],\"inLanguage\":\"es\"}]}<\/script>\n<!-- \/ Yoast SEO plugin. -->","yoast_head_json":{"title":"Banco de acumulaci\u00f3n Unifilar - BBM Packaging","description":"Banco de acumulaci\u00f3n unifilar para sincronizar el flujo de productos y gestionar ralentizaciones en las l\u00edneas de producci\u00f3n de manera efectiva. Revisado y garantizado.","robots":{"index":"index","follow":"follow","max-snippet":"max-snippet:-1","max-image-preview":"max-image-preview:large","max-video-preview":"max-video-preview:-1"},"canonical":"https:\/\/www.bbmpackaging.com\/es\/banco-di-accumulo-unifilare\/","og_locale":"es_ES","og_type":"article","og_title":"Banco de acumulaci\u00f3n Unifilar - BBM Packaging","og_description":"Banco de acumulaci\u00f3n unifilar para sincronizar el flujo de productos y gestionar ralentizaciones en las l\u00edneas de producci\u00f3n de manera efectiva. Revisado y garantizado.","og_url":"https:\/\/www.bbmpackaging.com\/es\/banco-di-accumulo-unifilare\/","og_site_name":"BBM Packaging","article_modified_time":"2026-02-24T15:26:04+00:00","og_image":[{"width":1024,"height":768,"url":"https:\/\/www.bbmpackaging.com\/wp-content\/uploads\/2022\/03\/foto-prodotto.jpg","type":"image\/jpeg"}],"twitter_card":"summary_large_image","twitter_misc":{"Tiempo de lectura":"1 minuto"},"schema":{"@context":"https:\/\/schema.org","@graph":[{"@type":"WebPage","@id":"https:\/\/www.bbmpackaging.com\/es\/banco-di-accumulo-unifilare\/","url":"https:\/\/www.bbmpackaging.com\/es\/banco-di-accumulo-unifilare\/","name":"Banco de acumulaci\u00f3n Unifilar - BBM Packaging","isPartOf":{"@id":"https:\/\/www.bbmpackaging.com\/es\/#website"},"primaryImageOfPage":{"@id":"https:\/\/www.bbmpackaging.com\/es\/banco-di-accumulo-unifilare\/#primaryimage"},"image":{"@id":"https:\/\/www.bbmpackaging.com\/es\/banco-di-accumulo-unifilare\/#primaryimage"},"thumbnailUrl":"https:\/\/cdn.bbmpackaging.com\/wp-content\/uploads\/2022\/03\/foto-prodotto.jpg","datePublished":"2022-03-30T14:58:03+00:00","dateModified":"2026-02-24T15:26:04+00:00","description":"Banco de acumulaci\u00f3n unifilar para sincronizar el flujo de productos y gestionar ralentizaciones en las l\u00edneas de producci\u00f3n de manera efectiva. Revisado y garantizado.","breadcrumb":{"@id":"https:\/\/www.bbmpackaging.com\/es\/banco-di-accumulo-unifilare\/#breadcrumb"},"inLanguage":"es","potentialAction":[{"@type":"ReadAction","target":["https:\/\/www.bbmpackaging.com\/es\/banco-di-accumulo-unifilare\/"]}]},{"@type":"ImageObject","inLanguage":"es","@id":"https:\/\/www.bbmpackaging.com\/es\/banco-di-accumulo-unifilare\/#primaryimage","url":"https:\/\/cdn.bbmpackaging.com\/wp-content\/uploads\/2022\/03\/foto-prodotto.jpg","contentUrl":"https:\/\/cdn.bbmpackaging.com\/wp-content\/uploads\/2022\/03\/foto-prodotto.jpg","width":1024,"height":768,"caption":"Banco di accumulo BBM Service"},{"@type":"BreadcrumbList","@id":"https:\/\/www.bbmpackaging.com\/es\/banco-di-accumulo-unifilare\/#breadcrumb","itemListElement":[{"@type":"ListItem","position":1,"name":"Home","item":"https:\/\/www.bbmpackaging.com\/es\/"},{"@type":"ListItem","position":2,"name":"Productos","item":"https:\/\/www.bbmpackaging.com\/es\/productos\/"},{"@type":"ListItem","position":3,"name":"Nuevo","item":"https:\/\/www.bbmpackaging.com\/es\/maquinas\/nuevas\/"},{"@type":"ListItem","position":4,"name":"Banco de acumulaci\u00f3n monoconductor"}]},{"@type":"WebSite","@id":"https:\/\/www.bbmpackaging.com\/es\/#website","url":"https:\/\/www.bbmpackaging.com\/es\/","name":"BBM Packaging","description":"Imbottigliamento: macchinari manutenzione e much more","potentialAction":[{"@type":"SearchAction","target":{"@type":"EntryPoint","urlTemplate":"https:\/\/www.bbmpackaging.com\/es\/?s={search_term_string}"},"query-input":{"@type":"PropertyValueSpecification","valueRequired":true,"valueName":"search_term_string"}}],"inLanguage":"es"}]}},"_links":{"self":[{"href":"https:\/\/www.bbmpackaging.com\/es\/wp-json\/wp\/v2\/product\/28018","targetHints":{"allow":["GET"]}}],"collection":[{"href":"https:\/\/www.bbmpackaging.com\/es\/wp-json\/wp\/v2\/product"}],"about":[{"href":"https:\/\/www.bbmpackaging.com\/es\/wp-json\/wp\/v2\/types\/product"}],"replies":[{"embeddable":true,"href":"https:\/\/www.bbmpackaging.com\/es\/wp-json\/wp\/v2\/comments?post=28018"}],"wp:featuredmedia":[{"embeddable":true,"href":"https:\/\/www.bbmpackaging.com\/es\/wp-json\/wp\/v2\/media\/28009"}],"wp:attachment":[{"href":"https:\/\/www.bbmpackaging.com\/es\/wp-json\/wp\/v2\/media?parent=28018"}],"wp:term":[{"taxonomy":"brand","embeddable":true,"href":"https:\/\/www.bbmpackaging.com\/es\/wp-json\/wp\/v2\/brand?post=28018"},{"taxonomy":"product_brand","embeddable":true,"href":"https:\/\/www.bbmpackaging.com\/es\/wp-json\/wp\/v2\/product_brand?post=28018"},{"taxonomy":"product_cat","embeddable":true,"href":"https:\/\/www.bbmpackaging.com\/es\/wp-json\/wp\/v2\/product_cat?post=28018"},{"taxonomy":"product_tag","embeddable":true,"href":"https:\/\/www.bbmpackaging.com\/es\/wp-json\/wp\/v2\/product_tag?post=28018"}],"curies":[{"name":"wp","href":"https:\/\/api.w.org\/{rel}","templated":true}]}}