{"id":32301,"date":"2023-02-02T14:29:45","date_gmt":"2023-02-02T13:29:45","guid":{"rendered":"https:\/\/www.bbmpackaging.com\/prodotto\/manigliatrice-comag-hm-100-1-50-ppm\/"},"modified":"2026-03-04T11:37:00","modified_gmt":"2026-03-04T10:37:00","slug":"manigliatrice-comag-hm-100-1-100-ppm","status":"publish","type":"product","link":"https:\/\/www.bbmpackaging.com\/es\/maquinas\/aplicadoras-de-asas-usadas\/aplicadora-de-asas-comag-h100-1-100\/","title":{"rendered":"Colocadora de asas COMAG HM 100\/1 &#8211; 100 ppm"},"content":{"rendered":"<p>Colocadora de asas COMAG utilizada para la aplicaci\u00f3n de asas con una capacidad de producci\u00f3n de hasta 100ppm<\/p>\n","protected":false},"excerpt":{"rendered":"<p>Colocadora de asas COMAG utilizada para la aplicaci\u00f3n de asas con una capacidad de producci\u00f3n de hasta 100ppm. La velocidad indicada en botellas por hora se refiere al formato est\u00e1ndar de 1500 ml en embalaje 3&#215;2.<\/p>\n","protected":false},"featured_media":27713,"comment_status":"open","ping_status":"closed","template":"","meta":{"_acf_changed":false},"brand":[7510],"product_brand":[],"product_cat":[1104,1107,1125],"product_tag":[2729,2747,2806,2807,2808],"class_list":{"0":"post-32301","1":"product","2":"type-product","3":"status-publish","4":"has-post-thumbnail","6":"brand-comag","7":"product_cat-maquinas","8":"product_cat-usadas","9":"product_cat-aplicadoras-de-asas-usadas","10":"product_tag-bottling-es","11":"product_tag-machine-es","12":"product_tag-handler-es","13":"product_tag-manigliatrice-es","14":"product_tag-used-es","16":"first","17":"instock","18":"shipping-taxable","19":"product-type-simple"},"acf":[],"yoast_head":"<!-- This site is optimized with the Yoast SEO plugin v27.2 - https:\/\/yoast.com\/product\/yoast-seo-wordpress\/ -->\n<title>Colocadora de asas COMAG HM 100\/1 Usada - BBM Packaging<\/title>\n<meta name=\"description\" content=\"Descubra la colocadora de asas Comag HM100\/1 usado para botellas de PET, con velocidad 110ppm con mango sobre cinta adhesiva. Revisado y Garantizado. Desc\u00fabrelo en l\u00ednea.\" \/>\n<meta name=\"robots\" content=\"index, follow, max-snippet:-1, max-image-preview:large, max-video-preview:-1\" \/>\n<link rel=\"canonical\" href=\"https:\/\/www.bbmpackaging.com\/es\/maquinas\/aplicadoras-de-asas-usadas\/aplicadora-de-asas-comag-h100-1-100\/\" \/>\n<meta property=\"og:locale\" content=\"es_ES\" \/>\n<meta property=\"og:type\" content=\"article\" \/>\n<meta property=\"og:title\" content=\"Colocadora de asas COMAG HM 100\/1 Usada - BBM Packaging\" \/>\n<meta property=\"og:description\" content=\"Descubra la colocadora de asas Comag HM100\/1 usado para botellas de PET, con velocidad 110ppm con mango sobre cinta adhesiva. Revisado y Garantizado. Desc\u00fabrelo en l\u00ednea.\" \/>\n<meta property=\"og:url\" content=\"https:\/\/www.bbmpackaging.com\/es\/maquinas\/aplicadoras-de-asas-usadas\/aplicadora-de-asas-comag-h100-1-100\/\" \/>\n<meta property=\"og:site_name\" content=\"BBM Packaging\" \/>\n<meta property=\"article:modified_time\" content=\"2026-03-04T10:37:00+00:00\" \/>\n<meta property=\"og:image\" content=\"https:\/\/www.bbmpackaging.com\/wp-content\/uploads\/2022\/03\/foto_prodotto.jpg-2.jpg\" \/>\n\t<meta property=\"og:image:width\" content=\"560\" \/>\n\t<meta property=\"og:image:height\" content=\"420\" \/>\n\t<meta property=\"og:image:type\" content=\"image\/jpeg\" \/>\n<meta name=\"twitter:card\" content=\"summary_large_image\" \/>\n<meta name=\"twitter:label1\" content=\"Tiempo de lectura\" \/>\n\t<meta name=\"twitter:data1\" content=\"1 minuto\" \/>\n<script type=\"application\/ld+json\" class=\"yoast-schema-graph\">{\"@context\":\"https:\/\/schema.org\",\"@graph\":[{\"@type\":\"WebPage\",\"@id\":\"https:\/\/www.bbmpackaging.com\/es\/maquinas\/aplicadoras-de-asas-usadas\/aplicadora-de-asas-comag-h100-1-100\/\",\"url\":\"https:\/\/www.bbmpackaging.com\/es\/maquinas\/aplicadoras-de-asas-usadas\/aplicadora-de-asas-comag-h100-1-100\/\",\"name\":\"Colocadora de asas COMAG HM 100\/1 Usada - BBM Packaging\",\"isPartOf\":{\"@id\":\"https:\/\/www.bbmpackaging.com\/es\/#website\"},\"primaryImageOfPage\":{\"@id\":\"https:\/\/www.bbmpackaging.com\/es\/maquinas\/aplicadoras-de-asas-usadas\/aplicadora-de-asas-comag-h100-1-100\/#primaryimage\"},\"image\":{\"@id\":\"https:\/\/www.bbmpackaging.com\/es\/maquinas\/aplicadoras-de-asas-usadas\/aplicadora-de-asas-comag-h100-1-100\/#primaryimage\"},\"thumbnailUrl\":\"https:\/\/cdn.bbmpackaging.com\/wp-content\/uploads\/2022\/03\/foto_prodotto.jpg-2.jpg\",\"datePublished\":\"2023-02-02T13:29:45+00:00\",\"dateModified\":\"2026-03-04T10:37:00+00:00\",\"description\":\"Descubra la colocadora de asas Comag HM100\/1 usado para botellas de PET, con velocidad 110ppm con mango sobre cinta adhesiva. Revisado y Garantizado. Desc\u00fabrelo en l\u00ednea.\",\"breadcrumb\":{\"@id\":\"https:\/\/www.bbmpackaging.com\/es\/maquinas\/aplicadoras-de-asas-usadas\/aplicadora-de-asas-comag-h100-1-100\/#breadcrumb\"},\"inLanguage\":\"es\",\"potentialAction\":[{\"@type\":\"ReadAction\",\"target\":[\"https:\/\/www.bbmpackaging.com\/es\/maquinas\/aplicadoras-de-asas-usadas\/aplicadora-de-asas-comag-h100-1-100\/\"]}]},{\"@type\":\"ImageObject\",\"inLanguage\":\"es\",\"@id\":\"https:\/\/www.bbmpackaging.com\/es\/maquinas\/aplicadoras-de-asas-usadas\/aplicadora-de-asas-comag-h100-1-100\/#primaryimage\",\"url\":\"https:\/\/cdn.bbmpackaging.com\/wp-content\/uploads\/2022\/03\/foto_prodotto.jpg-2.jpg\",\"contentUrl\":\"https:\/\/cdn.bbmpackaging.com\/wp-content\/uploads\/2022\/03\/foto_prodotto.jpg-2.jpg\",\"width\":560,\"height\":420},{\"@type\":\"BreadcrumbList\",\"@id\":\"https:\/\/www.bbmpackaging.com\/es\/maquinas\/aplicadoras-de-asas-usadas\/aplicadora-de-asas-comag-h100-1-100\/#breadcrumb\",\"itemListElement\":[{\"@type\":\"ListItem\",\"position\":1,\"name\":\"Home\",\"item\":\"https:\/\/www.bbmpackaging.com\/es\/\"},{\"@type\":\"ListItem\",\"position\":2,\"name\":\"Productos\",\"item\":\"https:\/\/www.bbmpackaging.com\/es\/productos\/\"},{\"@type\":\"ListItem\",\"position\":3,\"name\":\"Usado\",\"item\":\"https:\/\/www.bbmpackaging.com\/es\/maquinas\/usadas\/\"},{\"@type\":\"ListItem\",\"position\":4,\"name\":\"Colocadores de asas\",\"item\":\"https:\/\/www.bbmpackaging.com\/es\/maquinas\/aplicadoras-de-asas-usadas\/\"},{\"@type\":\"ListItem\",\"position\":5,\"name\":\"Colocadora de asas COMAG HM 100\/1 &#8211; 100 ppm\"}]},{\"@type\":\"WebSite\",\"@id\":\"https:\/\/www.bbmpackaging.com\/es\/#website\",\"url\":\"https:\/\/www.bbmpackaging.com\/es\/\",\"name\":\"BBM Packaging\",\"description\":\"Imbottigliamento: macchinari manutenzione e much more\",\"potentialAction\":[{\"@type\":\"SearchAction\",\"target\":{\"@type\":\"EntryPoint\",\"urlTemplate\":\"https:\/\/www.bbmpackaging.com\/es\/?s={search_term_string}\"},\"query-input\":{\"@type\":\"PropertyValueSpecification\",\"valueRequired\":true,\"valueName\":\"search_term_string\"}}],\"inLanguage\":\"es\"}]}<\/script>\n<!-- \/ Yoast SEO plugin. -->","yoast_head_json":{"title":"Colocadora de asas COMAG HM 100\/1 Usada - BBM Packaging","description":"Descubra la colocadora de asas Comag HM100\/1 usado para botellas de PET, con velocidad 110ppm con mango sobre cinta adhesiva. Revisado y Garantizado. Desc\u00fabrelo en l\u00ednea.","robots":{"index":"index","follow":"follow","max-snippet":"max-snippet:-1","max-image-preview":"max-image-preview:large","max-video-preview":"max-video-preview:-1"},"canonical":"https:\/\/www.bbmpackaging.com\/es\/maquinas\/aplicadoras-de-asas-usadas\/aplicadora-de-asas-comag-h100-1-100\/","og_locale":"es_ES","og_type":"article","og_title":"Colocadora de asas COMAG HM 100\/1 Usada - BBM Packaging","og_description":"Descubra la colocadora de asas Comag HM100\/1 usado para botellas de PET, con velocidad 110ppm con mango sobre cinta adhesiva. Revisado y Garantizado. Desc\u00fabrelo en l\u00ednea.","og_url":"https:\/\/www.bbmpackaging.com\/es\/maquinas\/aplicadoras-de-asas-usadas\/aplicadora-de-asas-comag-h100-1-100\/","og_site_name":"BBM Packaging","article_modified_time":"2026-03-04T10:37:00+00:00","og_image":[{"width":560,"height":420,"url":"https:\/\/www.bbmpackaging.com\/wp-content\/uploads\/2022\/03\/foto_prodotto.jpg-2.jpg","type":"image\/jpeg"}],"twitter_card":"summary_large_image","twitter_misc":{"Tiempo de lectura":"1 minuto"},"schema":{"@context":"https:\/\/schema.org","@graph":[{"@type":"WebPage","@id":"https:\/\/www.bbmpackaging.com\/es\/maquinas\/aplicadoras-de-asas-usadas\/aplicadora-de-asas-comag-h100-1-100\/","url":"https:\/\/www.bbmpackaging.com\/es\/maquinas\/aplicadoras-de-asas-usadas\/aplicadora-de-asas-comag-h100-1-100\/","name":"Colocadora de asas COMAG HM 100\/1 Usada - BBM Packaging","isPartOf":{"@id":"https:\/\/www.bbmpackaging.com\/es\/#website"},"primaryImageOfPage":{"@id":"https:\/\/www.bbmpackaging.com\/es\/maquinas\/aplicadoras-de-asas-usadas\/aplicadora-de-asas-comag-h100-1-100\/#primaryimage"},"image":{"@id":"https:\/\/www.bbmpackaging.com\/es\/maquinas\/aplicadoras-de-asas-usadas\/aplicadora-de-asas-comag-h100-1-100\/#primaryimage"},"thumbnailUrl":"https:\/\/cdn.bbmpackaging.com\/wp-content\/uploads\/2022\/03\/foto_prodotto.jpg-2.jpg","datePublished":"2023-02-02T13:29:45+00:00","dateModified":"2026-03-04T10:37:00+00:00","description":"Descubra la colocadora de asas Comag HM100\/1 usado para botellas de PET, con velocidad 110ppm con mango sobre cinta adhesiva. Revisado y Garantizado. Desc\u00fabrelo en l\u00ednea.","breadcrumb":{"@id":"https:\/\/www.bbmpackaging.com\/es\/maquinas\/aplicadoras-de-asas-usadas\/aplicadora-de-asas-comag-h100-1-100\/#breadcrumb"},"inLanguage":"es","potentialAction":[{"@type":"ReadAction","target":["https:\/\/www.bbmpackaging.com\/es\/maquinas\/aplicadoras-de-asas-usadas\/aplicadora-de-asas-comag-h100-1-100\/"]}]},{"@type":"ImageObject","inLanguage":"es","@id":"https:\/\/www.bbmpackaging.com\/es\/maquinas\/aplicadoras-de-asas-usadas\/aplicadora-de-asas-comag-h100-1-100\/#primaryimage","url":"https:\/\/cdn.bbmpackaging.com\/wp-content\/uploads\/2022\/03\/foto_prodotto.jpg-2.jpg","contentUrl":"https:\/\/cdn.bbmpackaging.com\/wp-content\/uploads\/2022\/03\/foto_prodotto.jpg-2.jpg","width":560,"height":420},{"@type":"BreadcrumbList","@id":"https:\/\/www.bbmpackaging.com\/es\/maquinas\/aplicadoras-de-asas-usadas\/aplicadora-de-asas-comag-h100-1-100\/#breadcrumb","itemListElement":[{"@type":"ListItem","position":1,"name":"Home","item":"https:\/\/www.bbmpackaging.com\/es\/"},{"@type":"ListItem","position":2,"name":"Productos","item":"https:\/\/www.bbmpackaging.com\/es\/productos\/"},{"@type":"ListItem","position":3,"name":"Usado","item":"https:\/\/www.bbmpackaging.com\/es\/maquinas\/usadas\/"},{"@type":"ListItem","position":4,"name":"Colocadores de asas","item":"https:\/\/www.bbmpackaging.com\/es\/maquinas\/aplicadoras-de-asas-usadas\/"},{"@type":"ListItem","position":5,"name":"Colocadora de asas COMAG HM 100\/1 &#8211; 100 ppm"}]},{"@type":"WebSite","@id":"https:\/\/www.bbmpackaging.com\/es\/#website","url":"https:\/\/www.bbmpackaging.com\/es\/","name":"BBM Packaging","description":"Imbottigliamento: macchinari manutenzione e much more","potentialAction":[{"@type":"SearchAction","target":{"@type":"EntryPoint","urlTemplate":"https:\/\/www.bbmpackaging.com\/es\/?s={search_term_string}"},"query-input":{"@type":"PropertyValueSpecification","valueRequired":true,"valueName":"search_term_string"}}],"inLanguage":"es"}]}},"_links":{"self":[{"href":"https:\/\/www.bbmpackaging.com\/es\/wp-json\/wp\/v2\/product\/32301","targetHints":{"allow":["GET"]}}],"collection":[{"href":"https:\/\/www.bbmpackaging.com\/es\/wp-json\/wp\/v2\/product"}],"about":[{"href":"https:\/\/www.bbmpackaging.com\/es\/wp-json\/wp\/v2\/types\/product"}],"replies":[{"embeddable":true,"href":"https:\/\/www.bbmpackaging.com\/es\/wp-json\/wp\/v2\/comments?post=32301"}],"wp:featuredmedia":[{"embeddable":true,"href":"https:\/\/www.bbmpackaging.com\/es\/wp-json\/wp\/v2\/media\/27713"}],"wp:attachment":[{"href":"https:\/\/www.bbmpackaging.com\/es\/wp-json\/wp\/v2\/media?parent=32301"}],"wp:term":[{"taxonomy":"brand","embeddable":true,"href":"https:\/\/www.bbmpackaging.com\/es\/wp-json\/wp\/v2\/brand?post=32301"},{"taxonomy":"product_brand","embeddable":true,"href":"https:\/\/www.bbmpackaging.com\/es\/wp-json\/wp\/v2\/product_brand?post=32301"},{"taxonomy":"product_cat","embeddable":true,"href":"https:\/\/www.bbmpackaging.com\/es\/wp-json\/wp\/v2\/product_cat?post=32301"},{"taxonomy":"product_tag","embeddable":true,"href":"https:\/\/www.bbmpackaging.com\/es\/wp-json\/wp\/v2\/product_tag?post=32301"}],"curies":[{"name":"wp","href":"https:\/\/api.w.org\/{rel}","templated":true}]}}