{"id":33961,"date":"2023-03-13T12:16:15","date_gmt":"2023-03-13T11:16:15","guid":{"rendered":"https:\/\/www.bbmpackaging.com\/prodotto\/sbobinatore-manuale\/"},"modified":"2026-02-05T12:25:55","modified_gmt":"2026-02-05T11:25:55","slug":"sbobinatore-manuale","status":"publish","type":"product","link":"https:\/\/www.bbmpackaging.com\/es\/maquinas\/desbobinador-manual\/","title":{"rendered":"Desbobinador manual"},"content":{"rendered":"<p><strong>Desbobinador manual BBM para separar el n\u00facleo de los restos de bobina.<\/strong><\/p>\n<p>La separaci\u00f3n del film residual del n\u00facleo de la bobina de film retr\u00e1ctil en las <a href=\"https:\/\/www.bbmpackaging.com\/es\/enfajadoras-y-empaquetadoras-usadas\/\" target=\"_blank\" rel=\"noopener\"><strong>enfajadoras<\/strong> <\/a>se realiza hoy en d\u00eda manualmente con tijeras y c\u00fateres, que a menudo da\u00f1an el n\u00facleo y diluyen el film residual. Esta din\u00e1mica tambi\u00e9n aumenta el riesgo de cortes en los operarios. Debido a los numerosos accidentes que se producen en las l\u00edneas de envasado, se pidi\u00f3 a BBM que dise\u00f1ara un dispositivo que permitiera separar los dos componentes de forma segura.<\/p>\n<p>El <strong>desbobinador manual<\/strong> de BBM Service satisface esta necesidad, permitiendo una separaci\u00f3n segura y r\u00e1pida de los dos componentes. Ligero y compacto, el desbobinador manual es f\u00e1cilmente transportable entre l\u00edneas de envasado y complementa cualquier tipo de m\u00e1quina de retractilado.<\/p>\n<h4 class=\"big\"><\/h4>\n","protected":false},"excerpt":{"rendered":"<h4>Desbobinador manual BBM para la separaci\u00f3n del n\u00facleo del residuo de bobina. El departamento de ingenier\u00eda de BBM Service desarroll\u00f3 y construy\u00f3 el primer desenrollador manual de n\u00facleos, un dispositivo que permite separar de forma segura y autom\u00e1tica el n\u00facleo del residuo de bobina.<\/h4>\n","protected":false},"featured_media":33954,"comment_status":"closed","ping_status":"closed","template":"","meta":{"_acf_changed":false},"brand":[7498],"product_brand":[],"product_cat":[1104,1107,1105],"product_tag":[2918,2747,2729],"class_list":{"0":"post-33961","1":"product","2":"type-product","3":"status-publish","4":"has-post-thumbnail","6":"brand-bbm-packaging","7":"product_cat-maquinas","8":"product_cat-usadas","9":"product_cat-nuevas","10":"product_tag-packaging-es","11":"product_tag-machine-es","12":"product_tag-bottling-es","14":"first","15":"instock","16":"shipping-taxable","17":"product-type-simple"},"acf":[],"yoast_head":"<!-- This site is optimized with the Yoast SEO plugin v27.2 - https:\/\/yoast.com\/product\/yoast-seo-wordpress\/ -->\n<title>Nuevos Desbobinadores Manuales - BBM Packaging<\/title>\n<meta name=\"description\" content=\"Descubre el Desbobinador manual BBM para separar el n\u00facleo del residuo de la bobina de forma segura. Reduce los riesgos asociados al uso de cortadoras industriales.\" \/>\n<meta name=\"robots\" content=\"index, follow, max-snippet:-1, max-image-preview:large, max-video-preview:-1\" \/>\n<link rel=\"canonical\" href=\"https:\/\/www.bbmpackaging.com\/es\/maquinas\/desbobinador-manual\/\" \/>\n<meta property=\"og:locale\" content=\"es_ES\" \/>\n<meta property=\"og:type\" content=\"article\" \/>\n<meta property=\"og:title\" content=\"Nuevos Desbobinadores Manuales - BBM Packaging\" \/>\n<meta property=\"og:description\" content=\"Descubre el Desbobinador manual BBM para separar el n\u00facleo del residuo de la bobina de forma segura. Reduce los riesgos asociados al uso de cortadoras industriales.\" \/>\n<meta property=\"og:url\" content=\"https:\/\/www.bbmpackaging.com\/es\/maquinas\/desbobinador-manual\/\" \/>\n<meta property=\"og:site_name\" content=\"BBM Packaging\" \/>\n<meta property=\"article:modified_time\" content=\"2026-02-05T11:25:55+00:00\" \/>\n<meta property=\"og:image\" content=\"https:\/\/www.bbmpackaging.com\/wp-content\/uploads\/2023\/03\/Sbobinatore-manuale_bottling-machine-1.jpg\" \/>\n\t<meta property=\"og:image:width\" content=\"450\" \/>\n\t<meta property=\"og:image:height\" content=\"370\" \/>\n\t<meta property=\"og:image:type\" content=\"image\/jpeg\" \/>\n<meta name=\"twitter:card\" content=\"summary_large_image\" \/>\n<meta name=\"twitter:label1\" content=\"Tiempo de lectura\" \/>\n\t<meta name=\"twitter:data1\" content=\"1 minuto\" \/>\n<script type=\"application\/ld+json\" class=\"yoast-schema-graph\">{\"@context\":\"https:\/\/schema.org\",\"@graph\":[{\"@type\":\"WebPage\",\"@id\":\"https:\/\/www.bbmpackaging.com\/es\/maquinas\/desbobinador-manual\/\",\"url\":\"https:\/\/www.bbmpackaging.com\/es\/maquinas\/desbobinador-manual\/\",\"name\":\"Nuevos Desbobinadores Manuales - BBM Packaging\",\"isPartOf\":{\"@id\":\"https:\/\/www.bbmpackaging.com\/es\/#website\"},\"primaryImageOfPage\":{\"@id\":\"https:\/\/www.bbmpackaging.com\/es\/maquinas\/desbobinador-manual\/#primaryimage\"},\"image\":{\"@id\":\"https:\/\/www.bbmpackaging.com\/es\/maquinas\/desbobinador-manual\/#primaryimage\"},\"thumbnailUrl\":\"https:\/\/cdn.bbmpackaging.com\/wp-content\/uploads\/2023\/03\/Sbobinatore-manuale_bottling-machine-1.jpg\",\"datePublished\":\"2023-03-13T11:16:15+00:00\",\"dateModified\":\"2026-02-05T11:25:55+00:00\",\"description\":\"Descubre el Desbobinador manual BBM para separar el n\u00facleo del residuo de la bobina de forma segura. Reduce los riesgos asociados al uso de cortadoras industriales.\",\"breadcrumb\":{\"@id\":\"https:\/\/www.bbmpackaging.com\/es\/maquinas\/desbobinador-manual\/#breadcrumb\"},\"inLanguage\":\"es\",\"potentialAction\":[{\"@type\":\"ReadAction\",\"target\":[\"https:\/\/www.bbmpackaging.com\/es\/maquinas\/desbobinador-manual\/\"]}]},{\"@type\":\"ImageObject\",\"inLanguage\":\"es\",\"@id\":\"https:\/\/www.bbmpackaging.com\/es\/maquinas\/desbobinador-manual\/#primaryimage\",\"url\":\"https:\/\/cdn.bbmpackaging.com\/wp-content\/uploads\/2023\/03\/Sbobinatore-manuale_bottling-machine-1.jpg\",\"contentUrl\":\"https:\/\/cdn.bbmpackaging.com\/wp-content\/uploads\/2023\/03\/Sbobinatore-manuale_bottling-machine-1.jpg\",\"width\":450,\"height\":370,\"caption\":\"Sbobinatore manuale_bottling machine\"},{\"@type\":\"BreadcrumbList\",\"@id\":\"https:\/\/www.bbmpackaging.com\/es\/maquinas\/desbobinador-manual\/#breadcrumb\",\"itemListElement\":[{\"@type\":\"ListItem\",\"position\":1,\"name\":\"Home\",\"item\":\"https:\/\/www.bbmpackaging.com\/es\/\"},{\"@type\":\"ListItem\",\"position\":2,\"name\":\"Productos\",\"item\":\"https:\/\/www.bbmpackaging.com\/es\/productos\/\"},{\"@type\":\"ListItem\",\"position\":3,\"name\":\"Desbobinador manual\"}]},{\"@type\":\"WebSite\",\"@id\":\"https:\/\/www.bbmpackaging.com\/es\/#website\",\"url\":\"https:\/\/www.bbmpackaging.com\/es\/\",\"name\":\"BBM Packaging\",\"description\":\"Imbottigliamento: macchinari manutenzione e much more\",\"potentialAction\":[{\"@type\":\"SearchAction\",\"target\":{\"@type\":\"EntryPoint\",\"urlTemplate\":\"https:\/\/www.bbmpackaging.com\/es\/?s={search_term_string}\"},\"query-input\":{\"@type\":\"PropertyValueSpecification\",\"valueRequired\":true,\"valueName\":\"search_term_string\"}}],\"inLanguage\":\"es\"}]}<\/script>\n<!-- \/ Yoast SEO plugin. -->","yoast_head_json":{"title":"Nuevos Desbobinadores Manuales - BBM Packaging","description":"Descubre el Desbobinador manual BBM para separar el n\u00facleo del residuo de la bobina de forma segura. Reduce los riesgos asociados al uso de cortadoras industriales.","robots":{"index":"index","follow":"follow","max-snippet":"max-snippet:-1","max-image-preview":"max-image-preview:large","max-video-preview":"max-video-preview:-1"},"canonical":"https:\/\/www.bbmpackaging.com\/es\/maquinas\/desbobinador-manual\/","og_locale":"es_ES","og_type":"article","og_title":"Nuevos Desbobinadores Manuales - BBM Packaging","og_description":"Descubre el Desbobinador manual BBM para separar el n\u00facleo del residuo de la bobina de forma segura. Reduce los riesgos asociados al uso de cortadoras industriales.","og_url":"https:\/\/www.bbmpackaging.com\/es\/maquinas\/desbobinador-manual\/","og_site_name":"BBM Packaging","article_modified_time":"2026-02-05T11:25:55+00:00","og_image":[{"width":450,"height":370,"url":"https:\/\/www.bbmpackaging.com\/wp-content\/uploads\/2023\/03\/Sbobinatore-manuale_bottling-machine-1.jpg","type":"image\/jpeg"}],"twitter_card":"summary_large_image","twitter_misc":{"Tiempo de lectura":"1 minuto"},"schema":{"@context":"https:\/\/schema.org","@graph":[{"@type":"WebPage","@id":"https:\/\/www.bbmpackaging.com\/es\/maquinas\/desbobinador-manual\/","url":"https:\/\/www.bbmpackaging.com\/es\/maquinas\/desbobinador-manual\/","name":"Nuevos Desbobinadores Manuales - BBM Packaging","isPartOf":{"@id":"https:\/\/www.bbmpackaging.com\/es\/#website"},"primaryImageOfPage":{"@id":"https:\/\/www.bbmpackaging.com\/es\/maquinas\/desbobinador-manual\/#primaryimage"},"image":{"@id":"https:\/\/www.bbmpackaging.com\/es\/maquinas\/desbobinador-manual\/#primaryimage"},"thumbnailUrl":"https:\/\/cdn.bbmpackaging.com\/wp-content\/uploads\/2023\/03\/Sbobinatore-manuale_bottling-machine-1.jpg","datePublished":"2023-03-13T11:16:15+00:00","dateModified":"2026-02-05T11:25:55+00:00","description":"Descubre el Desbobinador manual BBM para separar el n\u00facleo del residuo de la bobina de forma segura. Reduce los riesgos asociados al uso de cortadoras industriales.","breadcrumb":{"@id":"https:\/\/www.bbmpackaging.com\/es\/maquinas\/desbobinador-manual\/#breadcrumb"},"inLanguage":"es","potentialAction":[{"@type":"ReadAction","target":["https:\/\/www.bbmpackaging.com\/es\/maquinas\/desbobinador-manual\/"]}]},{"@type":"ImageObject","inLanguage":"es","@id":"https:\/\/www.bbmpackaging.com\/es\/maquinas\/desbobinador-manual\/#primaryimage","url":"https:\/\/cdn.bbmpackaging.com\/wp-content\/uploads\/2023\/03\/Sbobinatore-manuale_bottling-machine-1.jpg","contentUrl":"https:\/\/cdn.bbmpackaging.com\/wp-content\/uploads\/2023\/03\/Sbobinatore-manuale_bottling-machine-1.jpg","width":450,"height":370,"caption":"Sbobinatore manuale_bottling machine"},{"@type":"BreadcrumbList","@id":"https:\/\/www.bbmpackaging.com\/es\/maquinas\/desbobinador-manual\/#breadcrumb","itemListElement":[{"@type":"ListItem","position":1,"name":"Home","item":"https:\/\/www.bbmpackaging.com\/es\/"},{"@type":"ListItem","position":2,"name":"Productos","item":"https:\/\/www.bbmpackaging.com\/es\/productos\/"},{"@type":"ListItem","position":3,"name":"Desbobinador manual"}]},{"@type":"WebSite","@id":"https:\/\/www.bbmpackaging.com\/es\/#website","url":"https:\/\/www.bbmpackaging.com\/es\/","name":"BBM Packaging","description":"Imbottigliamento: macchinari manutenzione e much more","potentialAction":[{"@type":"SearchAction","target":{"@type":"EntryPoint","urlTemplate":"https:\/\/www.bbmpackaging.com\/es\/?s={search_term_string}"},"query-input":{"@type":"PropertyValueSpecification","valueRequired":true,"valueName":"search_term_string"}}],"inLanguage":"es"}]}},"_links":{"self":[{"href":"https:\/\/www.bbmpackaging.com\/es\/wp-json\/wp\/v2\/product\/33961","targetHints":{"allow":["GET"]}}],"collection":[{"href":"https:\/\/www.bbmpackaging.com\/es\/wp-json\/wp\/v2\/product"}],"about":[{"href":"https:\/\/www.bbmpackaging.com\/es\/wp-json\/wp\/v2\/types\/product"}],"replies":[{"embeddable":true,"href":"https:\/\/www.bbmpackaging.com\/es\/wp-json\/wp\/v2\/comments?post=33961"}],"wp:featuredmedia":[{"embeddable":true,"href":"https:\/\/www.bbmpackaging.com\/es\/wp-json\/wp\/v2\/media\/33954"}],"wp:attachment":[{"href":"https:\/\/www.bbmpackaging.com\/es\/wp-json\/wp\/v2\/media?parent=33961"}],"wp:term":[{"taxonomy":"brand","embeddable":true,"href":"https:\/\/www.bbmpackaging.com\/es\/wp-json\/wp\/v2\/brand?post=33961"},{"taxonomy":"product_brand","embeddable":true,"href":"https:\/\/www.bbmpackaging.com\/es\/wp-json\/wp\/v2\/product_brand?post=33961"},{"taxonomy":"product_cat","embeddable":true,"href":"https:\/\/www.bbmpackaging.com\/es\/wp-json\/wp\/v2\/product_cat?post=33961"},{"taxonomy":"product_tag","embeddable":true,"href":"https:\/\/www.bbmpackaging.com\/es\/wp-json\/wp\/v2\/product_tag?post=33961"}],"curies":[{"name":"wp","href":"https:\/\/api.w.org\/{rel}","templated":true}]}}