{"id":34197,"date":"2023-05-04T08:33:08","date_gmt":"2023-05-04T06:33:08","guid":{"rendered":"https:\/\/www.bbmpackaging.com\/prodotto\/pallettizzatore-acmi-rasar-p130-2\/"},"modified":"2026-03-04T12:00:41","modified_gmt":"2026-03-04T11:00:41","slug":"pallettizzatore-acmi-rasar-p130-2","status":"publish","type":"product","link":"https:\/\/www.bbmpackaging.com\/es\/maquinas\/paletizadoras-usadas\/paletizadora-acmi-rasar-p130-2\/","title":{"rendered":"Paletizador ACMI Rasar P130"},"content":{"rendered":"<p>Paletizador ACMI, modelo Rasar P130, usado, revisado y garantizado.<\/p>\n","protected":false},"excerpt":{"rendered":"<p>Paletizador ACMI Rasar modelo P130 usado, revisado y garantizado. Paletizador con una velocidad nominal de 30 pph. Completo con posicionamiento autom\u00e1tico de la capa intermedia. Disponible de inmediato y visible en la sala de exposici\u00f3n BBM en Lenna. La velocidad indicada en botellas por hora se refiere al formato est\u00e1ndar de 1500 ml en embalaje 3&#215;2.<\/p>\n","protected":false},"featured_media":34162,"comment_status":"closed","ping_status":"closed","template":"","meta":{"_acf_changed":false},"brand":[7528],"product_brand":[],"product_cat":[1104,1107,1127],"product_tag":[2729,3444],"class_list":{"0":"post-34197","1":"product","2":"type-product","3":"status-publish","4":"has-post-thumbnail","6":"brand-acmi","7":"product_cat-maquinas","8":"product_cat-usadas","9":"product_cat-paletizadoras-usadas","10":"product_tag-bottling-es","11":"product_tag-palletizer-es","13":"first","14":"instock","15":"shipping-taxable","16":"product-type-simple"},"acf":[],"yoast_head":"<!-- This site is optimized with the Yoast SEO plugin v27.2 - https:\/\/yoast.com\/product\/yoast-seo-wordpress\/ -->\n<title>Paletizadora ACMI Rasar P130 Usada - BBM Packaging<\/title>\n<meta name=\"description\" content=\"Descubra la paletizadora ACMI Rasar P130 usada y con garant\u00eda, con velocidad de 30 pph y alimentador autom\u00e1tico de pads. Se puede ver en el showroom de BBM Lenna.\" \/>\n<meta name=\"robots\" content=\"index, follow, max-snippet:-1, max-image-preview:large, max-video-preview:-1\" \/>\n<link rel=\"canonical\" href=\"https:\/\/www.bbmpackaging.com\/es\/maquinas\/paletizadoras-usadas\/paletizadora-acmi-rasar-p130-2\/\" \/>\n<meta property=\"og:locale\" content=\"es_ES\" \/>\n<meta property=\"og:type\" content=\"article\" \/>\n<meta property=\"og:title\" content=\"Paletizadora ACMI Rasar P130 Usada - BBM Packaging\" \/>\n<meta property=\"og:description\" content=\"Descubra la paletizadora ACMI Rasar P130 usada y con garant\u00eda, con velocidad de 30 pph y alimentador autom\u00e1tico de pads. Se puede ver en el showroom de BBM Lenna.\" \/>\n<meta property=\"og:url\" content=\"https:\/\/www.bbmpackaging.com\/es\/maquinas\/paletizadoras-usadas\/paletizadora-acmi-rasar-p130-2\/\" \/>\n<meta property=\"og:site_name\" content=\"BBM Packaging\" \/>\n<meta property=\"article:modified_time\" content=\"2026-03-04T11:00:41+00:00\" \/>\n<meta property=\"og:image\" content=\"https:\/\/www.bbmpackaging.com\/wp-content\/uploads\/2023\/05\/BBM_Pallettizzatore-ACMI-Rasar-P130_foto-prodotto.jpg.jpg\" \/>\n\t<meta property=\"og:image:width\" content=\"560\" \/>\n\t<meta property=\"og:image:height\" content=\"420\" \/>\n\t<meta property=\"og:image:type\" content=\"image\/jpeg\" \/>\n<meta name=\"twitter:card\" content=\"summary_large_image\" \/>\n<meta name=\"twitter:label1\" content=\"Tiempo de lectura\" \/>\n\t<meta name=\"twitter:data1\" content=\"1 minuto\" \/>\n<script type=\"application\/ld+json\" class=\"yoast-schema-graph\">{\"@context\":\"https:\/\/schema.org\",\"@graph\":[{\"@type\":\"WebPage\",\"@id\":\"https:\/\/www.bbmpackaging.com\/es\/maquinas\/paletizadoras-usadas\/paletizadora-acmi-rasar-p130-2\/\",\"url\":\"https:\/\/www.bbmpackaging.com\/es\/maquinas\/paletizadoras-usadas\/paletizadora-acmi-rasar-p130-2\/\",\"name\":\"Paletizadora ACMI Rasar P130 Usada - BBM Packaging\",\"isPartOf\":{\"@id\":\"https:\/\/www.bbmpackaging.com\/es\/#website\"},\"primaryImageOfPage\":{\"@id\":\"https:\/\/www.bbmpackaging.com\/es\/maquinas\/paletizadoras-usadas\/paletizadora-acmi-rasar-p130-2\/#primaryimage\"},\"image\":{\"@id\":\"https:\/\/www.bbmpackaging.com\/es\/maquinas\/paletizadoras-usadas\/paletizadora-acmi-rasar-p130-2\/#primaryimage\"},\"thumbnailUrl\":\"https:\/\/cdn.bbmpackaging.com\/wp-content\/uploads\/2023\/05\/BBM_Pallettizzatore-ACMI-Rasar-P130_foto-prodotto.jpg.jpg\",\"datePublished\":\"2023-05-04T06:33:08+00:00\",\"dateModified\":\"2026-03-04T11:00:41+00:00\",\"description\":\"Descubra la paletizadora ACMI Rasar P130 usada y con garant\u00eda, con velocidad de 30 pph y alimentador autom\u00e1tico de pads. Se puede ver en el showroom de BBM Lenna.\",\"breadcrumb\":{\"@id\":\"https:\/\/www.bbmpackaging.com\/es\/maquinas\/paletizadoras-usadas\/paletizadora-acmi-rasar-p130-2\/#breadcrumb\"},\"inLanguage\":\"es\",\"potentialAction\":[{\"@type\":\"ReadAction\",\"target\":[\"https:\/\/www.bbmpackaging.com\/es\/maquinas\/paletizadoras-usadas\/paletizadora-acmi-rasar-p130-2\/\"]}]},{\"@type\":\"ImageObject\",\"inLanguage\":\"es\",\"@id\":\"https:\/\/www.bbmpackaging.com\/es\/maquinas\/paletizadoras-usadas\/paletizadora-acmi-rasar-p130-2\/#primaryimage\",\"url\":\"https:\/\/cdn.bbmpackaging.com\/wp-content\/uploads\/2023\/05\/BBM_Pallettizzatore-ACMI-Rasar-P130_foto-prodotto.jpg.jpg\",\"contentUrl\":\"https:\/\/cdn.bbmpackaging.com\/wp-content\/uploads\/2023\/05\/BBM_Pallettizzatore-ACMI-Rasar-P130_foto-prodotto.jpg.jpg\",\"width\":560,\"height\":420,\"caption\":\"BBM_Pallettizzatore ACMI Rasar P130\"},{\"@type\":\"BreadcrumbList\",\"@id\":\"https:\/\/www.bbmpackaging.com\/es\/maquinas\/paletizadoras-usadas\/paletizadora-acmi-rasar-p130-2\/#breadcrumb\",\"itemListElement\":[{\"@type\":\"ListItem\",\"position\":1,\"name\":\"Home\",\"item\":\"https:\/\/www.bbmpackaging.com\/es\/\"},{\"@type\":\"ListItem\",\"position\":2,\"name\":\"Productos\",\"item\":\"https:\/\/www.bbmpackaging.com\/es\/productos\/\"},{\"@type\":\"ListItem\",\"position\":3,\"name\":\"Usado\",\"item\":\"https:\/\/www.bbmpackaging.com\/es\/maquinas\/usadas\/\"},{\"@type\":\"ListItem\",\"position\":4,\"name\":\"Paletizadores\",\"item\":\"https:\/\/www.bbmpackaging.com\/es\/maquinas\/paletizadoras-usadas\/\"},{\"@type\":\"ListItem\",\"position\":5,\"name\":\"Paletizador ACMI Rasar P130\"}]},{\"@type\":\"WebSite\",\"@id\":\"https:\/\/www.bbmpackaging.com\/es\/#website\",\"url\":\"https:\/\/www.bbmpackaging.com\/es\/\",\"name\":\"BBM Packaging\",\"description\":\"Imbottigliamento: macchinari manutenzione e much more\",\"potentialAction\":[{\"@type\":\"SearchAction\",\"target\":{\"@type\":\"EntryPoint\",\"urlTemplate\":\"https:\/\/www.bbmpackaging.com\/es\/?s={search_term_string}\"},\"query-input\":{\"@type\":\"PropertyValueSpecification\",\"valueRequired\":true,\"valueName\":\"search_term_string\"}}],\"inLanguage\":\"es\"}]}<\/script>\n<!-- \/ Yoast SEO plugin. -->","yoast_head_json":{"title":"Paletizadora ACMI Rasar P130 Usada - BBM Packaging","description":"Descubra la paletizadora ACMI Rasar P130 usada y con garant\u00eda, con velocidad de 30 pph y alimentador autom\u00e1tico de pads. Se puede ver en el showroom de BBM Lenna.","robots":{"index":"index","follow":"follow","max-snippet":"max-snippet:-1","max-image-preview":"max-image-preview:large","max-video-preview":"max-video-preview:-1"},"canonical":"https:\/\/www.bbmpackaging.com\/es\/maquinas\/paletizadoras-usadas\/paletizadora-acmi-rasar-p130-2\/","og_locale":"es_ES","og_type":"article","og_title":"Paletizadora ACMI Rasar P130 Usada - BBM Packaging","og_description":"Descubra la paletizadora ACMI Rasar P130 usada y con garant\u00eda, con velocidad de 30 pph y alimentador autom\u00e1tico de pads. Se puede ver en el showroom de BBM Lenna.","og_url":"https:\/\/www.bbmpackaging.com\/es\/maquinas\/paletizadoras-usadas\/paletizadora-acmi-rasar-p130-2\/","og_site_name":"BBM Packaging","article_modified_time":"2026-03-04T11:00:41+00:00","og_image":[{"width":560,"height":420,"url":"https:\/\/www.bbmpackaging.com\/wp-content\/uploads\/2023\/05\/BBM_Pallettizzatore-ACMI-Rasar-P130_foto-prodotto.jpg.jpg","type":"image\/jpeg"}],"twitter_card":"summary_large_image","twitter_misc":{"Tiempo de lectura":"1 minuto"},"schema":{"@context":"https:\/\/schema.org","@graph":[{"@type":"WebPage","@id":"https:\/\/www.bbmpackaging.com\/es\/maquinas\/paletizadoras-usadas\/paletizadora-acmi-rasar-p130-2\/","url":"https:\/\/www.bbmpackaging.com\/es\/maquinas\/paletizadoras-usadas\/paletizadora-acmi-rasar-p130-2\/","name":"Paletizadora ACMI Rasar P130 Usada - BBM Packaging","isPartOf":{"@id":"https:\/\/www.bbmpackaging.com\/es\/#website"},"primaryImageOfPage":{"@id":"https:\/\/www.bbmpackaging.com\/es\/maquinas\/paletizadoras-usadas\/paletizadora-acmi-rasar-p130-2\/#primaryimage"},"image":{"@id":"https:\/\/www.bbmpackaging.com\/es\/maquinas\/paletizadoras-usadas\/paletizadora-acmi-rasar-p130-2\/#primaryimage"},"thumbnailUrl":"https:\/\/cdn.bbmpackaging.com\/wp-content\/uploads\/2023\/05\/BBM_Pallettizzatore-ACMI-Rasar-P130_foto-prodotto.jpg.jpg","datePublished":"2023-05-04T06:33:08+00:00","dateModified":"2026-03-04T11:00:41+00:00","description":"Descubra la paletizadora ACMI Rasar P130 usada y con garant\u00eda, con velocidad de 30 pph y alimentador autom\u00e1tico de pads. Se puede ver en el showroom de BBM Lenna.","breadcrumb":{"@id":"https:\/\/www.bbmpackaging.com\/es\/maquinas\/paletizadoras-usadas\/paletizadora-acmi-rasar-p130-2\/#breadcrumb"},"inLanguage":"es","potentialAction":[{"@type":"ReadAction","target":["https:\/\/www.bbmpackaging.com\/es\/maquinas\/paletizadoras-usadas\/paletizadora-acmi-rasar-p130-2\/"]}]},{"@type":"ImageObject","inLanguage":"es","@id":"https:\/\/www.bbmpackaging.com\/es\/maquinas\/paletizadoras-usadas\/paletizadora-acmi-rasar-p130-2\/#primaryimage","url":"https:\/\/cdn.bbmpackaging.com\/wp-content\/uploads\/2023\/05\/BBM_Pallettizzatore-ACMI-Rasar-P130_foto-prodotto.jpg.jpg","contentUrl":"https:\/\/cdn.bbmpackaging.com\/wp-content\/uploads\/2023\/05\/BBM_Pallettizzatore-ACMI-Rasar-P130_foto-prodotto.jpg.jpg","width":560,"height":420,"caption":"BBM_Pallettizzatore ACMI Rasar P130"},{"@type":"BreadcrumbList","@id":"https:\/\/www.bbmpackaging.com\/es\/maquinas\/paletizadoras-usadas\/paletizadora-acmi-rasar-p130-2\/#breadcrumb","itemListElement":[{"@type":"ListItem","position":1,"name":"Home","item":"https:\/\/www.bbmpackaging.com\/es\/"},{"@type":"ListItem","position":2,"name":"Productos","item":"https:\/\/www.bbmpackaging.com\/es\/productos\/"},{"@type":"ListItem","position":3,"name":"Usado","item":"https:\/\/www.bbmpackaging.com\/es\/maquinas\/usadas\/"},{"@type":"ListItem","position":4,"name":"Paletizadores","item":"https:\/\/www.bbmpackaging.com\/es\/maquinas\/paletizadoras-usadas\/"},{"@type":"ListItem","position":5,"name":"Paletizador ACMI Rasar P130"}]},{"@type":"WebSite","@id":"https:\/\/www.bbmpackaging.com\/es\/#website","url":"https:\/\/www.bbmpackaging.com\/es\/","name":"BBM Packaging","description":"Imbottigliamento: macchinari manutenzione e much more","potentialAction":[{"@type":"SearchAction","target":{"@type":"EntryPoint","urlTemplate":"https:\/\/www.bbmpackaging.com\/es\/?s={search_term_string}"},"query-input":{"@type":"PropertyValueSpecification","valueRequired":true,"valueName":"search_term_string"}}],"inLanguage":"es"}]}},"_links":{"self":[{"href":"https:\/\/www.bbmpackaging.com\/es\/wp-json\/wp\/v2\/product\/34197","targetHints":{"allow":["GET"]}}],"collection":[{"href":"https:\/\/www.bbmpackaging.com\/es\/wp-json\/wp\/v2\/product"}],"about":[{"href":"https:\/\/www.bbmpackaging.com\/es\/wp-json\/wp\/v2\/types\/product"}],"replies":[{"embeddable":true,"href":"https:\/\/www.bbmpackaging.com\/es\/wp-json\/wp\/v2\/comments?post=34197"}],"wp:featuredmedia":[{"embeddable":true,"href":"https:\/\/www.bbmpackaging.com\/es\/wp-json\/wp\/v2\/media\/34162"}],"wp:attachment":[{"href":"https:\/\/www.bbmpackaging.com\/es\/wp-json\/wp\/v2\/media?parent=34197"}],"wp:term":[{"taxonomy":"brand","embeddable":true,"href":"https:\/\/www.bbmpackaging.com\/es\/wp-json\/wp\/v2\/brand?post=34197"},{"taxonomy":"product_brand","embeddable":true,"href":"https:\/\/www.bbmpackaging.com\/es\/wp-json\/wp\/v2\/product_brand?post=34197"},{"taxonomy":"product_cat","embeddable":true,"href":"https:\/\/www.bbmpackaging.com\/es\/wp-json\/wp\/v2\/product_cat?post=34197"},{"taxonomy":"product_tag","embeddable":true,"href":"https:\/\/www.bbmpackaging.com\/es\/wp-json\/wp\/v2\/product_tag?post=34197"}],"curies":[{"name":"wp","href":"https:\/\/api.w.org\/{rel}","templated":true}]}}