{"id":36741,"date":"2023-07-18T15:32:05","date_gmt":"2023-07-18T13:32:05","guid":{"rendered":"https:\/\/www.bbmpackaging.com\/prodotto\/divisore-dinamico-acmi\/"},"modified":"2026-02-05T12:29:41","modified_gmt":"2026-02-05T11:29:41","slug":"divisore-dinamico-acmi","status":"publish","type":"product","link":"https:\/\/www.bbmpackaging.com\/es\/maquinas\/otras-maquinas-usadas\/divisor-dinamico-acmi\/","title":{"rendered":"Divisor din\u00e1mico ACMI"},"content":{"rendered":"<p>Divisor din\u00e1mico ACMI usado, revisado y garantizado por BBM Service. Divisor din\u00e1mico ACMI capaz de trabajar a una velocidad de 24.000 bph y hasta seis pistas. Ideal tambi\u00e9n para botellas PET. Divisora tambi\u00e9n disponible tal cual.<\/p>\n<p>&nbsp;<\/p>\n","protected":false},"excerpt":{"rendered":"<p>Divisor din\u00e1mico ACMI usado, revisado y garantizado<\/p>\n","protected":false},"featured_media":36745,"comment_status":"closed","ping_status":"closed","template":"","meta":{"_acf_changed":false},"brand":[7528],"product_brand":[],"product_cat":[1104,1107,1129],"product_tag":[2729],"class_list":{"0":"post-36741","1":"product","2":"type-product","3":"status-publish","4":"has-post-thumbnail","6":"brand-acmi","7":"product_cat-maquinas","8":"product_cat-usadas","9":"product_cat-otras-maquinas-usadas","10":"product_tag-bottling-es","12":"first","13":"instock","14":"shipping-taxable","15":"product-type-simple"},"acf":[],"yoast_head":"<!-- This site is optimized with the Yoast SEO plugin v27.2 - https:\/\/yoast.com\/product\/yoast-seo-wordpress\/ -->\n<title>Divisor din\u00e1mico ACMI usado - BBM Packaging<\/title>\n<meta name=\"description\" content=\"Descubra el divisor \u200b\u200bdin\u00e1mico ACMI usado revisado, para botellas de PET de hasta 24.000 bph y 6 v\u00edas. Tambi\u00e9n disponible visto y gustado. Ver el coche en l\u00ednea\" \/>\n<meta name=\"robots\" content=\"index, follow, max-snippet:-1, max-image-preview:large, max-video-preview:-1\" \/>\n<link rel=\"canonical\" href=\"https:\/\/www.bbmpackaging.com\/es\/maquinas\/otras-maquinas-usadas\/divisor-dinamico-acmi\/\" \/>\n<meta property=\"og:locale\" content=\"es_ES\" \/>\n<meta property=\"og:type\" content=\"article\" \/>\n<meta property=\"og:title\" content=\"Divisor din\u00e1mico ACMI usado - BBM Packaging\" \/>\n<meta property=\"og:description\" content=\"Descubra el divisor \u200b\u200bdin\u00e1mico ACMI usado revisado, para botellas de PET de hasta 24.000 bph y 6 v\u00edas. Tambi\u00e9n disponible visto y gustado. Ver el coche en l\u00ednea\" \/>\n<meta property=\"og:url\" content=\"https:\/\/www.bbmpackaging.com\/es\/maquinas\/otras-maquinas-usadas\/divisor-dinamico-acmi\/\" \/>\n<meta property=\"og:site_name\" content=\"BBM Packaging\" \/>\n<meta property=\"article:modified_time\" content=\"2026-02-05T11:29:41+00:00\" \/>\n<meta property=\"og:image\" content=\"https:\/\/www.bbmpackaging.com\/wp-content\/uploads\/2023\/07\/BBM_Divisore-dinamico-ACMI_prodotto-1.jpg\" \/>\n\t<meta property=\"og:image:width\" content=\"560\" \/>\n\t<meta property=\"og:image:height\" content=\"420\" \/>\n\t<meta property=\"og:image:type\" content=\"image\/jpeg\" \/>\n<meta name=\"twitter:card\" content=\"summary_large_image\" \/>\n<meta name=\"twitter:label1\" content=\"Tiempo de lectura\" \/>\n\t<meta name=\"twitter:data1\" content=\"1 minuto\" \/>\n<script type=\"application\/ld+json\" class=\"yoast-schema-graph\">{\"@context\":\"https:\/\/schema.org\",\"@graph\":[{\"@type\":\"WebPage\",\"@id\":\"https:\/\/www.bbmpackaging.com\/es\/maquinas\/otras-maquinas-usadas\/divisor-dinamico-acmi\/\",\"url\":\"https:\/\/www.bbmpackaging.com\/es\/maquinas\/otras-maquinas-usadas\/divisor-dinamico-acmi\/\",\"name\":\"Divisor din\u00e1mico ACMI usado - BBM Packaging\",\"isPartOf\":{\"@id\":\"https:\/\/www.bbmpackaging.com\/es\/#website\"},\"primaryImageOfPage\":{\"@id\":\"https:\/\/www.bbmpackaging.com\/es\/maquinas\/otras-maquinas-usadas\/divisor-dinamico-acmi\/#primaryimage\"},\"image\":{\"@id\":\"https:\/\/www.bbmpackaging.com\/es\/maquinas\/otras-maquinas-usadas\/divisor-dinamico-acmi\/#primaryimage\"},\"thumbnailUrl\":\"https:\/\/cdn.bbmpackaging.com\/wp-content\/uploads\/2023\/07\/BBM_Divisore-dinamico-ACMI_prodotto-1.jpg\",\"datePublished\":\"2023-07-18T13:32:05+00:00\",\"dateModified\":\"2026-02-05T11:29:41+00:00\",\"description\":\"Descubra el divisor \u200b\u200bdin\u00e1mico ACMI usado revisado, para botellas de PET de hasta 24.000 bph y 6 v\u00edas. Tambi\u00e9n disponible visto y gustado. Ver el coche en l\u00ednea\",\"breadcrumb\":{\"@id\":\"https:\/\/www.bbmpackaging.com\/es\/maquinas\/otras-maquinas-usadas\/divisor-dinamico-acmi\/#breadcrumb\"},\"inLanguage\":\"es\",\"potentialAction\":[{\"@type\":\"ReadAction\",\"target\":[\"https:\/\/www.bbmpackaging.com\/es\/maquinas\/otras-maquinas-usadas\/divisor-dinamico-acmi\/\"]}]},{\"@type\":\"ImageObject\",\"inLanguage\":\"es\",\"@id\":\"https:\/\/www.bbmpackaging.com\/es\/maquinas\/otras-maquinas-usadas\/divisor-dinamico-acmi\/#primaryimage\",\"url\":\"https:\/\/cdn.bbmpackaging.com\/wp-content\/uploads\/2023\/07\/BBM_Divisore-dinamico-ACMI_prodotto-1.jpg\",\"contentUrl\":\"https:\/\/cdn.bbmpackaging.com\/wp-content\/uploads\/2023\/07\/BBM_Divisore-dinamico-ACMI_prodotto-1.jpg\",\"width\":560,\"height\":420,\"caption\":\"BBM_Divisore dinamico ACMI\"},{\"@type\":\"BreadcrumbList\",\"@id\":\"https:\/\/www.bbmpackaging.com\/es\/maquinas\/otras-maquinas-usadas\/divisor-dinamico-acmi\/#breadcrumb\",\"itemListElement\":[{\"@type\":\"ListItem\",\"position\":1,\"name\":\"Home\",\"item\":\"https:\/\/www.bbmpackaging.com\/es\/\"},{\"@type\":\"ListItem\",\"position\":2,\"name\":\"Productos\",\"item\":\"https:\/\/www.bbmpackaging.com\/es\/productos\/\"},{\"@type\":\"ListItem\",\"position\":3,\"name\":\"Usado\",\"item\":\"https:\/\/www.bbmpackaging.com\/es\/maquinas\/usadas\/\"},{\"@type\":\"ListItem\",\"position\":4,\"name\":\"Otras m\u00e1quinas y componentes\",\"item\":\"https:\/\/www.bbmpackaging.com\/es\/maquinas\/otras-maquinas-usadas\/\"},{\"@type\":\"ListItem\",\"position\":5,\"name\":\"Divisor din\u00e1mico ACMI\"}]},{\"@type\":\"WebSite\",\"@id\":\"https:\/\/www.bbmpackaging.com\/es\/#website\",\"url\":\"https:\/\/www.bbmpackaging.com\/es\/\",\"name\":\"BBM Packaging\",\"description\":\"Imbottigliamento: macchinari manutenzione e much more\",\"potentialAction\":[{\"@type\":\"SearchAction\",\"target\":{\"@type\":\"EntryPoint\",\"urlTemplate\":\"https:\/\/www.bbmpackaging.com\/es\/?s={search_term_string}\"},\"query-input\":{\"@type\":\"PropertyValueSpecification\",\"valueRequired\":true,\"valueName\":\"search_term_string\"}}],\"inLanguage\":\"es\"}]}<\/script>\n<!-- \/ Yoast SEO plugin. -->","yoast_head_json":{"title":"Divisor din\u00e1mico ACMI usado - BBM Packaging","description":"Descubra el divisor \u200b\u200bdin\u00e1mico ACMI usado revisado, para botellas de PET de hasta 24.000 bph y 6 v\u00edas. Tambi\u00e9n disponible visto y gustado. Ver el coche en l\u00ednea","robots":{"index":"index","follow":"follow","max-snippet":"max-snippet:-1","max-image-preview":"max-image-preview:large","max-video-preview":"max-video-preview:-1"},"canonical":"https:\/\/www.bbmpackaging.com\/es\/maquinas\/otras-maquinas-usadas\/divisor-dinamico-acmi\/","og_locale":"es_ES","og_type":"article","og_title":"Divisor din\u00e1mico ACMI usado - BBM Packaging","og_description":"Descubra el divisor \u200b\u200bdin\u00e1mico ACMI usado revisado, para botellas de PET de hasta 24.000 bph y 6 v\u00edas. Tambi\u00e9n disponible visto y gustado. Ver el coche en l\u00ednea","og_url":"https:\/\/www.bbmpackaging.com\/es\/maquinas\/otras-maquinas-usadas\/divisor-dinamico-acmi\/","og_site_name":"BBM Packaging","article_modified_time":"2026-02-05T11:29:41+00:00","og_image":[{"width":560,"height":420,"url":"https:\/\/www.bbmpackaging.com\/wp-content\/uploads\/2023\/07\/BBM_Divisore-dinamico-ACMI_prodotto-1.jpg","type":"image\/jpeg"}],"twitter_card":"summary_large_image","twitter_misc":{"Tiempo de lectura":"1 minuto"},"schema":{"@context":"https:\/\/schema.org","@graph":[{"@type":"WebPage","@id":"https:\/\/www.bbmpackaging.com\/es\/maquinas\/otras-maquinas-usadas\/divisor-dinamico-acmi\/","url":"https:\/\/www.bbmpackaging.com\/es\/maquinas\/otras-maquinas-usadas\/divisor-dinamico-acmi\/","name":"Divisor din\u00e1mico ACMI usado - BBM Packaging","isPartOf":{"@id":"https:\/\/www.bbmpackaging.com\/es\/#website"},"primaryImageOfPage":{"@id":"https:\/\/www.bbmpackaging.com\/es\/maquinas\/otras-maquinas-usadas\/divisor-dinamico-acmi\/#primaryimage"},"image":{"@id":"https:\/\/www.bbmpackaging.com\/es\/maquinas\/otras-maquinas-usadas\/divisor-dinamico-acmi\/#primaryimage"},"thumbnailUrl":"https:\/\/cdn.bbmpackaging.com\/wp-content\/uploads\/2023\/07\/BBM_Divisore-dinamico-ACMI_prodotto-1.jpg","datePublished":"2023-07-18T13:32:05+00:00","dateModified":"2026-02-05T11:29:41+00:00","description":"Descubra el divisor \u200b\u200bdin\u00e1mico ACMI usado revisado, para botellas de PET de hasta 24.000 bph y 6 v\u00edas. Tambi\u00e9n disponible visto y gustado. Ver el coche en l\u00ednea","breadcrumb":{"@id":"https:\/\/www.bbmpackaging.com\/es\/maquinas\/otras-maquinas-usadas\/divisor-dinamico-acmi\/#breadcrumb"},"inLanguage":"es","potentialAction":[{"@type":"ReadAction","target":["https:\/\/www.bbmpackaging.com\/es\/maquinas\/otras-maquinas-usadas\/divisor-dinamico-acmi\/"]}]},{"@type":"ImageObject","inLanguage":"es","@id":"https:\/\/www.bbmpackaging.com\/es\/maquinas\/otras-maquinas-usadas\/divisor-dinamico-acmi\/#primaryimage","url":"https:\/\/cdn.bbmpackaging.com\/wp-content\/uploads\/2023\/07\/BBM_Divisore-dinamico-ACMI_prodotto-1.jpg","contentUrl":"https:\/\/cdn.bbmpackaging.com\/wp-content\/uploads\/2023\/07\/BBM_Divisore-dinamico-ACMI_prodotto-1.jpg","width":560,"height":420,"caption":"BBM_Divisore dinamico ACMI"},{"@type":"BreadcrumbList","@id":"https:\/\/www.bbmpackaging.com\/es\/maquinas\/otras-maquinas-usadas\/divisor-dinamico-acmi\/#breadcrumb","itemListElement":[{"@type":"ListItem","position":1,"name":"Home","item":"https:\/\/www.bbmpackaging.com\/es\/"},{"@type":"ListItem","position":2,"name":"Productos","item":"https:\/\/www.bbmpackaging.com\/es\/productos\/"},{"@type":"ListItem","position":3,"name":"Usado","item":"https:\/\/www.bbmpackaging.com\/es\/maquinas\/usadas\/"},{"@type":"ListItem","position":4,"name":"Otras m\u00e1quinas y componentes","item":"https:\/\/www.bbmpackaging.com\/es\/maquinas\/otras-maquinas-usadas\/"},{"@type":"ListItem","position":5,"name":"Divisor din\u00e1mico ACMI"}]},{"@type":"WebSite","@id":"https:\/\/www.bbmpackaging.com\/es\/#website","url":"https:\/\/www.bbmpackaging.com\/es\/","name":"BBM Packaging","description":"Imbottigliamento: macchinari manutenzione e much more","potentialAction":[{"@type":"SearchAction","target":{"@type":"EntryPoint","urlTemplate":"https:\/\/www.bbmpackaging.com\/es\/?s={search_term_string}"},"query-input":{"@type":"PropertyValueSpecification","valueRequired":true,"valueName":"search_term_string"}}],"inLanguage":"es"}]}},"_links":{"self":[{"href":"https:\/\/www.bbmpackaging.com\/es\/wp-json\/wp\/v2\/product\/36741","targetHints":{"allow":["GET"]}}],"collection":[{"href":"https:\/\/www.bbmpackaging.com\/es\/wp-json\/wp\/v2\/product"}],"about":[{"href":"https:\/\/www.bbmpackaging.com\/es\/wp-json\/wp\/v2\/types\/product"}],"replies":[{"embeddable":true,"href":"https:\/\/www.bbmpackaging.com\/es\/wp-json\/wp\/v2\/comments?post=36741"}],"wp:featuredmedia":[{"embeddable":true,"href":"https:\/\/www.bbmpackaging.com\/es\/wp-json\/wp\/v2\/media\/36745"}],"wp:attachment":[{"href":"https:\/\/www.bbmpackaging.com\/es\/wp-json\/wp\/v2\/media?parent=36741"}],"wp:term":[{"taxonomy":"brand","embeddable":true,"href":"https:\/\/www.bbmpackaging.com\/es\/wp-json\/wp\/v2\/brand?post=36741"},{"taxonomy":"product_brand","embeddable":true,"href":"https:\/\/www.bbmpackaging.com\/es\/wp-json\/wp\/v2\/product_brand?post=36741"},{"taxonomy":"product_cat","embeddable":true,"href":"https:\/\/www.bbmpackaging.com\/es\/wp-json\/wp\/v2\/product_cat?post=36741"},{"taxonomy":"product_tag","embeddable":true,"href":"https:\/\/www.bbmpackaging.com\/es\/wp-json\/wp\/v2\/product_tag?post=36741"}],"curies":[{"name":"wp","href":"https:\/\/api.w.org\/{rel}","templated":true}]}}