{"id":37753,"date":"2023-10-16T14:52:05","date_gmt":"2023-10-16T12:52:05","guid":{"rendered":"https:\/\/www.bbmpackaging.com\/prodotto\/robot-fanuc\/"},"modified":"2026-02-05T12:26:21","modified_gmt":"2026-02-05T11:26:21","slug":"robot-fanuc","status":"publish","type":"product","link":"https:\/\/www.bbmpackaging.com\/es\/maquinas\/otras-maquinas-usadas\/robot-fanuc\/","title":{"rendered":"Robot Fanuc"},"content":{"rendered":"<p>Robot Fanuc A05B -2405-B010. Robot con capacidad de carga de 120 kg. Disponible tal cual. Robot ideal para manipulaci\u00f3n de cajas. Disponible con cintas transportadoras &#8211; zona de paletizado.<\/p>\n","protected":false},"excerpt":{"rendered":"<p>Robot Fanuc tal cual<\/p>\n","protected":false},"featured_media":37728,"comment_status":"closed","ping_status":"closed","template":"","meta":{"_acf_changed":false},"brand":[7465],"product_brand":[],"product_cat":[1104,1129,1107],"product_tag":[],"class_list":{"0":"post-37753","1":"product","2":"type-product","3":"status-publish","4":"has-post-thumbnail","6":"brand-fanuc","7":"product_cat-maquinas","8":"product_cat-otras-maquinas-usadas","9":"product_cat-usadas","11":"first","12":"instock","13":"shipping-taxable","14":"product-type-simple"},"acf":[],"yoast_head":"<!-- This site is optimized with the Yoast SEO plugin v27.2 - https:\/\/yoast.com\/product\/yoast-seo-wordpress\/ -->\n<title>Robot Fanuc usado - BBM Packaging<\/title>\n<meta name=\"description\" content=\"Descubra el robot Fanuc A05B usado con 120 kg de capacidad, reacondicionado. Ideal para manipular cajas. Tambi\u00e9n disponible visto y gustado. Descubra la m\u00e1quina en l\u00ednea\" \/>\n<meta name=\"robots\" content=\"index, follow, max-snippet:-1, max-image-preview:large, max-video-preview:-1\" \/>\n<link rel=\"canonical\" href=\"https:\/\/www.bbmpackaging.com\/es\/maquinas\/otras-maquinas-usadas\/robot-fanuc\/\" \/>\n<meta property=\"og:locale\" content=\"es_ES\" \/>\n<meta property=\"og:type\" content=\"article\" \/>\n<meta property=\"og:title\" content=\"Robot Fanuc usado - BBM Packaging\" \/>\n<meta property=\"og:description\" content=\"Descubra el robot Fanuc A05B usado con 120 kg de capacidad, reacondicionado. Ideal para manipular cajas. Tambi\u00e9n disponible visto y gustado. Descubra la m\u00e1quina en l\u00ednea\" \/>\n<meta property=\"og:url\" content=\"https:\/\/www.bbmpackaging.com\/es\/maquinas\/otras-maquinas-usadas\/robot-fanuc\/\" \/>\n<meta property=\"og:site_name\" content=\"BBM Packaging\" \/>\n<meta property=\"article:modified_time\" content=\"2026-02-05T11:26:21+00:00\" \/>\n<meta property=\"og:image\" content=\"https:\/\/cdn.bbmpackaging.com\/wp-content\/uploads\/2023\/10\/BBM_Robot-Fanuc-A05B-2405-B010-4-1.jpeg\" \/>\n\t<meta property=\"og:image:width\" content=\"1024\" \/>\n\t<meta property=\"og:image:height\" content=\"768\" \/>\n\t<meta property=\"og:image:type\" content=\"image\/jpeg\" \/>\n<meta name=\"twitter:card\" content=\"summary_large_image\" \/>\n<meta name=\"twitter:label1\" content=\"Tiempo de lectura\" \/>\n\t<meta name=\"twitter:data1\" content=\"1 minuto\" \/>\n<script type=\"application\/ld+json\" class=\"yoast-schema-graph\">{\"@context\":\"https:\/\/schema.org\",\"@graph\":[{\"@type\":\"WebPage\",\"@id\":\"https:\/\/www.bbmpackaging.com\/es\/maquinas\/otras-maquinas-usadas\/robot-fanuc\/\",\"url\":\"https:\/\/www.bbmpackaging.com\/es\/maquinas\/otras-maquinas-usadas\/robot-fanuc\/\",\"name\":\"Robot Fanuc usado - BBM Packaging\",\"isPartOf\":{\"@id\":\"https:\/\/www.bbmpackaging.com\/es\/#website\"},\"primaryImageOfPage\":{\"@id\":\"https:\/\/www.bbmpackaging.com\/es\/maquinas\/otras-maquinas-usadas\/robot-fanuc\/#primaryimage\"},\"image\":{\"@id\":\"https:\/\/www.bbmpackaging.com\/es\/maquinas\/otras-maquinas-usadas\/robot-fanuc\/#primaryimage\"},\"thumbnailUrl\":\"https:\/\/cdn.bbmpackaging.com\/wp-content\/uploads\/2023\/10\/BBM_Robot-Fanuc-A05B-2405-B010-4-1.jpeg\",\"datePublished\":\"2023-10-16T12:52:05+00:00\",\"dateModified\":\"2026-02-05T11:26:21+00:00\",\"description\":\"Descubra el robot Fanuc A05B usado con 120 kg de capacidad, reacondicionado. Ideal para manipular cajas. Tambi\u00e9n disponible visto y gustado. Descubra la m\u00e1quina en l\u00ednea\",\"breadcrumb\":{\"@id\":\"https:\/\/www.bbmpackaging.com\/es\/maquinas\/otras-maquinas-usadas\/robot-fanuc\/#breadcrumb\"},\"inLanguage\":\"es\",\"potentialAction\":[{\"@type\":\"ReadAction\",\"target\":[\"https:\/\/www.bbmpackaging.com\/es\/maquinas\/otras-maquinas-usadas\/robot-fanuc\/\"]}]},{\"@type\":\"ImageObject\",\"inLanguage\":\"es\",\"@id\":\"https:\/\/www.bbmpackaging.com\/es\/maquinas\/otras-maquinas-usadas\/robot-fanuc\/#primaryimage\",\"url\":\"https:\/\/cdn.bbmpackaging.com\/wp-content\/uploads\/2023\/10\/BBM_Robot-Fanuc-A05B-2405-B010-4-1.jpeg\",\"contentUrl\":\"https:\/\/cdn.bbmpackaging.com\/wp-content\/uploads\/2023\/10\/BBM_Robot-Fanuc-A05B-2405-B010-4-1.jpeg\",\"width\":1024,\"height\":768,\"caption\":\"BBM_Robot Fanuc A05B -2405-B010\"},{\"@type\":\"BreadcrumbList\",\"@id\":\"https:\/\/www.bbmpackaging.com\/es\/maquinas\/otras-maquinas-usadas\/robot-fanuc\/#breadcrumb\",\"itemListElement\":[{\"@type\":\"ListItem\",\"position\":1,\"name\":\"Home\",\"item\":\"https:\/\/www.bbmpackaging.com\/es\/\"},{\"@type\":\"ListItem\",\"position\":2,\"name\":\"Productos\",\"item\":\"https:\/\/www.bbmpackaging.com\/es\/productos\/\"},{\"@type\":\"ListItem\",\"position\":3,\"name\":\"Usado\",\"item\":\"https:\/\/www.bbmpackaging.com\/es\/maquinas\/usadas\/\"},{\"@type\":\"ListItem\",\"position\":4,\"name\":\"Otras m\u00e1quinas y componentes\",\"item\":\"https:\/\/www.bbmpackaging.com\/es\/maquinas\/otras-maquinas-usadas\/\"},{\"@type\":\"ListItem\",\"position\":5,\"name\":\"Robot Fanuc\"}]},{\"@type\":\"WebSite\",\"@id\":\"https:\/\/www.bbmpackaging.com\/es\/#website\",\"url\":\"https:\/\/www.bbmpackaging.com\/es\/\",\"name\":\"BBM Packaging\",\"description\":\"Imbottigliamento: macchinari manutenzione e much more\",\"potentialAction\":[{\"@type\":\"SearchAction\",\"target\":{\"@type\":\"EntryPoint\",\"urlTemplate\":\"https:\/\/www.bbmpackaging.com\/es\/?s={search_term_string}\"},\"query-input\":{\"@type\":\"PropertyValueSpecification\",\"valueRequired\":true,\"valueName\":\"search_term_string\"}}],\"inLanguage\":\"es\"}]}<\/script>\n<!-- \/ Yoast SEO plugin. -->","yoast_head_json":{"title":"Robot Fanuc usado - BBM Packaging","description":"Descubra el robot Fanuc A05B usado con 120 kg de capacidad, reacondicionado. Ideal para manipular cajas. Tambi\u00e9n disponible visto y gustado. Descubra la m\u00e1quina en l\u00ednea","robots":{"index":"index","follow":"follow","max-snippet":"max-snippet:-1","max-image-preview":"max-image-preview:large","max-video-preview":"max-video-preview:-1"},"canonical":"https:\/\/www.bbmpackaging.com\/es\/maquinas\/otras-maquinas-usadas\/robot-fanuc\/","og_locale":"es_ES","og_type":"article","og_title":"Robot Fanuc usado - BBM Packaging","og_description":"Descubra el robot Fanuc A05B usado con 120 kg de capacidad, reacondicionado. Ideal para manipular cajas. Tambi\u00e9n disponible visto y gustado. Descubra la m\u00e1quina en l\u00ednea","og_url":"https:\/\/www.bbmpackaging.com\/es\/maquinas\/otras-maquinas-usadas\/robot-fanuc\/","og_site_name":"BBM Packaging","article_modified_time":"2026-02-05T11:26:21+00:00","og_image":[{"width":1024,"height":768,"url":"https:\/\/cdn.bbmpackaging.com\/wp-content\/uploads\/2023\/10\/BBM_Robot-Fanuc-A05B-2405-B010-4-1.jpeg","type":"image\/jpeg"}],"twitter_card":"summary_large_image","twitter_misc":{"Tiempo de lectura":"1 minuto"},"schema":{"@context":"https:\/\/schema.org","@graph":[{"@type":"WebPage","@id":"https:\/\/www.bbmpackaging.com\/es\/maquinas\/otras-maquinas-usadas\/robot-fanuc\/","url":"https:\/\/www.bbmpackaging.com\/es\/maquinas\/otras-maquinas-usadas\/robot-fanuc\/","name":"Robot Fanuc usado - BBM Packaging","isPartOf":{"@id":"https:\/\/www.bbmpackaging.com\/es\/#website"},"primaryImageOfPage":{"@id":"https:\/\/www.bbmpackaging.com\/es\/maquinas\/otras-maquinas-usadas\/robot-fanuc\/#primaryimage"},"image":{"@id":"https:\/\/www.bbmpackaging.com\/es\/maquinas\/otras-maquinas-usadas\/robot-fanuc\/#primaryimage"},"thumbnailUrl":"https:\/\/cdn.bbmpackaging.com\/wp-content\/uploads\/2023\/10\/BBM_Robot-Fanuc-A05B-2405-B010-4-1.jpeg","datePublished":"2023-10-16T12:52:05+00:00","dateModified":"2026-02-05T11:26:21+00:00","description":"Descubra el robot Fanuc A05B usado con 120 kg de capacidad, reacondicionado. Ideal para manipular cajas. Tambi\u00e9n disponible visto y gustado. Descubra la m\u00e1quina en l\u00ednea","breadcrumb":{"@id":"https:\/\/www.bbmpackaging.com\/es\/maquinas\/otras-maquinas-usadas\/robot-fanuc\/#breadcrumb"},"inLanguage":"es","potentialAction":[{"@type":"ReadAction","target":["https:\/\/www.bbmpackaging.com\/es\/maquinas\/otras-maquinas-usadas\/robot-fanuc\/"]}]},{"@type":"ImageObject","inLanguage":"es","@id":"https:\/\/www.bbmpackaging.com\/es\/maquinas\/otras-maquinas-usadas\/robot-fanuc\/#primaryimage","url":"https:\/\/cdn.bbmpackaging.com\/wp-content\/uploads\/2023\/10\/BBM_Robot-Fanuc-A05B-2405-B010-4-1.jpeg","contentUrl":"https:\/\/cdn.bbmpackaging.com\/wp-content\/uploads\/2023\/10\/BBM_Robot-Fanuc-A05B-2405-B010-4-1.jpeg","width":1024,"height":768,"caption":"BBM_Robot Fanuc A05B -2405-B010"},{"@type":"BreadcrumbList","@id":"https:\/\/www.bbmpackaging.com\/es\/maquinas\/otras-maquinas-usadas\/robot-fanuc\/#breadcrumb","itemListElement":[{"@type":"ListItem","position":1,"name":"Home","item":"https:\/\/www.bbmpackaging.com\/es\/"},{"@type":"ListItem","position":2,"name":"Productos","item":"https:\/\/www.bbmpackaging.com\/es\/productos\/"},{"@type":"ListItem","position":3,"name":"Usado","item":"https:\/\/www.bbmpackaging.com\/es\/maquinas\/usadas\/"},{"@type":"ListItem","position":4,"name":"Otras m\u00e1quinas y componentes","item":"https:\/\/www.bbmpackaging.com\/es\/maquinas\/otras-maquinas-usadas\/"},{"@type":"ListItem","position":5,"name":"Robot Fanuc"}]},{"@type":"WebSite","@id":"https:\/\/www.bbmpackaging.com\/es\/#website","url":"https:\/\/www.bbmpackaging.com\/es\/","name":"BBM Packaging","description":"Imbottigliamento: macchinari manutenzione e much more","potentialAction":[{"@type":"SearchAction","target":{"@type":"EntryPoint","urlTemplate":"https:\/\/www.bbmpackaging.com\/es\/?s={search_term_string}"},"query-input":{"@type":"PropertyValueSpecification","valueRequired":true,"valueName":"search_term_string"}}],"inLanguage":"es"}]}},"_links":{"self":[{"href":"https:\/\/www.bbmpackaging.com\/es\/wp-json\/wp\/v2\/product\/37753","targetHints":{"allow":["GET"]}}],"collection":[{"href":"https:\/\/www.bbmpackaging.com\/es\/wp-json\/wp\/v2\/product"}],"about":[{"href":"https:\/\/www.bbmpackaging.com\/es\/wp-json\/wp\/v2\/types\/product"}],"replies":[{"embeddable":true,"href":"https:\/\/www.bbmpackaging.com\/es\/wp-json\/wp\/v2\/comments?post=37753"}],"wp:featuredmedia":[{"embeddable":true,"href":"https:\/\/www.bbmpackaging.com\/es\/wp-json\/wp\/v2\/media\/37728"}],"wp:attachment":[{"href":"https:\/\/www.bbmpackaging.com\/es\/wp-json\/wp\/v2\/media?parent=37753"}],"wp:term":[{"taxonomy":"brand","embeddable":true,"href":"https:\/\/www.bbmpackaging.com\/es\/wp-json\/wp\/v2\/brand?post=37753"},{"taxonomy":"product_brand","embeddable":true,"href":"https:\/\/www.bbmpackaging.com\/es\/wp-json\/wp\/v2\/product_brand?post=37753"},{"taxonomy":"product_cat","embeddable":true,"href":"https:\/\/www.bbmpackaging.com\/es\/wp-json\/wp\/v2\/product_cat?post=37753"},{"taxonomy":"product_tag","embeddable":true,"href":"https:\/\/www.bbmpackaging.com\/es\/wp-json\/wp\/v2\/product_tag?post=37753"}],"curies":[{"name":"wp","href":"https:\/\/api.w.org\/{rel}","templated":true}]}}