{"id":39297,"date":"2024-03-14T15:46:42","date_gmt":"2024-03-14T14:46:42","guid":{"rendered":"https:\/\/www.bbmpackaging.com\/prodotto\/confezionamento-multigusto\/"},"modified":"2026-02-05T12:29:50","modified_gmt":"2026-02-05T11:29:50","slug":"confezionamento-multigusto","status":"publish","type":"product","link":"https:\/\/www.bbmpackaging.com\/es\/maquinas\/cintas-transportadoras\/soluciones-modulares\/envases-multisabor\/","title":{"rendered":"Empaquetado multigusto"},"content":{"rendered":"<p>El S<strong>istema de Envasado Multisabor<\/strong> es una soluci\u00f3n avanzada dise\u00f1ada para manejar m\u00faltiples l\u00edneas de productos (de 2 a 6) dentro de una sola estaci\u00f3n de envasado. Este sistema permite crear formatos multisabor de manera eficiente y precisa, garantizando una producci\u00f3n lineal.<\/p>\n<h4><strong>\u00bfC\u00f3mo funciona?<\/strong><\/h4>\n<p>Partiendo de <strong>varios bancos de acumulaci\u00f3n<\/strong>, donde los operarios depositan manualmente los productos sueltos, estos son transportados autom\u00e1ticamente a trav\u00e9s de un sistema de gu\u00edas que los llevar\u00e1 al empaquetado en cajas multi-sabor.<\/p>\n<p>Elegir el <strong>Sistema de Empaquetado Multigusto<\/strong> significa invertir en eficiencia, versatilidad y confiabilidad para mejorar significativamente el proceso de empaquetado de tu empresa.<\/p>\n","protected":false},"excerpt":{"rendered":"<h2><strong>Una soluci\u00f3n avanzada para empaquetar productos diferentes en un solo paquete, sin interrupciones.<\/strong><\/h2>\n","protected":false},"featured_media":39671,"comment_status":"closed","ping_status":"closed","template":"","meta":{"_acf_changed":false},"brand":[7498],"product_brand":[],"product_cat":[1104,4460,1131,1107],"product_tag":[],"class_list":{"0":"post-39297","1":"product","2":"type-product","3":"status-publish","4":"has-post-thumbnail","6":"brand-bbm-packaging","7":"product_cat-maquinas","8":"product_cat-soluciones-modulares","9":"product_cat-cintas-transportadoras","10":"product_cat-usadas","12":"first","13":"instock","14":"shipping-taxable","15":"product-type-simple"},"acf":[],"yoast_head":"<!-- This site is optimized with the Yoast SEO plugin v27.2 - https:\/\/yoast.com\/product\/yoast-seo-wordpress\/ -->\n<title>Empaquetado de M\u00faltiples Sabores - BBM Packaging<\/title>\n<meta name=\"description\" content=\"Soluci\u00f3n para empaquetado multigusto, ideal para manejar m\u00faltiples l\u00edneas de productos en una sola estaci\u00f3n de empaquetado. Descubre las soluciones de BBM Packaging.\" \/>\n<meta name=\"robots\" content=\"index, follow, max-snippet:-1, max-image-preview:large, max-video-preview:-1\" \/>\n<link rel=\"canonical\" href=\"https:\/\/www.bbmpackaging.com\/es\/maquinas\/cintas-transportadoras\/soluciones-modulares\/envases-multisabor\/\" \/>\n<meta property=\"og:locale\" content=\"es_ES\" \/>\n<meta property=\"og:type\" content=\"article\" \/>\n<meta property=\"og:title\" content=\"Empaquetado de M\u00faltiples Sabores - BBM Packaging\" \/>\n<meta property=\"og:description\" content=\"Soluci\u00f3n para empaquetado multigusto, ideal para manejar m\u00faltiples l\u00edneas de productos en una sola estaci\u00f3n de empaquetado. Descubre las soluciones de BBM Packaging.\" \/>\n<meta property=\"og:url\" content=\"https:\/\/www.bbmpackaging.com\/es\/maquinas\/cintas-transportadoras\/soluciones-modulares\/envases-multisabor\/\" \/>\n<meta property=\"og:site_name\" content=\"BBM Packaging\" \/>\n<meta property=\"article:modified_time\" content=\"2026-02-05T11:29:50+00:00\" \/>\n<meta property=\"og:image\" content=\"https:\/\/cdn.bbmpackaging.com\/wp-content\/uploads\/2024\/03\/BBM_Multi-flavor-packaging_-1.jpg\" \/>\n\t<meta property=\"og:image:width\" content=\"1024\" \/>\n\t<meta property=\"og:image:height\" content=\"768\" \/>\n\t<meta property=\"og:image:type\" content=\"image\/jpeg\" \/>\n<meta name=\"twitter:card\" content=\"summary_large_image\" \/>\n<meta name=\"twitter:label1\" content=\"Tiempo de lectura\" \/>\n\t<meta name=\"twitter:data1\" content=\"1 minuto\" \/>\n<script type=\"application\/ld+json\" class=\"yoast-schema-graph\">{\"@context\":\"https:\/\/schema.org\",\"@graph\":[{\"@type\":\"WebPage\",\"@id\":\"https:\/\/www.bbmpackaging.com\/es\/maquinas\/cintas-transportadoras\/soluciones-modulares\/envases-multisabor\/\",\"url\":\"https:\/\/www.bbmpackaging.com\/es\/maquinas\/cintas-transportadoras\/soluciones-modulares\/envases-multisabor\/\",\"name\":\"Empaquetado de M\u00faltiples Sabores - BBM Packaging\",\"isPartOf\":{\"@id\":\"https:\/\/www.bbmpackaging.com\/es\/#website\"},\"primaryImageOfPage\":{\"@id\":\"https:\/\/www.bbmpackaging.com\/es\/maquinas\/cintas-transportadoras\/soluciones-modulares\/envases-multisabor\/#primaryimage\"},\"image\":{\"@id\":\"https:\/\/www.bbmpackaging.com\/es\/maquinas\/cintas-transportadoras\/soluciones-modulares\/envases-multisabor\/#primaryimage\"},\"thumbnailUrl\":\"https:\/\/cdn.bbmpackaging.com\/wp-content\/uploads\/2024\/03\/BBM_Multi-flavor-packaging_-1.jpg\",\"datePublished\":\"2024-03-14T14:46:42+00:00\",\"dateModified\":\"2026-02-05T11:29:50+00:00\",\"description\":\"Soluci\u00f3n para empaquetado multigusto, ideal para manejar m\u00faltiples l\u00edneas de productos en una sola estaci\u00f3n de empaquetado. Descubre las soluciones de BBM Packaging.\",\"breadcrumb\":{\"@id\":\"https:\/\/www.bbmpackaging.com\/es\/maquinas\/cintas-transportadoras\/soluciones-modulares\/envases-multisabor\/#breadcrumb\"},\"inLanguage\":\"es\",\"potentialAction\":[{\"@type\":\"ReadAction\",\"target\":[\"https:\/\/www.bbmpackaging.com\/es\/maquinas\/cintas-transportadoras\/soluciones-modulares\/envases-multisabor\/\"]}]},{\"@type\":\"ImageObject\",\"inLanguage\":\"es\",\"@id\":\"https:\/\/www.bbmpackaging.com\/es\/maquinas\/cintas-transportadoras\/soluciones-modulares\/envases-multisabor\/#primaryimage\",\"url\":\"https:\/\/cdn.bbmpackaging.com\/wp-content\/uploads\/2024\/03\/BBM_Multi-flavor-packaging_-1.jpg\",\"contentUrl\":\"https:\/\/cdn.bbmpackaging.com\/wp-content\/uploads\/2024\/03\/BBM_Multi-flavor-packaging_-1.jpg\",\"width\":1024,\"height\":768},{\"@type\":\"BreadcrumbList\",\"@id\":\"https:\/\/www.bbmpackaging.com\/es\/maquinas\/cintas-transportadoras\/soluciones-modulares\/envases-multisabor\/#breadcrumb\",\"itemListElement\":[{\"@type\":\"ListItem\",\"position\":1,\"name\":\"Home\",\"item\":\"https:\/\/www.bbmpackaging.com\/es\/\"},{\"@type\":\"ListItem\",\"position\":2,\"name\":\"Productos\",\"item\":\"https:\/\/www.bbmpackaging.com\/es\/productos\/\"},{\"@type\":\"ListItem\",\"position\":3,\"name\":\"Empaquetado multigusto\"}]},{\"@type\":\"WebSite\",\"@id\":\"https:\/\/www.bbmpackaging.com\/es\/#website\",\"url\":\"https:\/\/www.bbmpackaging.com\/es\/\",\"name\":\"BBM Packaging\",\"description\":\"Imbottigliamento: macchinari manutenzione e much more\",\"potentialAction\":[{\"@type\":\"SearchAction\",\"target\":{\"@type\":\"EntryPoint\",\"urlTemplate\":\"https:\/\/www.bbmpackaging.com\/es\/?s={search_term_string}\"},\"query-input\":{\"@type\":\"PropertyValueSpecification\",\"valueRequired\":true,\"valueName\":\"search_term_string\"}}],\"inLanguage\":\"es\"}]}<\/script>\n<!-- \/ Yoast SEO plugin. -->","yoast_head_json":{"title":"Empaquetado de M\u00faltiples Sabores - BBM Packaging","description":"Soluci\u00f3n para empaquetado multigusto, ideal para manejar m\u00faltiples l\u00edneas de productos en una sola estaci\u00f3n de empaquetado. Descubre las soluciones de BBM Packaging.","robots":{"index":"index","follow":"follow","max-snippet":"max-snippet:-1","max-image-preview":"max-image-preview:large","max-video-preview":"max-video-preview:-1"},"canonical":"https:\/\/www.bbmpackaging.com\/es\/maquinas\/cintas-transportadoras\/soluciones-modulares\/envases-multisabor\/","og_locale":"es_ES","og_type":"article","og_title":"Empaquetado de M\u00faltiples Sabores - BBM Packaging","og_description":"Soluci\u00f3n para empaquetado multigusto, ideal para manejar m\u00faltiples l\u00edneas de productos en una sola estaci\u00f3n de empaquetado. Descubre las soluciones de BBM Packaging.","og_url":"https:\/\/www.bbmpackaging.com\/es\/maquinas\/cintas-transportadoras\/soluciones-modulares\/envases-multisabor\/","og_site_name":"BBM Packaging","article_modified_time":"2026-02-05T11:29:50+00:00","og_image":[{"width":1024,"height":768,"url":"https:\/\/cdn.bbmpackaging.com\/wp-content\/uploads\/2024\/03\/BBM_Multi-flavor-packaging_-1.jpg","type":"image\/jpeg"}],"twitter_card":"summary_large_image","twitter_misc":{"Tiempo de lectura":"1 minuto"},"schema":{"@context":"https:\/\/schema.org","@graph":[{"@type":"WebPage","@id":"https:\/\/www.bbmpackaging.com\/es\/maquinas\/cintas-transportadoras\/soluciones-modulares\/envases-multisabor\/","url":"https:\/\/www.bbmpackaging.com\/es\/maquinas\/cintas-transportadoras\/soluciones-modulares\/envases-multisabor\/","name":"Empaquetado de M\u00faltiples Sabores - BBM Packaging","isPartOf":{"@id":"https:\/\/www.bbmpackaging.com\/es\/#website"},"primaryImageOfPage":{"@id":"https:\/\/www.bbmpackaging.com\/es\/maquinas\/cintas-transportadoras\/soluciones-modulares\/envases-multisabor\/#primaryimage"},"image":{"@id":"https:\/\/www.bbmpackaging.com\/es\/maquinas\/cintas-transportadoras\/soluciones-modulares\/envases-multisabor\/#primaryimage"},"thumbnailUrl":"https:\/\/cdn.bbmpackaging.com\/wp-content\/uploads\/2024\/03\/BBM_Multi-flavor-packaging_-1.jpg","datePublished":"2024-03-14T14:46:42+00:00","dateModified":"2026-02-05T11:29:50+00:00","description":"Soluci\u00f3n para empaquetado multigusto, ideal para manejar m\u00faltiples l\u00edneas de productos en una sola estaci\u00f3n de empaquetado. Descubre las soluciones de BBM Packaging.","breadcrumb":{"@id":"https:\/\/www.bbmpackaging.com\/es\/maquinas\/cintas-transportadoras\/soluciones-modulares\/envases-multisabor\/#breadcrumb"},"inLanguage":"es","potentialAction":[{"@type":"ReadAction","target":["https:\/\/www.bbmpackaging.com\/es\/maquinas\/cintas-transportadoras\/soluciones-modulares\/envases-multisabor\/"]}]},{"@type":"ImageObject","inLanguage":"es","@id":"https:\/\/www.bbmpackaging.com\/es\/maquinas\/cintas-transportadoras\/soluciones-modulares\/envases-multisabor\/#primaryimage","url":"https:\/\/cdn.bbmpackaging.com\/wp-content\/uploads\/2024\/03\/BBM_Multi-flavor-packaging_-1.jpg","contentUrl":"https:\/\/cdn.bbmpackaging.com\/wp-content\/uploads\/2024\/03\/BBM_Multi-flavor-packaging_-1.jpg","width":1024,"height":768},{"@type":"BreadcrumbList","@id":"https:\/\/www.bbmpackaging.com\/es\/maquinas\/cintas-transportadoras\/soluciones-modulares\/envases-multisabor\/#breadcrumb","itemListElement":[{"@type":"ListItem","position":1,"name":"Home","item":"https:\/\/www.bbmpackaging.com\/es\/"},{"@type":"ListItem","position":2,"name":"Productos","item":"https:\/\/www.bbmpackaging.com\/es\/productos\/"},{"@type":"ListItem","position":3,"name":"Empaquetado multigusto"}]},{"@type":"WebSite","@id":"https:\/\/www.bbmpackaging.com\/es\/#website","url":"https:\/\/www.bbmpackaging.com\/es\/","name":"BBM Packaging","description":"Imbottigliamento: macchinari manutenzione e much more","potentialAction":[{"@type":"SearchAction","target":{"@type":"EntryPoint","urlTemplate":"https:\/\/www.bbmpackaging.com\/es\/?s={search_term_string}"},"query-input":{"@type":"PropertyValueSpecification","valueRequired":true,"valueName":"search_term_string"}}],"inLanguage":"es"}]}},"_links":{"self":[{"href":"https:\/\/www.bbmpackaging.com\/es\/wp-json\/wp\/v2\/product\/39297","targetHints":{"allow":["GET"]}}],"collection":[{"href":"https:\/\/www.bbmpackaging.com\/es\/wp-json\/wp\/v2\/product"}],"about":[{"href":"https:\/\/www.bbmpackaging.com\/es\/wp-json\/wp\/v2\/types\/product"}],"replies":[{"embeddable":true,"href":"https:\/\/www.bbmpackaging.com\/es\/wp-json\/wp\/v2\/comments?post=39297"}],"wp:featuredmedia":[{"embeddable":true,"href":"https:\/\/www.bbmpackaging.com\/es\/wp-json\/wp\/v2\/media\/39671"}],"wp:attachment":[{"href":"https:\/\/www.bbmpackaging.com\/es\/wp-json\/wp\/v2\/media?parent=39297"}],"wp:term":[{"taxonomy":"brand","embeddable":true,"href":"https:\/\/www.bbmpackaging.com\/es\/wp-json\/wp\/v2\/brand?post=39297"},{"taxonomy":"product_brand","embeddable":true,"href":"https:\/\/www.bbmpackaging.com\/es\/wp-json\/wp\/v2\/product_brand?post=39297"},{"taxonomy":"product_cat","embeddable":true,"href":"https:\/\/www.bbmpackaging.com\/es\/wp-json\/wp\/v2\/product_cat?post=39297"},{"taxonomy":"product_tag","embeddable":true,"href":"https:\/\/www.bbmpackaging.com\/es\/wp-json\/wp\/v2\/product_tag?post=39297"}],"curies":[{"name":"wp","href":"https:\/\/api.w.org\/{rel}","templated":true}]}}