{"id":39548,"date":"2024-03-14T17:16:46","date_gmt":"2024-03-14T16:16:46","guid":{"rendered":"https:\/\/www.bbmpackaging.com\/prodotto\/placche-di-trasferimento-attive\/"},"modified":"2026-02-05T12:29:50","modified_gmt":"2026-02-05T11:29:50","slug":"placche-di-trasferimento-attive","status":"publish","type":"product","link":"https:\/\/www.bbmpackaging.com\/es\/maquinas\/cintas-transportadoras\/soluciones-modulares\/placas-transferencia-activas\/","title":{"rendered":"Placas de transferencia activas"},"content":{"rendered":"<p>Las placas de transferencia activas son vers\u00e1tiles kits dise\u00f1ados para unir dos o m\u00e1s cintas transportadoras,<strong> formando una junta<\/strong> entre ellas. Estos componentes son fundamentales para asegurar el flujo correcto de materiales a lo largo de la l\u00ednea de producci\u00f3n, incluso en configuraciones complejas como<strong> \u00e1ngulos de 90 grados<\/strong>.<\/p>\n<h4><strong>\u00bfEl verdadero Pro?<\/strong><\/h4>\n<p>A diferencia de los sistemas tradicionales, donde los paquetes son empujados uno contra otro con el riesgo de da\u00f1ar o agitar las botellas, las placas de transferencia activas permiten un paso <strong>sin fricci\u00f3n<\/strong>. Las botellas son desplazadas con precisi\u00f3n milim\u00e9trica hacia la siguiente cinta transportadora, incluso realizando rotaciones de 90 grados seg\u00fan la configuraci\u00f3n de la l\u00ednea.<\/p>\n<p>Con las placas de transferencia activas, no solo obtienes un movimiento fluido y ordenado, sino tambi\u00e9n una mayor eficiencia y confiabilidad en tu proceso de producci\u00f3n.<\/p>\n","protected":false},"excerpt":{"rendered":"<h2><strong>Kits vers\u00e1tiles para unir dos o m\u00e1s transportadores de cinta. El secreto para un movimiento fluido y preciso en las l\u00edneas de embotellado y envasado<\/strong><\/h2>\n","protected":false},"featured_media":39675,"comment_status":"closed","ping_status":"closed","template":"","meta":{"_acf_changed":false},"brand":[7498],"product_brand":[],"product_cat":[1104,4460,1131,1107],"product_tag":[],"class_list":{"0":"post-39548","1":"product","2":"type-product","3":"status-publish","4":"has-post-thumbnail","6":"brand-bbm-packaging","7":"product_cat-maquinas","8":"product_cat-soluciones-modulares","9":"product_cat-cintas-transportadoras","10":"product_cat-usadas","12":"first","13":"instock","14":"shipping-taxable","15":"product-type-simple"},"acf":[],"yoast_head":"<!-- This site is optimized with the Yoast SEO plugin v27.2 - https:\/\/yoast.com\/product\/yoast-seo-wordpress\/ -->\n<title>Placas de Transferencia Activas: Conexi\u00f3n de Cintas transportadoras<\/title>\n<meta name=\"description\" content=\"Placas de transferencia activas para la uni\u00f3n de cintas transportadoras. Garantizan un paso fluido y continuo entre diferentes secciones de la l\u00ednea. Desc\u00fabrelas ahora.\" \/>\n<meta name=\"robots\" content=\"index, follow, max-snippet:-1, max-image-preview:large, max-video-preview:-1\" \/>\n<link rel=\"canonical\" href=\"https:\/\/www.bbmpackaging.com\/es\/maquinas\/cintas-transportadoras\/soluciones-modulares\/placas-transferencia-activas\/\" \/>\n<meta property=\"og:locale\" content=\"es_ES\" \/>\n<meta property=\"og:type\" content=\"article\" \/>\n<meta property=\"og:title\" content=\"Placas de Transferencia Activas: Conexi\u00f3n de Cintas transportadoras\" \/>\n<meta property=\"og:description\" content=\"Placas de transferencia activas para la uni\u00f3n de cintas transportadoras. Garantizan un paso fluido y continuo entre diferentes secciones de la l\u00ednea. Desc\u00fabrelas ahora.\" \/>\n<meta property=\"og:url\" content=\"https:\/\/www.bbmpackaging.com\/es\/maquinas\/cintas-transportadoras\/soluciones-modulares\/placas-transferencia-activas\/\" \/>\n<meta property=\"og:site_name\" content=\"BBM Packaging\" \/>\n<meta property=\"article:modified_time\" content=\"2026-02-05T11:29:50+00:00\" \/>\n<meta property=\"og:image\" content=\"https:\/\/cdn.bbmpackaging.com\/wp-content\/uploads\/2024\/03\/BBM_Active-transfer-plates_1-1-1.jpg\" \/>\n\t<meta property=\"og:image:width\" content=\"1111\" \/>\n\t<meta property=\"og:image:height\" content=\"833\" \/>\n\t<meta property=\"og:image:type\" content=\"image\/jpeg\" \/>\n<meta name=\"twitter:card\" content=\"summary_large_image\" \/>\n<meta name=\"twitter:label1\" content=\"Tiempo de lectura\" \/>\n\t<meta name=\"twitter:data1\" content=\"1 minuto\" \/>\n<script type=\"application\/ld+json\" class=\"yoast-schema-graph\">{\"@context\":\"https:\/\/schema.org\",\"@graph\":[{\"@type\":\"WebPage\",\"@id\":\"https:\/\/www.bbmpackaging.com\/es\/maquinas\/cintas-transportadoras\/soluciones-modulares\/placas-transferencia-activas\/\",\"url\":\"https:\/\/www.bbmpackaging.com\/es\/maquinas\/cintas-transportadoras\/soluciones-modulares\/placas-transferencia-activas\/\",\"name\":\"Placas de Transferencia Activas: Conexi\u00f3n de Cintas transportadoras\",\"isPartOf\":{\"@id\":\"https:\/\/www.bbmpackaging.com\/es\/#website\"},\"primaryImageOfPage\":{\"@id\":\"https:\/\/www.bbmpackaging.com\/es\/maquinas\/cintas-transportadoras\/soluciones-modulares\/placas-transferencia-activas\/#primaryimage\"},\"image\":{\"@id\":\"https:\/\/www.bbmpackaging.com\/es\/maquinas\/cintas-transportadoras\/soluciones-modulares\/placas-transferencia-activas\/#primaryimage\"},\"thumbnailUrl\":\"https:\/\/cdn.bbmpackaging.com\/wp-content\/uploads\/2024\/03\/BBM_Active-transfer-plates_1-1-1.jpg\",\"datePublished\":\"2024-03-14T16:16:46+00:00\",\"dateModified\":\"2026-02-05T11:29:50+00:00\",\"description\":\"Placas de transferencia activas para la uni\u00f3n de cintas transportadoras. Garantizan un paso fluido y continuo entre diferentes secciones de la l\u00ednea. Desc\u00fabrelas ahora.\",\"breadcrumb\":{\"@id\":\"https:\/\/www.bbmpackaging.com\/es\/maquinas\/cintas-transportadoras\/soluciones-modulares\/placas-transferencia-activas\/#breadcrumb\"},\"inLanguage\":\"es\",\"potentialAction\":[{\"@type\":\"ReadAction\",\"target\":[\"https:\/\/www.bbmpackaging.com\/es\/maquinas\/cintas-transportadoras\/soluciones-modulares\/placas-transferencia-activas\/\"]}]},{\"@type\":\"ImageObject\",\"inLanguage\":\"es\",\"@id\":\"https:\/\/www.bbmpackaging.com\/es\/maquinas\/cintas-transportadoras\/soluciones-modulares\/placas-transferencia-activas\/#primaryimage\",\"url\":\"https:\/\/cdn.bbmpackaging.com\/wp-content\/uploads\/2024\/03\/BBM_Active-transfer-plates_1-1-1.jpg\",\"contentUrl\":\"https:\/\/cdn.bbmpackaging.com\/wp-content\/uploads\/2024\/03\/BBM_Active-transfer-plates_1-1-1.jpg\",\"width\":1111,\"height\":833,\"caption\":\"BBM_Active transfer plates\"},{\"@type\":\"BreadcrumbList\",\"@id\":\"https:\/\/www.bbmpackaging.com\/es\/maquinas\/cintas-transportadoras\/soluciones-modulares\/placas-transferencia-activas\/#breadcrumb\",\"itemListElement\":[{\"@type\":\"ListItem\",\"position\":1,\"name\":\"Home\",\"item\":\"https:\/\/www.bbmpackaging.com\/es\/\"},{\"@type\":\"ListItem\",\"position\":2,\"name\":\"Productos\",\"item\":\"https:\/\/www.bbmpackaging.com\/es\/productos\/\"},{\"@type\":\"ListItem\",\"position\":3,\"name\":\"Placas de transferencia activas\"}]},{\"@type\":\"WebSite\",\"@id\":\"https:\/\/www.bbmpackaging.com\/es\/#website\",\"url\":\"https:\/\/www.bbmpackaging.com\/es\/\",\"name\":\"BBM Packaging\",\"description\":\"Imbottigliamento: macchinari manutenzione e much more\",\"potentialAction\":[{\"@type\":\"SearchAction\",\"target\":{\"@type\":\"EntryPoint\",\"urlTemplate\":\"https:\/\/www.bbmpackaging.com\/es\/?s={search_term_string}\"},\"query-input\":{\"@type\":\"PropertyValueSpecification\",\"valueRequired\":true,\"valueName\":\"search_term_string\"}}],\"inLanguage\":\"es\"}]}<\/script>\n<!-- \/ Yoast SEO plugin. -->","yoast_head_json":{"title":"Placas de Transferencia Activas: Conexi\u00f3n de Cintas transportadoras","description":"Placas de transferencia activas para la uni\u00f3n de cintas transportadoras. Garantizan un paso fluido y continuo entre diferentes secciones de la l\u00ednea. Desc\u00fabrelas ahora.","robots":{"index":"index","follow":"follow","max-snippet":"max-snippet:-1","max-image-preview":"max-image-preview:large","max-video-preview":"max-video-preview:-1"},"canonical":"https:\/\/www.bbmpackaging.com\/es\/maquinas\/cintas-transportadoras\/soluciones-modulares\/placas-transferencia-activas\/","og_locale":"es_ES","og_type":"article","og_title":"Placas de Transferencia Activas: Conexi\u00f3n de Cintas transportadoras","og_description":"Placas de transferencia activas para la uni\u00f3n de cintas transportadoras. Garantizan un paso fluido y continuo entre diferentes secciones de la l\u00ednea. Desc\u00fabrelas ahora.","og_url":"https:\/\/www.bbmpackaging.com\/es\/maquinas\/cintas-transportadoras\/soluciones-modulares\/placas-transferencia-activas\/","og_site_name":"BBM Packaging","article_modified_time":"2026-02-05T11:29:50+00:00","og_image":[{"width":1111,"height":833,"url":"https:\/\/cdn.bbmpackaging.com\/wp-content\/uploads\/2024\/03\/BBM_Active-transfer-plates_1-1-1.jpg","type":"image\/jpeg"}],"twitter_card":"summary_large_image","twitter_misc":{"Tiempo de lectura":"1 minuto"},"schema":{"@context":"https:\/\/schema.org","@graph":[{"@type":"WebPage","@id":"https:\/\/www.bbmpackaging.com\/es\/maquinas\/cintas-transportadoras\/soluciones-modulares\/placas-transferencia-activas\/","url":"https:\/\/www.bbmpackaging.com\/es\/maquinas\/cintas-transportadoras\/soluciones-modulares\/placas-transferencia-activas\/","name":"Placas de Transferencia Activas: Conexi\u00f3n de Cintas transportadoras","isPartOf":{"@id":"https:\/\/www.bbmpackaging.com\/es\/#website"},"primaryImageOfPage":{"@id":"https:\/\/www.bbmpackaging.com\/es\/maquinas\/cintas-transportadoras\/soluciones-modulares\/placas-transferencia-activas\/#primaryimage"},"image":{"@id":"https:\/\/www.bbmpackaging.com\/es\/maquinas\/cintas-transportadoras\/soluciones-modulares\/placas-transferencia-activas\/#primaryimage"},"thumbnailUrl":"https:\/\/cdn.bbmpackaging.com\/wp-content\/uploads\/2024\/03\/BBM_Active-transfer-plates_1-1-1.jpg","datePublished":"2024-03-14T16:16:46+00:00","dateModified":"2026-02-05T11:29:50+00:00","description":"Placas de transferencia activas para la uni\u00f3n de cintas transportadoras. Garantizan un paso fluido y continuo entre diferentes secciones de la l\u00ednea. Desc\u00fabrelas ahora.","breadcrumb":{"@id":"https:\/\/www.bbmpackaging.com\/es\/maquinas\/cintas-transportadoras\/soluciones-modulares\/placas-transferencia-activas\/#breadcrumb"},"inLanguage":"es","potentialAction":[{"@type":"ReadAction","target":["https:\/\/www.bbmpackaging.com\/es\/maquinas\/cintas-transportadoras\/soluciones-modulares\/placas-transferencia-activas\/"]}]},{"@type":"ImageObject","inLanguage":"es","@id":"https:\/\/www.bbmpackaging.com\/es\/maquinas\/cintas-transportadoras\/soluciones-modulares\/placas-transferencia-activas\/#primaryimage","url":"https:\/\/cdn.bbmpackaging.com\/wp-content\/uploads\/2024\/03\/BBM_Active-transfer-plates_1-1-1.jpg","contentUrl":"https:\/\/cdn.bbmpackaging.com\/wp-content\/uploads\/2024\/03\/BBM_Active-transfer-plates_1-1-1.jpg","width":1111,"height":833,"caption":"BBM_Active transfer plates"},{"@type":"BreadcrumbList","@id":"https:\/\/www.bbmpackaging.com\/es\/maquinas\/cintas-transportadoras\/soluciones-modulares\/placas-transferencia-activas\/#breadcrumb","itemListElement":[{"@type":"ListItem","position":1,"name":"Home","item":"https:\/\/www.bbmpackaging.com\/es\/"},{"@type":"ListItem","position":2,"name":"Productos","item":"https:\/\/www.bbmpackaging.com\/es\/productos\/"},{"@type":"ListItem","position":3,"name":"Placas de transferencia activas"}]},{"@type":"WebSite","@id":"https:\/\/www.bbmpackaging.com\/es\/#website","url":"https:\/\/www.bbmpackaging.com\/es\/","name":"BBM Packaging","description":"Imbottigliamento: macchinari manutenzione e much more","potentialAction":[{"@type":"SearchAction","target":{"@type":"EntryPoint","urlTemplate":"https:\/\/www.bbmpackaging.com\/es\/?s={search_term_string}"},"query-input":{"@type":"PropertyValueSpecification","valueRequired":true,"valueName":"search_term_string"}}],"inLanguage":"es"}]}},"_links":{"self":[{"href":"https:\/\/www.bbmpackaging.com\/es\/wp-json\/wp\/v2\/product\/39548","targetHints":{"allow":["GET"]}}],"collection":[{"href":"https:\/\/www.bbmpackaging.com\/es\/wp-json\/wp\/v2\/product"}],"about":[{"href":"https:\/\/www.bbmpackaging.com\/es\/wp-json\/wp\/v2\/types\/product"}],"replies":[{"embeddable":true,"href":"https:\/\/www.bbmpackaging.com\/es\/wp-json\/wp\/v2\/comments?post=39548"}],"wp:featuredmedia":[{"embeddable":true,"href":"https:\/\/www.bbmpackaging.com\/es\/wp-json\/wp\/v2\/media\/39675"}],"wp:attachment":[{"href":"https:\/\/www.bbmpackaging.com\/es\/wp-json\/wp\/v2\/media?parent=39548"}],"wp:term":[{"taxonomy":"brand","embeddable":true,"href":"https:\/\/www.bbmpackaging.com\/es\/wp-json\/wp\/v2\/brand?post=39548"},{"taxonomy":"product_brand","embeddable":true,"href":"https:\/\/www.bbmpackaging.com\/es\/wp-json\/wp\/v2\/product_brand?post=39548"},{"taxonomy":"product_cat","embeddable":true,"href":"https:\/\/www.bbmpackaging.com\/es\/wp-json\/wp\/v2\/product_cat?post=39548"},{"taxonomy":"product_tag","embeddable":true,"href":"https:\/\/www.bbmpackaging.com\/es\/wp-json\/wp\/v2\/product_tag?post=39548"}],"curies":[{"name":"wp","href":"https:\/\/api.w.org\/{rel}","templated":true}]}}