{"id":39642,"date":"2024-03-15T12:28:21","date_gmt":"2024-03-15T11:28:21","guid":{"rendered":"https:\/\/www.bbmpackaging.com\/prodotto\/bottle-storage-disks\/"},"modified":"2026-02-05T12:29:50","modified_gmt":"2026-02-05T11:29:50","slug":"bottle-storage-disks","status":"publish","type":"product","link":"https:\/\/www.bbmpackaging.com\/es\/maquinas\/cintas-transportadoras\/soluciones-modulares\/discos-acumulacion-de-botellas\/","title":{"rendered":"Discos de acumulaci\u00f3n de botellas"},"content":{"rendered":"<p>En la<strong> l\u00ednea de embotellado<\/strong>, los discos de acumulaci\u00f3n son la soluci\u00f3n ideal para garantizar:<\/p>\n<ul>\n<li>El<strong> ingreso manual de productos,<\/strong> proporcionando una plataforma estable para facilitar esta operaci\u00f3n.<\/li>\n<li>La transici\u00f3n fluida entre m\u00e1quinas con sistemas de entrada o<strong> velocidades diferentes<\/strong>. De hecho, los discos de acumulaci\u00f3n permiten acumular temporalmente los productos que llegan de la m\u00e1quina m\u00e1s r\u00e1pida, permitiendo que la m\u00e1quina siguiente los procese a un ritmo adecuado. Este proceso facilita la coordinaci\u00f3n entre las etapas de producci\u00f3n y minimiza los desperdicios y los atascos.<\/li>\n<\/ul>\n<div class=\"flex-1 overflow-hidden\">\n<div class=\"react-scroll-to-bottom--css-mmmkt-79elbk h-full\">\n<div class=\"react-scroll-to-bottom--css-mmmkt-1n7m0yu\">\n<div class=\"flex flex-col text-sm pb-9\">\n<div class=\"w-full text-token-text-primary\" data-testid=\"conversation-turn-33\">\n<div class=\"px-4 py-2 justify-center text-base md:gap-6 m-auto\">\n<div class=\"flex flex-1 text-base mx-auto gap-3 md:px-5 lg:px-1 xl:px-5 md:max-w-3xl lg:max-w-[40rem] xl:max-w-[48rem] group final-completion\">\n<div class=\"relative flex w-full flex-col agent-turn\">\n<div class=\"flex-col gap-1 md:gap-3\">\n<div class=\"flex flex-grow flex-col max-w-full\">\n<div class=\"min-h-[20px] text-message flex flex-col items-start gap-3 whitespace-pre-wrap break-words [.text-message+&amp;]:mt-5 overflow-x-auto\" data-message-author-role=\"assistant\" data-message-id=\"df54bebb-2262-49de-8d89-a05b3f776bd5\">\n<div class=\"markdown prose w-full break-words dark:prose-invert light\">\n<p>Los discos de acumulaci\u00f3n pueden ser colocados estrat\u00e9gicamente a lo largo del flujo de trabajo, sirviendo como elemento de transici\u00f3n.<\/p>\n<\/div>\n<\/div>\n<\/div>\n<\/div>\n<\/div>\n<\/div>\n<\/div>\n<\/div>\n<\/div>\n<\/div>\n<\/div>\n<\/div>\n","protected":false},"excerpt":{"rendered":"<div class=\"flex-1 overflow-hidden\">\n<div class=\"react-scroll-to-bottom--css-mmmkt-79elbk h-full\">\n<div class=\"react-scroll-to-bottom--css-mmmkt-1n7m0yu\">\n<div class=\"flex flex-col text-sm pb-9\">\n<div class=\"w-full text-token-text-primary\" data-testid=\"conversation-turn-39\">\n<div class=\"px-4 py-2 justify-center text-base md:gap-6 m-auto\">\n<div class=\"flex flex-1 text-base mx-auto gap-3 md:px-5 lg:px-1 xl:px-5 md:max-w-3xl lg:max-w-[40rem] xl:max-w-[48rem] group final-completion\">\n<div class=\"relative flex w-full flex-col agent-turn\">\n<div class=\"flex-col gap-1 md:gap-3\">\n<div class=\"flex flex-grow flex-col max-w-full\">\n<div class=\"min-h-[20px] text-message flex flex-col items-start gap-3 whitespace-pre-wrap break-words [.text-message+&amp;]:mt-5 overflow-x-auto\" data-message-author-role=\"assistant\" data-message-id=\"13f5a7f7-ebfe-4091-b32c-daf43e2200e1\">\n<div class=\"markdown prose w-full break-words dark:prose-invert light\">\n<h2><strong>Disco de acumulaci\u00f3n: soluciones ideales para permitir la inserci\u00f3n manual de productos en la l\u00ednea y la transici\u00f3n fluida entre m\u00e1quinas que funcionan a diferentes velocidades.<\/strong><\/h2>\n<\/div>\n<\/div>\n<\/div>\n<\/div>\n<\/div>\n<\/div>\n<\/div>\n<\/div>\n<\/div>\n<\/div>\n<\/div>\n<\/div>\n","protected":false},"featured_media":39665,"comment_status":"closed","ping_status":"closed","template":"","meta":{"_acf_changed":false},"brand":[7498],"product_brand":[],"product_cat":[1104,4460,1131,1107],"product_tag":[],"class_list":{"0":"post-39642","1":"product","2":"type-product","3":"status-publish","4":"has-post-thumbnail","6":"brand-bbm-packaging","7":"product_cat-maquinas","8":"product_cat-soluciones-modulares","9":"product_cat-cintas-transportadoras","10":"product_cat-usadas","12":"first","13":"instock","14":"shipping-taxable","15":"product-type-simple"},"acf":[],"yoast_head":"<!-- This site is optimized with the Yoast SEO plugin v27.2 - https:\/\/yoast.com\/product\/yoast-seo-wordpress\/ -->\n<title>Discos de acumulaci\u00f3n de botellas - BBM Packaging<\/title>\n<meta name=\"description\" content=\"Discos de acumulaci\u00f3n para inserci\u00f3n manual y transici\u00f3n fluida entre m\u00e1quinas a diferentes velocidades en la l\u00ednea de producci\u00f3n. Soluciones revisadas de BBM Packaging.\" \/>\n<meta name=\"robots\" content=\"index, follow, max-snippet:-1, max-image-preview:large, max-video-preview:-1\" \/>\n<link rel=\"canonical\" href=\"https:\/\/www.bbmpackaging.com\/es\/maquinas\/cintas-transportadoras\/soluciones-modulares\/discos-acumulacion-de-botellas\/\" \/>\n<meta property=\"og:locale\" content=\"es_ES\" \/>\n<meta property=\"og:type\" content=\"article\" \/>\n<meta property=\"og:title\" content=\"Discos de acumulaci\u00f3n de botellas - BBM Packaging\" \/>\n<meta property=\"og:description\" content=\"Discos de acumulaci\u00f3n para inserci\u00f3n manual y transici\u00f3n fluida entre m\u00e1quinas a diferentes velocidades en la l\u00ednea de producci\u00f3n. Soluciones revisadas de BBM Packaging.\" \/>\n<meta property=\"og:url\" content=\"https:\/\/www.bbmpackaging.com\/es\/maquinas\/cintas-transportadoras\/soluciones-modulares\/discos-acumulacion-de-botellas\/\" \/>\n<meta property=\"og:site_name\" content=\"BBM Packaging\" \/>\n<meta property=\"article:modified_time\" content=\"2026-02-05T11:29:50+00:00\" \/>\n<meta property=\"og:image\" content=\"https:\/\/cdn.bbmpackaging.com\/wp-content\/uploads\/2024\/03\/BBM_Bottle-storage-disks-1-2.jpg\" \/>\n\t<meta property=\"og:image:width\" content=\"974\" \/>\n\t<meta property=\"og:image:height\" content=\"730\" \/>\n\t<meta property=\"og:image:type\" content=\"image\/jpeg\" \/>\n<meta name=\"twitter:card\" content=\"summary_large_image\" \/>\n<meta name=\"twitter:label1\" content=\"Tiempo de lectura\" \/>\n\t<meta name=\"twitter:data1\" content=\"1 minuto\" \/>\n<script type=\"application\/ld+json\" class=\"yoast-schema-graph\">{\"@context\":\"https:\/\/schema.org\",\"@graph\":[{\"@type\":\"WebPage\",\"@id\":\"https:\/\/www.bbmpackaging.com\/es\/maquinas\/cintas-transportadoras\/soluciones-modulares\/discos-acumulacion-de-botellas\/\",\"url\":\"https:\/\/www.bbmpackaging.com\/es\/maquinas\/cintas-transportadoras\/soluciones-modulares\/discos-acumulacion-de-botellas\/\",\"name\":\"Discos de acumulaci\u00f3n de botellas - BBM Packaging\",\"isPartOf\":{\"@id\":\"https:\/\/www.bbmpackaging.com\/es\/#website\"},\"primaryImageOfPage\":{\"@id\":\"https:\/\/www.bbmpackaging.com\/es\/maquinas\/cintas-transportadoras\/soluciones-modulares\/discos-acumulacion-de-botellas\/#primaryimage\"},\"image\":{\"@id\":\"https:\/\/www.bbmpackaging.com\/es\/maquinas\/cintas-transportadoras\/soluciones-modulares\/discos-acumulacion-de-botellas\/#primaryimage\"},\"thumbnailUrl\":\"https:\/\/cdn.bbmpackaging.com\/wp-content\/uploads\/2024\/03\/BBM_Bottle-storage-disks-1-2.jpg\",\"datePublished\":\"2024-03-15T11:28:21+00:00\",\"dateModified\":\"2026-02-05T11:29:50+00:00\",\"description\":\"Discos de acumulaci\u00f3n para inserci\u00f3n manual y transici\u00f3n fluida entre m\u00e1quinas a diferentes velocidades en la l\u00ednea de producci\u00f3n. Soluciones revisadas de BBM Packaging.\",\"breadcrumb\":{\"@id\":\"https:\/\/www.bbmpackaging.com\/es\/maquinas\/cintas-transportadoras\/soluciones-modulares\/discos-acumulacion-de-botellas\/#breadcrumb\"},\"inLanguage\":\"es\",\"potentialAction\":[{\"@type\":\"ReadAction\",\"target\":[\"https:\/\/www.bbmpackaging.com\/es\/maquinas\/cintas-transportadoras\/soluciones-modulares\/discos-acumulacion-de-botellas\/\"]}]},{\"@type\":\"ImageObject\",\"inLanguage\":\"es\",\"@id\":\"https:\/\/www.bbmpackaging.com\/es\/maquinas\/cintas-transportadoras\/soluciones-modulares\/discos-acumulacion-de-botellas\/#primaryimage\",\"url\":\"https:\/\/cdn.bbmpackaging.com\/wp-content\/uploads\/2024\/03\/BBM_Bottle-storage-disks-1-2.jpg\",\"contentUrl\":\"https:\/\/cdn.bbmpackaging.com\/wp-content\/uploads\/2024\/03\/BBM_Bottle-storage-disks-1-2.jpg\",\"width\":974,\"height\":730,\"caption\":\"BBM_Bottle storage disks\"},{\"@type\":\"BreadcrumbList\",\"@id\":\"https:\/\/www.bbmpackaging.com\/es\/maquinas\/cintas-transportadoras\/soluciones-modulares\/discos-acumulacion-de-botellas\/#breadcrumb\",\"itemListElement\":[{\"@type\":\"ListItem\",\"position\":1,\"name\":\"Home\",\"item\":\"https:\/\/www.bbmpackaging.com\/es\/\"},{\"@type\":\"ListItem\",\"position\":2,\"name\":\"Productos\",\"item\":\"https:\/\/www.bbmpackaging.com\/es\/productos\/\"},{\"@type\":\"ListItem\",\"position\":3,\"name\":\"Discos de acumulaci\u00f3n de botellas\"}]},{\"@type\":\"WebSite\",\"@id\":\"https:\/\/www.bbmpackaging.com\/es\/#website\",\"url\":\"https:\/\/www.bbmpackaging.com\/es\/\",\"name\":\"BBM Packaging\",\"description\":\"Imbottigliamento: macchinari manutenzione e much more\",\"potentialAction\":[{\"@type\":\"SearchAction\",\"target\":{\"@type\":\"EntryPoint\",\"urlTemplate\":\"https:\/\/www.bbmpackaging.com\/es\/?s={search_term_string}\"},\"query-input\":{\"@type\":\"PropertyValueSpecification\",\"valueRequired\":true,\"valueName\":\"search_term_string\"}}],\"inLanguage\":\"es\"}]}<\/script>\n<!-- \/ Yoast SEO plugin. -->","yoast_head_json":{"title":"Discos de acumulaci\u00f3n de botellas - BBM Packaging","description":"Discos de acumulaci\u00f3n para inserci\u00f3n manual y transici\u00f3n fluida entre m\u00e1quinas a diferentes velocidades en la l\u00ednea de producci\u00f3n. Soluciones revisadas de BBM Packaging.","robots":{"index":"index","follow":"follow","max-snippet":"max-snippet:-1","max-image-preview":"max-image-preview:large","max-video-preview":"max-video-preview:-1"},"canonical":"https:\/\/www.bbmpackaging.com\/es\/maquinas\/cintas-transportadoras\/soluciones-modulares\/discos-acumulacion-de-botellas\/","og_locale":"es_ES","og_type":"article","og_title":"Discos de acumulaci\u00f3n de botellas - BBM Packaging","og_description":"Discos de acumulaci\u00f3n para inserci\u00f3n manual y transici\u00f3n fluida entre m\u00e1quinas a diferentes velocidades en la l\u00ednea de producci\u00f3n. Soluciones revisadas de BBM Packaging.","og_url":"https:\/\/www.bbmpackaging.com\/es\/maquinas\/cintas-transportadoras\/soluciones-modulares\/discos-acumulacion-de-botellas\/","og_site_name":"BBM Packaging","article_modified_time":"2026-02-05T11:29:50+00:00","og_image":[{"width":974,"height":730,"url":"https:\/\/cdn.bbmpackaging.com\/wp-content\/uploads\/2024\/03\/BBM_Bottle-storage-disks-1-2.jpg","type":"image\/jpeg"}],"twitter_card":"summary_large_image","twitter_misc":{"Tiempo de lectura":"1 minuto"},"schema":{"@context":"https:\/\/schema.org","@graph":[{"@type":"WebPage","@id":"https:\/\/www.bbmpackaging.com\/es\/maquinas\/cintas-transportadoras\/soluciones-modulares\/discos-acumulacion-de-botellas\/","url":"https:\/\/www.bbmpackaging.com\/es\/maquinas\/cintas-transportadoras\/soluciones-modulares\/discos-acumulacion-de-botellas\/","name":"Discos de acumulaci\u00f3n de botellas - BBM Packaging","isPartOf":{"@id":"https:\/\/www.bbmpackaging.com\/es\/#website"},"primaryImageOfPage":{"@id":"https:\/\/www.bbmpackaging.com\/es\/maquinas\/cintas-transportadoras\/soluciones-modulares\/discos-acumulacion-de-botellas\/#primaryimage"},"image":{"@id":"https:\/\/www.bbmpackaging.com\/es\/maquinas\/cintas-transportadoras\/soluciones-modulares\/discos-acumulacion-de-botellas\/#primaryimage"},"thumbnailUrl":"https:\/\/cdn.bbmpackaging.com\/wp-content\/uploads\/2024\/03\/BBM_Bottle-storage-disks-1-2.jpg","datePublished":"2024-03-15T11:28:21+00:00","dateModified":"2026-02-05T11:29:50+00:00","description":"Discos de acumulaci\u00f3n para inserci\u00f3n manual y transici\u00f3n fluida entre m\u00e1quinas a diferentes velocidades en la l\u00ednea de producci\u00f3n. Soluciones revisadas de BBM Packaging.","breadcrumb":{"@id":"https:\/\/www.bbmpackaging.com\/es\/maquinas\/cintas-transportadoras\/soluciones-modulares\/discos-acumulacion-de-botellas\/#breadcrumb"},"inLanguage":"es","potentialAction":[{"@type":"ReadAction","target":["https:\/\/www.bbmpackaging.com\/es\/maquinas\/cintas-transportadoras\/soluciones-modulares\/discos-acumulacion-de-botellas\/"]}]},{"@type":"ImageObject","inLanguage":"es","@id":"https:\/\/www.bbmpackaging.com\/es\/maquinas\/cintas-transportadoras\/soluciones-modulares\/discos-acumulacion-de-botellas\/#primaryimage","url":"https:\/\/cdn.bbmpackaging.com\/wp-content\/uploads\/2024\/03\/BBM_Bottle-storage-disks-1-2.jpg","contentUrl":"https:\/\/cdn.bbmpackaging.com\/wp-content\/uploads\/2024\/03\/BBM_Bottle-storage-disks-1-2.jpg","width":974,"height":730,"caption":"BBM_Bottle storage disks"},{"@type":"BreadcrumbList","@id":"https:\/\/www.bbmpackaging.com\/es\/maquinas\/cintas-transportadoras\/soluciones-modulares\/discos-acumulacion-de-botellas\/#breadcrumb","itemListElement":[{"@type":"ListItem","position":1,"name":"Home","item":"https:\/\/www.bbmpackaging.com\/es\/"},{"@type":"ListItem","position":2,"name":"Productos","item":"https:\/\/www.bbmpackaging.com\/es\/productos\/"},{"@type":"ListItem","position":3,"name":"Discos de acumulaci\u00f3n de botellas"}]},{"@type":"WebSite","@id":"https:\/\/www.bbmpackaging.com\/es\/#website","url":"https:\/\/www.bbmpackaging.com\/es\/","name":"BBM Packaging","description":"Imbottigliamento: macchinari manutenzione e much more","potentialAction":[{"@type":"SearchAction","target":{"@type":"EntryPoint","urlTemplate":"https:\/\/www.bbmpackaging.com\/es\/?s={search_term_string}"},"query-input":{"@type":"PropertyValueSpecification","valueRequired":true,"valueName":"search_term_string"}}],"inLanguage":"es"}]}},"_links":{"self":[{"href":"https:\/\/www.bbmpackaging.com\/es\/wp-json\/wp\/v2\/product\/39642","targetHints":{"allow":["GET"]}}],"collection":[{"href":"https:\/\/www.bbmpackaging.com\/es\/wp-json\/wp\/v2\/product"}],"about":[{"href":"https:\/\/www.bbmpackaging.com\/es\/wp-json\/wp\/v2\/types\/product"}],"replies":[{"embeddable":true,"href":"https:\/\/www.bbmpackaging.com\/es\/wp-json\/wp\/v2\/comments?post=39642"}],"wp:featuredmedia":[{"embeddable":true,"href":"https:\/\/www.bbmpackaging.com\/es\/wp-json\/wp\/v2\/media\/39665"}],"wp:attachment":[{"href":"https:\/\/www.bbmpackaging.com\/es\/wp-json\/wp\/v2\/media?parent=39642"}],"wp:term":[{"taxonomy":"brand","embeddable":true,"href":"https:\/\/www.bbmpackaging.com\/es\/wp-json\/wp\/v2\/brand?post=39642"},{"taxonomy":"product_brand","embeddable":true,"href":"https:\/\/www.bbmpackaging.com\/es\/wp-json\/wp\/v2\/product_brand?post=39642"},{"taxonomy":"product_cat","embeddable":true,"href":"https:\/\/www.bbmpackaging.com\/es\/wp-json\/wp\/v2\/product_cat?post=39642"},{"taxonomy":"product_tag","embeddable":true,"href":"https:\/\/www.bbmpackaging.com\/es\/wp-json\/wp\/v2\/product_tag?post=39642"}],"curies":[{"name":"wp","href":"https:\/\/api.w.org\/{rel}","templated":true}]}}