{"id":39706,"date":"2024-03-15T15:22:49","date_gmt":"2024-03-15T14:22:49","guid":{"rendered":"https:\/\/www.bbmpackaging.com\/prodotto\/curve-modulari\/"},"modified":"2026-02-05T12:29:59","modified_gmt":"2026-02-05T11:29:59","slug":"curve-modulari","status":"publish","type":"product","link":"https:\/\/www.bbmpackaging.com\/es\/maquinas\/cintas-transportadoras\/soluciones-modulares\/curvas-de-cintas-modulares\/","title":{"rendered":"Curvas modulares"},"content":{"rendered":"<p>Una curva modular en las cintas transportadoras de botellas, fardos o paquetes es un componente fundamental, utilizado <strong>para cambiar la direcci\u00f3n<\/strong> del flujo de materiales a lo largo de la l\u00ednea de manera eficiente y precisa. Este tipo de curva est\u00e1 compuesto por secciones modulares que permiten una mayor flexibilidad y adaptabilidad en comparaci\u00f3n con las curvas tradicionales.<\/p>\n<p>Las curvas modulares est\u00e1n dise\u00f1adas para garantizar una transici\u00f3n fluida de los materiales desde una secci\u00f3n lineal a una curva, lo que permite el transporte de mercanc\u00edas en espacios reducidos o en l\u00edneas de producci\u00f3n con dise\u00f1os complejos. Las curvas pueden ser <strong>personalizadas<\/strong> para adaptarse a las necesidades espec\u00edficas del cliente, permitiendo \u00e1ngulos de curvatura variables y configuraciones en varios niveles.<\/p>\n<p>El uso de curvas modulares presenta varios beneficios, como la optimizaci\u00f3n del espacio disponible y la reducci\u00f3n al m\u00ednimo del roce y el desgaste de los materiales transportados.<\/p>\n","protected":false},"excerpt":{"rendered":"<h2><strong>Para la transici\u00f3n fluida de los paquetes en las secciones curvas, optimizando el espacio.<\/strong><\/h2>\n","protected":false},"featured_media":39715,"comment_status":"closed","ping_status":"closed","template":"","meta":{"_acf_changed":false},"brand":[7498],"product_brand":[],"product_cat":[1104,4460,1131,1107],"product_tag":[],"class_list":{"0":"post-39706","1":"product","2":"type-product","3":"status-publish","4":"has-post-thumbnail","6":"brand-bbm-packaging","7":"product_cat-maquinas","8":"product_cat-soluciones-modulares","9":"product_cat-cintas-transportadoras","10":"product_cat-usadas","12":"first","13":"instock","14":"shipping-taxable","15":"product-type-simple"},"acf":[],"yoast_head":"<!-- This site is optimized with the Yoast SEO plugin v27.2 - https:\/\/yoast.com\/product\/yoast-seo-wordpress\/ -->\n<title>Curvas modulares para Cintas - BBM Packaging<\/title>\n<meta name=\"description\" content=\"Curvas modulares de cinta para cambiar la direcci\u00f3n del flujo en las l\u00edneas de embotellado. Ideales para cintas transportadoras de botellas, paquetes o envases.\" \/>\n<meta name=\"robots\" content=\"index, follow, max-snippet:-1, max-image-preview:large, max-video-preview:-1\" \/>\n<link rel=\"canonical\" href=\"https:\/\/www.bbmpackaging.com\/es\/maquinas\/cintas-transportadoras\/soluciones-modulares\/curvas-de-cintas-modulares\/\" \/>\n<meta property=\"og:locale\" content=\"es_ES\" \/>\n<meta property=\"og:type\" content=\"article\" \/>\n<meta property=\"og:title\" content=\"Curvas modulares para Cintas - BBM Packaging\" \/>\n<meta property=\"og:description\" content=\"Curvas modulares de cinta para cambiar la direcci\u00f3n del flujo en las l\u00edneas de embotellado. Ideales para cintas transportadoras de botellas, paquetes o envases.\" \/>\n<meta property=\"og:url\" content=\"https:\/\/www.bbmpackaging.com\/es\/maquinas\/cintas-transportadoras\/soluciones-modulares\/curvas-de-cintas-modulares\/\" \/>\n<meta property=\"og:site_name\" content=\"BBM Packaging\" \/>\n<meta property=\"article:modified_time\" content=\"2026-02-05T11:29:59+00:00\" \/>\n<meta property=\"og:image\" content=\"https:\/\/cdn.bbmpackaging.com\/wp-content\/uploads\/2024\/03\/BBM_Conveyor-belt-curve_PRODUCT.jpg\" \/>\n\t<meta property=\"og:image:width\" content=\"1024\" \/>\n\t<meta property=\"og:image:height\" content=\"768\" \/>\n\t<meta property=\"og:image:type\" content=\"image\/jpeg\" \/>\n<meta name=\"twitter:card\" content=\"summary_large_image\" \/>\n<meta name=\"twitter:label1\" content=\"Tiempo de lectura\" \/>\n\t<meta name=\"twitter:data1\" content=\"1 minuto\" \/>\n<script type=\"application\/ld+json\" class=\"yoast-schema-graph\">{\"@context\":\"https:\/\/schema.org\",\"@graph\":[{\"@type\":\"WebPage\",\"@id\":\"https:\/\/www.bbmpackaging.com\/es\/maquinas\/cintas-transportadoras\/soluciones-modulares\/curvas-de-cintas-modulares\/\",\"url\":\"https:\/\/www.bbmpackaging.com\/es\/maquinas\/cintas-transportadoras\/soluciones-modulares\/curvas-de-cintas-modulares\/\",\"name\":\"Curvas modulares para Cintas - BBM Packaging\",\"isPartOf\":{\"@id\":\"https:\/\/www.bbmpackaging.com\/es\/#website\"},\"primaryImageOfPage\":{\"@id\":\"https:\/\/www.bbmpackaging.com\/es\/maquinas\/cintas-transportadoras\/soluciones-modulares\/curvas-de-cintas-modulares\/#primaryimage\"},\"image\":{\"@id\":\"https:\/\/www.bbmpackaging.com\/es\/maquinas\/cintas-transportadoras\/soluciones-modulares\/curvas-de-cintas-modulares\/#primaryimage\"},\"thumbnailUrl\":\"https:\/\/cdn.bbmpackaging.com\/wp-content\/uploads\/2024\/03\/BBM_Conveyor-belt-curve_PRODUCT.jpg\",\"datePublished\":\"2024-03-15T14:22:49+00:00\",\"dateModified\":\"2026-02-05T11:29:59+00:00\",\"description\":\"Curvas modulares de cinta para cambiar la direcci\u00f3n del flujo en las l\u00edneas de embotellado. Ideales para cintas transportadoras de botellas, paquetes o envases.\",\"breadcrumb\":{\"@id\":\"https:\/\/www.bbmpackaging.com\/es\/maquinas\/cintas-transportadoras\/soluciones-modulares\/curvas-de-cintas-modulares\/#breadcrumb\"},\"inLanguage\":\"es\",\"potentialAction\":[{\"@type\":\"ReadAction\",\"target\":[\"https:\/\/www.bbmpackaging.com\/es\/maquinas\/cintas-transportadoras\/soluciones-modulares\/curvas-de-cintas-modulares\/\"]}]},{\"@type\":\"ImageObject\",\"inLanguage\":\"es\",\"@id\":\"https:\/\/www.bbmpackaging.com\/es\/maquinas\/cintas-transportadoras\/soluciones-modulares\/curvas-de-cintas-modulares\/#primaryimage\",\"url\":\"https:\/\/cdn.bbmpackaging.com\/wp-content\/uploads\/2024\/03\/BBM_Conveyor-belt-curve_PRODUCT.jpg\",\"contentUrl\":\"https:\/\/cdn.bbmpackaging.com\/wp-content\/uploads\/2024\/03\/BBM_Conveyor-belt-curve_PRODUCT.jpg\",\"width\":1024,\"height\":768,\"caption\":\"BBM_Conveyor belt curve\"},{\"@type\":\"BreadcrumbList\",\"@id\":\"https:\/\/www.bbmpackaging.com\/es\/maquinas\/cintas-transportadoras\/soluciones-modulares\/curvas-de-cintas-modulares\/#breadcrumb\",\"itemListElement\":[{\"@type\":\"ListItem\",\"position\":1,\"name\":\"Home\",\"item\":\"https:\/\/www.bbmpackaging.com\/es\/\"},{\"@type\":\"ListItem\",\"position\":2,\"name\":\"Productos\",\"item\":\"https:\/\/www.bbmpackaging.com\/es\/productos\/\"},{\"@type\":\"ListItem\",\"position\":3,\"name\":\"Curvas modulares\"}]},{\"@type\":\"WebSite\",\"@id\":\"https:\/\/www.bbmpackaging.com\/es\/#website\",\"url\":\"https:\/\/www.bbmpackaging.com\/es\/\",\"name\":\"BBM Packaging\",\"description\":\"Imbottigliamento: macchinari manutenzione e much more\",\"potentialAction\":[{\"@type\":\"SearchAction\",\"target\":{\"@type\":\"EntryPoint\",\"urlTemplate\":\"https:\/\/www.bbmpackaging.com\/es\/?s={search_term_string}\"},\"query-input\":{\"@type\":\"PropertyValueSpecification\",\"valueRequired\":true,\"valueName\":\"search_term_string\"}}],\"inLanguage\":\"es\"}]}<\/script>\n<!-- \/ Yoast SEO plugin. -->","yoast_head_json":{"title":"Curvas modulares para Cintas - BBM Packaging","description":"Curvas modulares de cinta para cambiar la direcci\u00f3n del flujo en las l\u00edneas de embotellado. Ideales para cintas transportadoras de botellas, paquetes o envases.","robots":{"index":"index","follow":"follow","max-snippet":"max-snippet:-1","max-image-preview":"max-image-preview:large","max-video-preview":"max-video-preview:-1"},"canonical":"https:\/\/www.bbmpackaging.com\/es\/maquinas\/cintas-transportadoras\/soluciones-modulares\/curvas-de-cintas-modulares\/","og_locale":"es_ES","og_type":"article","og_title":"Curvas modulares para Cintas - BBM Packaging","og_description":"Curvas modulares de cinta para cambiar la direcci\u00f3n del flujo en las l\u00edneas de embotellado. Ideales para cintas transportadoras de botellas, paquetes o envases.","og_url":"https:\/\/www.bbmpackaging.com\/es\/maquinas\/cintas-transportadoras\/soluciones-modulares\/curvas-de-cintas-modulares\/","og_site_name":"BBM Packaging","article_modified_time":"2026-02-05T11:29:59+00:00","og_image":[{"width":1024,"height":768,"url":"https:\/\/cdn.bbmpackaging.com\/wp-content\/uploads\/2024\/03\/BBM_Conveyor-belt-curve_PRODUCT.jpg","type":"image\/jpeg"}],"twitter_card":"summary_large_image","twitter_misc":{"Tiempo de lectura":"1 minuto"},"schema":{"@context":"https:\/\/schema.org","@graph":[{"@type":"WebPage","@id":"https:\/\/www.bbmpackaging.com\/es\/maquinas\/cintas-transportadoras\/soluciones-modulares\/curvas-de-cintas-modulares\/","url":"https:\/\/www.bbmpackaging.com\/es\/maquinas\/cintas-transportadoras\/soluciones-modulares\/curvas-de-cintas-modulares\/","name":"Curvas modulares para Cintas - BBM Packaging","isPartOf":{"@id":"https:\/\/www.bbmpackaging.com\/es\/#website"},"primaryImageOfPage":{"@id":"https:\/\/www.bbmpackaging.com\/es\/maquinas\/cintas-transportadoras\/soluciones-modulares\/curvas-de-cintas-modulares\/#primaryimage"},"image":{"@id":"https:\/\/www.bbmpackaging.com\/es\/maquinas\/cintas-transportadoras\/soluciones-modulares\/curvas-de-cintas-modulares\/#primaryimage"},"thumbnailUrl":"https:\/\/cdn.bbmpackaging.com\/wp-content\/uploads\/2024\/03\/BBM_Conveyor-belt-curve_PRODUCT.jpg","datePublished":"2024-03-15T14:22:49+00:00","dateModified":"2026-02-05T11:29:59+00:00","description":"Curvas modulares de cinta para cambiar la direcci\u00f3n del flujo en las l\u00edneas de embotellado. Ideales para cintas transportadoras de botellas, paquetes o envases.","breadcrumb":{"@id":"https:\/\/www.bbmpackaging.com\/es\/maquinas\/cintas-transportadoras\/soluciones-modulares\/curvas-de-cintas-modulares\/#breadcrumb"},"inLanguage":"es","potentialAction":[{"@type":"ReadAction","target":["https:\/\/www.bbmpackaging.com\/es\/maquinas\/cintas-transportadoras\/soluciones-modulares\/curvas-de-cintas-modulares\/"]}]},{"@type":"ImageObject","inLanguage":"es","@id":"https:\/\/www.bbmpackaging.com\/es\/maquinas\/cintas-transportadoras\/soluciones-modulares\/curvas-de-cintas-modulares\/#primaryimage","url":"https:\/\/cdn.bbmpackaging.com\/wp-content\/uploads\/2024\/03\/BBM_Conveyor-belt-curve_PRODUCT.jpg","contentUrl":"https:\/\/cdn.bbmpackaging.com\/wp-content\/uploads\/2024\/03\/BBM_Conveyor-belt-curve_PRODUCT.jpg","width":1024,"height":768,"caption":"BBM_Conveyor belt curve"},{"@type":"BreadcrumbList","@id":"https:\/\/www.bbmpackaging.com\/es\/maquinas\/cintas-transportadoras\/soluciones-modulares\/curvas-de-cintas-modulares\/#breadcrumb","itemListElement":[{"@type":"ListItem","position":1,"name":"Home","item":"https:\/\/www.bbmpackaging.com\/es\/"},{"@type":"ListItem","position":2,"name":"Productos","item":"https:\/\/www.bbmpackaging.com\/es\/productos\/"},{"@type":"ListItem","position":3,"name":"Curvas modulares"}]},{"@type":"WebSite","@id":"https:\/\/www.bbmpackaging.com\/es\/#website","url":"https:\/\/www.bbmpackaging.com\/es\/","name":"BBM Packaging","description":"Imbottigliamento: macchinari manutenzione e much more","potentialAction":[{"@type":"SearchAction","target":{"@type":"EntryPoint","urlTemplate":"https:\/\/www.bbmpackaging.com\/es\/?s={search_term_string}"},"query-input":{"@type":"PropertyValueSpecification","valueRequired":true,"valueName":"search_term_string"}}],"inLanguage":"es"}]}},"_links":{"self":[{"href":"https:\/\/www.bbmpackaging.com\/es\/wp-json\/wp\/v2\/product\/39706","targetHints":{"allow":["GET"]}}],"collection":[{"href":"https:\/\/www.bbmpackaging.com\/es\/wp-json\/wp\/v2\/product"}],"about":[{"href":"https:\/\/www.bbmpackaging.com\/es\/wp-json\/wp\/v2\/types\/product"}],"replies":[{"embeddable":true,"href":"https:\/\/www.bbmpackaging.com\/es\/wp-json\/wp\/v2\/comments?post=39706"}],"wp:featuredmedia":[{"embeddable":true,"href":"https:\/\/www.bbmpackaging.com\/es\/wp-json\/wp\/v2\/media\/39715"}],"wp:attachment":[{"href":"https:\/\/www.bbmpackaging.com\/es\/wp-json\/wp\/v2\/media?parent=39706"}],"wp:term":[{"taxonomy":"brand","embeddable":true,"href":"https:\/\/www.bbmpackaging.com\/es\/wp-json\/wp\/v2\/brand?post=39706"},{"taxonomy":"product_brand","embeddable":true,"href":"https:\/\/www.bbmpackaging.com\/es\/wp-json\/wp\/v2\/product_brand?post=39706"},{"taxonomy":"product_cat","embeddable":true,"href":"https:\/\/www.bbmpackaging.com\/es\/wp-json\/wp\/v2\/product_cat?post=39706"},{"taxonomy":"product_tag","embeddable":true,"href":"https:\/\/www.bbmpackaging.com\/es\/wp-json\/wp\/v2\/product_tag?post=39706"}],"curies":[{"name":"wp","href":"https:\/\/api.w.org\/{rel}","templated":true}]}}