{"id":39733,"date":"2024-03-18T08:30:08","date_gmt":"2024-03-18T07:30:08","guid":{"rendered":"https:\/\/www.bbmpackaging.com\/prodotto\/nastri-di-affiancamento\/"},"modified":"2026-02-05T12:29:59","modified_gmt":"2026-02-05T11:29:59","slug":"nastri-di-affiancamento","status":"publish","type":"product","link":"https:\/\/www.bbmpackaging.com\/es\/maquinas\/cintas-transportadoras\/soluciones-modulares\/cintas-transportadoras-adyacentes\/","title":{"rendered":"Bandas transportadoras adyacentes"},"content":{"rendered":"<p>Un nastro de transferencia especial fabricado por BBM, dise\u00f1ado para permitir <strong>un tr\u00e1nsito lineal sin la necesidad de trasladar el producto de una cinta a otra<\/strong> durante la fase de colocaci\u00f3n adyacente.<\/p>\n<p>Este sistema es especialmente ideal para manejar<strong> botellas tronco-c\u00f3nicas<\/strong>, como las utilizadas en la industria vin\u00edcola, o botellas cil\u00edndricas, garantizando una gesti\u00f3n \u00f3ptima de las presiones en las cintas y previniendo la rotura o el contacto entre las botellas. Las gu\u00edas fijas aseguran una posici\u00f3n estable, mientras que un sistema de cintas subyacentes permite un tr\u00e1nsito fluido y sin problemas.<\/p>\n<p>&nbsp;<\/p>\n","protected":false},"excerpt":{"rendered":"<h2><strong>Perfectos para el transporte de botellas cil\u00edndricas o tronco-c\u00f3nicas<\/strong><\/h2>\n","protected":false},"featured_media":39726,"comment_status":"closed","ping_status":"closed","template":"","meta":{"_acf_changed":false},"brand":[7498],"product_brand":[],"product_cat":[1104,4460,1131,1107],"product_tag":[],"class_list":{"0":"post-39733","1":"product","2":"type-product","3":"status-publish","4":"has-post-thumbnail","6":"brand-bbm-packaging","7":"product_cat-maquinas","8":"product_cat-soluciones-modulares","9":"product_cat-cintas-transportadoras","10":"product_cat-usadas","12":"first","13":"instock","14":"shipping-taxable","15":"product-type-simple"},"acf":[],"yoast_head":"<!-- This site is optimized with the Yoast SEO plugin v27.2 - https:\/\/yoast.com\/product\/yoast-seo-wordpress\/ -->\n<title>Transportadoras adyacentes - BBM Packaging<\/title>\n<meta name=\"description\" content=\"Descubre las Cintas de alineaci\u00f3n de BBM Packaging. Ideales para el transporte lineal de botellas cil\u00edndricas o troncoc\u00f3nicas sin desplazamiento entre cintas.\" \/>\n<meta name=\"robots\" content=\"index, follow, max-snippet:-1, max-image-preview:large, max-video-preview:-1\" \/>\n<link rel=\"canonical\" href=\"https:\/\/www.bbmpackaging.com\/es\/maquinas\/cintas-transportadoras\/soluciones-modulares\/cintas-transportadoras-adyacentes\/\" \/>\n<meta property=\"og:locale\" content=\"es_ES\" \/>\n<meta property=\"og:type\" content=\"article\" \/>\n<meta property=\"og:title\" content=\"Transportadoras adyacentes - BBM Packaging\" \/>\n<meta property=\"og:description\" content=\"Descubre las Cintas de alineaci\u00f3n de BBM Packaging. Ideales para el transporte lineal de botellas cil\u00edndricas o troncoc\u00f3nicas sin desplazamiento entre cintas.\" \/>\n<meta property=\"og:url\" content=\"https:\/\/www.bbmpackaging.com\/es\/maquinas\/cintas-transportadoras\/soluciones-modulares\/cintas-transportadoras-adyacentes\/\" \/>\n<meta property=\"og:site_name\" content=\"BBM Packaging\" \/>\n<meta property=\"article:modified_time\" content=\"2026-02-05T11:29:59+00:00\" \/>\n<meta property=\"og:image\" content=\"https:\/\/cdn.bbmpackaging.com\/wp-content\/uploads\/2024\/03\/BBM_nastro-di-affiancamento_.jpg\" \/>\n\t<meta property=\"og:image:width\" content=\"1441\" \/>\n\t<meta property=\"og:image:height\" content=\"1080\" \/>\n\t<meta property=\"og:image:type\" content=\"image\/jpeg\" \/>\n<meta name=\"twitter:card\" content=\"summary_large_image\" \/>\n<meta name=\"twitter:label1\" content=\"Tiempo de lectura\" \/>\n\t<meta name=\"twitter:data1\" content=\"1 minuto\" \/>\n<script type=\"application\/ld+json\" class=\"yoast-schema-graph\">{\"@context\":\"https:\/\/schema.org\",\"@graph\":[{\"@type\":\"WebPage\",\"@id\":\"https:\/\/www.bbmpackaging.com\/es\/maquinas\/cintas-transportadoras\/soluciones-modulares\/cintas-transportadoras-adyacentes\/\",\"url\":\"https:\/\/www.bbmpackaging.com\/es\/maquinas\/cintas-transportadoras\/soluciones-modulares\/cintas-transportadoras-adyacentes\/\",\"name\":\"Transportadoras adyacentes - BBM Packaging\",\"isPartOf\":{\"@id\":\"https:\/\/www.bbmpackaging.com\/es\/#website\"},\"primaryImageOfPage\":{\"@id\":\"https:\/\/www.bbmpackaging.com\/es\/maquinas\/cintas-transportadoras\/soluciones-modulares\/cintas-transportadoras-adyacentes\/#primaryimage\"},\"image\":{\"@id\":\"https:\/\/www.bbmpackaging.com\/es\/maquinas\/cintas-transportadoras\/soluciones-modulares\/cintas-transportadoras-adyacentes\/#primaryimage\"},\"thumbnailUrl\":\"https:\/\/cdn.bbmpackaging.com\/wp-content\/uploads\/2024\/03\/BBM_nastro-di-affiancamento_.jpg\",\"datePublished\":\"2024-03-18T07:30:08+00:00\",\"dateModified\":\"2026-02-05T11:29:59+00:00\",\"description\":\"Descubre las Cintas de alineaci\u00f3n de BBM Packaging. Ideales para el transporte lineal de botellas cil\u00edndricas o troncoc\u00f3nicas sin desplazamiento entre cintas.\",\"breadcrumb\":{\"@id\":\"https:\/\/www.bbmpackaging.com\/es\/maquinas\/cintas-transportadoras\/soluciones-modulares\/cintas-transportadoras-adyacentes\/#breadcrumb\"},\"inLanguage\":\"es\",\"potentialAction\":[{\"@type\":\"ReadAction\",\"target\":[\"https:\/\/www.bbmpackaging.com\/es\/maquinas\/cintas-transportadoras\/soluciones-modulares\/cintas-transportadoras-adyacentes\/\"]}]},{\"@type\":\"ImageObject\",\"inLanguage\":\"es\",\"@id\":\"https:\/\/www.bbmpackaging.com\/es\/maquinas\/cintas-transportadoras\/soluciones-modulares\/cintas-transportadoras-adyacentes\/#primaryimage\",\"url\":\"https:\/\/cdn.bbmpackaging.com\/wp-content\/uploads\/2024\/03\/BBM_nastro-di-affiancamento_.jpg\",\"contentUrl\":\"https:\/\/cdn.bbmpackaging.com\/wp-content\/uploads\/2024\/03\/BBM_nastro-di-affiancamento_.jpg\",\"width\":1441,\"height\":1080,\"caption\":\"BBM_nastro di affiancamento\"},{\"@type\":\"BreadcrumbList\",\"@id\":\"https:\/\/www.bbmpackaging.com\/es\/maquinas\/cintas-transportadoras\/soluciones-modulares\/cintas-transportadoras-adyacentes\/#breadcrumb\",\"itemListElement\":[{\"@type\":\"ListItem\",\"position\":1,\"name\":\"Home\",\"item\":\"https:\/\/www.bbmpackaging.com\/es\/\"},{\"@type\":\"ListItem\",\"position\":2,\"name\":\"Productos\",\"item\":\"https:\/\/www.bbmpackaging.com\/es\/productos\/\"},{\"@type\":\"ListItem\",\"position\":3,\"name\":\"Bandas transportadoras adyacentes\"}]},{\"@type\":\"WebSite\",\"@id\":\"https:\/\/www.bbmpackaging.com\/es\/#website\",\"url\":\"https:\/\/www.bbmpackaging.com\/es\/\",\"name\":\"BBM Packaging\",\"description\":\"Imbottigliamento: macchinari manutenzione e much more\",\"potentialAction\":[{\"@type\":\"SearchAction\",\"target\":{\"@type\":\"EntryPoint\",\"urlTemplate\":\"https:\/\/www.bbmpackaging.com\/es\/?s={search_term_string}\"},\"query-input\":{\"@type\":\"PropertyValueSpecification\",\"valueRequired\":true,\"valueName\":\"search_term_string\"}}],\"inLanguage\":\"es\"}]}<\/script>\n<!-- \/ Yoast SEO plugin. -->","yoast_head_json":{"title":"Transportadoras adyacentes - BBM Packaging","description":"Descubre las Cintas de alineaci\u00f3n de BBM Packaging. Ideales para el transporte lineal de botellas cil\u00edndricas o troncoc\u00f3nicas sin desplazamiento entre cintas.","robots":{"index":"index","follow":"follow","max-snippet":"max-snippet:-1","max-image-preview":"max-image-preview:large","max-video-preview":"max-video-preview:-1"},"canonical":"https:\/\/www.bbmpackaging.com\/es\/maquinas\/cintas-transportadoras\/soluciones-modulares\/cintas-transportadoras-adyacentes\/","og_locale":"es_ES","og_type":"article","og_title":"Transportadoras adyacentes - BBM Packaging","og_description":"Descubre las Cintas de alineaci\u00f3n de BBM Packaging. Ideales para el transporte lineal de botellas cil\u00edndricas o troncoc\u00f3nicas sin desplazamiento entre cintas.","og_url":"https:\/\/www.bbmpackaging.com\/es\/maquinas\/cintas-transportadoras\/soluciones-modulares\/cintas-transportadoras-adyacentes\/","og_site_name":"BBM Packaging","article_modified_time":"2026-02-05T11:29:59+00:00","og_image":[{"width":1441,"height":1080,"url":"https:\/\/cdn.bbmpackaging.com\/wp-content\/uploads\/2024\/03\/BBM_nastro-di-affiancamento_.jpg","type":"image\/jpeg"}],"twitter_card":"summary_large_image","twitter_misc":{"Tiempo de lectura":"1 minuto"},"schema":{"@context":"https:\/\/schema.org","@graph":[{"@type":"WebPage","@id":"https:\/\/www.bbmpackaging.com\/es\/maquinas\/cintas-transportadoras\/soluciones-modulares\/cintas-transportadoras-adyacentes\/","url":"https:\/\/www.bbmpackaging.com\/es\/maquinas\/cintas-transportadoras\/soluciones-modulares\/cintas-transportadoras-adyacentes\/","name":"Transportadoras adyacentes - BBM Packaging","isPartOf":{"@id":"https:\/\/www.bbmpackaging.com\/es\/#website"},"primaryImageOfPage":{"@id":"https:\/\/www.bbmpackaging.com\/es\/maquinas\/cintas-transportadoras\/soluciones-modulares\/cintas-transportadoras-adyacentes\/#primaryimage"},"image":{"@id":"https:\/\/www.bbmpackaging.com\/es\/maquinas\/cintas-transportadoras\/soluciones-modulares\/cintas-transportadoras-adyacentes\/#primaryimage"},"thumbnailUrl":"https:\/\/cdn.bbmpackaging.com\/wp-content\/uploads\/2024\/03\/BBM_nastro-di-affiancamento_.jpg","datePublished":"2024-03-18T07:30:08+00:00","dateModified":"2026-02-05T11:29:59+00:00","description":"Descubre las Cintas de alineaci\u00f3n de BBM Packaging. Ideales para el transporte lineal de botellas cil\u00edndricas o troncoc\u00f3nicas sin desplazamiento entre cintas.","breadcrumb":{"@id":"https:\/\/www.bbmpackaging.com\/es\/maquinas\/cintas-transportadoras\/soluciones-modulares\/cintas-transportadoras-adyacentes\/#breadcrumb"},"inLanguage":"es","potentialAction":[{"@type":"ReadAction","target":["https:\/\/www.bbmpackaging.com\/es\/maquinas\/cintas-transportadoras\/soluciones-modulares\/cintas-transportadoras-adyacentes\/"]}]},{"@type":"ImageObject","inLanguage":"es","@id":"https:\/\/www.bbmpackaging.com\/es\/maquinas\/cintas-transportadoras\/soluciones-modulares\/cintas-transportadoras-adyacentes\/#primaryimage","url":"https:\/\/cdn.bbmpackaging.com\/wp-content\/uploads\/2024\/03\/BBM_nastro-di-affiancamento_.jpg","contentUrl":"https:\/\/cdn.bbmpackaging.com\/wp-content\/uploads\/2024\/03\/BBM_nastro-di-affiancamento_.jpg","width":1441,"height":1080,"caption":"BBM_nastro di affiancamento"},{"@type":"BreadcrumbList","@id":"https:\/\/www.bbmpackaging.com\/es\/maquinas\/cintas-transportadoras\/soluciones-modulares\/cintas-transportadoras-adyacentes\/#breadcrumb","itemListElement":[{"@type":"ListItem","position":1,"name":"Home","item":"https:\/\/www.bbmpackaging.com\/es\/"},{"@type":"ListItem","position":2,"name":"Productos","item":"https:\/\/www.bbmpackaging.com\/es\/productos\/"},{"@type":"ListItem","position":3,"name":"Bandas transportadoras adyacentes"}]},{"@type":"WebSite","@id":"https:\/\/www.bbmpackaging.com\/es\/#website","url":"https:\/\/www.bbmpackaging.com\/es\/","name":"BBM Packaging","description":"Imbottigliamento: macchinari manutenzione e much more","potentialAction":[{"@type":"SearchAction","target":{"@type":"EntryPoint","urlTemplate":"https:\/\/www.bbmpackaging.com\/es\/?s={search_term_string}"},"query-input":{"@type":"PropertyValueSpecification","valueRequired":true,"valueName":"search_term_string"}}],"inLanguage":"es"}]}},"_links":{"self":[{"href":"https:\/\/www.bbmpackaging.com\/es\/wp-json\/wp\/v2\/product\/39733","targetHints":{"allow":["GET"]}}],"collection":[{"href":"https:\/\/www.bbmpackaging.com\/es\/wp-json\/wp\/v2\/product"}],"about":[{"href":"https:\/\/www.bbmpackaging.com\/es\/wp-json\/wp\/v2\/types\/product"}],"replies":[{"embeddable":true,"href":"https:\/\/www.bbmpackaging.com\/es\/wp-json\/wp\/v2\/comments?post=39733"}],"wp:featuredmedia":[{"embeddable":true,"href":"https:\/\/www.bbmpackaging.com\/es\/wp-json\/wp\/v2\/media\/39726"}],"wp:attachment":[{"href":"https:\/\/www.bbmpackaging.com\/es\/wp-json\/wp\/v2\/media?parent=39733"}],"wp:term":[{"taxonomy":"brand","embeddable":true,"href":"https:\/\/www.bbmpackaging.com\/es\/wp-json\/wp\/v2\/brand?post=39733"},{"taxonomy":"product_brand","embeddable":true,"href":"https:\/\/www.bbmpackaging.com\/es\/wp-json\/wp\/v2\/product_brand?post=39733"},{"taxonomy":"product_cat","embeddable":true,"href":"https:\/\/www.bbmpackaging.com\/es\/wp-json\/wp\/v2\/product_cat?post=39733"},{"taxonomy":"product_tag","embeddable":true,"href":"https:\/\/www.bbmpackaging.com\/es\/wp-json\/wp\/v2\/product_tag?post=39733"}],"curies":[{"name":"wp","href":"https:\/\/api.w.org\/{rel}","templated":true}]}}