{"id":40850,"date":"2024-05-17T09:28:43","date_gmt":"2024-05-17T07:28:43","guid":{"rendered":"https:\/\/www.bbmpackaging.com\/prodotto\/linea-pet-acqua-naturale-21-000-bph\/"},"modified":"2026-02-05T12:26:40","modified_gmt":"2026-02-05T11:26:40","slug":"linea-pet-acqua-naturale-21-000-bph","status":"publish","type":"product","link":"https:\/\/www.bbmpackaging.com\/es\/maquinas\/lineas-de-embotellado-usadas\/linea-embotellado-pet-agua-sin-gas-21000-bph\/","title":{"rendered":"Linea PET agua natural 21.000 bph"},"content":{"rendered":"<p>Linea de embotellado de PET usada, revisada y garantizada. La l\u00ednea opera a una velocidad de hasta 21,000 botellas por hora (bph). Ideal para el envasado y empaquetado de agua natural.<\/p>\n<p>Lista de m\u00e1quinas<\/p>\n<p>&nbsp;<\/p>\n<ul>\n<li><a href=\"https:\/\/www.bbmpackaging.com\/es\/?post_type=product&#038;p=40431\" target=\"_blank\" rel=\"noopener\"><strong>COMBI<\/strong><\/a> compuesta por una <strong>sopladora Sidel SBO16 S2<\/strong> usada, una <strong>UNICOM<\/strong> y una <strong>llenadora Gangloff<\/strong>, completa con un tapador Zalkin.<\/li>\n<li><a href=\"https:\/\/www.bbmpackaging.com\/es\/maquinas\/etiquetadoras-usadas\/etiquetadora-pe-labellers-adhesleeve-960-24t\/\" target=\"_blank\" rel=\"noopener\"><strong>Etiquetadora PE Labellers<\/strong><\/a><\/li>\n<li><a href=\"https:\/\/www.bbmpackaging.com\/es\/maquinas\/enfajadoras-empaquetadoras-de-bandejas-usadas\/enfajadora-ocme-vega-s60-2\/\" target=\"_blank\" rel=\"noopener\"><strong>Enfajadora OCME VEGA<\/strong> <\/a>S60\/2<\/li>\n<li><a href=\"https:\/\/www.bbmpackaging.com\/es\/maquinas\/aplicadoras-de-asas-usadas\/\" target=\"_blank\" rel=\"noopener\"><strong>Colocadoras de asas<\/strong><\/a><\/li>\n<li><a href=\"https:\/\/www.bbmpackaging.com\/es\/maquinas\/paletizadoras-usadas\/\" target=\"_blank\" rel=\"noopener\"><strong>Paletizador<\/strong><\/a><\/li>\n<li><a href=\"https:\/\/www.bbmpackaging.com\/es\/maquinas\/envolvedoras-usadas\/\" target=\"_blank\" rel=\"noopener\"><strong>Envolveradora<\/strong><\/a><\/li>\n<\/ul>\n<p>Seg\u00fan las necesidades del cliente, los equipos de la l\u00ednea pueden ser reemplazados por otros modelos (por ejemplo, una envasadora con bandeja o envoltura completa). <strong>El departamento t\u00e9cnico de BBM Service preparar\u00e1 un dise\u00f1o personalizado seg\u00fan los requisitos de producci\u00f3n del cliente.<\/strong><\/p>\n","protected":false},"excerpt":{"rendered":"<p>L\u00ednea de embotellado PET para agua natural a 21,000 botellas por hora (bph).<\/p>\n","protected":false},"featured_media":40858,"comment_status":"closed","ping_status":"closed","template":"","meta":{"_acf_changed":false},"brand":[7501],"product_brand":[],"product_cat":[1104,1107,1109],"product_tag":[],"class_list":{"0":"post-40850","1":"product","2":"type-product","3":"status-publish","4":"has-post-thumbnail","6":"brand-multimarca","7":"product_cat-maquinas","8":"product_cat-usadas","9":"product_cat-lineas-de-embotellado-usadas","11":"first","12":"instock","13":"shipping-taxable","14":"product-type-simple"},"acf":[],"yoast_head":"<!-- This site is optimized with the Yoast SEO plugin v27.2 - https:\/\/yoast.com\/product\/yoast-seo-wordpress\/ -->\n<title>L\u00ednea PET agua sin gas 21.000 bph - BBM Packaging<\/title>\n<meta name=\"description\" content=\"L\u00ednea de embotellado PET usada, revisada y garantizada, hasta 21.000 bph. Para el embotellado y empaquetado de agua sin gas. Descubre la l\u00ednea.\" \/>\n<meta name=\"robots\" content=\"index, follow, max-snippet:-1, max-image-preview:large, max-video-preview:-1\" \/>\n<link rel=\"canonical\" href=\"https:\/\/www.bbmpackaging.com\/es\/maquinas\/lineas-de-embotellado-usadas\/linea-embotellado-pet-agua-sin-gas-21000-bph\/\" \/>\n<meta property=\"og:locale\" content=\"es_ES\" \/>\n<meta property=\"og:type\" content=\"article\" \/>\n<meta property=\"og:title\" content=\"L\u00ednea PET agua sin gas 21.000 bph - BBM Packaging\" \/>\n<meta property=\"og:description\" content=\"L\u00ednea de embotellado PET usada, revisada y garantizada, hasta 21.000 bph. Para el embotellado y empaquetado de agua sin gas. Descubre la l\u00ednea.\" \/>\n<meta property=\"og:url\" content=\"https:\/\/www.bbmpackaging.com\/es\/maquinas\/lineas-de-embotellado-usadas\/linea-embotellado-pet-agua-sin-gas-21000-bph\/\" \/>\n<meta property=\"og:site_name\" content=\"BBM Packaging\" \/>\n<meta property=\"article:modified_time\" content=\"2026-02-05T11:26:40+00:00\" \/>\n<meta property=\"og:image\" content=\"https:\/\/cdn.bbmpackaging.com\/wp-content\/uploads\/2024\/05\/Product_BBM_PET-bottling-plant-21.000-bph-still-water-2.jpg\" \/>\n\t<meta property=\"og:image:width\" content=\"766\" \/>\n\t<meta property=\"og:image:height\" content=\"574\" \/>\n\t<meta property=\"og:image:type\" content=\"image\/jpeg\" \/>\n<meta name=\"twitter:card\" content=\"summary_large_image\" \/>\n<meta name=\"twitter:label1\" content=\"Tiempo de lectura\" \/>\n\t<meta name=\"twitter:data1\" content=\"1 minuto\" \/>\n<script type=\"application\/ld+json\" class=\"yoast-schema-graph\">{\"@context\":\"https:\/\/schema.org\",\"@graph\":[{\"@type\":\"WebPage\",\"@id\":\"https:\/\/www.bbmpackaging.com\/es\/maquinas\/lineas-de-embotellado-usadas\/linea-embotellado-pet-agua-sin-gas-21000-bph\/\",\"url\":\"https:\/\/www.bbmpackaging.com\/es\/maquinas\/lineas-de-embotellado-usadas\/linea-embotellado-pet-agua-sin-gas-21000-bph\/\",\"name\":\"L\u00ednea PET agua sin gas 21.000 bph - BBM Packaging\",\"isPartOf\":{\"@id\":\"https:\/\/www.bbmpackaging.com\/es\/#website\"},\"primaryImageOfPage\":{\"@id\":\"https:\/\/www.bbmpackaging.com\/es\/maquinas\/lineas-de-embotellado-usadas\/linea-embotellado-pet-agua-sin-gas-21000-bph\/#primaryimage\"},\"image\":{\"@id\":\"https:\/\/www.bbmpackaging.com\/es\/maquinas\/lineas-de-embotellado-usadas\/linea-embotellado-pet-agua-sin-gas-21000-bph\/#primaryimage\"},\"thumbnailUrl\":\"https:\/\/cdn.bbmpackaging.com\/wp-content\/uploads\/2024\/05\/Product_BBM_PET-bottling-plant-21.000-bph-still-water-2.jpg\",\"datePublished\":\"2024-05-17T07:28:43+00:00\",\"dateModified\":\"2026-02-05T11:26:40+00:00\",\"description\":\"L\u00ednea de embotellado PET usada, revisada y garantizada, hasta 21.000 bph. Para el embotellado y empaquetado de agua sin gas. Descubre la l\u00ednea.\",\"breadcrumb\":{\"@id\":\"https:\/\/www.bbmpackaging.com\/es\/maquinas\/lineas-de-embotellado-usadas\/linea-embotellado-pet-agua-sin-gas-21000-bph\/#breadcrumb\"},\"inLanguage\":\"es\",\"potentialAction\":[{\"@type\":\"ReadAction\",\"target\":[\"https:\/\/www.bbmpackaging.com\/es\/maquinas\/lineas-de-embotellado-usadas\/linea-embotellado-pet-agua-sin-gas-21000-bph\/\"]}]},{\"@type\":\"ImageObject\",\"inLanguage\":\"es\",\"@id\":\"https:\/\/www.bbmpackaging.com\/es\/maquinas\/lineas-de-embotellado-usadas\/linea-embotellado-pet-agua-sin-gas-21000-bph\/#primaryimage\",\"url\":\"https:\/\/cdn.bbmpackaging.com\/wp-content\/uploads\/2024\/05\/Product_BBM_PET-bottling-plant-21.000-bph-still-water-2.jpg\",\"contentUrl\":\"https:\/\/cdn.bbmpackaging.com\/wp-content\/uploads\/2024\/05\/Product_BBM_PET-bottling-plant-21.000-bph-still-water-2.jpg\",\"width\":766,\"height\":574,\"caption\":\"Linea de embotellado 21.000 bph agua natural\"},{\"@type\":\"BreadcrumbList\",\"@id\":\"https:\/\/www.bbmpackaging.com\/es\/maquinas\/lineas-de-embotellado-usadas\/linea-embotellado-pet-agua-sin-gas-21000-bph\/#breadcrumb\",\"itemListElement\":[{\"@type\":\"ListItem\",\"position\":1,\"name\":\"Home\",\"item\":\"https:\/\/www.bbmpackaging.com\/es\/\"},{\"@type\":\"ListItem\",\"position\":2,\"name\":\"Productos\",\"item\":\"https:\/\/www.bbmpackaging.com\/es\/productos\/\"},{\"@type\":\"ListItem\",\"position\":3,\"name\":\"Usado\",\"item\":\"https:\/\/www.bbmpackaging.com\/es\/maquinas\/usadas\/\"},{\"@type\":\"ListItem\",\"position\":4,\"name\":\"L\u00edneas de embotellado y envasado\",\"item\":\"https:\/\/www.bbmpackaging.com\/es\/maquinas\/lineas-de-embotellado-usadas\/\"},{\"@type\":\"ListItem\",\"position\":5,\"name\":\"Linea PET agua natural 21.000 bph\"}]},{\"@type\":\"WebSite\",\"@id\":\"https:\/\/www.bbmpackaging.com\/es\/#website\",\"url\":\"https:\/\/www.bbmpackaging.com\/es\/\",\"name\":\"BBM Packaging\",\"description\":\"Imbottigliamento: macchinari manutenzione e much more\",\"potentialAction\":[{\"@type\":\"SearchAction\",\"target\":{\"@type\":\"EntryPoint\",\"urlTemplate\":\"https:\/\/www.bbmpackaging.com\/es\/?s={search_term_string}\"},\"query-input\":{\"@type\":\"PropertyValueSpecification\",\"valueRequired\":true,\"valueName\":\"search_term_string\"}}],\"inLanguage\":\"es\"}]}<\/script>\n<!-- \/ Yoast SEO plugin. -->","yoast_head_json":{"title":"L\u00ednea PET agua sin gas 21.000 bph - BBM Packaging","description":"L\u00ednea de embotellado PET usada, revisada y garantizada, hasta 21.000 bph. Para el embotellado y empaquetado de agua sin gas. Descubre la l\u00ednea.","robots":{"index":"index","follow":"follow","max-snippet":"max-snippet:-1","max-image-preview":"max-image-preview:large","max-video-preview":"max-video-preview:-1"},"canonical":"https:\/\/www.bbmpackaging.com\/es\/maquinas\/lineas-de-embotellado-usadas\/linea-embotellado-pet-agua-sin-gas-21000-bph\/","og_locale":"es_ES","og_type":"article","og_title":"L\u00ednea PET agua sin gas 21.000 bph - BBM Packaging","og_description":"L\u00ednea de embotellado PET usada, revisada y garantizada, hasta 21.000 bph. Para el embotellado y empaquetado de agua sin gas. Descubre la l\u00ednea.","og_url":"https:\/\/www.bbmpackaging.com\/es\/maquinas\/lineas-de-embotellado-usadas\/linea-embotellado-pet-agua-sin-gas-21000-bph\/","og_site_name":"BBM Packaging","article_modified_time":"2026-02-05T11:26:40+00:00","og_image":[{"width":766,"height":574,"url":"https:\/\/cdn.bbmpackaging.com\/wp-content\/uploads\/2024\/05\/Product_BBM_PET-bottling-plant-21.000-bph-still-water-2.jpg","type":"image\/jpeg"}],"twitter_card":"summary_large_image","twitter_misc":{"Tiempo de lectura":"1 minuto"},"schema":{"@context":"https:\/\/schema.org","@graph":[{"@type":"WebPage","@id":"https:\/\/www.bbmpackaging.com\/es\/maquinas\/lineas-de-embotellado-usadas\/linea-embotellado-pet-agua-sin-gas-21000-bph\/","url":"https:\/\/www.bbmpackaging.com\/es\/maquinas\/lineas-de-embotellado-usadas\/linea-embotellado-pet-agua-sin-gas-21000-bph\/","name":"L\u00ednea PET agua sin gas 21.000 bph - BBM Packaging","isPartOf":{"@id":"https:\/\/www.bbmpackaging.com\/es\/#website"},"primaryImageOfPage":{"@id":"https:\/\/www.bbmpackaging.com\/es\/maquinas\/lineas-de-embotellado-usadas\/linea-embotellado-pet-agua-sin-gas-21000-bph\/#primaryimage"},"image":{"@id":"https:\/\/www.bbmpackaging.com\/es\/maquinas\/lineas-de-embotellado-usadas\/linea-embotellado-pet-agua-sin-gas-21000-bph\/#primaryimage"},"thumbnailUrl":"https:\/\/cdn.bbmpackaging.com\/wp-content\/uploads\/2024\/05\/Product_BBM_PET-bottling-plant-21.000-bph-still-water-2.jpg","datePublished":"2024-05-17T07:28:43+00:00","dateModified":"2026-02-05T11:26:40+00:00","description":"L\u00ednea de embotellado PET usada, revisada y garantizada, hasta 21.000 bph. Para el embotellado y empaquetado de agua sin gas. Descubre la l\u00ednea.","breadcrumb":{"@id":"https:\/\/www.bbmpackaging.com\/es\/maquinas\/lineas-de-embotellado-usadas\/linea-embotellado-pet-agua-sin-gas-21000-bph\/#breadcrumb"},"inLanguage":"es","potentialAction":[{"@type":"ReadAction","target":["https:\/\/www.bbmpackaging.com\/es\/maquinas\/lineas-de-embotellado-usadas\/linea-embotellado-pet-agua-sin-gas-21000-bph\/"]}]},{"@type":"ImageObject","inLanguage":"es","@id":"https:\/\/www.bbmpackaging.com\/es\/maquinas\/lineas-de-embotellado-usadas\/linea-embotellado-pet-agua-sin-gas-21000-bph\/#primaryimage","url":"https:\/\/cdn.bbmpackaging.com\/wp-content\/uploads\/2024\/05\/Product_BBM_PET-bottling-plant-21.000-bph-still-water-2.jpg","contentUrl":"https:\/\/cdn.bbmpackaging.com\/wp-content\/uploads\/2024\/05\/Product_BBM_PET-bottling-plant-21.000-bph-still-water-2.jpg","width":766,"height":574,"caption":"Linea de embotellado 21.000 bph agua natural"},{"@type":"BreadcrumbList","@id":"https:\/\/www.bbmpackaging.com\/es\/maquinas\/lineas-de-embotellado-usadas\/linea-embotellado-pet-agua-sin-gas-21000-bph\/#breadcrumb","itemListElement":[{"@type":"ListItem","position":1,"name":"Home","item":"https:\/\/www.bbmpackaging.com\/es\/"},{"@type":"ListItem","position":2,"name":"Productos","item":"https:\/\/www.bbmpackaging.com\/es\/productos\/"},{"@type":"ListItem","position":3,"name":"Usado","item":"https:\/\/www.bbmpackaging.com\/es\/maquinas\/usadas\/"},{"@type":"ListItem","position":4,"name":"L\u00edneas de embotellado y envasado","item":"https:\/\/www.bbmpackaging.com\/es\/maquinas\/lineas-de-embotellado-usadas\/"},{"@type":"ListItem","position":5,"name":"Linea PET agua natural 21.000 bph"}]},{"@type":"WebSite","@id":"https:\/\/www.bbmpackaging.com\/es\/#website","url":"https:\/\/www.bbmpackaging.com\/es\/","name":"BBM Packaging","description":"Imbottigliamento: macchinari manutenzione e much more","potentialAction":[{"@type":"SearchAction","target":{"@type":"EntryPoint","urlTemplate":"https:\/\/www.bbmpackaging.com\/es\/?s={search_term_string}"},"query-input":{"@type":"PropertyValueSpecification","valueRequired":true,"valueName":"search_term_string"}}],"inLanguage":"es"}]}},"_links":{"self":[{"href":"https:\/\/www.bbmpackaging.com\/es\/wp-json\/wp\/v2\/product\/40850","targetHints":{"allow":["GET"]}}],"collection":[{"href":"https:\/\/www.bbmpackaging.com\/es\/wp-json\/wp\/v2\/product"}],"about":[{"href":"https:\/\/www.bbmpackaging.com\/es\/wp-json\/wp\/v2\/types\/product"}],"replies":[{"embeddable":true,"href":"https:\/\/www.bbmpackaging.com\/es\/wp-json\/wp\/v2\/comments?post=40850"}],"wp:featuredmedia":[{"embeddable":true,"href":"https:\/\/www.bbmpackaging.com\/es\/wp-json\/wp\/v2\/media\/40858"}],"wp:attachment":[{"href":"https:\/\/www.bbmpackaging.com\/es\/wp-json\/wp\/v2\/media?parent=40850"}],"wp:term":[{"taxonomy":"brand","embeddable":true,"href":"https:\/\/www.bbmpackaging.com\/es\/wp-json\/wp\/v2\/brand?post=40850"},{"taxonomy":"product_brand","embeddable":true,"href":"https:\/\/www.bbmpackaging.com\/es\/wp-json\/wp\/v2\/product_brand?post=40850"},{"taxonomy":"product_cat","embeddable":true,"href":"https:\/\/www.bbmpackaging.com\/es\/wp-json\/wp\/v2\/product_cat?post=40850"},{"taxonomy":"product_tag","embeddable":true,"href":"https:\/\/www.bbmpackaging.com\/es\/wp-json\/wp\/v2\/product_tag?post=40850"}],"curies":[{"name":"wp","href":"https:\/\/api.w.org\/{rel}","templated":true}]}}