{"id":41941,"date":"2024-08-01T12:19:53","date_gmt":"2024-08-01T10:19:53","guid":{"rendered":"https:\/\/www.bbmpackaging.com\/prodotto\/fardellatrice-smi-sk-602f\/"},"modified":"2026-03-04T08:25:45","modified_gmt":"2026-03-04T07:25:45","slug":"enfajadora-smi-sk-602f","status":"publish","type":"product","link":"https:\/\/www.bbmpackaging.com\/es\/maquinas\/enfajadoras-empaquetadoras-de-bandejas-usadas\/enfajadora-smi-sk-602f\/","title":{"rendered":"Enfajadora SMI SK 602F"},"content":{"rendered":"<p>BBM ofrece una enfajadora retr\u00e1ctil SMI SK 602F usada, revisada y garantizada. La enfajadora autom\u00e1tica SMI embala botellas en una doble v\u00eda, con un total de 60 paquetes de film por minuto. Tambi\u00e9n disponible tal cual.<\/p>\n<p>Si este producto no es para usted,<a href=\"https:\/\/www.bbmpackaging.com\/es\/enfajadoras-y-empaquetadoras-usadas\/\" target=\"_blank\" rel=\"noopener\"><strong> descubra el cat\u00e1logo<\/strong> <\/a>de enfajadoras autom\u00e1ticas, epaquetadoras en bandejas y retractiladoras de BBM Service.<\/p>\n","protected":false},"excerpt":{"rendered":"<p>Enfajadora SMI SK 602F usada, revisada y garantizada. La velocidad indicada en botellas por hora se refiere al formato est\u00e1ndar de 1500 ml en embalaje 3&#215;2.<\/p>\n","protected":false},"featured_media":41943,"comment_status":"closed","ping_status":"closed","template":"","meta":{"_acf_changed":false},"brand":[7439],"product_brand":[],"product_cat":[1104,1107,1119],"product_tag":[3296],"class_list":{"0":"post-41941","1":"product","2":"type-product","3":"status-publish","4":"has-post-thumbnail","6":"brand-smi","7":"product_cat-maquinas","8":"product_cat-usadas","9":"product_cat-enfajadoras-empaquetadoras-de-bandejas-usadas","10":"product_tag-fardellatrice-es","12":"first","13":"instock","14":"shipping-taxable","15":"product-type-simple"},"acf":[],"yoast_head":"<!-- This site is optimized with the Yoast SEO plugin v27.2 - https:\/\/yoast.com\/product\/yoast-seo-wordpress\/ -->\n<title>Enfajadora SMI SK 602F Usada - BBM Packaging<\/title>\n<meta name=\"description\" content=\"Ofrecemos una enfajadora retr\u00e1ctil SMI SK 602F revisada y garantizada, para un total de 60 ppm. Descubra todos los detalles t\u00e9cnicos de la enfardadora usada.\" \/>\n<meta name=\"robots\" content=\"index, follow, max-snippet:-1, max-image-preview:large, max-video-preview:-1\" \/>\n<link rel=\"canonical\" href=\"https:\/\/www.bbmpackaging.com\/es\/maquinas\/enfajadoras-empaquetadoras-de-bandejas-usadas\/enfajadora-smi-sk-602f\/\" \/>\n<meta property=\"og:locale\" content=\"es_ES\" \/>\n<meta property=\"og:type\" content=\"article\" \/>\n<meta property=\"og:title\" content=\"Enfajadora SMI SK 602F Usada - BBM Packaging\" \/>\n<meta property=\"og:description\" content=\"Ofrecemos una enfajadora retr\u00e1ctil SMI SK 602F revisada y garantizada, para un total de 60 ppm. Descubra todos los detalles t\u00e9cnicos de la enfardadora usada.\" \/>\n<meta property=\"og:url\" content=\"https:\/\/www.bbmpackaging.com\/es\/maquinas\/enfajadoras-empaquetadoras-de-bandejas-usadas\/enfajadora-smi-sk-602f\/\" \/>\n<meta property=\"og:site_name\" content=\"BBM Packaging\" \/>\n<meta property=\"article:modified_time\" content=\"2026-03-04T07:25:45+00:00\" \/>\n<meta property=\"og:image\" content=\"https:\/\/www.bbmpackaging.com\/wp-content\/uploads\/2024\/08\/BBM_-Enfajadora-SMI-SK602F.jpg\" \/>\n\t<meta property=\"og:image:width\" content=\"560\" \/>\n\t<meta property=\"og:image:height\" content=\"420\" \/>\n\t<meta property=\"og:image:type\" content=\"image\/jpeg\" \/>\n<meta name=\"twitter:card\" content=\"summary_large_image\" \/>\n<meta name=\"twitter:label1\" content=\"Tiempo de lectura\" \/>\n\t<meta name=\"twitter:data1\" content=\"1 minuto\" \/>\n<script type=\"application\/ld+json\" class=\"yoast-schema-graph\">{\"@context\":\"https:\/\/schema.org\",\"@graph\":[{\"@type\":\"WebPage\",\"@id\":\"https:\/\/www.bbmpackaging.com\/es\/maquinas\/enfajadoras-empaquetadoras-de-bandejas-usadas\/enfajadora-smi-sk-602f\/\",\"url\":\"https:\/\/www.bbmpackaging.com\/es\/maquinas\/enfajadoras-empaquetadoras-de-bandejas-usadas\/enfajadora-smi-sk-602f\/\",\"name\":\"Enfajadora SMI SK 602F Usada - BBM Packaging\",\"isPartOf\":{\"@id\":\"https:\/\/www.bbmpackaging.com\/es\/#website\"},\"primaryImageOfPage\":{\"@id\":\"https:\/\/www.bbmpackaging.com\/es\/maquinas\/enfajadoras-empaquetadoras-de-bandejas-usadas\/enfajadora-smi-sk-602f\/#primaryimage\"},\"image\":{\"@id\":\"https:\/\/www.bbmpackaging.com\/es\/maquinas\/enfajadoras-empaquetadoras-de-bandejas-usadas\/enfajadora-smi-sk-602f\/#primaryimage\"},\"thumbnailUrl\":\"https:\/\/cdn.bbmpackaging.com\/wp-content\/uploads\/2024\/08\/BBM_-Enfajadora-SMI-SK602F.jpg\",\"datePublished\":\"2024-08-01T10:19:53+00:00\",\"dateModified\":\"2026-03-04T07:25:45+00:00\",\"description\":\"Ofrecemos una enfajadora retr\u00e1ctil SMI SK 602F revisada y garantizada, para un total de 60 ppm. Descubra todos los detalles t\u00e9cnicos de la enfardadora usada.\",\"breadcrumb\":{\"@id\":\"https:\/\/www.bbmpackaging.com\/es\/maquinas\/enfajadoras-empaquetadoras-de-bandejas-usadas\/enfajadora-smi-sk-602f\/#breadcrumb\"},\"inLanguage\":\"es\",\"potentialAction\":[{\"@type\":\"ReadAction\",\"target\":[\"https:\/\/www.bbmpackaging.com\/es\/maquinas\/enfajadoras-empaquetadoras-de-bandejas-usadas\/enfajadora-smi-sk-602f\/\"]}]},{\"@type\":\"ImageObject\",\"inLanguage\":\"es\",\"@id\":\"https:\/\/www.bbmpackaging.com\/es\/maquinas\/enfajadoras-empaquetadoras-de-bandejas-usadas\/enfajadora-smi-sk-602f\/#primaryimage\",\"url\":\"https:\/\/cdn.bbmpackaging.com\/wp-content\/uploads\/2024\/08\/BBM_-Enfajadora-SMI-SK602F.jpg\",\"contentUrl\":\"https:\/\/cdn.bbmpackaging.com\/wp-content\/uploads\/2024\/08\/BBM_-Enfajadora-SMI-SK602F.jpg\",\"width\":560,\"height\":420,\"caption\":\"BBM_ Enfajadora SMI SK602F\"},{\"@type\":\"BreadcrumbList\",\"@id\":\"https:\/\/www.bbmpackaging.com\/es\/maquinas\/enfajadoras-empaquetadoras-de-bandejas-usadas\/enfajadora-smi-sk-602f\/#breadcrumb\",\"itemListElement\":[{\"@type\":\"ListItem\",\"position\":1,\"name\":\"Home\",\"item\":\"https:\/\/www.bbmpackaging.com\/es\/\"},{\"@type\":\"ListItem\",\"position\":2,\"name\":\"Productos\",\"item\":\"https:\/\/www.bbmpackaging.com\/es\/productos\/\"},{\"@type\":\"ListItem\",\"position\":3,\"name\":\"Usado\",\"item\":\"https:\/\/www.bbmpackaging.com\/es\/maquinas\/usadas\/\"},{\"@type\":\"ListItem\",\"position\":4,\"name\":\"Enfajadoras y empaquetadoras\",\"item\":\"https:\/\/www.bbmpackaging.com\/es\/maquinas\/enfajadoras-empaquetadoras-de-bandejas-usadas\/\"},{\"@type\":\"ListItem\",\"position\":5,\"name\":\"Enfajadora SMI SK 602F\"}]},{\"@type\":\"WebSite\",\"@id\":\"https:\/\/www.bbmpackaging.com\/es\/#website\",\"url\":\"https:\/\/www.bbmpackaging.com\/es\/\",\"name\":\"BBM Packaging\",\"description\":\"Imbottigliamento: macchinari manutenzione e much more\",\"potentialAction\":[{\"@type\":\"SearchAction\",\"target\":{\"@type\":\"EntryPoint\",\"urlTemplate\":\"https:\/\/www.bbmpackaging.com\/es\/?s={search_term_string}\"},\"query-input\":{\"@type\":\"PropertyValueSpecification\",\"valueRequired\":true,\"valueName\":\"search_term_string\"}}],\"inLanguage\":\"es\"}]}<\/script>\n<!-- \/ Yoast SEO plugin. -->","yoast_head_json":{"title":"Enfajadora SMI SK 602F Usada - BBM Packaging","description":"Ofrecemos una enfajadora retr\u00e1ctil SMI SK 602F revisada y garantizada, para un total de 60 ppm. Descubra todos los detalles t\u00e9cnicos de la enfardadora usada.","robots":{"index":"index","follow":"follow","max-snippet":"max-snippet:-1","max-image-preview":"max-image-preview:large","max-video-preview":"max-video-preview:-1"},"canonical":"https:\/\/www.bbmpackaging.com\/es\/maquinas\/enfajadoras-empaquetadoras-de-bandejas-usadas\/enfajadora-smi-sk-602f\/","og_locale":"es_ES","og_type":"article","og_title":"Enfajadora SMI SK 602F Usada - BBM Packaging","og_description":"Ofrecemos una enfajadora retr\u00e1ctil SMI SK 602F revisada y garantizada, para un total de 60 ppm. Descubra todos los detalles t\u00e9cnicos de la enfardadora usada.","og_url":"https:\/\/www.bbmpackaging.com\/es\/maquinas\/enfajadoras-empaquetadoras-de-bandejas-usadas\/enfajadora-smi-sk-602f\/","og_site_name":"BBM Packaging","article_modified_time":"2026-03-04T07:25:45+00:00","og_image":[{"width":560,"height":420,"url":"https:\/\/www.bbmpackaging.com\/wp-content\/uploads\/2024\/08\/BBM_-Enfajadora-SMI-SK602F.jpg","type":"image\/jpeg"}],"twitter_card":"summary_large_image","twitter_misc":{"Tiempo de lectura":"1 minuto"},"schema":{"@context":"https:\/\/schema.org","@graph":[{"@type":"WebPage","@id":"https:\/\/www.bbmpackaging.com\/es\/maquinas\/enfajadoras-empaquetadoras-de-bandejas-usadas\/enfajadora-smi-sk-602f\/","url":"https:\/\/www.bbmpackaging.com\/es\/maquinas\/enfajadoras-empaquetadoras-de-bandejas-usadas\/enfajadora-smi-sk-602f\/","name":"Enfajadora SMI SK 602F Usada - BBM Packaging","isPartOf":{"@id":"https:\/\/www.bbmpackaging.com\/es\/#website"},"primaryImageOfPage":{"@id":"https:\/\/www.bbmpackaging.com\/es\/maquinas\/enfajadoras-empaquetadoras-de-bandejas-usadas\/enfajadora-smi-sk-602f\/#primaryimage"},"image":{"@id":"https:\/\/www.bbmpackaging.com\/es\/maquinas\/enfajadoras-empaquetadoras-de-bandejas-usadas\/enfajadora-smi-sk-602f\/#primaryimage"},"thumbnailUrl":"https:\/\/cdn.bbmpackaging.com\/wp-content\/uploads\/2024\/08\/BBM_-Enfajadora-SMI-SK602F.jpg","datePublished":"2024-08-01T10:19:53+00:00","dateModified":"2026-03-04T07:25:45+00:00","description":"Ofrecemos una enfajadora retr\u00e1ctil SMI SK 602F revisada y garantizada, para un total de 60 ppm. Descubra todos los detalles t\u00e9cnicos de la enfardadora usada.","breadcrumb":{"@id":"https:\/\/www.bbmpackaging.com\/es\/maquinas\/enfajadoras-empaquetadoras-de-bandejas-usadas\/enfajadora-smi-sk-602f\/#breadcrumb"},"inLanguage":"es","potentialAction":[{"@type":"ReadAction","target":["https:\/\/www.bbmpackaging.com\/es\/maquinas\/enfajadoras-empaquetadoras-de-bandejas-usadas\/enfajadora-smi-sk-602f\/"]}]},{"@type":"ImageObject","inLanguage":"es","@id":"https:\/\/www.bbmpackaging.com\/es\/maquinas\/enfajadoras-empaquetadoras-de-bandejas-usadas\/enfajadora-smi-sk-602f\/#primaryimage","url":"https:\/\/cdn.bbmpackaging.com\/wp-content\/uploads\/2024\/08\/BBM_-Enfajadora-SMI-SK602F.jpg","contentUrl":"https:\/\/cdn.bbmpackaging.com\/wp-content\/uploads\/2024\/08\/BBM_-Enfajadora-SMI-SK602F.jpg","width":560,"height":420,"caption":"BBM_ Enfajadora SMI SK602F"},{"@type":"BreadcrumbList","@id":"https:\/\/www.bbmpackaging.com\/es\/maquinas\/enfajadoras-empaquetadoras-de-bandejas-usadas\/enfajadora-smi-sk-602f\/#breadcrumb","itemListElement":[{"@type":"ListItem","position":1,"name":"Home","item":"https:\/\/www.bbmpackaging.com\/es\/"},{"@type":"ListItem","position":2,"name":"Productos","item":"https:\/\/www.bbmpackaging.com\/es\/productos\/"},{"@type":"ListItem","position":3,"name":"Usado","item":"https:\/\/www.bbmpackaging.com\/es\/maquinas\/usadas\/"},{"@type":"ListItem","position":4,"name":"Enfajadoras y empaquetadoras","item":"https:\/\/www.bbmpackaging.com\/es\/maquinas\/enfajadoras-empaquetadoras-de-bandejas-usadas\/"},{"@type":"ListItem","position":5,"name":"Enfajadora SMI SK 602F"}]},{"@type":"WebSite","@id":"https:\/\/www.bbmpackaging.com\/es\/#website","url":"https:\/\/www.bbmpackaging.com\/es\/","name":"BBM Packaging","description":"Imbottigliamento: macchinari manutenzione e much more","potentialAction":[{"@type":"SearchAction","target":{"@type":"EntryPoint","urlTemplate":"https:\/\/www.bbmpackaging.com\/es\/?s={search_term_string}"},"query-input":{"@type":"PropertyValueSpecification","valueRequired":true,"valueName":"search_term_string"}}],"inLanguage":"es"}]}},"_links":{"self":[{"href":"https:\/\/www.bbmpackaging.com\/es\/wp-json\/wp\/v2\/product\/41941","targetHints":{"allow":["GET"]}}],"collection":[{"href":"https:\/\/www.bbmpackaging.com\/es\/wp-json\/wp\/v2\/product"}],"about":[{"href":"https:\/\/www.bbmpackaging.com\/es\/wp-json\/wp\/v2\/types\/product"}],"replies":[{"embeddable":true,"href":"https:\/\/www.bbmpackaging.com\/es\/wp-json\/wp\/v2\/comments?post=41941"}],"wp:featuredmedia":[{"embeddable":true,"href":"https:\/\/www.bbmpackaging.com\/es\/wp-json\/wp\/v2\/media\/41943"}],"wp:attachment":[{"href":"https:\/\/www.bbmpackaging.com\/es\/wp-json\/wp\/v2\/media?parent=41941"}],"wp:term":[{"taxonomy":"brand","embeddable":true,"href":"https:\/\/www.bbmpackaging.com\/es\/wp-json\/wp\/v2\/brand?post=41941"},{"taxonomy":"product_brand","embeddable":true,"href":"https:\/\/www.bbmpackaging.com\/es\/wp-json\/wp\/v2\/product_brand?post=41941"},{"taxonomy":"product_cat","embeddable":true,"href":"https:\/\/www.bbmpackaging.com\/es\/wp-json\/wp\/v2\/product_cat?post=41941"},{"taxonomy":"product_tag","embeddable":true,"href":"https:\/\/www.bbmpackaging.com\/es\/wp-json\/wp\/v2\/product_tag?post=41941"}],"curies":[{"name":"wp","href":"https:\/\/api.w.org\/{rel}","templated":true}]}}