{"id":44965,"date":"2024-10-03T16:43:07","date_gmt":"2024-10-03T14:43:07","guid":{"rendered":"https:\/\/www.bbmpackaging.com\/prodotto\/bbm-divider\/"},"modified":"2026-02-05T12:29:59","modified_gmt":"2026-02-05T11:29:59","slug":"bbm-divider-es","status":"publish","type":"product","link":"https:\/\/www.bbmpackaging.com\/es\/maquinas\/bbm-divider\/","title":{"rendered":"Divider"},"content":{"rendered":"<h2><strong>BBM Divider para la clasificaci\u00f3n de envases de un solo canal a un canal doble<\/strong><\/h2>\n<p>El Divider BBM es la soluci\u00f3n ideal para la clasificaci\u00f3n de envases como botellas, latas, cajas y bidones, de un solo canal a un canal doble. Capaz de operar a una velocidad de 25.000 botellas por hora (bph), el divider ha sido dise\u00f1ado por el departamento t\u00e9cnico de BBM Service para integrarse en diferentes tipos de m\u00e1quinas de envasado.<br \/>\nEl Divider BBM representa una alternativa m\u00e1s econ\u00f3mica y compacta en comparaci\u00f3n con las cintas transportadoras tradicionales con plataformas de deslizamiento. Gracias a su dise\u00f1o ligero e intuitivo, el divider facilita el cambio de formato, lo que lo hace ideal para l\u00edneas de producci\u00f3n din\u00e1micas y de alto rendimiento. BBM suministra directamente husillos personalizados para adaptarse a diferentes formatos de envases.<\/p>\n","protected":false},"excerpt":{"rendered":"<div class=\"flex max-w-full flex-col flex-grow\">\n<div class=\"min-h-8 text-message flex w-full flex-col items-end gap-2 whitespace-normal break-words [.text-message+&amp;]:mt-5\" dir=\"auto\" data-message-author-role=\"assistant\" data-message-id=\"42af0976-99a4-407b-b811-954bb90cb55d\">\n<div class=\"flex w-full flex-col gap-1 empty:hidden first:pt-[3px]\">\n<div class=\"markdown prose w-full break-words dark:prose-invert light\">\n<p><strong>Clasificador de botellas, latas y otros envases de un solo canal a un canal doble<\/strong><\/p>\n<\/div>\n<\/div>\n<\/div>\n<\/div>\n","protected":false},"featured_media":44959,"comment_status":"closed","ping_status":"closed","template":"","meta":{"_acf_changed":false},"brand":[7498],"product_brand":[],"product_cat":[1104,1107,1105],"product_tag":[],"class_list":{"0":"post-44965","1":"product","2":"type-product","3":"status-publish","4":"has-post-thumbnail","6":"brand-bbm-packaging","7":"product_cat-maquinas","8":"product_cat-usadas","9":"product_cat-nuevas","11":"first","12":"instock","13":"shipping-taxable","14":"product-type-simple"},"acf":[],"yoast_head":"<!-- This site is optimized with the Yoast SEO plugin v27.2 - https:\/\/yoast.com\/product\/yoast-seo-wordpress\/ -->\n<title>Divider para botellas - BBM Packaging<\/title>\n<meta name=\"description\" content=\"El Divider BBM es la soluci\u00f3n ideal para la clasificaci\u00f3n de envases como botellas, latas, cajas y bidones, de un solo canal a un canal doble\" \/>\n<meta name=\"robots\" content=\"index, follow, max-snippet:-1, max-image-preview:large, max-video-preview:-1\" \/>\n<link rel=\"canonical\" href=\"https:\/\/www.bbmpackaging.com\/es\/maquinas\/bbm-divider\/\" \/>\n<meta property=\"og:locale\" content=\"es_ES\" \/>\n<meta property=\"og:type\" content=\"article\" \/>\n<meta property=\"og:title\" content=\"Divider para botellas - BBM Packaging\" \/>\n<meta property=\"og:description\" content=\"El Divider BBM es la soluci\u00f3n ideal para la clasificaci\u00f3n de envases como botellas, latas, cajas y bidones, de un solo canal a un canal doble\" \/>\n<meta property=\"og:url\" content=\"https:\/\/www.bbmpackaging.com\/es\/maquinas\/bbm-divider\/\" \/>\n<meta property=\"og:site_name\" content=\"BBM Packaging\" \/>\n<meta property=\"article:modified_time\" content=\"2026-02-05T11:29:59+00:00\" \/>\n<meta property=\"og:image\" content=\"https:\/\/www.bbmpackaging.com\/wp-content\/uploads\/2024\/10\/BBM-Service_Divider_Prodotto-1.jpg\" \/>\n\t<meta property=\"og:image:width\" content=\"935\" \/>\n\t<meta property=\"og:image:height\" content=\"768\" \/>\n\t<meta property=\"og:image:type\" content=\"image\/jpeg\" \/>\n<meta name=\"twitter:card\" content=\"summary_large_image\" \/>\n<meta name=\"twitter:label1\" content=\"Tiempo de lectura\" \/>\n\t<meta name=\"twitter:data1\" content=\"1 minuto\" \/>\n<script type=\"application\/ld+json\" class=\"yoast-schema-graph\">{\"@context\":\"https:\/\/schema.org\",\"@graph\":[{\"@type\":\"WebPage\",\"@id\":\"https:\/\/www.bbmpackaging.com\/es\/maquinas\/bbm-divider\/\",\"url\":\"https:\/\/www.bbmpackaging.com\/es\/maquinas\/bbm-divider\/\",\"name\":\"Divider para botellas - BBM Packaging\",\"isPartOf\":{\"@id\":\"https:\/\/www.bbmpackaging.com\/es\/#website\"},\"primaryImageOfPage\":{\"@id\":\"https:\/\/www.bbmpackaging.com\/es\/maquinas\/bbm-divider\/#primaryimage\"},\"image\":{\"@id\":\"https:\/\/www.bbmpackaging.com\/es\/maquinas\/bbm-divider\/#primaryimage\"},\"thumbnailUrl\":\"https:\/\/cdn.bbmpackaging.com\/wp-content\/uploads\/2024\/10\/BBM-Service_Divider_Prodotto-1.jpg\",\"datePublished\":\"2024-10-03T14:43:07+00:00\",\"dateModified\":\"2026-02-05T11:29:59+00:00\",\"description\":\"El Divider BBM es la soluci\u00f3n ideal para la clasificaci\u00f3n de envases como botellas, latas, cajas y bidones, de un solo canal a un canal doble\",\"breadcrumb\":{\"@id\":\"https:\/\/www.bbmpackaging.com\/es\/maquinas\/bbm-divider\/#breadcrumb\"},\"inLanguage\":\"es\",\"potentialAction\":[{\"@type\":\"ReadAction\",\"target\":[\"https:\/\/www.bbmpackaging.com\/es\/maquinas\/bbm-divider\/\"]}]},{\"@type\":\"ImageObject\",\"inLanguage\":\"es\",\"@id\":\"https:\/\/www.bbmpackaging.com\/es\/maquinas\/bbm-divider\/#primaryimage\",\"url\":\"https:\/\/cdn.bbmpackaging.com\/wp-content\/uploads\/2024\/10\/BBM-Service_Divider_Prodotto-1.jpg\",\"contentUrl\":\"https:\/\/cdn.bbmpackaging.com\/wp-content\/uploads\/2024\/10\/BBM-Service_Divider_Prodotto-1.jpg\",\"width\":935,\"height\":768,\"caption\":\"BBM Divider per lo smistamento di bottiglie, lattine e altri contenitori da canale singolo a doppio canale\"},{\"@type\":\"BreadcrumbList\",\"@id\":\"https:\/\/www.bbmpackaging.com\/es\/maquinas\/bbm-divider\/#breadcrumb\",\"itemListElement\":[{\"@type\":\"ListItem\",\"position\":1,\"name\":\"Home\",\"item\":\"https:\/\/www.bbmpackaging.com\/es\/\"},{\"@type\":\"ListItem\",\"position\":2,\"name\":\"Productos\",\"item\":\"https:\/\/www.bbmpackaging.com\/es\/productos\/\"},{\"@type\":\"ListItem\",\"position\":3,\"name\":\"Divider\"}]},{\"@type\":\"WebSite\",\"@id\":\"https:\/\/www.bbmpackaging.com\/es\/#website\",\"url\":\"https:\/\/www.bbmpackaging.com\/es\/\",\"name\":\"BBM Packaging\",\"description\":\"Imbottigliamento: macchinari manutenzione e much more\",\"potentialAction\":[{\"@type\":\"SearchAction\",\"target\":{\"@type\":\"EntryPoint\",\"urlTemplate\":\"https:\/\/www.bbmpackaging.com\/es\/?s={search_term_string}\"},\"query-input\":{\"@type\":\"PropertyValueSpecification\",\"valueRequired\":true,\"valueName\":\"search_term_string\"}}],\"inLanguage\":\"es\"}]}<\/script>\n<!-- \/ Yoast SEO plugin. -->","yoast_head_json":{"title":"Divider para botellas - BBM Packaging","description":"El Divider BBM es la soluci\u00f3n ideal para la clasificaci\u00f3n de envases como botellas, latas, cajas y bidones, de un solo canal a un canal doble","robots":{"index":"index","follow":"follow","max-snippet":"max-snippet:-1","max-image-preview":"max-image-preview:large","max-video-preview":"max-video-preview:-1"},"canonical":"https:\/\/www.bbmpackaging.com\/es\/maquinas\/bbm-divider\/","og_locale":"es_ES","og_type":"article","og_title":"Divider para botellas - BBM Packaging","og_description":"El Divider BBM es la soluci\u00f3n ideal para la clasificaci\u00f3n de envases como botellas, latas, cajas y bidones, de un solo canal a un canal doble","og_url":"https:\/\/www.bbmpackaging.com\/es\/maquinas\/bbm-divider\/","og_site_name":"BBM Packaging","article_modified_time":"2026-02-05T11:29:59+00:00","og_image":[{"width":935,"height":768,"url":"https:\/\/www.bbmpackaging.com\/wp-content\/uploads\/2024\/10\/BBM-Service_Divider_Prodotto-1.jpg","type":"image\/jpeg"}],"twitter_card":"summary_large_image","twitter_misc":{"Tiempo de lectura":"1 minuto"},"schema":{"@context":"https:\/\/schema.org","@graph":[{"@type":"WebPage","@id":"https:\/\/www.bbmpackaging.com\/es\/maquinas\/bbm-divider\/","url":"https:\/\/www.bbmpackaging.com\/es\/maquinas\/bbm-divider\/","name":"Divider para botellas - BBM Packaging","isPartOf":{"@id":"https:\/\/www.bbmpackaging.com\/es\/#website"},"primaryImageOfPage":{"@id":"https:\/\/www.bbmpackaging.com\/es\/maquinas\/bbm-divider\/#primaryimage"},"image":{"@id":"https:\/\/www.bbmpackaging.com\/es\/maquinas\/bbm-divider\/#primaryimage"},"thumbnailUrl":"https:\/\/cdn.bbmpackaging.com\/wp-content\/uploads\/2024\/10\/BBM-Service_Divider_Prodotto-1.jpg","datePublished":"2024-10-03T14:43:07+00:00","dateModified":"2026-02-05T11:29:59+00:00","description":"El Divider BBM es la soluci\u00f3n ideal para la clasificaci\u00f3n de envases como botellas, latas, cajas y bidones, de un solo canal a un canal doble","breadcrumb":{"@id":"https:\/\/www.bbmpackaging.com\/es\/maquinas\/bbm-divider\/#breadcrumb"},"inLanguage":"es","potentialAction":[{"@type":"ReadAction","target":["https:\/\/www.bbmpackaging.com\/es\/maquinas\/bbm-divider\/"]}]},{"@type":"ImageObject","inLanguage":"es","@id":"https:\/\/www.bbmpackaging.com\/es\/maquinas\/bbm-divider\/#primaryimage","url":"https:\/\/cdn.bbmpackaging.com\/wp-content\/uploads\/2024\/10\/BBM-Service_Divider_Prodotto-1.jpg","contentUrl":"https:\/\/cdn.bbmpackaging.com\/wp-content\/uploads\/2024\/10\/BBM-Service_Divider_Prodotto-1.jpg","width":935,"height":768,"caption":"BBM Divider per lo smistamento di bottiglie, lattine e altri contenitori da canale singolo a doppio canale"},{"@type":"BreadcrumbList","@id":"https:\/\/www.bbmpackaging.com\/es\/maquinas\/bbm-divider\/#breadcrumb","itemListElement":[{"@type":"ListItem","position":1,"name":"Home","item":"https:\/\/www.bbmpackaging.com\/es\/"},{"@type":"ListItem","position":2,"name":"Productos","item":"https:\/\/www.bbmpackaging.com\/es\/productos\/"},{"@type":"ListItem","position":3,"name":"Divider"}]},{"@type":"WebSite","@id":"https:\/\/www.bbmpackaging.com\/es\/#website","url":"https:\/\/www.bbmpackaging.com\/es\/","name":"BBM Packaging","description":"Imbottigliamento: macchinari manutenzione e much more","potentialAction":[{"@type":"SearchAction","target":{"@type":"EntryPoint","urlTemplate":"https:\/\/www.bbmpackaging.com\/es\/?s={search_term_string}"},"query-input":{"@type":"PropertyValueSpecification","valueRequired":true,"valueName":"search_term_string"}}],"inLanguage":"es"}]}},"_links":{"self":[{"href":"https:\/\/www.bbmpackaging.com\/es\/wp-json\/wp\/v2\/product\/44965","targetHints":{"allow":["GET"]}}],"collection":[{"href":"https:\/\/www.bbmpackaging.com\/es\/wp-json\/wp\/v2\/product"}],"about":[{"href":"https:\/\/www.bbmpackaging.com\/es\/wp-json\/wp\/v2\/types\/product"}],"replies":[{"embeddable":true,"href":"https:\/\/www.bbmpackaging.com\/es\/wp-json\/wp\/v2\/comments?post=44965"}],"wp:featuredmedia":[{"embeddable":true,"href":"https:\/\/www.bbmpackaging.com\/es\/wp-json\/wp\/v2\/media\/44959"}],"wp:attachment":[{"href":"https:\/\/www.bbmpackaging.com\/es\/wp-json\/wp\/v2\/media?parent=44965"}],"wp:term":[{"taxonomy":"brand","embeddable":true,"href":"https:\/\/www.bbmpackaging.com\/es\/wp-json\/wp\/v2\/brand?post=44965"},{"taxonomy":"product_brand","embeddable":true,"href":"https:\/\/www.bbmpackaging.com\/es\/wp-json\/wp\/v2\/product_brand?post=44965"},{"taxonomy":"product_cat","embeddable":true,"href":"https:\/\/www.bbmpackaging.com\/es\/wp-json\/wp\/v2\/product_cat?post=44965"},{"taxonomy":"product_tag","embeddable":true,"href":"https:\/\/www.bbmpackaging.com\/es\/wp-json\/wp\/v2\/product_tag?post=44965"}],"curies":[{"name":"wp","href":"https:\/\/api.w.org\/{rel}","templated":true}]}}