{"id":47104,"date":"2024-11-22T18:10:29","date_gmt":"2024-11-22T17:10:29","guid":{"rendered":"https:\/\/www.bbmpackaging.com\/?post_type=product&#038;p=47104"},"modified":"2026-02-05T12:26:59","modified_gmt":"2026-02-05T11:26:59","slug":"etiquetadora-sidel-topbrain","status":"publish","type":"product","link":"https:\/\/www.bbmpackaging.com\/es\/maquinas\/etiquetadoras-usadas\/etiquetadora-sidel-topbrain\/","title":{"rendered":"Etiquetadora SIDEL Top Brain"},"content":{"rendered":"<p>Etiquetadora Sidel Top Brain usada para etiqueta en papel pre-cortado y con producci\u00f3n nominal hasta 42.000 bph<\/p>\n","protected":false},"excerpt":{"rendered":"<p>Etiquetadora para botellas Sidel Top Brain usada y reacondicionada con velocidad m\u00e1xima hasta 42.000 bph.<\/p>\n","protected":false},"featured_media":49588,"comment_status":"closed","ping_status":"closed","template":"","meta":{"_acf_changed":false},"brand":[7442],"product_brand":[],"product_cat":[1104,1107,1117],"product_tag":[3035],"class_list":{"0":"post-47104","1":"product","2":"type-product","3":"status-publish","4":"has-post-thumbnail","6":"brand-sidel","7":"product_cat-maquinas","8":"product_cat-usadas","9":"product_cat-etiquetadoras-usadas","10":"product_tag-etichettatrice-es","12":"first","13":"instock","14":"product-type-simple"},"acf":[],"yoast_head":"<!-- This site is optimized with the Yoast SEO plugin v27.2 - https:\/\/yoast.com\/product\/yoast-seo-wordpress\/ -->\n<title>Etiquetadora SIDEL TopBrain Usada - BBM Packaging<\/title>\n<meta name=\"description\" content=\"Descubra la m\u00e1quina etiquetadora de botellas con cerebro Sidel Top usada y reacondicionada con una velocidad m\u00e1xima de hasta 42 000 bph. Descubra m\u00e1s y p\u00f3ngase en contacto con nosotros para obtener informaci\u00f3n\" \/>\n<meta name=\"robots\" content=\"index, follow, max-snippet:-1, max-image-preview:large, max-video-preview:-1\" \/>\n<link rel=\"canonical\" href=\"https:\/\/www.bbmpackaging.com\/es\/maquinas\/etiquetadoras-usadas\/etiquetadora-sidel-topbrain\/\" \/>\n<meta property=\"og:locale\" content=\"es_ES\" \/>\n<meta property=\"og:type\" content=\"article\" \/>\n<meta property=\"og:title\" content=\"Etiquetadora SIDEL TopBrain Usada - BBM Packaging\" \/>\n<meta property=\"og:description\" content=\"Descubra la m\u00e1quina etiquetadora de botellas con cerebro Sidel Top usada y reacondicionada con una velocidad m\u00e1xima de hasta 42 000 bph. Descubra m\u00e1s y p\u00f3ngase en contacto con nosotros para obtener informaci\u00f3n\" \/>\n<meta property=\"og:url\" content=\"https:\/\/www.bbmpackaging.com\/es\/maquinas\/etiquetadoras-usadas\/etiquetadora-sidel-topbrain\/\" \/>\n<meta property=\"og:site_name\" content=\"BBM Packaging\" \/>\n<meta property=\"article:modified_time\" content=\"2026-02-05T11:26:59+00:00\" \/>\n<meta property=\"og:image\" content=\"https:\/\/cdn.bbmpackaging.com\/wp-content\/uploads\/2024\/11\/IMG_0037-Copia.jpg\" \/>\n\t<meta property=\"og:image:width\" content=\"1440\" \/>\n\t<meta property=\"og:image:height\" content=\"1080\" \/>\n\t<meta property=\"og:image:type\" content=\"image\/jpeg\" \/>\n<meta name=\"twitter:card\" content=\"summary_large_image\" \/>\n<meta name=\"twitter:label1\" content=\"Tiempo de lectura\" \/>\n\t<meta name=\"twitter:data1\" content=\"1 minuto\" \/>\n<script type=\"application\/ld+json\" class=\"yoast-schema-graph\">{\"@context\":\"https:\/\/schema.org\",\"@graph\":[{\"@type\":\"WebPage\",\"@id\":\"https:\/\/www.bbmpackaging.com\/es\/maquinas\/etiquetadoras-usadas\/etiquetadora-sidel-topbrain\/\",\"url\":\"https:\/\/www.bbmpackaging.com\/es\/maquinas\/etiquetadoras-usadas\/etiquetadora-sidel-topbrain\/\",\"name\":\"Etiquetadora SIDEL TopBrain Usada - BBM Packaging\",\"isPartOf\":{\"@id\":\"https:\/\/www.bbmpackaging.com\/es\/#website\"},\"primaryImageOfPage\":{\"@id\":\"https:\/\/www.bbmpackaging.com\/es\/maquinas\/etiquetadoras-usadas\/etiquetadora-sidel-topbrain\/#primaryimage\"},\"image\":{\"@id\":\"https:\/\/www.bbmpackaging.com\/es\/maquinas\/etiquetadoras-usadas\/etiquetadora-sidel-topbrain\/#primaryimage\"},\"thumbnailUrl\":\"https:\/\/cdn.bbmpackaging.com\/wp-content\/uploads\/2024\/11\/IMG_0037-Copia.jpg\",\"datePublished\":\"2024-11-22T17:10:29+00:00\",\"dateModified\":\"2026-02-05T11:26:59+00:00\",\"description\":\"Descubra la m\u00e1quina etiquetadora de botellas con cerebro Sidel Top usada y reacondicionada con una velocidad m\u00e1xima de hasta 42 000 bph. Descubra m\u00e1s y p\u00f3ngase en contacto con nosotros para obtener informaci\u00f3n\",\"breadcrumb\":{\"@id\":\"https:\/\/www.bbmpackaging.com\/es\/maquinas\/etiquetadoras-usadas\/etiquetadora-sidel-topbrain\/#breadcrumb\"},\"inLanguage\":\"es\",\"potentialAction\":[{\"@type\":\"ReadAction\",\"target\":[\"https:\/\/www.bbmpackaging.com\/es\/maquinas\/etiquetadoras-usadas\/etiquetadora-sidel-topbrain\/\"]}]},{\"@type\":\"ImageObject\",\"inLanguage\":\"es\",\"@id\":\"https:\/\/www.bbmpackaging.com\/es\/maquinas\/etiquetadoras-usadas\/etiquetadora-sidel-topbrain\/#primaryimage\",\"url\":\"https:\/\/cdn.bbmpackaging.com\/wp-content\/uploads\/2024\/11\/IMG_0037-Copia.jpg\",\"contentUrl\":\"https:\/\/cdn.bbmpackaging.com\/wp-content\/uploads\/2024\/11\/IMG_0037-Copia.jpg\",\"width\":1440,\"height\":1080},{\"@type\":\"BreadcrumbList\",\"@id\":\"https:\/\/www.bbmpackaging.com\/es\/maquinas\/etiquetadoras-usadas\/etiquetadora-sidel-topbrain\/#breadcrumb\",\"itemListElement\":[{\"@type\":\"ListItem\",\"position\":1,\"name\":\"Home\",\"item\":\"https:\/\/www.bbmpackaging.com\/es\/\"},{\"@type\":\"ListItem\",\"position\":2,\"name\":\"Productos\",\"item\":\"https:\/\/www.bbmpackaging.com\/es\/productos\/\"},{\"@type\":\"ListItem\",\"position\":3,\"name\":\"Usado\",\"item\":\"https:\/\/www.bbmpackaging.com\/es\/maquinas\/usadas\/\"},{\"@type\":\"ListItem\",\"position\":4,\"name\":\"Etiquetadoras\",\"item\":\"https:\/\/www.bbmpackaging.com\/es\/maquinas\/etiquetadoras-usadas\/\"},{\"@type\":\"ListItem\",\"position\":5,\"name\":\"Etiquetadora SIDEL Top Brain\"}]},{\"@type\":\"WebSite\",\"@id\":\"https:\/\/www.bbmpackaging.com\/es\/#website\",\"url\":\"https:\/\/www.bbmpackaging.com\/es\/\",\"name\":\"BBM Packaging\",\"description\":\"Imbottigliamento: macchinari manutenzione e much more\",\"potentialAction\":[{\"@type\":\"SearchAction\",\"target\":{\"@type\":\"EntryPoint\",\"urlTemplate\":\"https:\/\/www.bbmpackaging.com\/es\/?s={search_term_string}\"},\"query-input\":{\"@type\":\"PropertyValueSpecification\",\"valueRequired\":true,\"valueName\":\"search_term_string\"}}],\"inLanguage\":\"es\"}]}<\/script>\n<!-- \/ Yoast SEO plugin. -->","yoast_head_json":{"title":"Etiquetadora SIDEL TopBrain Usada - BBM Packaging","description":"Descubra la m\u00e1quina etiquetadora de botellas con cerebro Sidel Top usada y reacondicionada con una velocidad m\u00e1xima de hasta 42 000 bph. Descubra m\u00e1s y p\u00f3ngase en contacto con nosotros para obtener informaci\u00f3n","robots":{"index":"index","follow":"follow","max-snippet":"max-snippet:-1","max-image-preview":"max-image-preview:large","max-video-preview":"max-video-preview:-1"},"canonical":"https:\/\/www.bbmpackaging.com\/es\/maquinas\/etiquetadoras-usadas\/etiquetadora-sidel-topbrain\/","og_locale":"es_ES","og_type":"article","og_title":"Etiquetadora SIDEL TopBrain Usada - BBM Packaging","og_description":"Descubra la m\u00e1quina etiquetadora de botellas con cerebro Sidel Top usada y reacondicionada con una velocidad m\u00e1xima de hasta 42 000 bph. Descubra m\u00e1s y p\u00f3ngase en contacto con nosotros para obtener informaci\u00f3n","og_url":"https:\/\/www.bbmpackaging.com\/es\/maquinas\/etiquetadoras-usadas\/etiquetadora-sidel-topbrain\/","og_site_name":"BBM Packaging","article_modified_time":"2026-02-05T11:26:59+00:00","og_image":[{"width":1440,"height":1080,"url":"https:\/\/cdn.bbmpackaging.com\/wp-content\/uploads\/2024\/11\/IMG_0037-Copia.jpg","type":"image\/jpeg"}],"twitter_card":"summary_large_image","twitter_misc":{"Tiempo de lectura":"1 minuto"},"schema":{"@context":"https:\/\/schema.org","@graph":[{"@type":"WebPage","@id":"https:\/\/www.bbmpackaging.com\/es\/maquinas\/etiquetadoras-usadas\/etiquetadora-sidel-topbrain\/","url":"https:\/\/www.bbmpackaging.com\/es\/maquinas\/etiquetadoras-usadas\/etiquetadora-sidel-topbrain\/","name":"Etiquetadora SIDEL TopBrain Usada - BBM Packaging","isPartOf":{"@id":"https:\/\/www.bbmpackaging.com\/es\/#website"},"primaryImageOfPage":{"@id":"https:\/\/www.bbmpackaging.com\/es\/maquinas\/etiquetadoras-usadas\/etiquetadora-sidel-topbrain\/#primaryimage"},"image":{"@id":"https:\/\/www.bbmpackaging.com\/es\/maquinas\/etiquetadoras-usadas\/etiquetadora-sidel-topbrain\/#primaryimage"},"thumbnailUrl":"https:\/\/cdn.bbmpackaging.com\/wp-content\/uploads\/2024\/11\/IMG_0037-Copia.jpg","datePublished":"2024-11-22T17:10:29+00:00","dateModified":"2026-02-05T11:26:59+00:00","description":"Descubra la m\u00e1quina etiquetadora de botellas con cerebro Sidel Top usada y reacondicionada con una velocidad m\u00e1xima de hasta 42 000 bph. Descubra m\u00e1s y p\u00f3ngase en contacto con nosotros para obtener informaci\u00f3n","breadcrumb":{"@id":"https:\/\/www.bbmpackaging.com\/es\/maquinas\/etiquetadoras-usadas\/etiquetadora-sidel-topbrain\/#breadcrumb"},"inLanguage":"es","potentialAction":[{"@type":"ReadAction","target":["https:\/\/www.bbmpackaging.com\/es\/maquinas\/etiquetadoras-usadas\/etiquetadora-sidel-topbrain\/"]}]},{"@type":"ImageObject","inLanguage":"es","@id":"https:\/\/www.bbmpackaging.com\/es\/maquinas\/etiquetadoras-usadas\/etiquetadora-sidel-topbrain\/#primaryimage","url":"https:\/\/cdn.bbmpackaging.com\/wp-content\/uploads\/2024\/11\/IMG_0037-Copia.jpg","contentUrl":"https:\/\/cdn.bbmpackaging.com\/wp-content\/uploads\/2024\/11\/IMG_0037-Copia.jpg","width":1440,"height":1080},{"@type":"BreadcrumbList","@id":"https:\/\/www.bbmpackaging.com\/es\/maquinas\/etiquetadoras-usadas\/etiquetadora-sidel-topbrain\/#breadcrumb","itemListElement":[{"@type":"ListItem","position":1,"name":"Home","item":"https:\/\/www.bbmpackaging.com\/es\/"},{"@type":"ListItem","position":2,"name":"Productos","item":"https:\/\/www.bbmpackaging.com\/es\/productos\/"},{"@type":"ListItem","position":3,"name":"Usado","item":"https:\/\/www.bbmpackaging.com\/es\/maquinas\/usadas\/"},{"@type":"ListItem","position":4,"name":"Etiquetadoras","item":"https:\/\/www.bbmpackaging.com\/es\/maquinas\/etiquetadoras-usadas\/"},{"@type":"ListItem","position":5,"name":"Etiquetadora SIDEL Top Brain"}]},{"@type":"WebSite","@id":"https:\/\/www.bbmpackaging.com\/es\/#website","url":"https:\/\/www.bbmpackaging.com\/es\/","name":"BBM Packaging","description":"Imbottigliamento: macchinari manutenzione e much more","potentialAction":[{"@type":"SearchAction","target":{"@type":"EntryPoint","urlTemplate":"https:\/\/www.bbmpackaging.com\/es\/?s={search_term_string}"},"query-input":{"@type":"PropertyValueSpecification","valueRequired":true,"valueName":"search_term_string"}}],"inLanguage":"es"}]}},"_links":{"self":[{"href":"https:\/\/www.bbmpackaging.com\/es\/wp-json\/wp\/v2\/product\/47104","targetHints":{"allow":["GET"]}}],"collection":[{"href":"https:\/\/www.bbmpackaging.com\/es\/wp-json\/wp\/v2\/product"}],"about":[{"href":"https:\/\/www.bbmpackaging.com\/es\/wp-json\/wp\/v2\/types\/product"}],"replies":[{"embeddable":true,"href":"https:\/\/www.bbmpackaging.com\/es\/wp-json\/wp\/v2\/comments?post=47104"}],"wp:featuredmedia":[{"embeddable":true,"href":"https:\/\/www.bbmpackaging.com\/es\/wp-json\/wp\/v2\/media\/49588"}],"wp:attachment":[{"href":"https:\/\/www.bbmpackaging.com\/es\/wp-json\/wp\/v2\/media?parent=47104"}],"wp:term":[{"taxonomy":"brand","embeddable":true,"href":"https:\/\/www.bbmpackaging.com\/es\/wp-json\/wp\/v2\/brand?post=47104"},{"taxonomy":"product_brand","embeddable":true,"href":"https:\/\/www.bbmpackaging.com\/es\/wp-json\/wp\/v2\/product_brand?post=47104"},{"taxonomy":"product_cat","embeddable":true,"href":"https:\/\/www.bbmpackaging.com\/es\/wp-json\/wp\/v2\/product_cat?post=47104"},{"taxonomy":"product_tag","embeddable":true,"href":"https:\/\/www.bbmpackaging.com\/es\/wp-json\/wp\/v2\/product_tag?post=47104"}],"curies":[{"name":"wp","href":"https:\/\/api.w.org\/{rel}","templated":true}]}}