{"id":51233,"date":"2025-04-24T14:25:28","date_gmt":"2025-04-24T12:25:28","guid":{"rendered":"https:\/\/www.bbmpackaging.com\/?post_type=product&#038;p=51233"},"modified":"2026-02-05T12:27:26","modified_gmt":"2026-02-05T11:27:26","slug":"sopladora-krones-contiform-s8","status":"publish","type":"product","link":"https:\/\/www.bbmpackaging.com\/es\/maquinas\/usadas\/sopladoras-usadas\/sopladora-krones-contiform-s8\/","title":{"rendered":"Sopladora Krones Contiform S8"},"content":{"rendered":"<p>M\u00e1quina sopladora Krones Contiform S8. Sopla hasta 13.000 botellas PET por hora. Tipo de rosca: Alaska. La sopladora est\u00e1 disponible \u00abvista y aceptada\u00bb, revisada y garantizada, o lista para usar con repuestos compatibles.<\/p>\n<p>&nbsp;<\/p>\n<p>&nbsp;<\/p>\n","protected":false},"excerpt":{"rendered":"<p>Sopladora Krones Contiform S8<\/p>\n","protected":false},"featured_media":74296,"comment_status":"closed","ping_status":"closed","template":"","meta":{"_acf_changed":false},"brand":[7450],"product_brand":[],"product_cat":[1104,1107,1111],"product_tag":[],"class_list":{"0":"post-51233","1":"product","2":"type-product","3":"status-publish","4":"has-post-thumbnail","6":"brand-krones","7":"product_cat-maquinas","8":"product_cat-usadas","9":"product_cat-sopladoras-usadas","11":"first","12":"instock","13":"shipping-taxable","14":"product-type-simple"},"acf":[],"yoast_head":"<!-- This site is optimized with the Yoast SEO plugin v27.2 - https:\/\/yoast.com\/product\/yoast-seo-wordpress\/ -->\n<title>Sopladora Krones Contiform S8 - BBM Packaging<\/title>\n<meta name=\"description\" content=\"Sopladora KRONES Contiform S8 de segunda mano. Disponible tanto &quot;tal cual&quot; como revisada. En excelente estado, mira el video y la galer\u00eda de la m\u00e1quina.\" \/>\n<meta name=\"robots\" content=\"index, follow, max-snippet:-1, max-image-preview:large, max-video-preview:-1\" \/>\n<link rel=\"canonical\" href=\"https:\/\/www.bbmpackaging.com\/es\/maquinas\/usadas\/sopladoras-usadas\/sopladora-krones-contiform-s8\/\" \/>\n<meta property=\"og:locale\" content=\"es_ES\" \/>\n<meta property=\"og:type\" content=\"article\" \/>\n<meta property=\"og:title\" content=\"Sopladora Krones Contiform S8 - BBM Packaging\" \/>\n<meta property=\"og:description\" content=\"Sopladora KRONES Contiform S8 de segunda mano. Disponible tanto &quot;tal cual&quot; como revisada. En excelente estado, mira el video y la galer\u00eda de la m\u00e1quina.\" \/>\n<meta property=\"og:url\" content=\"https:\/\/www.bbmpackaging.com\/es\/maquinas\/usadas\/sopladoras-usadas\/sopladora-krones-contiform-s8\/\" \/>\n<meta property=\"og:site_name\" content=\"BBM Packaging\" \/>\n<meta property=\"article:modified_time\" content=\"2026-02-05T11:27:26+00:00\" \/>\n<meta property=\"og:image\" content=\"https:\/\/www.bbmpackaging.com\/wp-content\/uploads\/2025\/04\/sopladora-krones-contiform-s8-bbm-packaging-10.jpg\" \/>\n\t<meta property=\"og:image:width\" content=\"1024\" \/>\n\t<meta property=\"og:image:height\" content=\"768\" \/>\n\t<meta property=\"og:image:type\" content=\"image\/jpeg\" \/>\n<meta name=\"twitter:card\" content=\"summary_large_image\" \/>\n<meta name=\"twitter:label1\" content=\"Tiempo de lectura\" \/>\n\t<meta name=\"twitter:data1\" content=\"1 minuto\" \/>\n<script type=\"application\/ld+json\" class=\"yoast-schema-graph\">{\"@context\":\"https:\/\/schema.org\",\"@graph\":[{\"@type\":\"WebPage\",\"@id\":\"https:\/\/www.bbmpackaging.com\/es\/maquinas\/usadas\/sopladoras-usadas\/sopladora-krones-contiform-s8\/\",\"url\":\"https:\/\/www.bbmpackaging.com\/es\/maquinas\/usadas\/sopladoras-usadas\/sopladora-krones-contiform-s8\/\",\"name\":\"Sopladora Krones Contiform S8 - BBM Packaging\",\"isPartOf\":{\"@id\":\"https:\/\/www.bbmpackaging.com\/es\/#website\"},\"primaryImageOfPage\":{\"@id\":\"https:\/\/www.bbmpackaging.com\/es\/maquinas\/usadas\/sopladoras-usadas\/sopladora-krones-contiform-s8\/#primaryimage\"},\"image\":{\"@id\":\"https:\/\/www.bbmpackaging.com\/es\/maquinas\/usadas\/sopladoras-usadas\/sopladora-krones-contiform-s8\/#primaryimage\"},\"thumbnailUrl\":\"https:\/\/www.bbmpackaging.com\/wp-content\/uploads\/2025\/04\/sopladora-krones-contiform-s8-bbm-packaging-10.jpg\",\"datePublished\":\"2025-04-24T12:25:28+00:00\",\"dateModified\":\"2026-02-05T11:27:26+00:00\",\"description\":\"Sopladora KRONES Contiform S8 de segunda mano. Disponible tanto \\\"tal cual\\\" como revisada. En excelente estado, mira el video y la galer\u00eda de la m\u00e1quina.\",\"breadcrumb\":{\"@id\":\"https:\/\/www.bbmpackaging.com\/es\/maquinas\/usadas\/sopladoras-usadas\/sopladora-krones-contiform-s8\/#breadcrumb\"},\"inLanguage\":\"es\",\"potentialAction\":[{\"@type\":\"ReadAction\",\"target\":[\"https:\/\/www.bbmpackaging.com\/es\/maquinas\/usadas\/sopladoras-usadas\/sopladora-krones-contiform-s8\/\"]}]},{\"@type\":\"ImageObject\",\"inLanguage\":\"es\",\"@id\":\"https:\/\/www.bbmpackaging.com\/es\/maquinas\/usadas\/sopladoras-usadas\/sopladora-krones-contiform-s8\/#primaryimage\",\"url\":\"https:\/\/www.bbmpackaging.com\/wp-content\/uploads\/2025\/04\/sopladora-krones-contiform-s8-bbm-packaging-10.jpg\",\"contentUrl\":\"https:\/\/www.bbmpackaging.com\/wp-content\/uploads\/2025\/04\/sopladora-krones-contiform-s8-bbm-packaging-10.jpg\",\"width\":1024,\"height\":768,\"caption\":\"Soplador KRONES Contiform S8 usado. Disponible tanto visto y aprobado como revisado. En excelentes condiciones, vea el v\u00eddeo y la galer\u00eda de la m\u00e1quina.\"},{\"@type\":\"BreadcrumbList\",\"@id\":\"https:\/\/www.bbmpackaging.com\/es\/maquinas\/usadas\/sopladoras-usadas\/sopladora-krones-contiform-s8\/#breadcrumb\",\"itemListElement\":[{\"@type\":\"ListItem\",\"position\":1,\"name\":\"Home\",\"item\":\"https:\/\/www.bbmpackaging.com\/es\/\"},{\"@type\":\"ListItem\",\"position\":2,\"name\":\"Productos\",\"item\":\"https:\/\/www.bbmpackaging.com\/es\/productos\/\"},{\"@type\":\"ListItem\",\"position\":3,\"name\":\"Usado\",\"item\":\"https:\/\/www.bbmpackaging.com\/es\/maquinas\/usadas\/\"},{\"@type\":\"ListItem\",\"position\":4,\"name\":\"Sopladoras\",\"item\":\"https:\/\/www.bbmpackaging.com\/es\/maquinas\/sopladoras-usadas\/\"},{\"@type\":\"ListItem\",\"position\":5,\"name\":\"Sopladora Krones Contiform S8\"}]},{\"@type\":\"WebSite\",\"@id\":\"https:\/\/www.bbmpackaging.com\/es\/#website\",\"url\":\"https:\/\/www.bbmpackaging.com\/es\/\",\"name\":\"BBM Packaging\",\"description\":\"Imbottigliamento: macchinari manutenzione e much more\",\"potentialAction\":[{\"@type\":\"SearchAction\",\"target\":{\"@type\":\"EntryPoint\",\"urlTemplate\":\"https:\/\/www.bbmpackaging.com\/es\/?s={search_term_string}\"},\"query-input\":{\"@type\":\"PropertyValueSpecification\",\"valueRequired\":true,\"valueName\":\"search_term_string\"}}],\"inLanguage\":\"es\"}]}<\/script>\n<!-- \/ Yoast SEO plugin. -->","yoast_head_json":{"title":"Sopladora Krones Contiform S8 - BBM Packaging","description":"Sopladora KRONES Contiform S8 de segunda mano. Disponible tanto \"tal cual\" como revisada. En excelente estado, mira el video y la galer\u00eda de la m\u00e1quina.","robots":{"index":"index","follow":"follow","max-snippet":"max-snippet:-1","max-image-preview":"max-image-preview:large","max-video-preview":"max-video-preview:-1"},"canonical":"https:\/\/www.bbmpackaging.com\/es\/maquinas\/usadas\/sopladoras-usadas\/sopladora-krones-contiform-s8\/","og_locale":"es_ES","og_type":"article","og_title":"Sopladora Krones Contiform S8 - BBM Packaging","og_description":"Sopladora KRONES Contiform S8 de segunda mano. Disponible tanto \"tal cual\" como revisada. En excelente estado, mira el video y la galer\u00eda de la m\u00e1quina.","og_url":"https:\/\/www.bbmpackaging.com\/es\/maquinas\/usadas\/sopladoras-usadas\/sopladora-krones-contiform-s8\/","og_site_name":"BBM Packaging","article_modified_time":"2026-02-05T11:27:26+00:00","og_image":[{"width":1024,"height":768,"url":"https:\/\/www.bbmpackaging.com\/wp-content\/uploads\/2025\/04\/sopladora-krones-contiform-s8-bbm-packaging-10.jpg","type":"image\/jpeg"}],"twitter_card":"summary_large_image","twitter_misc":{"Tiempo de lectura":"1 minuto"},"schema":{"@context":"https:\/\/schema.org","@graph":[{"@type":"WebPage","@id":"https:\/\/www.bbmpackaging.com\/es\/maquinas\/usadas\/sopladoras-usadas\/sopladora-krones-contiform-s8\/","url":"https:\/\/www.bbmpackaging.com\/es\/maquinas\/usadas\/sopladoras-usadas\/sopladora-krones-contiform-s8\/","name":"Sopladora Krones Contiform S8 - BBM Packaging","isPartOf":{"@id":"https:\/\/www.bbmpackaging.com\/es\/#website"},"primaryImageOfPage":{"@id":"https:\/\/www.bbmpackaging.com\/es\/maquinas\/usadas\/sopladoras-usadas\/sopladora-krones-contiform-s8\/#primaryimage"},"image":{"@id":"https:\/\/www.bbmpackaging.com\/es\/maquinas\/usadas\/sopladoras-usadas\/sopladora-krones-contiform-s8\/#primaryimage"},"thumbnailUrl":"https:\/\/www.bbmpackaging.com\/wp-content\/uploads\/2025\/04\/sopladora-krones-contiform-s8-bbm-packaging-10.jpg","datePublished":"2025-04-24T12:25:28+00:00","dateModified":"2026-02-05T11:27:26+00:00","description":"Sopladora KRONES Contiform S8 de segunda mano. Disponible tanto \"tal cual\" como revisada. En excelente estado, mira el video y la galer\u00eda de la m\u00e1quina.","breadcrumb":{"@id":"https:\/\/www.bbmpackaging.com\/es\/maquinas\/usadas\/sopladoras-usadas\/sopladora-krones-contiform-s8\/#breadcrumb"},"inLanguage":"es","potentialAction":[{"@type":"ReadAction","target":["https:\/\/www.bbmpackaging.com\/es\/maquinas\/usadas\/sopladoras-usadas\/sopladora-krones-contiform-s8\/"]}]},{"@type":"ImageObject","inLanguage":"es","@id":"https:\/\/www.bbmpackaging.com\/es\/maquinas\/usadas\/sopladoras-usadas\/sopladora-krones-contiform-s8\/#primaryimage","url":"https:\/\/www.bbmpackaging.com\/wp-content\/uploads\/2025\/04\/sopladora-krones-contiform-s8-bbm-packaging-10.jpg","contentUrl":"https:\/\/www.bbmpackaging.com\/wp-content\/uploads\/2025\/04\/sopladora-krones-contiform-s8-bbm-packaging-10.jpg","width":1024,"height":768,"caption":"Soplador KRONES Contiform S8 usado. Disponible tanto visto y aprobado como revisado. En excelentes condiciones, vea el v\u00eddeo y la galer\u00eda de la m\u00e1quina."},{"@type":"BreadcrumbList","@id":"https:\/\/www.bbmpackaging.com\/es\/maquinas\/usadas\/sopladoras-usadas\/sopladora-krones-contiform-s8\/#breadcrumb","itemListElement":[{"@type":"ListItem","position":1,"name":"Home","item":"https:\/\/www.bbmpackaging.com\/es\/"},{"@type":"ListItem","position":2,"name":"Productos","item":"https:\/\/www.bbmpackaging.com\/es\/productos\/"},{"@type":"ListItem","position":3,"name":"Usado","item":"https:\/\/www.bbmpackaging.com\/es\/maquinas\/usadas\/"},{"@type":"ListItem","position":4,"name":"Sopladoras","item":"https:\/\/www.bbmpackaging.com\/es\/maquinas\/sopladoras-usadas\/"},{"@type":"ListItem","position":5,"name":"Sopladora Krones Contiform S8"}]},{"@type":"WebSite","@id":"https:\/\/www.bbmpackaging.com\/es\/#website","url":"https:\/\/www.bbmpackaging.com\/es\/","name":"BBM Packaging","description":"Imbottigliamento: macchinari manutenzione e much more","potentialAction":[{"@type":"SearchAction","target":{"@type":"EntryPoint","urlTemplate":"https:\/\/www.bbmpackaging.com\/es\/?s={search_term_string}"},"query-input":{"@type":"PropertyValueSpecification","valueRequired":true,"valueName":"search_term_string"}}],"inLanguage":"es"}]}},"_links":{"self":[{"href":"https:\/\/www.bbmpackaging.com\/es\/wp-json\/wp\/v2\/product\/51233","targetHints":{"allow":["GET"]}}],"collection":[{"href":"https:\/\/www.bbmpackaging.com\/es\/wp-json\/wp\/v2\/product"}],"about":[{"href":"https:\/\/www.bbmpackaging.com\/es\/wp-json\/wp\/v2\/types\/product"}],"replies":[{"embeddable":true,"href":"https:\/\/www.bbmpackaging.com\/es\/wp-json\/wp\/v2\/comments?post=51233"}],"wp:featuredmedia":[{"embeddable":true,"href":"https:\/\/www.bbmpackaging.com\/es\/wp-json\/wp\/v2\/media\/74296"}],"wp:attachment":[{"href":"https:\/\/www.bbmpackaging.com\/es\/wp-json\/wp\/v2\/media?parent=51233"}],"wp:term":[{"taxonomy":"brand","embeddable":true,"href":"https:\/\/www.bbmpackaging.com\/es\/wp-json\/wp\/v2\/brand?post=51233"},{"taxonomy":"product_brand","embeddable":true,"href":"https:\/\/www.bbmpackaging.com\/es\/wp-json\/wp\/v2\/product_brand?post=51233"},{"taxonomy":"product_cat","embeddable":true,"href":"https:\/\/www.bbmpackaging.com\/es\/wp-json\/wp\/v2\/product_cat?post=51233"},{"taxonomy":"product_tag","embeddable":true,"href":"https:\/\/www.bbmpackaging.com\/es\/wp-json\/wp\/v2\/product_tag?post=51233"}],"curies":[{"name":"wp","href":"https:\/\/api.w.org\/{rel}","templated":true}]}}