{"id":51618,"date":"2025-04-28T14:49:22","date_gmt":"2025-04-28T12:49:22","guid":{"rendered":"https:\/\/www.bbmpackaging.com\/?post_type=product&#038;p=51618"},"modified":"2026-02-05T12:27:26","modified_gmt":"2026-02-05T11:27:26","slug":"etiquetadora-krones-contiroll-2","status":"publish","type":"product","link":"https:\/\/www.bbmpackaging.com\/es\/maquinas\/usadas\/etiquetadoras-usadas\/etiquetadora-krones-contiroll-2\/","title":{"rendered":"Etiquetadora KRONES Contiroll"},"content":{"rendered":"<p>Etiquetadora KRONES Contiroll de segunda mano, una soluci\u00f3n altamente eficiente para el etiquetado de botellas PET, con una capacidad de producci\u00f3n de hasta 13.000 botellas por hora (bph) en el formato de 500 ml. Cambio de formato disponible.<\/p>\n<p>El tipo de etiqueta compatible es OPP (polipropileno orientado), con aplicaci\u00f3n de pegamento en caliente para una adhesi\u00f3n segura y duradera. Todo el proceso est\u00e1 gestionado a trav\u00e9s de un avanzado PLC Siemens, que garantiza una gesti\u00f3n precisa y un control \u00f3ptimo del proceso de etiquetado.<\/p>\n","protected":false},"excerpt":{"rendered":"<p>Etiquetadora KRONES Contiroll de segunda mano con etiqueta OPP<\/p>\n","protected":false},"featured_media":74260,"comment_status":"closed","ping_status":"closed","template":"","meta":{"_acf_changed":false},"brand":[7450],"product_brand":[],"product_cat":[1104,1107,1117],"product_tag":[],"class_list":{"0":"post-51618","1":"product","2":"type-product","3":"status-publish","4":"has-post-thumbnail","6":"brand-krones","7":"product_cat-maquinas","8":"product_cat-usadas","9":"product_cat-etiquetadoras-usadas","11":"first","12":"instock","13":"shipping-taxable","14":"product-type-simple"},"acf":[],"yoast_head":"<!-- This site is optimized with the Yoast SEO plugin v27.2 - https:\/\/yoast.com\/product\/yoast-seo-wordpress\/ -->\n<title>Etiquetadora KRONES Contiroll - BBM Packaging<\/title>\n<meta name=\"description\" content=\"Descubre la etiquetadora KRONES Contiroll de segunda mano para 13.000 bph, y aplicaci\u00f3n de etiqueta OPP. Mira el video y las fotos.\" \/>\n<meta name=\"robots\" content=\"index, follow, max-snippet:-1, max-image-preview:large, max-video-preview:-1\" \/>\n<link rel=\"canonical\" href=\"https:\/\/www.bbmpackaging.com\/es\/maquinas\/usadas\/etiquetadoras-usadas\/etiquetadora-krones-contiroll-2\/\" \/>\n<meta property=\"og:locale\" content=\"es_ES\" \/>\n<meta property=\"og:type\" content=\"article\" \/>\n<meta property=\"og:title\" content=\"Etiquetadora KRONES Contiroll - BBM Packaging\" \/>\n<meta property=\"og:description\" content=\"Descubre la etiquetadora KRONES Contiroll de segunda mano para 13.000 bph, y aplicaci\u00f3n de etiqueta OPP. Mira el video y las fotos.\" \/>\n<meta property=\"og:url\" content=\"https:\/\/www.bbmpackaging.com\/es\/maquinas\/usadas\/etiquetadoras-usadas\/etiquetadora-krones-contiroll-2\/\" \/>\n<meta property=\"og:site_name\" content=\"BBM Packaging\" \/>\n<meta property=\"article:modified_time\" content=\"2026-02-05T11:27:26+00:00\" \/>\n<meta property=\"og:image\" content=\"https:\/\/www.bbmpackaging.com\/wp-content\/uploads\/2025\/04\/etiquetadora-krones-contiroll-bbm-packaging.jpg\" \/>\n\t<meta property=\"og:image:width\" content=\"1024\" \/>\n\t<meta property=\"og:image:height\" content=\"768\" \/>\n\t<meta property=\"og:image:type\" content=\"image\/jpeg\" \/>\n<meta name=\"twitter:card\" content=\"summary_large_image\" \/>\n<meta name=\"twitter:label1\" content=\"Tiempo de lectura\" \/>\n\t<meta name=\"twitter:data1\" content=\"1 minuto\" \/>\n<script type=\"application\/ld+json\" class=\"yoast-schema-graph\">{\"@context\":\"https:\/\/schema.org\",\"@graph\":[{\"@type\":\"WebPage\",\"@id\":\"https:\/\/www.bbmpackaging.com\/es\/maquinas\/usadas\/etiquetadoras-usadas\/etiquetadora-krones-contiroll-2\/\",\"url\":\"https:\/\/www.bbmpackaging.com\/es\/maquinas\/usadas\/etiquetadoras-usadas\/etiquetadora-krones-contiroll-2\/\",\"name\":\"Etiquetadora KRONES Contiroll - BBM Packaging\",\"isPartOf\":{\"@id\":\"https:\/\/www.bbmpackaging.com\/es\/#website\"},\"primaryImageOfPage\":{\"@id\":\"https:\/\/www.bbmpackaging.com\/es\/maquinas\/usadas\/etiquetadoras-usadas\/etiquetadora-krones-contiroll-2\/#primaryimage\"},\"image\":{\"@id\":\"https:\/\/www.bbmpackaging.com\/es\/maquinas\/usadas\/etiquetadoras-usadas\/etiquetadora-krones-contiroll-2\/#primaryimage\"},\"thumbnailUrl\":\"https:\/\/www.bbmpackaging.com\/wp-content\/uploads\/2025\/04\/etiquetadora-krones-contiroll-bbm-packaging.jpg\",\"datePublished\":\"2025-04-28T12:49:22+00:00\",\"dateModified\":\"2026-02-05T11:27:26+00:00\",\"description\":\"Descubre la etiquetadora KRONES Contiroll de segunda mano para 13.000 bph, y aplicaci\u00f3n de etiqueta OPP. Mira el video y las fotos.\",\"breadcrumb\":{\"@id\":\"https:\/\/www.bbmpackaging.com\/es\/maquinas\/usadas\/etiquetadoras-usadas\/etiquetadora-krones-contiroll-2\/#breadcrumb\"},\"inLanguage\":\"es\",\"potentialAction\":[{\"@type\":\"ReadAction\",\"target\":[\"https:\/\/www.bbmpackaging.com\/es\/maquinas\/usadas\/etiquetadoras-usadas\/etiquetadora-krones-contiroll-2\/\"]}]},{\"@type\":\"ImageObject\",\"inLanguage\":\"es\",\"@id\":\"https:\/\/www.bbmpackaging.com\/es\/maquinas\/usadas\/etiquetadoras-usadas\/etiquetadora-krones-contiroll-2\/#primaryimage\",\"url\":\"https:\/\/www.bbmpackaging.com\/wp-content\/uploads\/2025\/04\/etiquetadora-krones-contiroll-bbm-packaging.jpg\",\"contentUrl\":\"https:\/\/www.bbmpackaging.com\/wp-content\/uploads\/2025\/04\/etiquetadora-krones-contiroll-bbm-packaging.jpg\",\"width\":1024,\"height\":768,\"caption\":\"Etiquetadora KRONES Contiroll usada para 13 000 bph, formato 500 ml. Etiqueta OPP con cola caliente, cambio de formato y PLC Siemens para un control preciso.\"},{\"@type\":\"BreadcrumbList\",\"@id\":\"https:\/\/www.bbmpackaging.com\/es\/maquinas\/usadas\/etiquetadoras-usadas\/etiquetadora-krones-contiroll-2\/#breadcrumb\",\"itemListElement\":[{\"@type\":\"ListItem\",\"position\":1,\"name\":\"Home\",\"item\":\"https:\/\/www.bbmpackaging.com\/es\/\"},{\"@type\":\"ListItem\",\"position\":2,\"name\":\"Productos\",\"item\":\"https:\/\/www.bbmpackaging.com\/es\/productos\/\"},{\"@type\":\"ListItem\",\"position\":3,\"name\":\"Usado\",\"item\":\"https:\/\/www.bbmpackaging.com\/es\/maquinas\/usadas\/\"},{\"@type\":\"ListItem\",\"position\":4,\"name\":\"Etiquetadoras\",\"item\":\"https:\/\/www.bbmpackaging.com\/es\/maquinas\/etiquetadoras-usadas\/\"},{\"@type\":\"ListItem\",\"position\":5,\"name\":\"Etiquetadora KRONES Contiroll\"}]},{\"@type\":\"WebSite\",\"@id\":\"https:\/\/www.bbmpackaging.com\/es\/#website\",\"url\":\"https:\/\/www.bbmpackaging.com\/es\/\",\"name\":\"BBM Packaging\",\"description\":\"Imbottigliamento: macchinari manutenzione e much more\",\"potentialAction\":[{\"@type\":\"SearchAction\",\"target\":{\"@type\":\"EntryPoint\",\"urlTemplate\":\"https:\/\/www.bbmpackaging.com\/es\/?s={search_term_string}\"},\"query-input\":{\"@type\":\"PropertyValueSpecification\",\"valueRequired\":true,\"valueName\":\"search_term_string\"}}],\"inLanguage\":\"es\"}]}<\/script>\n<!-- \/ Yoast SEO plugin. -->","yoast_head_json":{"title":"Etiquetadora KRONES Contiroll - BBM Packaging","description":"Descubre la etiquetadora KRONES Contiroll de segunda mano para 13.000 bph, y aplicaci\u00f3n de etiqueta OPP. Mira el video y las fotos.","robots":{"index":"index","follow":"follow","max-snippet":"max-snippet:-1","max-image-preview":"max-image-preview:large","max-video-preview":"max-video-preview:-1"},"canonical":"https:\/\/www.bbmpackaging.com\/es\/maquinas\/usadas\/etiquetadoras-usadas\/etiquetadora-krones-contiroll-2\/","og_locale":"es_ES","og_type":"article","og_title":"Etiquetadora KRONES Contiroll - BBM Packaging","og_description":"Descubre la etiquetadora KRONES Contiroll de segunda mano para 13.000 bph, y aplicaci\u00f3n de etiqueta OPP. Mira el video y las fotos.","og_url":"https:\/\/www.bbmpackaging.com\/es\/maquinas\/usadas\/etiquetadoras-usadas\/etiquetadora-krones-contiroll-2\/","og_site_name":"BBM Packaging","article_modified_time":"2026-02-05T11:27:26+00:00","og_image":[{"width":1024,"height":768,"url":"https:\/\/www.bbmpackaging.com\/wp-content\/uploads\/2025\/04\/etiquetadora-krones-contiroll-bbm-packaging.jpg","type":"image\/jpeg"}],"twitter_card":"summary_large_image","twitter_misc":{"Tiempo de lectura":"1 minuto"},"schema":{"@context":"https:\/\/schema.org","@graph":[{"@type":"WebPage","@id":"https:\/\/www.bbmpackaging.com\/es\/maquinas\/usadas\/etiquetadoras-usadas\/etiquetadora-krones-contiroll-2\/","url":"https:\/\/www.bbmpackaging.com\/es\/maquinas\/usadas\/etiquetadoras-usadas\/etiquetadora-krones-contiroll-2\/","name":"Etiquetadora KRONES Contiroll - BBM Packaging","isPartOf":{"@id":"https:\/\/www.bbmpackaging.com\/es\/#website"},"primaryImageOfPage":{"@id":"https:\/\/www.bbmpackaging.com\/es\/maquinas\/usadas\/etiquetadoras-usadas\/etiquetadora-krones-contiroll-2\/#primaryimage"},"image":{"@id":"https:\/\/www.bbmpackaging.com\/es\/maquinas\/usadas\/etiquetadoras-usadas\/etiquetadora-krones-contiroll-2\/#primaryimage"},"thumbnailUrl":"https:\/\/www.bbmpackaging.com\/wp-content\/uploads\/2025\/04\/etiquetadora-krones-contiroll-bbm-packaging.jpg","datePublished":"2025-04-28T12:49:22+00:00","dateModified":"2026-02-05T11:27:26+00:00","description":"Descubre la etiquetadora KRONES Contiroll de segunda mano para 13.000 bph, y aplicaci\u00f3n de etiqueta OPP. Mira el video y las fotos.","breadcrumb":{"@id":"https:\/\/www.bbmpackaging.com\/es\/maquinas\/usadas\/etiquetadoras-usadas\/etiquetadora-krones-contiroll-2\/#breadcrumb"},"inLanguage":"es","potentialAction":[{"@type":"ReadAction","target":["https:\/\/www.bbmpackaging.com\/es\/maquinas\/usadas\/etiquetadoras-usadas\/etiquetadora-krones-contiroll-2\/"]}]},{"@type":"ImageObject","inLanguage":"es","@id":"https:\/\/www.bbmpackaging.com\/es\/maquinas\/usadas\/etiquetadoras-usadas\/etiquetadora-krones-contiroll-2\/#primaryimage","url":"https:\/\/www.bbmpackaging.com\/wp-content\/uploads\/2025\/04\/etiquetadora-krones-contiroll-bbm-packaging.jpg","contentUrl":"https:\/\/www.bbmpackaging.com\/wp-content\/uploads\/2025\/04\/etiquetadora-krones-contiroll-bbm-packaging.jpg","width":1024,"height":768,"caption":"Etiquetadora KRONES Contiroll usada para 13 000 bph, formato 500 ml. Etiqueta OPP con cola caliente, cambio de formato y PLC Siemens para un control preciso."},{"@type":"BreadcrumbList","@id":"https:\/\/www.bbmpackaging.com\/es\/maquinas\/usadas\/etiquetadoras-usadas\/etiquetadora-krones-contiroll-2\/#breadcrumb","itemListElement":[{"@type":"ListItem","position":1,"name":"Home","item":"https:\/\/www.bbmpackaging.com\/es\/"},{"@type":"ListItem","position":2,"name":"Productos","item":"https:\/\/www.bbmpackaging.com\/es\/productos\/"},{"@type":"ListItem","position":3,"name":"Usado","item":"https:\/\/www.bbmpackaging.com\/es\/maquinas\/usadas\/"},{"@type":"ListItem","position":4,"name":"Etiquetadoras","item":"https:\/\/www.bbmpackaging.com\/es\/maquinas\/etiquetadoras-usadas\/"},{"@type":"ListItem","position":5,"name":"Etiquetadora KRONES Contiroll"}]},{"@type":"WebSite","@id":"https:\/\/www.bbmpackaging.com\/es\/#website","url":"https:\/\/www.bbmpackaging.com\/es\/","name":"BBM Packaging","description":"Imbottigliamento: macchinari manutenzione e much more","potentialAction":[{"@type":"SearchAction","target":{"@type":"EntryPoint","urlTemplate":"https:\/\/www.bbmpackaging.com\/es\/?s={search_term_string}"},"query-input":{"@type":"PropertyValueSpecification","valueRequired":true,"valueName":"search_term_string"}}],"inLanguage":"es"}]}},"_links":{"self":[{"href":"https:\/\/www.bbmpackaging.com\/es\/wp-json\/wp\/v2\/product\/51618","targetHints":{"allow":["GET"]}}],"collection":[{"href":"https:\/\/www.bbmpackaging.com\/es\/wp-json\/wp\/v2\/product"}],"about":[{"href":"https:\/\/www.bbmpackaging.com\/es\/wp-json\/wp\/v2\/types\/product"}],"replies":[{"embeddable":true,"href":"https:\/\/www.bbmpackaging.com\/es\/wp-json\/wp\/v2\/comments?post=51618"}],"wp:featuredmedia":[{"embeddable":true,"href":"https:\/\/www.bbmpackaging.com\/es\/wp-json\/wp\/v2\/media\/74260"}],"wp:attachment":[{"href":"https:\/\/www.bbmpackaging.com\/es\/wp-json\/wp\/v2\/media?parent=51618"}],"wp:term":[{"taxonomy":"brand","embeddable":true,"href":"https:\/\/www.bbmpackaging.com\/es\/wp-json\/wp\/v2\/brand?post=51618"},{"taxonomy":"product_brand","embeddable":true,"href":"https:\/\/www.bbmpackaging.com\/es\/wp-json\/wp\/v2\/product_brand?post=51618"},{"taxonomy":"product_cat","embeddable":true,"href":"https:\/\/www.bbmpackaging.com\/es\/wp-json\/wp\/v2\/product_cat?post=51618"},{"taxonomy":"product_tag","embeddable":true,"href":"https:\/\/www.bbmpackaging.com\/es\/wp-json\/wp\/v2\/product_tag?post=51618"}],"curies":[{"name":"wp","href":"https:\/\/api.w.org\/{rel}","templated":true}]}}