{"id":54609,"date":"2025-07-22T16:30:38","date_gmt":"2025-07-22T14:30:38","guid":{"rendered":"https:\/\/www.bbmpackaging.com\/prodotto\/linea-pet-acqua-e-bibite-18-000-bph\/"},"modified":"2026-02-05T12:27:26","modified_gmt":"2026-02-05T11:27:26","slug":"linea-pet-agua-y-bebidas-18-000-bph","status":"publish","type":"product","link":"https:\/\/www.bbmpackaging.com\/es\/linea-pet-acqua-e-bibite-18-000-bph\/","title":{"rendered":"L\u00cdNEA PET AGUA Y REFRESCOS 18.000 bph"},"content":{"rendered":"<p>L\u00ednea de embotellado completa para agua natural, con gas y bebidas CSD, con una capacidad de hasta <strong data-start=\"144\" data-end=\"168\">18.000 botellas\/hora<\/strong> en el formato actual de <strong data-start=\"183\" data-end=\"203\">1,5 litros en PET<\/strong>. Construida en el a\u00f1o <strong data-start=\"219\" data-end=\"227\">2000<\/strong>, la l\u00ednea incluye etiquetado <strong data-start=\"371\" data-end=\"396\">OPP con cola caliente<\/strong>, embalaje en <strong data-start=\"417\" data-end=\"441\">film termorretr\u00e1ctil<\/strong> (6 pistas), aplicaci\u00f3n de asas precortadas y paletizado sobre <strong data-start=\"500\" data-end=\"517\">Epal 1200&#215;800<\/strong> con <strong data-start=\"522\" data-end=\"547\">colocador autom\u00e1tico de intercaladores<\/strong>. Disponible tanto \u00abvista y probada\u00bb como reacondicionada y garantizada por BBM.<\/p>\n<p>Lista de m\u00e1quinas:<\/p>\n<ul>\n<li>Volcador de preformas VE.CO mod. 30L917 \u2013 a\u00f1o 1999<\/li>\n<li>Alimentador de preformas SIDEL mod. XMMC94 \u2013 a\u00f1o 1999<\/li>\n<li>Sopladora SIDEL SBO14 \u2013 a\u00f1o 1999<\/li>\n<li>Transportadores de aire LANFRANCHI mod. C170031-B \u2013 a\u00f1o 2007<\/li>\n<li>Monobloque llenadora-enjuagadora SIDEL-SIMONAZZI EUROSTAR RAA282 \u2013 a\u00f1o 1985<\/li>\n<li>Dosificador de nitr\u00f3geno TERBOVEN ISTE-CON 5 \u2013 a\u00f1o 2008<\/li>\n<li>Elevador de tapones PQL MECCANICA mod. 09B3 \u2013 a\u00f1o 2011<\/li>\n<li>Tapadora AROL (matr\u00edcula 4935) \u2013 a\u00f1o 1998<\/li>\n<li>Inspector de nivel con pusher HEUFT (n\u00famero de serie MHB1540, art. HBB800012) \u2013 a\u00f1o 2013<\/li>\n<li>Inspector de nivel HEUFT SPECTRUM (tipo HBBVXTXXX n.\u00ba 2DG050602) \u2013 a\u00f1o 2013<\/li>\n<li>Inspector de nivel HEUFT REFLEX (tipo HBGFIVIEW n.\u00ba MHE1737) \u2013 a\u00f1o 2013<\/li>\n<li>Etiquetadora KRONES mod. K745-628 \u2013 a\u00f1o 1998<\/li>\n<li>L\u00e1ser codificador LUMONICS SL301 \u2013 a\u00f1o 2009<\/li>\n<li>Transportadores de botellas PROCOMAC mod. P3233\/1A \u2013 a\u00f1o 2000<\/li>\n<li>Separador de botellas PROCOMAC mod. P3227 \u2013 a\u00f1o 2000<\/li>\n<li>Enfardadora SMI GROUP SK600F \u2013 a\u00f1o 1998<\/li>\n<li>Transportadores de paquetes PROCOMAC mod. P3233\/1A \u2013 a\u00f1o 2000<\/li>\n<li>Marcador de inyecci\u00f3n de tinta para paquetes MARKEM 9040_FR10140128 \u2013 a\u00f1o 2010<\/li>\n<li>Aplicador de asas COMAG mod. H65\/1 \u2013 a\u00f1o 1999<\/li>\n<li>Separador de paquetes L.M. mod. 28809 \u2013 a\u00f1o 2000<\/li>\n<li>Paletizador ACMI mod. C\/1350 \u2013 a\u00f1o 1999<\/li>\n<li>Envolvedora TOSA-ACMI mod. 120+475 \u2013 a\u00f1o 2012<\/li>\n<\/ul>\n","protected":false},"excerpt":{"rendered":"<p>L\u00ednea de embotellado PET para agua natural, con gas y bebidas 18.000 bph. Desde la sopladora hasta la enfardadora.<\/p>\n","protected":false},"featured_media":57146,"comment_status":"closed","ping_status":"closed","template":"","meta":{"_acf_changed":false},"brand":[7501],"product_brand":[],"product_cat":[1104,1107,1109],"product_tag":[],"class_list":{"0":"post-54609","1":"product","2":"type-product","3":"status-publish","4":"has-post-thumbnail","6":"brand-multimarca","7":"product_cat-maquinas","8":"product_cat-usadas","9":"product_cat-lineas-de-embotellado-usadas","11":"first","12":"instock","13":"shipping-taxable","14":"product-type-simple"},"acf":[],"yoast_head":"<!-- This site is optimized with the Yoast SEO plugin v27.2 - https:\/\/yoast.com\/product\/yoast-seo-wordpress\/ -->\n<title>L\u00cdNEA PET AGUA Y REFRESCOS 18.000 bph - BBM Packaging<\/title>\n<meta name=\"description\" content=\"En venta: l\u00ednea de embotellado y envasado en PET para agua y CSD hasta 18.000 bph. L\u00ednea completa desde el soplado hasta el enfardado de palets. Desc\u00fabrela\" \/>\n<meta name=\"robots\" content=\"index, follow, max-snippet:-1, max-image-preview:large, max-video-preview:-1\" \/>\n<link rel=\"canonical\" href=\"https:\/\/www.bbmpackaging.com\/es\/linea-pet-acqua-e-bibite-18-000-bph\/\" \/>\n<meta property=\"og:locale\" content=\"es_ES\" \/>\n<meta property=\"og:type\" content=\"article\" \/>\n<meta property=\"og:title\" content=\"L\u00cdNEA PET AGUA Y REFRESCOS 18.000 bph - BBM Packaging\" \/>\n<meta property=\"og:description\" content=\"En venta: l\u00ednea de embotellado y envasado en PET para agua y CSD hasta 18.000 bph. L\u00ednea completa desde el soplado hasta el enfardado de palets. Desc\u00fabrela\" \/>\n<meta property=\"og:url\" content=\"https:\/\/www.bbmpackaging.com\/es\/linea-pet-acqua-e-bibite-18-000-bph\/\" \/>\n<meta property=\"og:site_name\" content=\"BBM Packaging\" \/>\n<meta property=\"article:modified_time\" content=\"2026-02-05T11:27:26+00:00\" \/>\n<meta property=\"og:image\" content=\"https:\/\/www.bbmpackaging.com\/wp-content\/uploads\/2025\/07\/soft-drinks-bottling-line-bbm-packaging-1.jpg\" \/>\n\t<meta property=\"og:image:width\" content=\"633\" \/>\n\t<meta property=\"og:image:height\" content=\"475\" \/>\n\t<meta property=\"og:image:type\" content=\"image\/jpeg\" \/>\n<meta name=\"twitter:card\" content=\"summary_large_image\" \/>\n<meta name=\"twitter:label1\" content=\"Tiempo de lectura\" \/>\n\t<meta name=\"twitter:data1\" content=\"2 minutos\" \/>\n<script type=\"application\/ld+json\" class=\"yoast-schema-graph\">{\"@context\":\"https:\/\/schema.org\",\"@graph\":[{\"@type\":\"WebPage\",\"@id\":\"https:\/\/www.bbmpackaging.com\/es\/linea-pet-acqua-e-bibite-18-000-bph\/\",\"url\":\"https:\/\/www.bbmpackaging.com\/es\/linea-pet-acqua-e-bibite-18-000-bph\/\",\"name\":\"L\u00cdNEA PET AGUA Y REFRESCOS 18.000 bph - BBM Packaging\",\"isPartOf\":{\"@id\":\"https:\/\/www.bbmpackaging.com\/es\/#website\"},\"primaryImageOfPage\":{\"@id\":\"https:\/\/www.bbmpackaging.com\/es\/linea-pet-acqua-e-bibite-18-000-bph\/#primaryimage\"},\"image\":{\"@id\":\"https:\/\/www.bbmpackaging.com\/es\/linea-pet-acqua-e-bibite-18-000-bph\/#primaryimage\"},\"thumbnailUrl\":\"https:\/\/www.bbmpackaging.com\/wp-content\/uploads\/2025\/07\/soft-drinks-bottling-line-bbm-packaging-1.jpg\",\"datePublished\":\"2025-07-22T14:30:38+00:00\",\"dateModified\":\"2026-02-05T11:27:26+00:00\",\"description\":\"En venta: l\u00ednea de embotellado y envasado en PET para agua y CSD hasta 18.000 bph. L\u00ednea completa desde el soplado hasta el enfardado de palets. Desc\u00fabrela\",\"breadcrumb\":{\"@id\":\"https:\/\/www.bbmpackaging.com\/es\/linea-pet-acqua-e-bibite-18-000-bph\/#breadcrumb\"},\"inLanguage\":\"es\",\"potentialAction\":[{\"@type\":\"ReadAction\",\"target\":[\"https:\/\/www.bbmpackaging.com\/es\/linea-pet-acqua-e-bibite-18-000-bph\/\"]}]},{\"@type\":\"ImageObject\",\"inLanguage\":\"es\",\"@id\":\"https:\/\/www.bbmpackaging.com\/es\/linea-pet-acqua-e-bibite-18-000-bph\/#primaryimage\",\"url\":\"https:\/\/www.bbmpackaging.com\/wp-content\/uploads\/2025\/07\/soft-drinks-bottling-line-bbm-packaging-1.jpg\",\"contentUrl\":\"https:\/\/www.bbmpackaging.com\/wp-content\/uploads\/2025\/07\/soft-drinks-bottling-line-bbm-packaging-1.jpg\",\"width\":633,\"height\":475,\"caption\":\"En venta: l\u00ednea de embotellado y envasado PET para agua y refrescos carbonatados hasta 18 000 bph. L\u00ednea completa desde el soplado hasta el encintado de pal\u00e9s. Desc\u00fabrala.\"},{\"@type\":\"BreadcrumbList\",\"@id\":\"https:\/\/www.bbmpackaging.com\/es\/linea-pet-acqua-e-bibite-18-000-bph\/#breadcrumb\",\"itemListElement\":[{\"@type\":\"ListItem\",\"position\":1,\"name\":\"Home\",\"item\":\"https:\/\/www.bbmpackaging.com\/es\/\"},{\"@type\":\"ListItem\",\"position\":2,\"name\":\"Productos\",\"item\":\"https:\/\/www.bbmpackaging.com\/es\/productos\/\"},{\"@type\":\"ListItem\",\"position\":3,\"name\":\"Usado\",\"item\":\"https:\/\/www.bbmpackaging.com\/es\/maquinas\/usadas\/\"},{\"@type\":\"ListItem\",\"position\":4,\"name\":\"L\u00edneas de embotellado y envasado\",\"item\":\"https:\/\/www.bbmpackaging.com\/es\/maquinas\/lineas-de-embotellado-usadas\/\"},{\"@type\":\"ListItem\",\"position\":5,\"name\":\"L\u00cdNEA PET AGUA Y REFRESCOS 18.000 bph\"}]},{\"@type\":\"WebSite\",\"@id\":\"https:\/\/www.bbmpackaging.com\/es\/#website\",\"url\":\"https:\/\/www.bbmpackaging.com\/es\/\",\"name\":\"BBM Packaging\",\"description\":\"Imbottigliamento: macchinari manutenzione e much more\",\"potentialAction\":[{\"@type\":\"SearchAction\",\"target\":{\"@type\":\"EntryPoint\",\"urlTemplate\":\"https:\/\/www.bbmpackaging.com\/es\/?s={search_term_string}\"},\"query-input\":{\"@type\":\"PropertyValueSpecification\",\"valueRequired\":true,\"valueName\":\"search_term_string\"}}],\"inLanguage\":\"es\"}]}<\/script>\n<!-- \/ Yoast SEO plugin. -->","yoast_head_json":{"title":"L\u00cdNEA PET AGUA Y REFRESCOS 18.000 bph - BBM Packaging","description":"En venta: l\u00ednea de embotellado y envasado en PET para agua y CSD hasta 18.000 bph. L\u00ednea completa desde el soplado hasta el enfardado de palets. Desc\u00fabrela","robots":{"index":"index","follow":"follow","max-snippet":"max-snippet:-1","max-image-preview":"max-image-preview:large","max-video-preview":"max-video-preview:-1"},"canonical":"https:\/\/www.bbmpackaging.com\/es\/linea-pet-acqua-e-bibite-18-000-bph\/","og_locale":"es_ES","og_type":"article","og_title":"L\u00cdNEA PET AGUA Y REFRESCOS 18.000 bph - BBM Packaging","og_description":"En venta: l\u00ednea de embotellado y envasado en PET para agua y CSD hasta 18.000 bph. L\u00ednea completa desde el soplado hasta el enfardado de palets. Desc\u00fabrela","og_url":"https:\/\/www.bbmpackaging.com\/es\/linea-pet-acqua-e-bibite-18-000-bph\/","og_site_name":"BBM Packaging","article_modified_time":"2026-02-05T11:27:26+00:00","og_image":[{"width":633,"height":475,"url":"https:\/\/www.bbmpackaging.com\/wp-content\/uploads\/2025\/07\/soft-drinks-bottling-line-bbm-packaging-1.jpg","type":"image\/jpeg"}],"twitter_card":"summary_large_image","twitter_misc":{"Tiempo de lectura":"2 minutos"},"schema":{"@context":"https:\/\/schema.org","@graph":[{"@type":"WebPage","@id":"https:\/\/www.bbmpackaging.com\/es\/linea-pet-acqua-e-bibite-18-000-bph\/","url":"https:\/\/www.bbmpackaging.com\/es\/linea-pet-acqua-e-bibite-18-000-bph\/","name":"L\u00cdNEA PET AGUA Y REFRESCOS 18.000 bph - BBM Packaging","isPartOf":{"@id":"https:\/\/www.bbmpackaging.com\/es\/#website"},"primaryImageOfPage":{"@id":"https:\/\/www.bbmpackaging.com\/es\/linea-pet-acqua-e-bibite-18-000-bph\/#primaryimage"},"image":{"@id":"https:\/\/www.bbmpackaging.com\/es\/linea-pet-acqua-e-bibite-18-000-bph\/#primaryimage"},"thumbnailUrl":"https:\/\/www.bbmpackaging.com\/wp-content\/uploads\/2025\/07\/soft-drinks-bottling-line-bbm-packaging-1.jpg","datePublished":"2025-07-22T14:30:38+00:00","dateModified":"2026-02-05T11:27:26+00:00","description":"En venta: l\u00ednea de embotellado y envasado en PET para agua y CSD hasta 18.000 bph. L\u00ednea completa desde el soplado hasta el enfardado de palets. Desc\u00fabrela","breadcrumb":{"@id":"https:\/\/www.bbmpackaging.com\/es\/linea-pet-acqua-e-bibite-18-000-bph\/#breadcrumb"},"inLanguage":"es","potentialAction":[{"@type":"ReadAction","target":["https:\/\/www.bbmpackaging.com\/es\/linea-pet-acqua-e-bibite-18-000-bph\/"]}]},{"@type":"ImageObject","inLanguage":"es","@id":"https:\/\/www.bbmpackaging.com\/es\/linea-pet-acqua-e-bibite-18-000-bph\/#primaryimage","url":"https:\/\/www.bbmpackaging.com\/wp-content\/uploads\/2025\/07\/soft-drinks-bottling-line-bbm-packaging-1.jpg","contentUrl":"https:\/\/www.bbmpackaging.com\/wp-content\/uploads\/2025\/07\/soft-drinks-bottling-line-bbm-packaging-1.jpg","width":633,"height":475,"caption":"En venta: l\u00ednea de embotellado y envasado PET para agua y refrescos carbonatados hasta 18 000 bph. L\u00ednea completa desde el soplado hasta el encintado de pal\u00e9s. Desc\u00fabrala."},{"@type":"BreadcrumbList","@id":"https:\/\/www.bbmpackaging.com\/es\/linea-pet-acqua-e-bibite-18-000-bph\/#breadcrumb","itemListElement":[{"@type":"ListItem","position":1,"name":"Home","item":"https:\/\/www.bbmpackaging.com\/es\/"},{"@type":"ListItem","position":2,"name":"Productos","item":"https:\/\/www.bbmpackaging.com\/es\/productos\/"},{"@type":"ListItem","position":3,"name":"Usado","item":"https:\/\/www.bbmpackaging.com\/es\/maquinas\/usadas\/"},{"@type":"ListItem","position":4,"name":"L\u00edneas de embotellado y envasado","item":"https:\/\/www.bbmpackaging.com\/es\/maquinas\/lineas-de-embotellado-usadas\/"},{"@type":"ListItem","position":5,"name":"L\u00cdNEA PET AGUA Y REFRESCOS 18.000 bph"}]},{"@type":"WebSite","@id":"https:\/\/www.bbmpackaging.com\/es\/#website","url":"https:\/\/www.bbmpackaging.com\/es\/","name":"BBM Packaging","description":"Imbottigliamento: macchinari manutenzione e much more","potentialAction":[{"@type":"SearchAction","target":{"@type":"EntryPoint","urlTemplate":"https:\/\/www.bbmpackaging.com\/es\/?s={search_term_string}"},"query-input":{"@type":"PropertyValueSpecification","valueRequired":true,"valueName":"search_term_string"}}],"inLanguage":"es"}]}},"_links":{"self":[{"href":"https:\/\/www.bbmpackaging.com\/es\/wp-json\/wp\/v2\/product\/54609","targetHints":{"allow":["GET"]}}],"collection":[{"href":"https:\/\/www.bbmpackaging.com\/es\/wp-json\/wp\/v2\/product"}],"about":[{"href":"https:\/\/www.bbmpackaging.com\/es\/wp-json\/wp\/v2\/types\/product"}],"replies":[{"embeddable":true,"href":"https:\/\/www.bbmpackaging.com\/es\/wp-json\/wp\/v2\/comments?post=54609"}],"wp:featuredmedia":[{"embeddable":true,"href":"https:\/\/www.bbmpackaging.com\/es\/wp-json\/wp\/v2\/media\/57146"}],"wp:attachment":[{"href":"https:\/\/www.bbmpackaging.com\/es\/wp-json\/wp\/v2\/media?parent=54609"}],"wp:term":[{"taxonomy":"brand","embeddable":true,"href":"https:\/\/www.bbmpackaging.com\/es\/wp-json\/wp\/v2\/brand?post=54609"},{"taxonomy":"product_brand","embeddable":true,"href":"https:\/\/www.bbmpackaging.com\/es\/wp-json\/wp\/v2\/product_brand?post=54609"},{"taxonomy":"product_cat","embeddable":true,"href":"https:\/\/www.bbmpackaging.com\/es\/wp-json\/wp\/v2\/product_cat?post=54609"},{"taxonomy":"product_tag","embeddable":true,"href":"https:\/\/www.bbmpackaging.com\/es\/wp-json\/wp\/v2\/product_tag?post=54609"}],"curies":[{"name":"wp","href":"https:\/\/api.w.org\/{rel}","templated":true}]}}