{"id":55823,"date":"2025-07-25T09:33:59","date_gmt":"2025-07-25T07:33:59","guid":{"rendered":"https:\/\/www.bbmpackaging.com\/?post_type=product&#038;p=55823"},"modified":"2026-03-04T12:24:05","modified_gmt":"2026-03-04T11:24:05","slug":"envolvedora-tosa-125","status":"publish","type":"product","link":"https:\/\/www.bbmpackaging.com\/es\/maquinas\/usadas\/envolvedoras-usadas\/envolvedora-tosa-125\/","title":{"rendered":"Envolvedora TOSA 125"},"content":{"rendered":"<p>Envolvedora Tosa 125 (2018) de segunda mano, revisada y con garant\u00eda. Equipada con una zona de recogida de pal\u00e9s, un PLC y una IHM Siemens, funciona a una velocidad de hasta 10 800 bph. Tambi\u00e9n disponible tras inspecci\u00f3n y aprobaci\u00f3n.<\/p>\n","protected":false},"excerpt":{"rendered":"<p>Envolvedora TOSA 125 usada. La velocidad indicada en botellas por hora se refiere al formato est\u00e1ndar de 1500 ml en embalaje 3&#215;2.<\/p>\n","protected":false},"featured_media":55828,"comment_status":"closed","ping_status":"closed","template":"","meta":{"_acf_changed":false},"brand":[7516],"product_brand":[],"product_cat":[1104,1107,4457],"product_tag":[],"class_list":{"0":"post-55823","1":"product","2":"type-product","3":"status-publish","4":"has-post-thumbnail","6":"brand-tosa","7":"product_cat-maquinas","8":"product_cat-usadas","9":"product_cat-envolvedoras-usadas","11":"first","12":"instock","13":"shipping-taxable","14":"product-type-simple"},"acf":[],"yoast_head":"<!-- This site is optimized with the Yoast SEO plugin v27.2 - https:\/\/yoast.com\/product\/yoast-seo-wordpress\/ -->\n<title>Envolvedora TOSA 125 - BBM Packaging<\/title>\n<meta name=\"description\" content=\"Envolvedora Tosa 125 (2018) de segunda mano, revisada y con garant\u00eda. Equipada con una zona de recogida de pal\u00e9s. Vea detalles\" \/>\n<meta name=\"robots\" content=\"index, follow, max-snippet:-1, max-image-preview:large, max-video-preview:-1\" \/>\n<link rel=\"canonical\" href=\"https:\/\/www.bbmpackaging.com\/es\/maquinas\/usadas\/envolvedoras-usadas\/envolvedora-tosa-125\/\" \/>\n<meta property=\"og:locale\" content=\"es_ES\" \/>\n<meta property=\"og:type\" content=\"article\" \/>\n<meta property=\"og:title\" content=\"Envolvedora TOSA 125 - BBM Packaging\" \/>\n<meta property=\"og:description\" content=\"Envolvedora Tosa 125 (2018) de segunda mano, revisada y con garant\u00eda. Equipada con una zona de recogida de pal\u00e9s. Vea detalles\" \/>\n<meta property=\"og:url\" content=\"https:\/\/www.bbmpackaging.com\/es\/maquinas\/usadas\/envolvedoras-usadas\/envolvedora-tosa-125\/\" \/>\n<meta property=\"og:site_name\" content=\"BBM Packaging\" \/>\n<meta property=\"article:modified_time\" content=\"2026-03-04T11:24:05+00:00\" \/>\n<meta property=\"og:image\" content=\"https:\/\/www.bbmpackaging.com\/wp-content\/uploads\/2025\/07\/envolvedora-tosa-125-bbm-packaging.jpg\" \/>\n\t<meta property=\"og:image:width\" content=\"1440\" \/>\n\t<meta property=\"og:image:height\" content=\"1080\" \/>\n\t<meta property=\"og:image:type\" content=\"image\/jpeg\" \/>\n<meta name=\"twitter:card\" content=\"summary_large_image\" \/>\n<meta name=\"twitter:label1\" content=\"Tiempo de lectura\" \/>\n\t<meta name=\"twitter:data1\" content=\"1 minuto\" \/>\n<script type=\"application\/ld+json\" class=\"yoast-schema-graph\">{\"@context\":\"https:\/\/schema.org\",\"@graph\":[{\"@type\":\"WebPage\",\"@id\":\"https:\/\/www.bbmpackaging.com\/es\/maquinas\/usadas\/envolvedoras-usadas\/envolvedora-tosa-125\/\",\"url\":\"https:\/\/www.bbmpackaging.com\/es\/maquinas\/usadas\/envolvedoras-usadas\/envolvedora-tosa-125\/\",\"name\":\"Envolvedora TOSA 125 - BBM Packaging\",\"isPartOf\":{\"@id\":\"https:\/\/www.bbmpackaging.com\/es\/#website\"},\"primaryImageOfPage\":{\"@id\":\"https:\/\/www.bbmpackaging.com\/es\/maquinas\/usadas\/envolvedoras-usadas\/envolvedora-tosa-125\/#primaryimage\"},\"image\":{\"@id\":\"https:\/\/www.bbmpackaging.com\/es\/maquinas\/usadas\/envolvedoras-usadas\/envolvedora-tosa-125\/#primaryimage\"},\"thumbnailUrl\":\"https:\/\/www.bbmpackaging.com\/wp-content\/uploads\/2025\/07\/envolvedora-tosa-125-bbm-packaging.jpg\",\"datePublished\":\"2025-07-25T07:33:59+00:00\",\"dateModified\":\"2026-03-04T11:24:05+00:00\",\"description\":\"Envolvedora Tosa 125 (2018) de segunda mano, revisada y con garant\u00eda. Equipada con una zona de recogida de pal\u00e9s. Vea detalles\",\"breadcrumb\":{\"@id\":\"https:\/\/www.bbmpackaging.com\/es\/maquinas\/usadas\/envolvedoras-usadas\/envolvedora-tosa-125\/#breadcrumb\"},\"inLanguage\":\"es\",\"potentialAction\":[{\"@type\":\"ReadAction\",\"target\":[\"https:\/\/www.bbmpackaging.com\/es\/maquinas\/usadas\/envolvedoras-usadas\/envolvedora-tosa-125\/\"]}]},{\"@type\":\"ImageObject\",\"inLanguage\":\"es\",\"@id\":\"https:\/\/www.bbmpackaging.com\/es\/maquinas\/usadas\/envolvedoras-usadas\/envolvedora-tosa-125\/#primaryimage\",\"url\":\"https:\/\/www.bbmpackaging.com\/wp-content\/uploads\/2025\/07\/envolvedora-tosa-125-bbm-packaging.jpg\",\"contentUrl\":\"https:\/\/www.bbmpackaging.com\/wp-content\/uploads\/2025\/07\/envolvedora-tosa-125-bbm-packaging.jpg\",\"width\":1440,\"height\":1080,\"caption\":\"Envolvedora Tosa 125 (2018) de segunda mano, revisada y con garant\u00eda. Equipada con una zona de recogida de pal\u00e9s. Vea detalles\"},{\"@type\":\"BreadcrumbList\",\"@id\":\"https:\/\/www.bbmpackaging.com\/es\/maquinas\/usadas\/envolvedoras-usadas\/envolvedora-tosa-125\/#breadcrumb\",\"itemListElement\":[{\"@type\":\"ListItem\",\"position\":1,\"name\":\"Home\",\"item\":\"https:\/\/www.bbmpackaging.com\/es\/\"},{\"@type\":\"ListItem\",\"position\":2,\"name\":\"Productos\",\"item\":\"https:\/\/www.bbmpackaging.com\/es\/productos\/\"},{\"@type\":\"ListItem\",\"position\":3,\"name\":\"Usado\",\"item\":\"https:\/\/www.bbmpackaging.com\/es\/maquinas\/usadas\/\"},{\"@type\":\"ListItem\",\"position\":4,\"name\":\"Envolvedoras\",\"item\":\"https:\/\/www.bbmpackaging.com\/es\/maquinas\/envolvedoras-usadas\/\"},{\"@type\":\"ListItem\",\"position\":5,\"name\":\"Envolvedora TOSA 125\"}]},{\"@type\":\"WebSite\",\"@id\":\"https:\/\/www.bbmpackaging.com\/es\/#website\",\"url\":\"https:\/\/www.bbmpackaging.com\/es\/\",\"name\":\"BBM Packaging\",\"description\":\"Imbottigliamento: macchinari manutenzione e much more\",\"potentialAction\":[{\"@type\":\"SearchAction\",\"target\":{\"@type\":\"EntryPoint\",\"urlTemplate\":\"https:\/\/www.bbmpackaging.com\/es\/?s={search_term_string}\"},\"query-input\":{\"@type\":\"PropertyValueSpecification\",\"valueRequired\":true,\"valueName\":\"search_term_string\"}}],\"inLanguage\":\"es\"}]}<\/script>\n<!-- \/ Yoast SEO plugin. -->","yoast_head_json":{"title":"Envolvedora TOSA 125 - BBM Packaging","description":"Envolvedora Tosa 125 (2018) de segunda mano, revisada y con garant\u00eda. Equipada con una zona de recogida de pal\u00e9s. Vea detalles","robots":{"index":"index","follow":"follow","max-snippet":"max-snippet:-1","max-image-preview":"max-image-preview:large","max-video-preview":"max-video-preview:-1"},"canonical":"https:\/\/www.bbmpackaging.com\/es\/maquinas\/usadas\/envolvedoras-usadas\/envolvedora-tosa-125\/","og_locale":"es_ES","og_type":"article","og_title":"Envolvedora TOSA 125 - BBM Packaging","og_description":"Envolvedora Tosa 125 (2018) de segunda mano, revisada y con garant\u00eda. Equipada con una zona de recogida de pal\u00e9s. Vea detalles","og_url":"https:\/\/www.bbmpackaging.com\/es\/maquinas\/usadas\/envolvedoras-usadas\/envolvedora-tosa-125\/","og_site_name":"BBM Packaging","article_modified_time":"2026-03-04T11:24:05+00:00","og_image":[{"width":1440,"height":1080,"url":"https:\/\/www.bbmpackaging.com\/wp-content\/uploads\/2025\/07\/envolvedora-tosa-125-bbm-packaging.jpg","type":"image\/jpeg"}],"twitter_card":"summary_large_image","twitter_misc":{"Tiempo de lectura":"1 minuto"},"schema":{"@context":"https:\/\/schema.org","@graph":[{"@type":"WebPage","@id":"https:\/\/www.bbmpackaging.com\/es\/maquinas\/usadas\/envolvedoras-usadas\/envolvedora-tosa-125\/","url":"https:\/\/www.bbmpackaging.com\/es\/maquinas\/usadas\/envolvedoras-usadas\/envolvedora-tosa-125\/","name":"Envolvedora TOSA 125 - BBM Packaging","isPartOf":{"@id":"https:\/\/www.bbmpackaging.com\/es\/#website"},"primaryImageOfPage":{"@id":"https:\/\/www.bbmpackaging.com\/es\/maquinas\/usadas\/envolvedoras-usadas\/envolvedora-tosa-125\/#primaryimage"},"image":{"@id":"https:\/\/www.bbmpackaging.com\/es\/maquinas\/usadas\/envolvedoras-usadas\/envolvedora-tosa-125\/#primaryimage"},"thumbnailUrl":"https:\/\/www.bbmpackaging.com\/wp-content\/uploads\/2025\/07\/envolvedora-tosa-125-bbm-packaging.jpg","datePublished":"2025-07-25T07:33:59+00:00","dateModified":"2026-03-04T11:24:05+00:00","description":"Envolvedora Tosa 125 (2018) de segunda mano, revisada y con garant\u00eda. Equipada con una zona de recogida de pal\u00e9s. Vea detalles","breadcrumb":{"@id":"https:\/\/www.bbmpackaging.com\/es\/maquinas\/usadas\/envolvedoras-usadas\/envolvedora-tosa-125\/#breadcrumb"},"inLanguage":"es","potentialAction":[{"@type":"ReadAction","target":["https:\/\/www.bbmpackaging.com\/es\/maquinas\/usadas\/envolvedoras-usadas\/envolvedora-tosa-125\/"]}]},{"@type":"ImageObject","inLanguage":"es","@id":"https:\/\/www.bbmpackaging.com\/es\/maquinas\/usadas\/envolvedoras-usadas\/envolvedora-tosa-125\/#primaryimage","url":"https:\/\/www.bbmpackaging.com\/wp-content\/uploads\/2025\/07\/envolvedora-tosa-125-bbm-packaging.jpg","contentUrl":"https:\/\/www.bbmpackaging.com\/wp-content\/uploads\/2025\/07\/envolvedora-tosa-125-bbm-packaging.jpg","width":1440,"height":1080,"caption":"Envolvedora Tosa 125 (2018) de segunda mano, revisada y con garant\u00eda. Equipada con una zona de recogida de pal\u00e9s. Vea detalles"},{"@type":"BreadcrumbList","@id":"https:\/\/www.bbmpackaging.com\/es\/maquinas\/usadas\/envolvedoras-usadas\/envolvedora-tosa-125\/#breadcrumb","itemListElement":[{"@type":"ListItem","position":1,"name":"Home","item":"https:\/\/www.bbmpackaging.com\/es\/"},{"@type":"ListItem","position":2,"name":"Productos","item":"https:\/\/www.bbmpackaging.com\/es\/productos\/"},{"@type":"ListItem","position":3,"name":"Usado","item":"https:\/\/www.bbmpackaging.com\/es\/maquinas\/usadas\/"},{"@type":"ListItem","position":4,"name":"Envolvedoras","item":"https:\/\/www.bbmpackaging.com\/es\/maquinas\/envolvedoras-usadas\/"},{"@type":"ListItem","position":5,"name":"Envolvedora TOSA 125"}]},{"@type":"WebSite","@id":"https:\/\/www.bbmpackaging.com\/es\/#website","url":"https:\/\/www.bbmpackaging.com\/es\/","name":"BBM Packaging","description":"Imbottigliamento: macchinari manutenzione e much more","potentialAction":[{"@type":"SearchAction","target":{"@type":"EntryPoint","urlTemplate":"https:\/\/www.bbmpackaging.com\/es\/?s={search_term_string}"},"query-input":{"@type":"PropertyValueSpecification","valueRequired":true,"valueName":"search_term_string"}}],"inLanguage":"es"}]}},"_links":{"self":[{"href":"https:\/\/www.bbmpackaging.com\/es\/wp-json\/wp\/v2\/product\/55823","targetHints":{"allow":["GET"]}}],"collection":[{"href":"https:\/\/www.bbmpackaging.com\/es\/wp-json\/wp\/v2\/product"}],"about":[{"href":"https:\/\/www.bbmpackaging.com\/es\/wp-json\/wp\/v2\/types\/product"}],"replies":[{"embeddable":true,"href":"https:\/\/www.bbmpackaging.com\/es\/wp-json\/wp\/v2\/comments?post=55823"}],"wp:featuredmedia":[{"embeddable":true,"href":"https:\/\/www.bbmpackaging.com\/es\/wp-json\/wp\/v2\/media\/55828"}],"wp:attachment":[{"href":"https:\/\/www.bbmpackaging.com\/es\/wp-json\/wp\/v2\/media?parent=55823"}],"wp:term":[{"taxonomy":"brand","embeddable":true,"href":"https:\/\/www.bbmpackaging.com\/es\/wp-json\/wp\/v2\/brand?post=55823"},{"taxonomy":"product_brand","embeddable":true,"href":"https:\/\/www.bbmpackaging.com\/es\/wp-json\/wp\/v2\/product_brand?post=55823"},{"taxonomy":"product_cat","embeddable":true,"href":"https:\/\/www.bbmpackaging.com\/es\/wp-json\/wp\/v2\/product_cat?post=55823"},{"taxonomy":"product_tag","embeddable":true,"href":"https:\/\/www.bbmpackaging.com\/es\/wp-json\/wp\/v2\/product_tag?post=55823"}],"curies":[{"name":"wp","href":"https:\/\/api.w.org\/{rel}","templated":true}]}}