{"id":55976,"date":"2025-07-25T10:31:23","date_gmt":"2025-07-25T08:31:23","guid":{"rendered":"https:\/\/www.bbmpackaging.com\/?post_type=product&#038;p=55976"},"modified":"2026-03-04T11:51:52","modified_gmt":"2026-03-04T10:51:52","slug":"paletizador-kosme-palpack-pd","status":"publish","type":"product","link":"https:\/\/www.bbmpackaging.com\/es\/maquinas\/usadas\/paletizadoras-usadas\/paletizador-kosme-palpack-pd\/","title":{"rendered":"Paletizador KOSME Palpack PD"},"content":{"rendered":"<p>Paletizador KOSME Palpack PD, capaz de paletizar hasta 14 400 bph en envases de film-bandeja-film. El paletizador funciona con pal\u00e9s de 800 x 1200 y 1000 x 1200. Est\u00e1 equipado con un dispositivo autom\u00e1tico de colocaci\u00f3n de capas y un PLC y una IHM B&amp;R. Disponible de segunda mano y revisado, tras inspecci\u00f3n y aprobaci\u00f3n.<\/p>\n","protected":false},"excerpt":{"rendered":"<p>Paletizador KOSME PALPACK usado, revisado y garantizado. La velocidad indicada en botellas por hora se refiere al formato est\u00e1ndar de 1500 ml en embalaje 3&#215;2.<\/p>\n","protected":false},"featured_media":55981,"comment_status":"closed","ping_status":"closed","template":"","meta":{"_acf_changed":false},"brand":[7513],"product_brand":[],"product_cat":[1104,1107,1127],"product_tag":[],"class_list":{"0":"post-55976","1":"product","2":"type-product","3":"status-publish","4":"has-post-thumbnail","6":"brand-kosme","7":"product_cat-maquinas","8":"product_cat-usadas","9":"product_cat-paletizadoras-usadas","11":"first","12":"instock","13":"shipping-taxable","14":"product-type-simple"},"acf":[],"yoast_head":"<!-- This site is optimized with the Yoast SEO plugin v27.2 - https:\/\/yoast.com\/product\/yoast-seo-wordpress\/ -->\n<title>Paletizador KOSME Palpack PD - BBM Packaging<\/title>\n<meta name=\"description\" content=\"Paletizador KOSME Palpack PD, capaz de paletizar hasta 14 400 bph en envases de film-bandeja-film. Descubra los detalles y foto\" \/>\n<meta name=\"robots\" content=\"index, follow, max-snippet:-1, max-image-preview:large, max-video-preview:-1\" \/>\n<link rel=\"canonical\" href=\"https:\/\/www.bbmpackaging.com\/es\/maquinas\/usadas\/paletizadoras-usadas\/paletizador-kosme-palpack-pd\/\" \/>\n<meta property=\"og:locale\" content=\"es_ES\" \/>\n<meta property=\"og:type\" content=\"article\" \/>\n<meta property=\"og:title\" content=\"Paletizador KOSME Palpack PD - BBM Packaging\" \/>\n<meta property=\"og:description\" content=\"Paletizador KOSME Palpack PD, capaz de paletizar hasta 14 400 bph en envases de film-bandeja-film. Descubra los detalles y foto\" \/>\n<meta property=\"og:url\" content=\"https:\/\/www.bbmpackaging.com\/es\/maquinas\/usadas\/paletizadoras-usadas\/paletizador-kosme-palpack-pd\/\" \/>\n<meta property=\"og:site_name\" content=\"BBM Packaging\" \/>\n<meta property=\"article:modified_time\" content=\"2026-03-04T10:51:52+00:00\" \/>\n<meta property=\"og:image\" content=\"https:\/\/www.bbmpackaging.com\/wp-content\/uploads\/2025\/07\/paletizador-kosme-palpack-bbm-packaging-gallery-2.jpg\" \/>\n\t<meta property=\"og:image:width\" content=\"1440\" \/>\n\t<meta property=\"og:image:height\" content=\"1080\" \/>\n\t<meta property=\"og:image:type\" content=\"image\/jpeg\" \/>\n<meta name=\"twitter:card\" content=\"summary_large_image\" \/>\n<meta name=\"twitter:label1\" content=\"Tiempo de lectura\" \/>\n\t<meta name=\"twitter:data1\" content=\"1 minuto\" \/>\n<script type=\"application\/ld+json\" class=\"yoast-schema-graph\">{\"@context\":\"https:\/\/schema.org\",\"@graph\":[{\"@type\":\"WebPage\",\"@id\":\"https:\/\/www.bbmpackaging.com\/es\/maquinas\/usadas\/paletizadoras-usadas\/paletizador-kosme-palpack-pd\/\",\"url\":\"https:\/\/www.bbmpackaging.com\/es\/maquinas\/usadas\/paletizadoras-usadas\/paletizador-kosme-palpack-pd\/\",\"name\":\"Paletizador KOSME Palpack PD - BBM Packaging\",\"isPartOf\":{\"@id\":\"https:\/\/www.bbmpackaging.com\/es\/#website\"},\"primaryImageOfPage\":{\"@id\":\"https:\/\/www.bbmpackaging.com\/es\/maquinas\/usadas\/paletizadoras-usadas\/paletizador-kosme-palpack-pd\/#primaryimage\"},\"image\":{\"@id\":\"https:\/\/www.bbmpackaging.com\/es\/maquinas\/usadas\/paletizadoras-usadas\/paletizador-kosme-palpack-pd\/#primaryimage\"},\"thumbnailUrl\":\"https:\/\/www.bbmpackaging.com\/wp-content\/uploads\/2025\/07\/paletizador-kosme-palpack-bbm-packaging-gallery-2.jpg\",\"datePublished\":\"2025-07-25T08:31:23+00:00\",\"dateModified\":\"2026-03-04T10:51:52+00:00\",\"description\":\"Paletizador KOSME Palpack PD, capaz de paletizar hasta 14 400 bph en envases de film-bandeja-film. Descubra los detalles y foto\",\"breadcrumb\":{\"@id\":\"https:\/\/www.bbmpackaging.com\/es\/maquinas\/usadas\/paletizadoras-usadas\/paletizador-kosme-palpack-pd\/#breadcrumb\"},\"inLanguage\":\"es\",\"potentialAction\":[{\"@type\":\"ReadAction\",\"target\":[\"https:\/\/www.bbmpackaging.com\/es\/maquinas\/usadas\/paletizadoras-usadas\/paletizador-kosme-palpack-pd\/\"]}]},{\"@type\":\"ImageObject\",\"inLanguage\":\"es\",\"@id\":\"https:\/\/www.bbmpackaging.com\/es\/maquinas\/usadas\/paletizadoras-usadas\/paletizador-kosme-palpack-pd\/#primaryimage\",\"url\":\"https:\/\/www.bbmpackaging.com\/wp-content\/uploads\/2025\/07\/paletizador-kosme-palpack-bbm-packaging-gallery-2.jpg\",\"contentUrl\":\"https:\/\/www.bbmpackaging.com\/wp-content\/uploads\/2025\/07\/paletizador-kosme-palpack-bbm-packaging-gallery-2.jpg\",\"width\":1440,\"height\":1080,\"caption\":\"Paletizador KOSME Palpack PD, capaz de paletizar hasta 14 400 bph en envases de film-bandeja-film. Descubra los detalles y foto\"},{\"@type\":\"BreadcrumbList\",\"@id\":\"https:\/\/www.bbmpackaging.com\/es\/maquinas\/usadas\/paletizadoras-usadas\/paletizador-kosme-palpack-pd\/#breadcrumb\",\"itemListElement\":[{\"@type\":\"ListItem\",\"position\":1,\"name\":\"Home\",\"item\":\"https:\/\/www.bbmpackaging.com\/es\/\"},{\"@type\":\"ListItem\",\"position\":2,\"name\":\"Productos\",\"item\":\"https:\/\/www.bbmpackaging.com\/es\/productos\/\"},{\"@type\":\"ListItem\",\"position\":3,\"name\":\"Usado\",\"item\":\"https:\/\/www.bbmpackaging.com\/es\/maquinas\/usadas\/\"},{\"@type\":\"ListItem\",\"position\":4,\"name\":\"Paletizadores\",\"item\":\"https:\/\/www.bbmpackaging.com\/es\/maquinas\/paletizadoras-usadas\/\"},{\"@type\":\"ListItem\",\"position\":5,\"name\":\"Paletizador KOSME Palpack PD\"}]},{\"@type\":\"WebSite\",\"@id\":\"https:\/\/www.bbmpackaging.com\/es\/#website\",\"url\":\"https:\/\/www.bbmpackaging.com\/es\/\",\"name\":\"BBM Packaging\",\"description\":\"Imbottigliamento: macchinari manutenzione e much more\",\"potentialAction\":[{\"@type\":\"SearchAction\",\"target\":{\"@type\":\"EntryPoint\",\"urlTemplate\":\"https:\/\/www.bbmpackaging.com\/es\/?s={search_term_string}\"},\"query-input\":{\"@type\":\"PropertyValueSpecification\",\"valueRequired\":true,\"valueName\":\"search_term_string\"}}],\"inLanguage\":\"es\"}]}<\/script>\n<!-- \/ Yoast SEO plugin. -->","yoast_head_json":{"title":"Paletizador KOSME Palpack PD - BBM Packaging","description":"Paletizador KOSME Palpack PD, capaz de paletizar hasta 14 400 bph en envases de film-bandeja-film. Descubra los detalles y foto","robots":{"index":"index","follow":"follow","max-snippet":"max-snippet:-1","max-image-preview":"max-image-preview:large","max-video-preview":"max-video-preview:-1"},"canonical":"https:\/\/www.bbmpackaging.com\/es\/maquinas\/usadas\/paletizadoras-usadas\/paletizador-kosme-palpack-pd\/","og_locale":"es_ES","og_type":"article","og_title":"Paletizador KOSME Palpack PD - BBM Packaging","og_description":"Paletizador KOSME Palpack PD, capaz de paletizar hasta 14 400 bph en envases de film-bandeja-film. Descubra los detalles y foto","og_url":"https:\/\/www.bbmpackaging.com\/es\/maquinas\/usadas\/paletizadoras-usadas\/paletizador-kosme-palpack-pd\/","og_site_name":"BBM Packaging","article_modified_time":"2026-03-04T10:51:52+00:00","og_image":[{"width":1440,"height":1080,"url":"https:\/\/www.bbmpackaging.com\/wp-content\/uploads\/2025\/07\/paletizador-kosme-palpack-bbm-packaging-gallery-2.jpg","type":"image\/jpeg"}],"twitter_card":"summary_large_image","twitter_misc":{"Tiempo de lectura":"1 minuto"},"schema":{"@context":"https:\/\/schema.org","@graph":[{"@type":"WebPage","@id":"https:\/\/www.bbmpackaging.com\/es\/maquinas\/usadas\/paletizadoras-usadas\/paletizador-kosme-palpack-pd\/","url":"https:\/\/www.bbmpackaging.com\/es\/maquinas\/usadas\/paletizadoras-usadas\/paletizador-kosme-palpack-pd\/","name":"Paletizador KOSME Palpack PD - BBM Packaging","isPartOf":{"@id":"https:\/\/www.bbmpackaging.com\/es\/#website"},"primaryImageOfPage":{"@id":"https:\/\/www.bbmpackaging.com\/es\/maquinas\/usadas\/paletizadoras-usadas\/paletizador-kosme-palpack-pd\/#primaryimage"},"image":{"@id":"https:\/\/www.bbmpackaging.com\/es\/maquinas\/usadas\/paletizadoras-usadas\/paletizador-kosme-palpack-pd\/#primaryimage"},"thumbnailUrl":"https:\/\/www.bbmpackaging.com\/wp-content\/uploads\/2025\/07\/paletizador-kosme-palpack-bbm-packaging-gallery-2.jpg","datePublished":"2025-07-25T08:31:23+00:00","dateModified":"2026-03-04T10:51:52+00:00","description":"Paletizador KOSME Palpack PD, capaz de paletizar hasta 14 400 bph en envases de film-bandeja-film. Descubra los detalles y foto","breadcrumb":{"@id":"https:\/\/www.bbmpackaging.com\/es\/maquinas\/usadas\/paletizadoras-usadas\/paletizador-kosme-palpack-pd\/#breadcrumb"},"inLanguage":"es","potentialAction":[{"@type":"ReadAction","target":["https:\/\/www.bbmpackaging.com\/es\/maquinas\/usadas\/paletizadoras-usadas\/paletizador-kosme-palpack-pd\/"]}]},{"@type":"ImageObject","inLanguage":"es","@id":"https:\/\/www.bbmpackaging.com\/es\/maquinas\/usadas\/paletizadoras-usadas\/paletizador-kosme-palpack-pd\/#primaryimage","url":"https:\/\/www.bbmpackaging.com\/wp-content\/uploads\/2025\/07\/paletizador-kosme-palpack-bbm-packaging-gallery-2.jpg","contentUrl":"https:\/\/www.bbmpackaging.com\/wp-content\/uploads\/2025\/07\/paletizador-kosme-palpack-bbm-packaging-gallery-2.jpg","width":1440,"height":1080,"caption":"Paletizador KOSME Palpack PD, capaz de paletizar hasta 14 400 bph en envases de film-bandeja-film. Descubra los detalles y foto"},{"@type":"BreadcrumbList","@id":"https:\/\/www.bbmpackaging.com\/es\/maquinas\/usadas\/paletizadoras-usadas\/paletizador-kosme-palpack-pd\/#breadcrumb","itemListElement":[{"@type":"ListItem","position":1,"name":"Home","item":"https:\/\/www.bbmpackaging.com\/es\/"},{"@type":"ListItem","position":2,"name":"Productos","item":"https:\/\/www.bbmpackaging.com\/es\/productos\/"},{"@type":"ListItem","position":3,"name":"Usado","item":"https:\/\/www.bbmpackaging.com\/es\/maquinas\/usadas\/"},{"@type":"ListItem","position":4,"name":"Paletizadores","item":"https:\/\/www.bbmpackaging.com\/es\/maquinas\/paletizadoras-usadas\/"},{"@type":"ListItem","position":5,"name":"Paletizador KOSME Palpack PD"}]},{"@type":"WebSite","@id":"https:\/\/www.bbmpackaging.com\/es\/#website","url":"https:\/\/www.bbmpackaging.com\/es\/","name":"BBM Packaging","description":"Imbottigliamento: macchinari manutenzione e much more","potentialAction":[{"@type":"SearchAction","target":{"@type":"EntryPoint","urlTemplate":"https:\/\/www.bbmpackaging.com\/es\/?s={search_term_string}"},"query-input":{"@type":"PropertyValueSpecification","valueRequired":true,"valueName":"search_term_string"}}],"inLanguage":"es"}]}},"_links":{"self":[{"href":"https:\/\/www.bbmpackaging.com\/es\/wp-json\/wp\/v2\/product\/55976","targetHints":{"allow":["GET"]}}],"collection":[{"href":"https:\/\/www.bbmpackaging.com\/es\/wp-json\/wp\/v2\/product"}],"about":[{"href":"https:\/\/www.bbmpackaging.com\/es\/wp-json\/wp\/v2\/types\/product"}],"replies":[{"embeddable":true,"href":"https:\/\/www.bbmpackaging.com\/es\/wp-json\/wp\/v2\/comments?post=55976"}],"wp:featuredmedia":[{"embeddable":true,"href":"https:\/\/www.bbmpackaging.com\/es\/wp-json\/wp\/v2\/media\/55981"}],"wp:attachment":[{"href":"https:\/\/www.bbmpackaging.com\/es\/wp-json\/wp\/v2\/media?parent=55976"}],"wp:term":[{"taxonomy":"brand","embeddable":true,"href":"https:\/\/www.bbmpackaging.com\/es\/wp-json\/wp\/v2\/brand?post=55976"},{"taxonomy":"product_brand","embeddable":true,"href":"https:\/\/www.bbmpackaging.com\/es\/wp-json\/wp\/v2\/product_brand?post=55976"},{"taxonomy":"product_cat","embeddable":true,"href":"https:\/\/www.bbmpackaging.com\/es\/wp-json\/wp\/v2\/product_cat?post=55976"},{"taxonomy":"product_tag","embeddable":true,"href":"https:\/\/www.bbmpackaging.com\/es\/wp-json\/wp\/v2\/product_tag?post=55976"}],"curies":[{"name":"wp","href":"https:\/\/api.w.org\/{rel}","templated":true}]}}