{"id":57797,"date":"2025-09-03T11:31:18","date_gmt":"2025-09-03T09:31:18","guid":{"rendered":"https:\/\/www.bbmpackaging.com\/?post_type=product&#038;p=57797"},"modified":"2026-02-05T12:30:26","modified_gmt":"2026-02-05T11:30:26","slug":"etiquetadora-krones-contiroll-3","status":"publish","type":"product","link":"https:\/\/www.bbmpackaging.com\/es\/maquinas\/usadas\/etiquetadoras-usadas\/etiquetadora-krones-contiroll-3\/","title":{"rendered":"Etiquetadora Krones Contiroll"},"content":{"rendered":"<p>Ofrecemos una<strong> etiquetadora Krones Contiroll <\/strong>de 1998, dise\u00f1ada para la aplicaci\u00f3n eficiente de <strong>etiquetas de OPP<\/strong> mediante tecnolog\u00eda de pegamento caliente. Esta unidad garantiza una capacidad de producci\u00f3n de 18.000 botellas por hora (bph).<\/p>\n<p>El sistema de control incluye un PLC Siemens S5 y una interfaz HMI Krones CTS. Se encuentra disponible un servicio de actualizaci\u00f3n opcional al PLC Siemens de \u00faltima generaci\u00f3n. Ofrecemos diversas configuraciones de venta: \u00abtal como est\u00e1\u00bb, completamente reacondicionada y cubierta por una garant\u00eda, o \u00ablista para usar\u00bb con la inclusi\u00f3n de repuestos compatibles.<\/p>\n","protected":false},"excerpt":{"rendered":"<p>Etiquetadora Krones Contiroll de segunda mano, reacondicionada y con garant\u00eda.<\/p>\n","protected":false},"featured_media":57850,"comment_status":"closed","ping_status":"closed","template":"","meta":{"_acf_changed":false},"brand":[7450],"product_brand":[],"product_cat":[1104,1107,1117],"product_tag":[],"class_list":{"0":"post-57797","1":"product","2":"type-product","3":"status-publish","4":"has-post-thumbnail","6":"brand-krones","7":"product_cat-maquinas","8":"product_cat-usadas","9":"product_cat-etiquetadoras-usadas","11":"first","12":"instock","13":"shipping-taxable","14":"product-type-simple"},"acf":[],"yoast_head":"<!-- This site is optimized with the Yoast SEO plugin v27.2 - https:\/\/yoast.com\/product\/yoast-seo-wordpress\/ -->\n<title>Etiquetadora Krones Contiroll - BBM Packaging<\/title>\n<meta name=\"description\" content=\"Etiquetadora Krones Contiroll de 1998, 18.000 bph. Ideal para etiquetas OPP con pegamento caliente. Disponible reacondicionada, con garant\u00eda o...\" \/>\n<meta name=\"robots\" content=\"index, follow, max-snippet:-1, max-image-preview:large, max-video-preview:-1\" \/>\n<link rel=\"canonical\" href=\"https:\/\/www.bbmpackaging.com\/es\/maquinas\/usadas\/etiquetadoras-usadas\/etiquetadora-krones-contiroll-3\/\" \/>\n<meta property=\"og:locale\" content=\"es_ES\" \/>\n<meta property=\"og:type\" content=\"article\" \/>\n<meta property=\"og:title\" content=\"Etiquetadora Krones Contiroll - BBM Packaging\" \/>\n<meta property=\"og:description\" content=\"Etiquetadora Krones Contiroll de 1998, 18.000 bph. Ideal para etiquetas OPP con pegamento caliente. Disponible reacondicionada, con garant\u00eda o...\" \/>\n<meta property=\"og:url\" content=\"https:\/\/www.bbmpackaging.com\/es\/maquinas\/usadas\/etiquetadoras-usadas\/etiquetadora-krones-contiroll-3\/\" \/>\n<meta property=\"og:site_name\" content=\"BBM Packaging\" \/>\n<meta property=\"article:modified_time\" content=\"2026-02-05T11:30:26+00:00\" \/>\n<meta property=\"og:image\" content=\"https:\/\/www.bbmpackaging.com\/wp-content\/uploads\/2025\/09\/labeller-krones-contiroll-bbm-packaging-10.jpg\" \/>\n\t<meta property=\"og:image:width\" content=\"1190\" \/>\n\t<meta property=\"og:image:height\" content=\"907\" \/>\n\t<meta property=\"og:image:type\" content=\"image\/jpeg\" \/>\n<meta name=\"twitter:card\" content=\"summary_large_image\" \/>\n<meta name=\"twitter:label1\" content=\"Tiempo de lectura\" \/>\n\t<meta name=\"twitter:data1\" content=\"1 minuto\" \/>\n<script type=\"application\/ld+json\" class=\"yoast-schema-graph\">{\"@context\":\"https:\/\/schema.org\",\"@graph\":[{\"@type\":\"WebPage\",\"@id\":\"https:\/\/www.bbmpackaging.com\/es\/maquinas\/usadas\/etiquetadoras-usadas\/etiquetadora-krones-contiroll-3\/\",\"url\":\"https:\/\/www.bbmpackaging.com\/es\/maquinas\/usadas\/etiquetadoras-usadas\/etiquetadora-krones-contiroll-3\/\",\"name\":\"Etiquetadora Krones Contiroll - BBM Packaging\",\"isPartOf\":{\"@id\":\"https:\/\/www.bbmpackaging.com\/es\/#website\"},\"primaryImageOfPage\":{\"@id\":\"https:\/\/www.bbmpackaging.com\/es\/maquinas\/usadas\/etiquetadoras-usadas\/etiquetadora-krones-contiroll-3\/#primaryimage\"},\"image\":{\"@id\":\"https:\/\/www.bbmpackaging.com\/es\/maquinas\/usadas\/etiquetadoras-usadas\/etiquetadora-krones-contiroll-3\/#primaryimage\"},\"thumbnailUrl\":\"https:\/\/www.bbmpackaging.com\/wp-content\/uploads\/2025\/09\/labeller-krones-contiroll-bbm-packaging-10.jpg\",\"datePublished\":\"2025-09-03T09:31:18+00:00\",\"dateModified\":\"2026-02-05T11:30:26+00:00\",\"description\":\"Etiquetadora Krones Contiroll de 1998, 18.000 bph. Ideal para etiquetas OPP con pegamento caliente. Disponible reacondicionada, con garant\u00eda o...\",\"breadcrumb\":{\"@id\":\"https:\/\/www.bbmpackaging.com\/es\/maquinas\/usadas\/etiquetadoras-usadas\/etiquetadora-krones-contiroll-3\/#breadcrumb\"},\"inLanguage\":\"es\",\"potentialAction\":[{\"@type\":\"ReadAction\",\"target\":[\"https:\/\/www.bbmpackaging.com\/es\/maquinas\/usadas\/etiquetadoras-usadas\/etiquetadora-krones-contiroll-3\/\"]}]},{\"@type\":\"ImageObject\",\"inLanguage\":\"es\",\"@id\":\"https:\/\/www.bbmpackaging.com\/es\/maquinas\/usadas\/etiquetadoras-usadas\/etiquetadora-krones-contiroll-3\/#primaryimage\",\"url\":\"https:\/\/www.bbmpackaging.com\/wp-content\/uploads\/2025\/09\/labeller-krones-contiroll-bbm-packaging-10.jpg\",\"contentUrl\":\"https:\/\/www.bbmpackaging.com\/wp-content\/uploads\/2025\/09\/labeller-krones-contiroll-bbm-packaging-10.jpg\",\"width\":1190,\"height\":907,\"caption\":\"Etiquetadora Krones Contiroll de 1998, 18.000 bph. Ideal para etiquetas OPP con pegamento caliente. Disponible reacondicionada, con garant\u00eda o lista para usar. Opci\u00f3n de actualizaci\u00f3n del PLC Siemens.\"},{\"@type\":\"BreadcrumbList\",\"@id\":\"https:\/\/www.bbmpackaging.com\/es\/maquinas\/usadas\/etiquetadoras-usadas\/etiquetadora-krones-contiroll-3\/#breadcrumb\",\"itemListElement\":[{\"@type\":\"ListItem\",\"position\":1,\"name\":\"Home\",\"item\":\"https:\/\/www.bbmpackaging.com\/es\/\"},{\"@type\":\"ListItem\",\"position\":2,\"name\":\"Productos\",\"item\":\"https:\/\/www.bbmpackaging.com\/es\/productos\/\"},{\"@type\":\"ListItem\",\"position\":3,\"name\":\"Usado\",\"item\":\"https:\/\/www.bbmpackaging.com\/es\/maquinas\/usadas\/\"},{\"@type\":\"ListItem\",\"position\":4,\"name\":\"Etiquetadoras\",\"item\":\"https:\/\/www.bbmpackaging.com\/es\/maquinas\/etiquetadoras-usadas\/\"},{\"@type\":\"ListItem\",\"position\":5,\"name\":\"Etiquetadora Krones Contiroll\"}]},{\"@type\":\"WebSite\",\"@id\":\"https:\/\/www.bbmpackaging.com\/es\/#website\",\"url\":\"https:\/\/www.bbmpackaging.com\/es\/\",\"name\":\"BBM Packaging\",\"description\":\"Imbottigliamento: macchinari manutenzione e much more\",\"potentialAction\":[{\"@type\":\"SearchAction\",\"target\":{\"@type\":\"EntryPoint\",\"urlTemplate\":\"https:\/\/www.bbmpackaging.com\/es\/?s={search_term_string}\"},\"query-input\":{\"@type\":\"PropertyValueSpecification\",\"valueRequired\":true,\"valueName\":\"search_term_string\"}}],\"inLanguage\":\"es\"}]}<\/script>\n<!-- \/ Yoast SEO plugin. -->","yoast_head_json":{"title":"Etiquetadora Krones Contiroll - BBM Packaging","description":"Etiquetadora Krones Contiroll de 1998, 18.000 bph. Ideal para etiquetas OPP con pegamento caliente. Disponible reacondicionada, con garant\u00eda o...","robots":{"index":"index","follow":"follow","max-snippet":"max-snippet:-1","max-image-preview":"max-image-preview:large","max-video-preview":"max-video-preview:-1"},"canonical":"https:\/\/www.bbmpackaging.com\/es\/maquinas\/usadas\/etiquetadoras-usadas\/etiquetadora-krones-contiroll-3\/","og_locale":"es_ES","og_type":"article","og_title":"Etiquetadora Krones Contiroll - BBM Packaging","og_description":"Etiquetadora Krones Contiroll de 1998, 18.000 bph. Ideal para etiquetas OPP con pegamento caliente. Disponible reacondicionada, con garant\u00eda o...","og_url":"https:\/\/www.bbmpackaging.com\/es\/maquinas\/usadas\/etiquetadoras-usadas\/etiquetadora-krones-contiroll-3\/","og_site_name":"BBM Packaging","article_modified_time":"2026-02-05T11:30:26+00:00","og_image":[{"width":1190,"height":907,"url":"https:\/\/www.bbmpackaging.com\/wp-content\/uploads\/2025\/09\/labeller-krones-contiroll-bbm-packaging-10.jpg","type":"image\/jpeg"}],"twitter_card":"summary_large_image","twitter_misc":{"Tiempo de lectura":"1 minuto"},"schema":{"@context":"https:\/\/schema.org","@graph":[{"@type":"WebPage","@id":"https:\/\/www.bbmpackaging.com\/es\/maquinas\/usadas\/etiquetadoras-usadas\/etiquetadora-krones-contiroll-3\/","url":"https:\/\/www.bbmpackaging.com\/es\/maquinas\/usadas\/etiquetadoras-usadas\/etiquetadora-krones-contiroll-3\/","name":"Etiquetadora Krones Contiroll - BBM Packaging","isPartOf":{"@id":"https:\/\/www.bbmpackaging.com\/es\/#website"},"primaryImageOfPage":{"@id":"https:\/\/www.bbmpackaging.com\/es\/maquinas\/usadas\/etiquetadoras-usadas\/etiquetadora-krones-contiroll-3\/#primaryimage"},"image":{"@id":"https:\/\/www.bbmpackaging.com\/es\/maquinas\/usadas\/etiquetadoras-usadas\/etiquetadora-krones-contiroll-3\/#primaryimage"},"thumbnailUrl":"https:\/\/www.bbmpackaging.com\/wp-content\/uploads\/2025\/09\/labeller-krones-contiroll-bbm-packaging-10.jpg","datePublished":"2025-09-03T09:31:18+00:00","dateModified":"2026-02-05T11:30:26+00:00","description":"Etiquetadora Krones Contiroll de 1998, 18.000 bph. Ideal para etiquetas OPP con pegamento caliente. Disponible reacondicionada, con garant\u00eda o...","breadcrumb":{"@id":"https:\/\/www.bbmpackaging.com\/es\/maquinas\/usadas\/etiquetadoras-usadas\/etiquetadora-krones-contiroll-3\/#breadcrumb"},"inLanguage":"es","potentialAction":[{"@type":"ReadAction","target":["https:\/\/www.bbmpackaging.com\/es\/maquinas\/usadas\/etiquetadoras-usadas\/etiquetadora-krones-contiroll-3\/"]}]},{"@type":"ImageObject","inLanguage":"es","@id":"https:\/\/www.bbmpackaging.com\/es\/maquinas\/usadas\/etiquetadoras-usadas\/etiquetadora-krones-contiroll-3\/#primaryimage","url":"https:\/\/www.bbmpackaging.com\/wp-content\/uploads\/2025\/09\/labeller-krones-contiroll-bbm-packaging-10.jpg","contentUrl":"https:\/\/www.bbmpackaging.com\/wp-content\/uploads\/2025\/09\/labeller-krones-contiroll-bbm-packaging-10.jpg","width":1190,"height":907,"caption":"Etiquetadora Krones Contiroll de 1998, 18.000 bph. Ideal para etiquetas OPP con pegamento caliente. Disponible reacondicionada, con garant\u00eda o lista para usar. Opci\u00f3n de actualizaci\u00f3n del PLC Siemens."},{"@type":"BreadcrumbList","@id":"https:\/\/www.bbmpackaging.com\/es\/maquinas\/usadas\/etiquetadoras-usadas\/etiquetadora-krones-contiroll-3\/#breadcrumb","itemListElement":[{"@type":"ListItem","position":1,"name":"Home","item":"https:\/\/www.bbmpackaging.com\/es\/"},{"@type":"ListItem","position":2,"name":"Productos","item":"https:\/\/www.bbmpackaging.com\/es\/productos\/"},{"@type":"ListItem","position":3,"name":"Usado","item":"https:\/\/www.bbmpackaging.com\/es\/maquinas\/usadas\/"},{"@type":"ListItem","position":4,"name":"Etiquetadoras","item":"https:\/\/www.bbmpackaging.com\/es\/maquinas\/etiquetadoras-usadas\/"},{"@type":"ListItem","position":5,"name":"Etiquetadora Krones Contiroll"}]},{"@type":"WebSite","@id":"https:\/\/www.bbmpackaging.com\/es\/#website","url":"https:\/\/www.bbmpackaging.com\/es\/","name":"BBM Packaging","description":"Imbottigliamento: macchinari manutenzione e much more","potentialAction":[{"@type":"SearchAction","target":{"@type":"EntryPoint","urlTemplate":"https:\/\/www.bbmpackaging.com\/es\/?s={search_term_string}"},"query-input":{"@type":"PropertyValueSpecification","valueRequired":true,"valueName":"search_term_string"}}],"inLanguage":"es"}]}},"_links":{"self":[{"href":"https:\/\/www.bbmpackaging.com\/es\/wp-json\/wp\/v2\/product\/57797","targetHints":{"allow":["GET"]}}],"collection":[{"href":"https:\/\/www.bbmpackaging.com\/es\/wp-json\/wp\/v2\/product"}],"about":[{"href":"https:\/\/www.bbmpackaging.com\/es\/wp-json\/wp\/v2\/types\/product"}],"replies":[{"embeddable":true,"href":"https:\/\/www.bbmpackaging.com\/es\/wp-json\/wp\/v2\/comments?post=57797"}],"wp:featuredmedia":[{"embeddable":true,"href":"https:\/\/www.bbmpackaging.com\/es\/wp-json\/wp\/v2\/media\/57850"}],"wp:attachment":[{"href":"https:\/\/www.bbmpackaging.com\/es\/wp-json\/wp\/v2\/media?parent=57797"}],"wp:term":[{"taxonomy":"brand","embeddable":true,"href":"https:\/\/www.bbmpackaging.com\/es\/wp-json\/wp\/v2\/brand?post=57797"},{"taxonomy":"product_brand","embeddable":true,"href":"https:\/\/www.bbmpackaging.com\/es\/wp-json\/wp\/v2\/product_brand?post=57797"},{"taxonomy":"product_cat","embeddable":true,"href":"https:\/\/www.bbmpackaging.com\/es\/wp-json\/wp\/v2\/product_cat?post=57797"},{"taxonomy":"product_tag","embeddable":true,"href":"https:\/\/www.bbmpackaging.com\/es\/wp-json\/wp\/v2\/product_tag?post=57797"}],"curies":[{"name":"wp","href":"https:\/\/api.w.org\/{rel}","templated":true}]}}