{"id":71099,"date":"2025-10-08T16:02:15","date_gmt":"2025-10-08T14:02:15","guid":{"rendered":"https:\/\/www.bbmpackaging.com\/?post_type=product&#038;p=71099"},"modified":"2026-03-04T11:43:24","modified_gmt":"2026-03-04T10:43:24","slug":"paletizador-ocme-pegasus","status":"publish","type":"product","link":"https:\/\/www.bbmpackaging.com\/es\/maquinas\/usadas\/paletizadoras-usadas\/paletizador-ocme-pegasus\/","title":{"rendered":"Paletizador OCME Pegasus"},"content":{"rendered":"<p><strong>Paletizador OCME<\/strong> Pegasus F160 del 2004, ideal para la formaci\u00f3n de palets de paquetes envueltos que contienen botellas. La m\u00e1quina permite apilar de forma precisa y segura cajas o paquetes sobre palets con dimensiones de 800&#215;1200 mm, optimizando los flujos de final de l\u00ednea y garantizando una alta estabilidad de la carga.<\/p>\n<p>Equipado con PLC y HMI Siemens, el sistema ofrece una interfaz intuitiva y un control completo de todas las funciones operativas, permitiendo una gesti\u00f3n eficiente y fiable del proceso de paletizaci\u00f3n. Disponible usado y revisado, en condiciones de \u201cvisto y aprobado\u201d, con la posibilidad de suministrar repuestos compatibles como opci\u00f3n de venta.<\/p>\n<p>El modelo Pegasus F160 se distingue por:<\/p>\n<ul>\n<li>Cabezal de agarre completamente autom\u00e1tico capaz de gestionar l\u00edneas multic\u00f3digo;<\/li>\n<li>Reducci\u00f3n de los tiempos de inactividad gracias a la sencillez de mantenimiento y al control Siemens integrado.<\/li>\n<\/ul>\n","protected":false},"excerpt":{"rendered":"<p>Paletizador OCME Pegasus usado, revisado y con garant\u00eda. La velocidad indicada en botellas por hora se refiere al formato est\u00e1ndar de 1500 ml en embalaje 3&#215;2.<\/p>\n","protected":false},"featured_media":71112,"comment_status":"closed","ping_status":"closed","template":"","meta":{"_acf_changed":false},"brand":[7459],"product_brand":[],"product_cat":[1104,1107,1127],"product_tag":[],"class_list":{"0":"post-71099","1":"product","2":"type-product","3":"status-publish","4":"has-post-thumbnail","6":"brand-ocme","7":"product_cat-maquinas","8":"product_cat-usadas","9":"product_cat-paletizadoras-usadas","11":"first","12":"instock","13":"shipping-taxable","14":"product-type-simple"},"acf":[],"yoast_head":"<!-- This site is optimized with the Yoast SEO plugin v27.2 - https:\/\/yoast.com\/product\/yoast-seo-wordpress\/ -->\n<title>Paletizador OCME Pegasus - BBM Packaging<\/title>\n<meta name=\"description\" content=\"Paletizador OCME Pegasus F160 de 2004 para paquetes envolventes de botellas, 800x1200, PLC Siemens, usado y revisado o visto y aprobado.\" \/>\n<meta name=\"robots\" content=\"index, follow, max-snippet:-1, max-image-preview:large, max-video-preview:-1\" \/>\n<link rel=\"canonical\" href=\"https:\/\/www.bbmpackaging.com\/es\/maquinas\/usadas\/paletizadoras-usadas\/paletizador-ocme-pegasus\/\" \/>\n<meta property=\"og:locale\" content=\"es_ES\" \/>\n<meta property=\"og:type\" content=\"article\" \/>\n<meta property=\"og:title\" content=\"Paletizador OCME Pegasus - BBM Packaging\" \/>\n<meta property=\"og:description\" content=\"Paletizador OCME Pegasus F160 de 2004 para paquetes envolventes de botellas, 800x1200, PLC Siemens, usado y revisado o visto y aprobado.\" \/>\n<meta property=\"og:url\" content=\"https:\/\/www.bbmpackaging.com\/es\/maquinas\/usadas\/paletizadoras-usadas\/paletizador-ocme-pegasus\/\" \/>\n<meta property=\"og:site_name\" content=\"BBM Packaging\" \/>\n<meta property=\"article:modified_time\" content=\"2026-03-04T10:43:24+00:00\" \/>\n<meta property=\"og:image\" content=\"https:\/\/www.bbmpackaging.com\/wp-content\/uploads\/2025\/10\/paletizador-ocme-pegasus-1.jpg\" \/>\n\t<meta property=\"og:image:width\" content=\"1418\" \/>\n\t<meta property=\"og:image:height\" content=\"1080\" \/>\n\t<meta property=\"og:image:type\" content=\"image\/jpeg\" \/>\n<meta name=\"twitter:card\" content=\"summary_large_image\" \/>\n<meta name=\"twitter:label1\" content=\"Tiempo de lectura\" \/>\n\t<meta name=\"twitter:data1\" content=\"1 minuto\" \/>\n<script type=\"application\/ld+json\" class=\"yoast-schema-graph\">{\"@context\":\"https:\/\/schema.org\",\"@graph\":[{\"@type\":\"WebPage\",\"@id\":\"https:\/\/www.bbmpackaging.com\/es\/maquinas\/usadas\/paletizadoras-usadas\/paletizador-ocme-pegasus\/\",\"url\":\"https:\/\/www.bbmpackaging.com\/es\/maquinas\/usadas\/paletizadoras-usadas\/paletizador-ocme-pegasus\/\",\"name\":\"Paletizador OCME Pegasus - BBM Packaging\",\"isPartOf\":{\"@id\":\"https:\/\/www.bbmpackaging.com\/es\/#website\"},\"primaryImageOfPage\":{\"@id\":\"https:\/\/www.bbmpackaging.com\/es\/maquinas\/usadas\/paletizadoras-usadas\/paletizador-ocme-pegasus\/#primaryimage\"},\"image\":{\"@id\":\"https:\/\/www.bbmpackaging.com\/es\/maquinas\/usadas\/paletizadoras-usadas\/paletizador-ocme-pegasus\/#primaryimage\"},\"thumbnailUrl\":\"https:\/\/www.bbmpackaging.com\/wp-content\/uploads\/2025\/10\/paletizador-ocme-pegasus-1.jpg\",\"datePublished\":\"2025-10-08T14:02:15+00:00\",\"dateModified\":\"2026-03-04T10:43:24+00:00\",\"description\":\"Paletizador OCME Pegasus F160 de 2004 para paquetes envolventes de botellas, 800x1200, PLC Siemens, usado y revisado o visto y aprobado.\",\"breadcrumb\":{\"@id\":\"https:\/\/www.bbmpackaging.com\/es\/maquinas\/usadas\/paletizadoras-usadas\/paletizador-ocme-pegasus\/#breadcrumb\"},\"inLanguage\":\"es\",\"potentialAction\":[{\"@type\":\"ReadAction\",\"target\":[\"https:\/\/www.bbmpackaging.com\/es\/maquinas\/usadas\/paletizadoras-usadas\/paletizador-ocme-pegasus\/\"]}]},{\"@type\":\"ImageObject\",\"inLanguage\":\"es\",\"@id\":\"https:\/\/www.bbmpackaging.com\/es\/maquinas\/usadas\/paletizadoras-usadas\/paletizador-ocme-pegasus\/#primaryimage\",\"url\":\"https:\/\/www.bbmpackaging.com\/wp-content\/uploads\/2025\/10\/paletizador-ocme-pegasus-1.jpg\",\"contentUrl\":\"https:\/\/www.bbmpackaging.com\/wp-content\/uploads\/2025\/10\/paletizador-ocme-pegasus-1.jpg\",\"width\":1418,\"height\":1080,\"caption\":\"Paletizador OCME Pegasus F160 de 2004 para paquetes envolventes de botellas, 800x1200, PLC Siemens, usado y revisado o visto y aprobado.\"},{\"@type\":\"BreadcrumbList\",\"@id\":\"https:\/\/www.bbmpackaging.com\/es\/maquinas\/usadas\/paletizadoras-usadas\/paletizador-ocme-pegasus\/#breadcrumb\",\"itemListElement\":[{\"@type\":\"ListItem\",\"position\":1,\"name\":\"Home\",\"item\":\"https:\/\/www.bbmpackaging.com\/es\/\"},{\"@type\":\"ListItem\",\"position\":2,\"name\":\"Productos\",\"item\":\"https:\/\/www.bbmpackaging.com\/es\/productos\/\"},{\"@type\":\"ListItem\",\"position\":3,\"name\":\"Usado\",\"item\":\"https:\/\/www.bbmpackaging.com\/es\/maquinas\/usadas\/\"},{\"@type\":\"ListItem\",\"position\":4,\"name\":\"Paletizadores\",\"item\":\"https:\/\/www.bbmpackaging.com\/es\/maquinas\/paletizadoras-usadas\/\"},{\"@type\":\"ListItem\",\"position\":5,\"name\":\"Paletizador OCME Pegasus\"}]},{\"@type\":\"WebSite\",\"@id\":\"https:\/\/www.bbmpackaging.com\/es\/#website\",\"url\":\"https:\/\/www.bbmpackaging.com\/es\/\",\"name\":\"BBM Packaging\",\"description\":\"Imbottigliamento: macchinari manutenzione e much more\",\"potentialAction\":[{\"@type\":\"SearchAction\",\"target\":{\"@type\":\"EntryPoint\",\"urlTemplate\":\"https:\/\/www.bbmpackaging.com\/es\/?s={search_term_string}\"},\"query-input\":{\"@type\":\"PropertyValueSpecification\",\"valueRequired\":true,\"valueName\":\"search_term_string\"}}],\"inLanguage\":\"es\"}]}<\/script>\n<!-- \/ Yoast SEO plugin. -->","yoast_head_json":{"title":"Paletizador OCME Pegasus - BBM Packaging","description":"Paletizador OCME Pegasus F160 de 2004 para paquetes envolventes de botellas, 800x1200, PLC Siemens, usado y revisado o visto y aprobado.","robots":{"index":"index","follow":"follow","max-snippet":"max-snippet:-1","max-image-preview":"max-image-preview:large","max-video-preview":"max-video-preview:-1"},"canonical":"https:\/\/www.bbmpackaging.com\/es\/maquinas\/usadas\/paletizadoras-usadas\/paletizador-ocme-pegasus\/","og_locale":"es_ES","og_type":"article","og_title":"Paletizador OCME Pegasus - BBM Packaging","og_description":"Paletizador OCME Pegasus F160 de 2004 para paquetes envolventes de botellas, 800x1200, PLC Siemens, usado y revisado o visto y aprobado.","og_url":"https:\/\/www.bbmpackaging.com\/es\/maquinas\/usadas\/paletizadoras-usadas\/paletizador-ocme-pegasus\/","og_site_name":"BBM Packaging","article_modified_time":"2026-03-04T10:43:24+00:00","og_image":[{"width":1418,"height":1080,"url":"https:\/\/www.bbmpackaging.com\/wp-content\/uploads\/2025\/10\/paletizador-ocme-pegasus-1.jpg","type":"image\/jpeg"}],"twitter_card":"summary_large_image","twitter_misc":{"Tiempo de lectura":"1 minuto"},"schema":{"@context":"https:\/\/schema.org","@graph":[{"@type":"WebPage","@id":"https:\/\/www.bbmpackaging.com\/es\/maquinas\/usadas\/paletizadoras-usadas\/paletizador-ocme-pegasus\/","url":"https:\/\/www.bbmpackaging.com\/es\/maquinas\/usadas\/paletizadoras-usadas\/paletizador-ocme-pegasus\/","name":"Paletizador OCME Pegasus - BBM Packaging","isPartOf":{"@id":"https:\/\/www.bbmpackaging.com\/es\/#website"},"primaryImageOfPage":{"@id":"https:\/\/www.bbmpackaging.com\/es\/maquinas\/usadas\/paletizadoras-usadas\/paletizador-ocme-pegasus\/#primaryimage"},"image":{"@id":"https:\/\/www.bbmpackaging.com\/es\/maquinas\/usadas\/paletizadoras-usadas\/paletizador-ocme-pegasus\/#primaryimage"},"thumbnailUrl":"https:\/\/www.bbmpackaging.com\/wp-content\/uploads\/2025\/10\/paletizador-ocme-pegasus-1.jpg","datePublished":"2025-10-08T14:02:15+00:00","dateModified":"2026-03-04T10:43:24+00:00","description":"Paletizador OCME Pegasus F160 de 2004 para paquetes envolventes de botellas, 800x1200, PLC Siemens, usado y revisado o visto y aprobado.","breadcrumb":{"@id":"https:\/\/www.bbmpackaging.com\/es\/maquinas\/usadas\/paletizadoras-usadas\/paletizador-ocme-pegasus\/#breadcrumb"},"inLanguage":"es","potentialAction":[{"@type":"ReadAction","target":["https:\/\/www.bbmpackaging.com\/es\/maquinas\/usadas\/paletizadoras-usadas\/paletizador-ocme-pegasus\/"]}]},{"@type":"ImageObject","inLanguage":"es","@id":"https:\/\/www.bbmpackaging.com\/es\/maquinas\/usadas\/paletizadoras-usadas\/paletizador-ocme-pegasus\/#primaryimage","url":"https:\/\/www.bbmpackaging.com\/wp-content\/uploads\/2025\/10\/paletizador-ocme-pegasus-1.jpg","contentUrl":"https:\/\/www.bbmpackaging.com\/wp-content\/uploads\/2025\/10\/paletizador-ocme-pegasus-1.jpg","width":1418,"height":1080,"caption":"Paletizador OCME Pegasus F160 de 2004 para paquetes envolventes de botellas, 800x1200, PLC Siemens, usado y revisado o visto y aprobado."},{"@type":"BreadcrumbList","@id":"https:\/\/www.bbmpackaging.com\/es\/maquinas\/usadas\/paletizadoras-usadas\/paletizador-ocme-pegasus\/#breadcrumb","itemListElement":[{"@type":"ListItem","position":1,"name":"Home","item":"https:\/\/www.bbmpackaging.com\/es\/"},{"@type":"ListItem","position":2,"name":"Productos","item":"https:\/\/www.bbmpackaging.com\/es\/productos\/"},{"@type":"ListItem","position":3,"name":"Usado","item":"https:\/\/www.bbmpackaging.com\/es\/maquinas\/usadas\/"},{"@type":"ListItem","position":4,"name":"Paletizadores","item":"https:\/\/www.bbmpackaging.com\/es\/maquinas\/paletizadoras-usadas\/"},{"@type":"ListItem","position":5,"name":"Paletizador OCME Pegasus"}]},{"@type":"WebSite","@id":"https:\/\/www.bbmpackaging.com\/es\/#website","url":"https:\/\/www.bbmpackaging.com\/es\/","name":"BBM Packaging","description":"Imbottigliamento: macchinari manutenzione e much more","potentialAction":[{"@type":"SearchAction","target":{"@type":"EntryPoint","urlTemplate":"https:\/\/www.bbmpackaging.com\/es\/?s={search_term_string}"},"query-input":{"@type":"PropertyValueSpecification","valueRequired":true,"valueName":"search_term_string"}}],"inLanguage":"es"}]}},"_links":{"self":[{"href":"https:\/\/www.bbmpackaging.com\/es\/wp-json\/wp\/v2\/product\/71099","targetHints":{"allow":["GET"]}}],"collection":[{"href":"https:\/\/www.bbmpackaging.com\/es\/wp-json\/wp\/v2\/product"}],"about":[{"href":"https:\/\/www.bbmpackaging.com\/es\/wp-json\/wp\/v2\/types\/product"}],"replies":[{"embeddable":true,"href":"https:\/\/www.bbmpackaging.com\/es\/wp-json\/wp\/v2\/comments?post=71099"}],"wp:featuredmedia":[{"embeddable":true,"href":"https:\/\/www.bbmpackaging.com\/es\/wp-json\/wp\/v2\/media\/71112"}],"wp:attachment":[{"href":"https:\/\/www.bbmpackaging.com\/es\/wp-json\/wp\/v2\/media?parent=71099"}],"wp:term":[{"taxonomy":"brand","embeddable":true,"href":"https:\/\/www.bbmpackaging.com\/es\/wp-json\/wp\/v2\/brand?post=71099"},{"taxonomy":"product_brand","embeddable":true,"href":"https:\/\/www.bbmpackaging.com\/es\/wp-json\/wp\/v2\/product_brand?post=71099"},{"taxonomy":"product_cat","embeddable":true,"href":"https:\/\/www.bbmpackaging.com\/es\/wp-json\/wp\/v2\/product_cat?post=71099"},{"taxonomy":"product_tag","embeddable":true,"href":"https:\/\/www.bbmpackaging.com\/es\/wp-json\/wp\/v2\/product_tag?post=71099"}],"curies":[{"name":"wp","href":"https:\/\/api.w.org\/{rel}","templated":true}]}}