{"id":71272,"date":"2025-10-08T17:05:20","date_gmt":"2025-10-08T15:05:20","guid":{"rendered":"https:\/\/www.bbmpackaging.com\/?post_type=product&#038;p=71272"},"modified":"2026-02-05T12:30:26","modified_gmt":"2026-02-05T11:30:26","slug":"despaletizador-ocme-pegasus","status":"publish","type":"product","link":"https:\/\/www.bbmpackaging.com\/es\/maquinas\/usadas\/despaletizadoras-usadas\/despaletizador-ocme-pegasus\/","title":{"rendered":"Despaletizador OCME Pegasus"},"content":{"rendered":"<p><strong>Depaletizador OCME Pegasus<\/strong>, soluci\u00f3n robotizada de alto rendimiento para operaciones de depaletizaci\u00f3n dedicadas a cajas wrap-around. Pegasus permite depaletizar palets de envases de botellas o latas, transfiriendo de manera segura las capas de producto a la l\u00ednea de producci\u00f3n.<br \/><\/br><\/p>\n<p>La cabeza robotizada de agarre retira la capa del palet y la deposita en la cinta de alimentaci\u00f3n; desde all\u00ed, los envases se separan y alinean en transportadores de l\u00ednea \u00fanica, listos para las siguientes fases de procesamiento.<br \/><\/br><\/p>\n<p>Gracias al <strong>PLC y HMI Siemens<\/strong>, el sistema ofrece una interfaz intuitiva y un control completo de todas las funciones operativas. Disponible usado y revisado por BBM, en condiciones de \u201cvisto y aprobado\u201d, con la posibilidad de suministrar repuestos compatibles como opci\u00f3n de venta.<br \/><\/br><\/p>\n<p>El modelo Pegasus se distingue por:<\/p>\n<ul>\n<li>Posibilidad de depaletizar varios c\u00f3digos simult\u00e1neamente, con configuraciones flexibles;<\/li>\n<li>Reducci\u00f3n de los tiempos de inactividad gracias a la facilidad de mantenimiento y al control Siemens integrado;<\/li>\n<li>M\u00e1xima precisi\u00f3n en la manipulaci\u00f3n de los productos y optimizaci\u00f3n de los flujos de inicio de l\u00ednea.<\/li>\n<\/ul>\n","protected":false},"excerpt":{"rendered":"<p>Despaletizador OCME Pegasus usado, revisado y con garant\u00eda<\/p>\n","protected":false},"featured_media":71285,"comment_status":"closed","ping_status":"closed","template":"","meta":{"_acf_changed":false},"brand":[7459],"product_brand":[],"product_cat":[1104,1107,4454],"product_tag":[],"class_list":{"0":"post-71272","1":"product","2":"type-product","3":"status-publish","4":"has-post-thumbnail","6":"brand-ocme","7":"product_cat-maquinas","8":"product_cat-usadas","9":"product_cat-despaletizadoras-usadas","11":"first","12":"instock","13":"shipping-taxable","14":"product-type-simple"},"acf":[],"yoast_head":"<!-- This site is optimized with the Yoast SEO plugin v27.2 - https:\/\/yoast.com\/product\/yoast-seo-wordpress\/ -->\n<title>Despaletizador OCME Pegasus - BBM Packaging<\/title>\n<meta name=\"description\" content=\"Despaletizador OCME Pegasus: robot para despaletizar cajas envolventes. Tambi\u00e9n a la venta usado y revisado, con repuestos compatibles. Ver el v\u00eddeo\" \/>\n<meta name=\"robots\" content=\"index, follow, max-snippet:-1, max-image-preview:large, max-video-preview:-1\" \/>\n<link rel=\"canonical\" href=\"https:\/\/www.bbmpackaging.com\/es\/maquinas\/usadas\/despaletizadoras-usadas\/despaletizador-ocme-pegasus\/\" \/>\n<meta property=\"og:locale\" content=\"es_ES\" \/>\n<meta property=\"og:type\" content=\"article\" \/>\n<meta property=\"og:title\" content=\"Despaletizador OCME Pegasus - BBM Packaging\" \/>\n<meta property=\"og:description\" content=\"Despaletizador OCME Pegasus: robot para despaletizar cajas envolventes. Tambi\u00e9n a la venta usado y revisado, con repuestos compatibles. Ver el v\u00eddeo\" \/>\n<meta property=\"og:url\" content=\"https:\/\/www.bbmpackaging.com\/es\/maquinas\/usadas\/despaletizadoras-usadas\/despaletizador-ocme-pegasus\/\" \/>\n<meta property=\"og:site_name\" content=\"BBM Packaging\" \/>\n<meta property=\"article:modified_time\" content=\"2026-02-05T11:30:26+00:00\" \/>\n<meta property=\"og:image\" content=\"https:\/\/www.bbmpackaging.com\/wp-content\/uploads\/2025\/10\/despaletizador-ocme-pegasus-2.jpg\" \/>\n\t<meta property=\"og:image:width\" content=\"1400\" \/>\n\t<meta property=\"og:image:height\" content=\"1067\" \/>\n\t<meta property=\"og:image:type\" content=\"image\/jpeg\" \/>\n<meta name=\"twitter:card\" content=\"summary_large_image\" \/>\n<meta name=\"twitter:label1\" content=\"Tiempo de lectura\" \/>\n\t<meta name=\"twitter:data1\" content=\"2 minutos\" \/>\n<script type=\"application\/ld+json\" class=\"yoast-schema-graph\">{\"@context\":\"https:\/\/schema.org\",\"@graph\":[{\"@type\":\"WebPage\",\"@id\":\"https:\/\/www.bbmpackaging.com\/es\/maquinas\/usadas\/despaletizadoras-usadas\/despaletizador-ocme-pegasus\/\",\"url\":\"https:\/\/www.bbmpackaging.com\/es\/maquinas\/usadas\/despaletizadoras-usadas\/despaletizador-ocme-pegasus\/\",\"name\":\"Despaletizador OCME Pegasus - BBM Packaging\",\"isPartOf\":{\"@id\":\"https:\/\/www.bbmpackaging.com\/es\/#website\"},\"primaryImageOfPage\":{\"@id\":\"https:\/\/www.bbmpackaging.com\/es\/maquinas\/usadas\/despaletizadoras-usadas\/despaletizador-ocme-pegasus\/#primaryimage\"},\"image\":{\"@id\":\"https:\/\/www.bbmpackaging.com\/es\/maquinas\/usadas\/despaletizadoras-usadas\/despaletizador-ocme-pegasus\/#primaryimage\"},\"thumbnailUrl\":\"https:\/\/www.bbmpackaging.com\/wp-content\/uploads\/2025\/10\/despaletizador-ocme-pegasus-2.jpg\",\"datePublished\":\"2025-10-08T15:05:20+00:00\",\"dateModified\":\"2026-02-05T11:30:26+00:00\",\"description\":\"Despaletizador OCME Pegasus: robot para despaletizar cajas envolventes. Tambi\u00e9n a la venta usado y revisado, con repuestos compatibles. Ver el v\u00eddeo\",\"breadcrumb\":{\"@id\":\"https:\/\/www.bbmpackaging.com\/es\/maquinas\/usadas\/despaletizadoras-usadas\/despaletizador-ocme-pegasus\/#breadcrumb\"},\"inLanguage\":\"es\",\"potentialAction\":[{\"@type\":\"ReadAction\",\"target\":[\"https:\/\/www.bbmpackaging.com\/es\/maquinas\/usadas\/despaletizadoras-usadas\/despaletizador-ocme-pegasus\/\"]}]},{\"@type\":\"ImageObject\",\"inLanguage\":\"es\",\"@id\":\"https:\/\/www.bbmpackaging.com\/es\/maquinas\/usadas\/despaletizadoras-usadas\/despaletizador-ocme-pegasus\/#primaryimage\",\"url\":\"https:\/\/www.bbmpackaging.com\/wp-content\/uploads\/2025\/10\/despaletizador-ocme-pegasus-2.jpg\",\"contentUrl\":\"https:\/\/www.bbmpackaging.com\/wp-content\/uploads\/2025\/10\/despaletizador-ocme-pegasus-2.jpg\",\"width\":1400,\"height\":1067,\"caption\":\"Despaletizador OCME Pegasus: robot para despaletizar cajas envolventes. Tambi\u00e9n a la venta usado y revisado, con repuestos compatibles.\"},{\"@type\":\"BreadcrumbList\",\"@id\":\"https:\/\/www.bbmpackaging.com\/es\/maquinas\/usadas\/despaletizadoras-usadas\/despaletizador-ocme-pegasus\/#breadcrumb\",\"itemListElement\":[{\"@type\":\"ListItem\",\"position\":1,\"name\":\"Home\",\"item\":\"https:\/\/www.bbmpackaging.com\/es\/\"},{\"@type\":\"ListItem\",\"position\":2,\"name\":\"Productos\",\"item\":\"https:\/\/www.bbmpackaging.com\/es\/productos\/\"},{\"@type\":\"ListItem\",\"position\":3,\"name\":\"Usado\",\"item\":\"https:\/\/www.bbmpackaging.com\/es\/maquinas\/usadas\/\"},{\"@type\":\"ListItem\",\"position\":4,\"name\":\"Despaletizadoras\",\"item\":\"https:\/\/www.bbmpackaging.com\/es\/maquinas\/despaletizadoras-usadas\/\"},{\"@type\":\"ListItem\",\"position\":5,\"name\":\"Despaletizador OCME Pegasus\"}]},{\"@type\":\"WebSite\",\"@id\":\"https:\/\/www.bbmpackaging.com\/es\/#website\",\"url\":\"https:\/\/www.bbmpackaging.com\/es\/\",\"name\":\"BBM Packaging\",\"description\":\"Imbottigliamento: macchinari manutenzione e much more\",\"potentialAction\":[{\"@type\":\"SearchAction\",\"target\":{\"@type\":\"EntryPoint\",\"urlTemplate\":\"https:\/\/www.bbmpackaging.com\/es\/?s={search_term_string}\"},\"query-input\":{\"@type\":\"PropertyValueSpecification\",\"valueRequired\":true,\"valueName\":\"search_term_string\"}}],\"inLanguage\":\"es\"}]}<\/script>\n<!-- \/ Yoast SEO plugin. -->","yoast_head_json":{"title":"Despaletizador OCME Pegasus - BBM Packaging","description":"Despaletizador OCME Pegasus: robot para despaletizar cajas envolventes. Tambi\u00e9n a la venta usado y revisado, con repuestos compatibles. Ver el v\u00eddeo","robots":{"index":"index","follow":"follow","max-snippet":"max-snippet:-1","max-image-preview":"max-image-preview:large","max-video-preview":"max-video-preview:-1"},"canonical":"https:\/\/www.bbmpackaging.com\/es\/maquinas\/usadas\/despaletizadoras-usadas\/despaletizador-ocme-pegasus\/","og_locale":"es_ES","og_type":"article","og_title":"Despaletizador OCME Pegasus - BBM Packaging","og_description":"Despaletizador OCME Pegasus: robot para despaletizar cajas envolventes. Tambi\u00e9n a la venta usado y revisado, con repuestos compatibles. Ver el v\u00eddeo","og_url":"https:\/\/www.bbmpackaging.com\/es\/maquinas\/usadas\/despaletizadoras-usadas\/despaletizador-ocme-pegasus\/","og_site_name":"BBM Packaging","article_modified_time":"2026-02-05T11:30:26+00:00","og_image":[{"width":1400,"height":1067,"url":"https:\/\/www.bbmpackaging.com\/wp-content\/uploads\/2025\/10\/despaletizador-ocme-pegasus-2.jpg","type":"image\/jpeg"}],"twitter_card":"summary_large_image","twitter_misc":{"Tiempo de lectura":"2 minutos"},"schema":{"@context":"https:\/\/schema.org","@graph":[{"@type":"WebPage","@id":"https:\/\/www.bbmpackaging.com\/es\/maquinas\/usadas\/despaletizadoras-usadas\/despaletizador-ocme-pegasus\/","url":"https:\/\/www.bbmpackaging.com\/es\/maquinas\/usadas\/despaletizadoras-usadas\/despaletizador-ocme-pegasus\/","name":"Despaletizador OCME Pegasus - BBM Packaging","isPartOf":{"@id":"https:\/\/www.bbmpackaging.com\/es\/#website"},"primaryImageOfPage":{"@id":"https:\/\/www.bbmpackaging.com\/es\/maquinas\/usadas\/despaletizadoras-usadas\/despaletizador-ocme-pegasus\/#primaryimage"},"image":{"@id":"https:\/\/www.bbmpackaging.com\/es\/maquinas\/usadas\/despaletizadoras-usadas\/despaletizador-ocme-pegasus\/#primaryimage"},"thumbnailUrl":"https:\/\/www.bbmpackaging.com\/wp-content\/uploads\/2025\/10\/despaletizador-ocme-pegasus-2.jpg","datePublished":"2025-10-08T15:05:20+00:00","dateModified":"2026-02-05T11:30:26+00:00","description":"Despaletizador OCME Pegasus: robot para despaletizar cajas envolventes. Tambi\u00e9n a la venta usado y revisado, con repuestos compatibles. Ver el v\u00eddeo","breadcrumb":{"@id":"https:\/\/www.bbmpackaging.com\/es\/maquinas\/usadas\/despaletizadoras-usadas\/despaletizador-ocme-pegasus\/#breadcrumb"},"inLanguage":"es","potentialAction":[{"@type":"ReadAction","target":["https:\/\/www.bbmpackaging.com\/es\/maquinas\/usadas\/despaletizadoras-usadas\/despaletizador-ocme-pegasus\/"]}]},{"@type":"ImageObject","inLanguage":"es","@id":"https:\/\/www.bbmpackaging.com\/es\/maquinas\/usadas\/despaletizadoras-usadas\/despaletizador-ocme-pegasus\/#primaryimage","url":"https:\/\/www.bbmpackaging.com\/wp-content\/uploads\/2025\/10\/despaletizador-ocme-pegasus-2.jpg","contentUrl":"https:\/\/www.bbmpackaging.com\/wp-content\/uploads\/2025\/10\/despaletizador-ocme-pegasus-2.jpg","width":1400,"height":1067,"caption":"Despaletizador OCME Pegasus: robot para despaletizar cajas envolventes. Tambi\u00e9n a la venta usado y revisado, con repuestos compatibles."},{"@type":"BreadcrumbList","@id":"https:\/\/www.bbmpackaging.com\/es\/maquinas\/usadas\/despaletizadoras-usadas\/despaletizador-ocme-pegasus\/#breadcrumb","itemListElement":[{"@type":"ListItem","position":1,"name":"Home","item":"https:\/\/www.bbmpackaging.com\/es\/"},{"@type":"ListItem","position":2,"name":"Productos","item":"https:\/\/www.bbmpackaging.com\/es\/productos\/"},{"@type":"ListItem","position":3,"name":"Usado","item":"https:\/\/www.bbmpackaging.com\/es\/maquinas\/usadas\/"},{"@type":"ListItem","position":4,"name":"Despaletizadoras","item":"https:\/\/www.bbmpackaging.com\/es\/maquinas\/despaletizadoras-usadas\/"},{"@type":"ListItem","position":5,"name":"Despaletizador OCME Pegasus"}]},{"@type":"WebSite","@id":"https:\/\/www.bbmpackaging.com\/es\/#website","url":"https:\/\/www.bbmpackaging.com\/es\/","name":"BBM Packaging","description":"Imbottigliamento: macchinari manutenzione e much more","potentialAction":[{"@type":"SearchAction","target":{"@type":"EntryPoint","urlTemplate":"https:\/\/www.bbmpackaging.com\/es\/?s={search_term_string}"},"query-input":{"@type":"PropertyValueSpecification","valueRequired":true,"valueName":"search_term_string"}}],"inLanguage":"es"}]}},"_links":{"self":[{"href":"https:\/\/www.bbmpackaging.com\/es\/wp-json\/wp\/v2\/product\/71272","targetHints":{"allow":["GET"]}}],"collection":[{"href":"https:\/\/www.bbmpackaging.com\/es\/wp-json\/wp\/v2\/product"}],"about":[{"href":"https:\/\/www.bbmpackaging.com\/es\/wp-json\/wp\/v2\/types\/product"}],"replies":[{"embeddable":true,"href":"https:\/\/www.bbmpackaging.com\/es\/wp-json\/wp\/v2\/comments?post=71272"}],"wp:featuredmedia":[{"embeddable":true,"href":"https:\/\/www.bbmpackaging.com\/es\/wp-json\/wp\/v2\/media\/71285"}],"wp:attachment":[{"href":"https:\/\/www.bbmpackaging.com\/es\/wp-json\/wp\/v2\/media?parent=71272"}],"wp:term":[{"taxonomy":"brand","embeddable":true,"href":"https:\/\/www.bbmpackaging.com\/es\/wp-json\/wp\/v2\/brand?post=71272"},{"taxonomy":"product_brand","embeddable":true,"href":"https:\/\/www.bbmpackaging.com\/es\/wp-json\/wp\/v2\/product_brand?post=71272"},{"taxonomy":"product_cat","embeddable":true,"href":"https:\/\/www.bbmpackaging.com\/es\/wp-json\/wp\/v2\/product_cat?post=71272"},{"taxonomy":"product_tag","embeddable":true,"href":"https:\/\/www.bbmpackaging.com\/es\/wp-json\/wp\/v2\/product_tag?post=71272"}],"curies":[{"name":"wp","href":"https:\/\/api.w.org\/{rel}","templated":true}]}}