{"id":71449,"date":"2025-10-09T10:17:41","date_gmt":"2025-10-09T08:17:41","guid":{"rendered":"https:\/\/www.bbmpackaging.com\/?post_type=product&#038;p=71449"},"modified":"2026-03-04T12:19:43","modified_gmt":"2026-03-04T11:19:43","slug":"envolvedora-tosa-2","status":"publish","type":"product","link":"https:\/\/www.bbmpackaging.com\/es\/maquinas\/usadas\/envolvedoras-usadas\/envolvedora-tosa-2\/","title":{"rendered":"Envolvedora TOSA"},"content":{"rendered":"<p>La <strong>envolvedora TOSA<\/strong> de 2004 es una m\u00e1quina de brazo giratorio dise\u00f1ada para garantizar una estabilidad impecable de la carga paletizada. Equipada con aplicador de film superior, esta instalaci\u00f3n alcanza una <strong>productividad de hasta 12.000 botellas\/hora<\/strong> y es compatible con palets de 1000&#215;1200 mm.<\/p>\n<p>La m\u00e1quina est\u00e1 disponible en tres configuraciones:<\/p>\n<ul>\n<li>Vista y aprobada, lista para la compra en su estado actual.<\/li>\n<li>Revisada y garantizada, completamente reacondicionada por nuestros t\u00e9cnicos con una garant\u00eda de 6 meses.<\/li>\n<li>Encendida con repuestos compatibles, lista para la producci\u00f3n.<\/li>\n<\/ul>\n<p>El PLC y HMI Siemens garantizan un control preciso y una interfaz intuitiva para el operador. La envolvedora puede verse en nuestra sede de BBM en Lenna.<\/p>\n<p>Las envolvedoras de palets, tambi\u00e9n conocidas como <strong>m\u00e1quinas de film estirable<\/strong> o enfardadoras, envuelven la carga con film estirable para estabilizarla, protegerla y compactarla, facilitando el almacenamiento y el transporte. Este proceso evita desplazamientos o ca\u00eddas de los productos del palet, garantizando un embalaje unitario, estable y seguro contra el polvo, la humedad y los golpes.<\/p>\n<p>Por qu\u00e9 elegir una envolvedora TOSA usada y reacondicionada:<\/p>\n<ul>\n<li>Fiabilidad comprobada: las m\u00e1quinas TOSA son reconocidas por su solidez y durabilidad.<\/li>\n<li>Calidad garantizada BBM: revisada por nuestros t\u00e9cnicos expertos.<\/li>\n<li>Ahorro significativo en comparaci\u00f3n con la compra de una m\u00e1quina nueva, sin renunciar a un alto rendimiento.<\/li>\n<\/ul>\n<p>Lista para usar: m\u00e1quina disponible de inmediato, visible y personalizable seg\u00fan las necesidades de producci\u00f3n.<\/p>\n","protected":false},"excerpt":{"rendered":"<p>Envolvedora TOSA usada. La velocidad indicada en botellas por hora se refiere al formato est\u00e1ndar de 1500 ml en embalaje 3&#215;2.<\/p>\n","protected":false},"featured_media":71499,"comment_status":"closed","ping_status":"closed","template":"","meta":{"_acf_changed":false},"brand":[7516],"product_brand":[],"product_cat":[1104,1107,4457],"product_tag":[],"class_list":{"0":"post-71449","1":"product","2":"type-product","3":"status-publish","4":"has-post-thumbnail","6":"brand-tosa","7":"product_cat-maquinas","8":"product_cat-usadas","9":"product_cat-envolvedoras-usadas","11":"first","12":"instock","13":"shipping-taxable","14":"product-type-simple"},"acf":[],"yoast_head":"<!-- This site is optimized with the Yoast SEO plugin v27.2 - https:\/\/yoast.com\/product\/yoast-seo-wordpress\/ -->\n<title>Envolvedora TOSA - BBM Packaging<\/title>\n<meta name=\"description\" content=\"Envolvedora TOSA 2004 con dispositivo de colocaci\u00f3n de tapas. Envolvedora de pal\u00e9s revisada y con garant\u00eda BBM, disponible de inmediato. Vea el v\u00eddeo.\" \/>\n<meta name=\"robots\" content=\"index, follow, max-snippet:-1, max-image-preview:large, max-video-preview:-1\" \/>\n<link rel=\"canonical\" href=\"https:\/\/www.bbmpackaging.com\/es\/maquinas\/usadas\/envolvedoras-usadas\/envolvedora-tosa-2\/\" \/>\n<meta property=\"og:locale\" content=\"es_ES\" \/>\n<meta property=\"og:type\" content=\"article\" \/>\n<meta property=\"og:title\" content=\"Envolvedora TOSA - BBM Packaging\" \/>\n<meta property=\"og:description\" content=\"Envolvedora TOSA 2004 con dispositivo de colocaci\u00f3n de tapas. Envolvedora de pal\u00e9s revisada y con garant\u00eda BBM, disponible de inmediato. Vea el v\u00eddeo.\" \/>\n<meta property=\"og:url\" content=\"https:\/\/www.bbmpackaging.com\/es\/maquinas\/usadas\/envolvedoras-usadas\/envolvedora-tosa-2\/\" \/>\n<meta property=\"og:site_name\" content=\"BBM Packaging\" \/>\n<meta property=\"article:modified_time\" content=\"2026-03-04T11:19:43+00:00\" \/>\n<meta property=\"og:image\" content=\"https:\/\/www.bbmpackaging.com\/wp-content\/uploads\/2025\/10\/fasciatore-tosa-pallet.jpg\" \/>\n\t<meta property=\"og:image:width\" content=\"1400\" \/>\n\t<meta property=\"og:image:height\" content=\"1067\" \/>\n\t<meta property=\"og:image:type\" content=\"image\/jpeg\" \/>\n<meta name=\"twitter:card\" content=\"summary_large_image\" \/>\n<meta name=\"twitter:label1\" content=\"Tiempo de lectura\" \/>\n\t<meta name=\"twitter:data1\" content=\"2 minutos\" \/>\n<script type=\"application\/ld+json\" class=\"yoast-schema-graph\">{\"@context\":\"https:\/\/schema.org\",\"@graph\":[{\"@type\":\"WebPage\",\"@id\":\"https:\/\/www.bbmpackaging.com\/es\/maquinas\/usadas\/envolvedoras-usadas\/envolvedora-tosa-2\/\",\"url\":\"https:\/\/www.bbmpackaging.com\/es\/maquinas\/usadas\/envolvedoras-usadas\/envolvedora-tosa-2\/\",\"name\":\"Envolvedora TOSA - BBM Packaging\",\"isPartOf\":{\"@id\":\"https:\/\/www.bbmpackaging.com\/es\/#website\"},\"primaryImageOfPage\":{\"@id\":\"https:\/\/www.bbmpackaging.com\/es\/maquinas\/usadas\/envolvedoras-usadas\/envolvedora-tosa-2\/#primaryimage\"},\"image\":{\"@id\":\"https:\/\/www.bbmpackaging.com\/es\/maquinas\/usadas\/envolvedoras-usadas\/envolvedora-tosa-2\/#primaryimage\"},\"thumbnailUrl\":\"https:\/\/www.bbmpackaging.com\/wp-content\/uploads\/2025\/10\/fasciatore-tosa-pallet.jpg\",\"datePublished\":\"2025-10-09T08:17:41+00:00\",\"dateModified\":\"2026-03-04T11:19:43+00:00\",\"description\":\"Envolvedora TOSA 2004 con dispositivo de colocaci\u00f3n de tapas. Envolvedora de pal\u00e9s revisada y con garant\u00eda BBM, disponible de inmediato. Vea el v\u00eddeo.\",\"breadcrumb\":{\"@id\":\"https:\/\/www.bbmpackaging.com\/es\/maquinas\/usadas\/envolvedoras-usadas\/envolvedora-tosa-2\/#breadcrumb\"},\"inLanguage\":\"es\",\"potentialAction\":[{\"@type\":\"ReadAction\",\"target\":[\"https:\/\/www.bbmpackaging.com\/es\/maquinas\/usadas\/envolvedoras-usadas\/envolvedora-tosa-2\/\"]}]},{\"@type\":\"ImageObject\",\"inLanguage\":\"es\",\"@id\":\"https:\/\/www.bbmpackaging.com\/es\/maquinas\/usadas\/envolvedoras-usadas\/envolvedora-tosa-2\/#primaryimage\",\"url\":\"https:\/\/www.bbmpackaging.com\/wp-content\/uploads\/2025\/10\/fasciatore-tosa-pallet.jpg\",\"contentUrl\":\"https:\/\/www.bbmpackaging.com\/wp-content\/uploads\/2025\/10\/fasciatore-tosa-pallet.jpg\",\"width\":1400,\"height\":1067},{\"@type\":\"BreadcrumbList\",\"@id\":\"https:\/\/www.bbmpackaging.com\/es\/maquinas\/usadas\/envolvedoras-usadas\/envolvedora-tosa-2\/#breadcrumb\",\"itemListElement\":[{\"@type\":\"ListItem\",\"position\":1,\"name\":\"Home\",\"item\":\"https:\/\/www.bbmpackaging.com\/es\/\"},{\"@type\":\"ListItem\",\"position\":2,\"name\":\"Productos\",\"item\":\"https:\/\/www.bbmpackaging.com\/es\/productos\/\"},{\"@type\":\"ListItem\",\"position\":3,\"name\":\"Usado\",\"item\":\"https:\/\/www.bbmpackaging.com\/es\/maquinas\/usadas\/\"},{\"@type\":\"ListItem\",\"position\":4,\"name\":\"Envolvedoras\",\"item\":\"https:\/\/www.bbmpackaging.com\/es\/maquinas\/envolvedoras-usadas\/\"},{\"@type\":\"ListItem\",\"position\":5,\"name\":\"Envolvedora TOSA\"}]},{\"@type\":\"WebSite\",\"@id\":\"https:\/\/www.bbmpackaging.com\/es\/#website\",\"url\":\"https:\/\/www.bbmpackaging.com\/es\/\",\"name\":\"BBM Packaging\",\"description\":\"Imbottigliamento: macchinari manutenzione e much more\",\"potentialAction\":[{\"@type\":\"SearchAction\",\"target\":{\"@type\":\"EntryPoint\",\"urlTemplate\":\"https:\/\/www.bbmpackaging.com\/es\/?s={search_term_string}\"},\"query-input\":{\"@type\":\"PropertyValueSpecification\",\"valueRequired\":true,\"valueName\":\"search_term_string\"}}],\"inLanguage\":\"es\"}]}<\/script>\n<!-- \/ Yoast SEO plugin. -->","yoast_head_json":{"title":"Envolvedora TOSA - BBM Packaging","description":"Envolvedora TOSA 2004 con dispositivo de colocaci\u00f3n de tapas. Envolvedora de pal\u00e9s revisada y con garant\u00eda BBM, disponible de inmediato. Vea el v\u00eddeo.","robots":{"index":"index","follow":"follow","max-snippet":"max-snippet:-1","max-image-preview":"max-image-preview:large","max-video-preview":"max-video-preview:-1"},"canonical":"https:\/\/www.bbmpackaging.com\/es\/maquinas\/usadas\/envolvedoras-usadas\/envolvedora-tosa-2\/","og_locale":"es_ES","og_type":"article","og_title":"Envolvedora TOSA - BBM Packaging","og_description":"Envolvedora TOSA 2004 con dispositivo de colocaci\u00f3n de tapas. Envolvedora de pal\u00e9s revisada y con garant\u00eda BBM, disponible de inmediato. Vea el v\u00eddeo.","og_url":"https:\/\/www.bbmpackaging.com\/es\/maquinas\/usadas\/envolvedoras-usadas\/envolvedora-tosa-2\/","og_site_name":"BBM Packaging","article_modified_time":"2026-03-04T11:19:43+00:00","og_image":[{"width":1400,"height":1067,"url":"https:\/\/www.bbmpackaging.com\/wp-content\/uploads\/2025\/10\/fasciatore-tosa-pallet.jpg","type":"image\/jpeg"}],"twitter_card":"summary_large_image","twitter_misc":{"Tiempo de lectura":"2 minutos"},"schema":{"@context":"https:\/\/schema.org","@graph":[{"@type":"WebPage","@id":"https:\/\/www.bbmpackaging.com\/es\/maquinas\/usadas\/envolvedoras-usadas\/envolvedora-tosa-2\/","url":"https:\/\/www.bbmpackaging.com\/es\/maquinas\/usadas\/envolvedoras-usadas\/envolvedora-tosa-2\/","name":"Envolvedora TOSA - BBM Packaging","isPartOf":{"@id":"https:\/\/www.bbmpackaging.com\/es\/#website"},"primaryImageOfPage":{"@id":"https:\/\/www.bbmpackaging.com\/es\/maquinas\/usadas\/envolvedoras-usadas\/envolvedora-tosa-2\/#primaryimage"},"image":{"@id":"https:\/\/www.bbmpackaging.com\/es\/maquinas\/usadas\/envolvedoras-usadas\/envolvedora-tosa-2\/#primaryimage"},"thumbnailUrl":"https:\/\/www.bbmpackaging.com\/wp-content\/uploads\/2025\/10\/fasciatore-tosa-pallet.jpg","datePublished":"2025-10-09T08:17:41+00:00","dateModified":"2026-03-04T11:19:43+00:00","description":"Envolvedora TOSA 2004 con dispositivo de colocaci\u00f3n de tapas. Envolvedora de pal\u00e9s revisada y con garant\u00eda BBM, disponible de inmediato. Vea el v\u00eddeo.","breadcrumb":{"@id":"https:\/\/www.bbmpackaging.com\/es\/maquinas\/usadas\/envolvedoras-usadas\/envolvedora-tosa-2\/#breadcrumb"},"inLanguage":"es","potentialAction":[{"@type":"ReadAction","target":["https:\/\/www.bbmpackaging.com\/es\/maquinas\/usadas\/envolvedoras-usadas\/envolvedora-tosa-2\/"]}]},{"@type":"ImageObject","inLanguage":"es","@id":"https:\/\/www.bbmpackaging.com\/es\/maquinas\/usadas\/envolvedoras-usadas\/envolvedora-tosa-2\/#primaryimage","url":"https:\/\/www.bbmpackaging.com\/wp-content\/uploads\/2025\/10\/fasciatore-tosa-pallet.jpg","contentUrl":"https:\/\/www.bbmpackaging.com\/wp-content\/uploads\/2025\/10\/fasciatore-tosa-pallet.jpg","width":1400,"height":1067},{"@type":"BreadcrumbList","@id":"https:\/\/www.bbmpackaging.com\/es\/maquinas\/usadas\/envolvedoras-usadas\/envolvedora-tosa-2\/#breadcrumb","itemListElement":[{"@type":"ListItem","position":1,"name":"Home","item":"https:\/\/www.bbmpackaging.com\/es\/"},{"@type":"ListItem","position":2,"name":"Productos","item":"https:\/\/www.bbmpackaging.com\/es\/productos\/"},{"@type":"ListItem","position":3,"name":"Usado","item":"https:\/\/www.bbmpackaging.com\/es\/maquinas\/usadas\/"},{"@type":"ListItem","position":4,"name":"Envolvedoras","item":"https:\/\/www.bbmpackaging.com\/es\/maquinas\/envolvedoras-usadas\/"},{"@type":"ListItem","position":5,"name":"Envolvedora TOSA"}]},{"@type":"WebSite","@id":"https:\/\/www.bbmpackaging.com\/es\/#website","url":"https:\/\/www.bbmpackaging.com\/es\/","name":"BBM Packaging","description":"Imbottigliamento: macchinari manutenzione e much more","potentialAction":[{"@type":"SearchAction","target":{"@type":"EntryPoint","urlTemplate":"https:\/\/www.bbmpackaging.com\/es\/?s={search_term_string}"},"query-input":{"@type":"PropertyValueSpecification","valueRequired":true,"valueName":"search_term_string"}}],"inLanguage":"es"}]}},"_links":{"self":[{"href":"https:\/\/www.bbmpackaging.com\/es\/wp-json\/wp\/v2\/product\/71449","targetHints":{"allow":["GET"]}}],"collection":[{"href":"https:\/\/www.bbmpackaging.com\/es\/wp-json\/wp\/v2\/product"}],"about":[{"href":"https:\/\/www.bbmpackaging.com\/es\/wp-json\/wp\/v2\/types\/product"}],"replies":[{"embeddable":true,"href":"https:\/\/www.bbmpackaging.com\/es\/wp-json\/wp\/v2\/comments?post=71449"}],"wp:featuredmedia":[{"embeddable":true,"href":"https:\/\/www.bbmpackaging.com\/es\/wp-json\/wp\/v2\/media\/71499"}],"wp:attachment":[{"href":"https:\/\/www.bbmpackaging.com\/es\/wp-json\/wp\/v2\/media?parent=71449"}],"wp:term":[{"taxonomy":"brand","embeddable":true,"href":"https:\/\/www.bbmpackaging.com\/es\/wp-json\/wp\/v2\/brand?post=71449"},{"taxonomy":"product_brand","embeddable":true,"href":"https:\/\/www.bbmpackaging.com\/es\/wp-json\/wp\/v2\/product_brand?post=71449"},{"taxonomy":"product_cat","embeddable":true,"href":"https:\/\/www.bbmpackaging.com\/es\/wp-json\/wp\/v2\/product_cat?post=71449"},{"taxonomy":"product_tag","embeddable":true,"href":"https:\/\/www.bbmpackaging.com\/es\/wp-json\/wp\/v2\/product_tag?post=71449"}],"curies":[{"name":"wp","href":"https:\/\/api.w.org\/{rel}","templated":true}]}}