{"id":71659,"date":"2025-10-10T12:24:38","date_gmt":"2025-10-10T10:24:38","guid":{"rendered":"https:\/\/www.bbmpackaging.com\/?post_type=product&#038;p=71659"},"modified":"2026-02-05T12:27:55","modified_gmt":"2026-02-05T11:27:55","slug":"linea-de-reacondicionamiento-de-latas-en-formato-variety-pack","status":"publish","type":"product","link":"https:\/\/www.bbmpackaging.com\/es\/maquinas\/usadas\/lineas-de-embotellado-usadas\/linea-de-reacondicionamiento-de-latas-en-formato-variety-pack\/","title":{"rendered":"L\u00ednea de reacondicionamiento de latas en formato variety pack"},"content":{"rendered":"<p>L\u00ednea de reacondicionamiento variety pack para latas de 330 ml<br \/><\/br><\/p>\n<p><strong>OCME \u2013 SMI \u2013 TOSA<\/strong> | Disponible a partir de diciembre<br \/><\/br><\/p>\n<p>L\u00ednea completa para la creaci\u00f3n de envases multisabor destinados al mercado de bebidas y a la gran distribuci\u00f3n. Ideal para combinar packs ya preparados (p. ej., refresco de naranja dulce y amargo) y realizar nuevos envases mixtos en wrap-around, bandeja o solo film.<br \/><\/br><\/p>\n<p>Compuesta por:<\/p>\n<ul>\n<li><a href=\"https:\/\/www.bbmpackaging.com\/es\/maquinas\/usadas\/despaletizadoras-usadas\/despaletizador-ocme-pegasus\/\" target=\"_blank\" rel=\"noopener\"><strong>Despaletizador OCME PEGASUS<\/strong><\/a> \u2013 cabeza \u00fanica para dos sabores de producto en dos cintas de salida.<\/li>\n<li><a href=\"https:\/\/www.bbmpackaging.com\/es\/maquinas\/enfajadoras-empaquetadoras-de-bandejas-usadas\/enfajadora-smi-sk-450t\/\" target=\"_blank\" rel=\"noopener\"><strong>Envasadora SMI SK450T<\/strong><\/a> \u2013 envasado flexible en film, bandeja o wrap-around (n. d. video realizado con fines demostrativos, no relacionado con esta operaci\u00f3n espec\u00edfica).<\/li>\n<li><a href=\"https:\/\/www.bbmpackaging.com\/es\/maquinas\/usadas\/paletizadoras-usadas\/paletizador-ocme-pegasus\/\" target=\"_blank\" rel=\"noopener\"><strong>Paletizador OCME PEGASUS<\/strong><\/a> \u2013 alta precisi\u00f3n y velocidad de ciclo.<\/li>\n<li><a href=\"https:\/\/www.bbmpackaging.com\/es\/maquinas\/usadas\/envolvedoras-usadas\/envolvedora-tosa-2\/\" target=\"_blank\" rel=\"noopener\"><strong>Envolvedora TOSA<\/strong><\/a> \u2013 envoltura estable y segura del pallet terminado.<\/li>\n<\/ul>\n<p>Dise\u00f1ada para latas de 330 ml, la l\u00ednea alcanza una velocidad de hasta 30 packs por minuto de 24 unidades cada uno. Est\u00e1 controlada por PLC y HMI Siemens y se destaca por un alto nivel de automatizaci\u00f3n, que permite un funcionamiento eficiente con un n\u00famero reducido de operarios. A petici\u00f3n, BBM puede suministrar la l\u00ednea reacondicionada, con revisi\u00f3n completa, pruebas y garant\u00eda.<br \/><\/br><\/p>\n<p>Tambi\u00e9n est\u00e1n disponibles repuestos compatibles para cintas y m\u00e1quinas, garantizando continuidad operativa y facilidad de mantenimiento. Una soluci\u00f3n ideal para quienes desean ampliar su oferta con variety packs de alta eficiencia, tiempos de entrega r\u00e1pidos y m\u00e1xima fiabilidad.<\/p>\n","protected":false},"excerpt":{"rendered":"<p>L\u00ednea de reacondicionamiento de cajas de latas en formato variety pack<\/p>\n","protected":false},"featured_media":72347,"comment_status":"closed","ping_status":"closed","template":"","meta":{"_acf_changed":false},"brand":[7501],"product_brand":[],"product_cat":[1104,1107,1109],"product_tag":[],"class_list":{"0":"post-71659","1":"product","2":"type-product","3":"status-publish","4":"has-post-thumbnail","6":"brand-multimarca","7":"product_cat-maquinas","8":"product_cat-usadas","9":"product_cat-lineas-de-embotellado-usadas","11":"first","12":"instock","13":"shipping-taxable","14":"product-type-simple"},"acf":[],"yoast_head":"<!-- This site is optimized with the Yoast SEO plugin v27.2 - https:\/\/yoast.com\/product\/yoast-seo-wordpress\/ -->\n<title>L\u00ednea de reacondicionamiento de latas en formato variety pack - BBM Packaging<\/title>\n<meta name=\"description\" content=\"L\u00ednea de reacondicionamiento de latas en packs variados, ideal para crear envases multisabor en bandeja o solo film. Incluye OCME, SMI y TOSA.\" \/>\n<meta name=\"robots\" content=\"index, follow, max-snippet:-1, max-image-preview:large, max-video-preview:-1\" \/>\n<link rel=\"canonical\" href=\"https:\/\/www.bbmpackaging.com\/es\/maquinas\/usadas\/lineas-de-embotellado-usadas\/linea-de-reacondicionamiento-de-latas-en-formato-variety-pack\/\" \/>\n<meta property=\"og:locale\" content=\"es_ES\" \/>\n<meta property=\"og:type\" content=\"article\" \/>\n<meta property=\"og:title\" content=\"L\u00ednea de reacondicionamiento de latas en formato variety pack - BBM Packaging\" \/>\n<meta property=\"og:description\" content=\"L\u00ednea de reacondicionamiento de latas en packs variados, ideal para crear envases multisabor en bandeja o solo film. Incluye OCME, SMI y TOSA.\" \/>\n<meta property=\"og:url\" content=\"https:\/\/www.bbmpackaging.com\/es\/maquinas\/usadas\/lineas-de-embotellado-usadas\/linea-de-reacondicionamiento-de-latas-en-formato-variety-pack\/\" \/>\n<meta property=\"og:site_name\" content=\"BBM Packaging\" \/>\n<meta property=\"article:modified_time\" content=\"2026-02-05T11:27:55+00:00\" \/>\n<meta property=\"og:image\" content=\"https:\/\/www.bbmpackaging.com\/wp-content\/uploads\/2025\/10\/linea-reacondicionamiento-latas-formato-variety-1.jpg\" \/>\n\t<meta property=\"og:image:width\" content=\"1440\" \/>\n\t<meta property=\"og:image:height\" content=\"1080\" \/>\n\t<meta property=\"og:image:type\" content=\"image\/jpeg\" \/>\n<meta name=\"twitter:card\" content=\"summary_large_image\" \/>\n<meta name=\"twitter:label1\" content=\"Tiempo de lectura\" \/>\n\t<meta name=\"twitter:data1\" content=\"2 minutos\" \/>\n<script type=\"application\/ld+json\" class=\"yoast-schema-graph\">{\"@context\":\"https:\/\/schema.org\",\"@graph\":[{\"@type\":\"WebPage\",\"@id\":\"https:\/\/www.bbmpackaging.com\/es\/maquinas\/usadas\/lineas-de-embotellado-usadas\/linea-de-reacondicionamiento-de-latas-en-formato-variety-pack\/\",\"url\":\"https:\/\/www.bbmpackaging.com\/es\/maquinas\/usadas\/lineas-de-embotellado-usadas\/linea-de-reacondicionamiento-de-latas-en-formato-variety-pack\/\",\"name\":\"L\u00ednea de reacondicionamiento de latas en formato variety pack - BBM Packaging\",\"isPartOf\":{\"@id\":\"https:\/\/www.bbmpackaging.com\/es\/#website\"},\"primaryImageOfPage\":{\"@id\":\"https:\/\/www.bbmpackaging.com\/es\/maquinas\/usadas\/lineas-de-embotellado-usadas\/linea-de-reacondicionamiento-de-latas-en-formato-variety-pack\/#primaryimage\"},\"image\":{\"@id\":\"https:\/\/www.bbmpackaging.com\/es\/maquinas\/usadas\/lineas-de-embotellado-usadas\/linea-de-reacondicionamiento-de-latas-en-formato-variety-pack\/#primaryimage\"},\"thumbnailUrl\":\"https:\/\/www.bbmpackaging.com\/wp-content\/uploads\/2025\/10\/linea-reacondicionamiento-latas-formato-variety-1.jpg\",\"datePublished\":\"2025-10-10T10:24:38+00:00\",\"dateModified\":\"2026-02-05T11:27:55+00:00\",\"description\":\"L\u00ednea de reacondicionamiento de latas en packs variados, ideal para crear envases multisabor en bandeja o solo film. Incluye OCME, SMI y TOSA.\",\"breadcrumb\":{\"@id\":\"https:\/\/www.bbmpackaging.com\/es\/maquinas\/usadas\/lineas-de-embotellado-usadas\/linea-de-reacondicionamiento-de-latas-en-formato-variety-pack\/#breadcrumb\"},\"inLanguage\":\"es\",\"potentialAction\":[{\"@type\":\"ReadAction\",\"target\":[\"https:\/\/www.bbmpackaging.com\/es\/maquinas\/usadas\/lineas-de-embotellado-usadas\/linea-de-reacondicionamiento-de-latas-en-formato-variety-pack\/\"]}]},{\"@type\":\"ImageObject\",\"inLanguage\":\"es\",\"@id\":\"https:\/\/www.bbmpackaging.com\/es\/maquinas\/usadas\/lineas-de-embotellado-usadas\/linea-de-reacondicionamiento-de-latas-en-formato-variety-pack\/#primaryimage\",\"url\":\"https:\/\/www.bbmpackaging.com\/wp-content\/uploads\/2025\/10\/linea-reacondicionamiento-latas-formato-variety-1.jpg\",\"contentUrl\":\"https:\/\/www.bbmpackaging.com\/wp-content\/uploads\/2025\/10\/linea-reacondicionamiento-latas-formato-variety-1.jpg\",\"width\":1440,\"height\":1080,\"caption\":\"L\u00ednea completa para el reenvasado de latas de 330 ml en packs variados de varios sabores, con m\u00e1quinas OCME, SMI y TOSA. En venta.\"},{\"@type\":\"BreadcrumbList\",\"@id\":\"https:\/\/www.bbmpackaging.com\/es\/maquinas\/usadas\/lineas-de-embotellado-usadas\/linea-de-reacondicionamiento-de-latas-en-formato-variety-pack\/#breadcrumb\",\"itemListElement\":[{\"@type\":\"ListItem\",\"position\":1,\"name\":\"Home\",\"item\":\"https:\/\/www.bbmpackaging.com\/es\/\"},{\"@type\":\"ListItem\",\"position\":2,\"name\":\"Productos\",\"item\":\"https:\/\/www.bbmpackaging.com\/es\/productos\/\"},{\"@type\":\"ListItem\",\"position\":3,\"name\":\"Usado\",\"item\":\"https:\/\/www.bbmpackaging.com\/es\/maquinas\/usadas\/\"},{\"@type\":\"ListItem\",\"position\":4,\"name\":\"L\u00edneas de embotellado y envasado\",\"item\":\"https:\/\/www.bbmpackaging.com\/es\/maquinas\/lineas-de-embotellado-usadas\/\"},{\"@type\":\"ListItem\",\"position\":5,\"name\":\"L\u00ednea de reacondicionamiento de latas en formato variety pack\"}]},{\"@type\":\"WebSite\",\"@id\":\"https:\/\/www.bbmpackaging.com\/es\/#website\",\"url\":\"https:\/\/www.bbmpackaging.com\/es\/\",\"name\":\"BBM Packaging\",\"description\":\"Imbottigliamento: macchinari manutenzione e much more\",\"potentialAction\":[{\"@type\":\"SearchAction\",\"target\":{\"@type\":\"EntryPoint\",\"urlTemplate\":\"https:\/\/www.bbmpackaging.com\/es\/?s={search_term_string}\"},\"query-input\":{\"@type\":\"PropertyValueSpecification\",\"valueRequired\":true,\"valueName\":\"search_term_string\"}}],\"inLanguage\":\"es\"}]}<\/script>\n<!-- \/ Yoast SEO plugin. -->","yoast_head_json":{"title":"L\u00ednea de reacondicionamiento de latas en formato variety pack - BBM Packaging","description":"L\u00ednea de reacondicionamiento de latas en packs variados, ideal para crear envases multisabor en bandeja o solo film. Incluye OCME, SMI y TOSA.","robots":{"index":"index","follow":"follow","max-snippet":"max-snippet:-1","max-image-preview":"max-image-preview:large","max-video-preview":"max-video-preview:-1"},"canonical":"https:\/\/www.bbmpackaging.com\/es\/maquinas\/usadas\/lineas-de-embotellado-usadas\/linea-de-reacondicionamiento-de-latas-en-formato-variety-pack\/","og_locale":"es_ES","og_type":"article","og_title":"L\u00ednea de reacondicionamiento de latas en formato variety pack - BBM Packaging","og_description":"L\u00ednea de reacondicionamiento de latas en packs variados, ideal para crear envases multisabor en bandeja o solo film. Incluye OCME, SMI y TOSA.","og_url":"https:\/\/www.bbmpackaging.com\/es\/maquinas\/usadas\/lineas-de-embotellado-usadas\/linea-de-reacondicionamiento-de-latas-en-formato-variety-pack\/","og_site_name":"BBM Packaging","article_modified_time":"2026-02-05T11:27:55+00:00","og_image":[{"width":1440,"height":1080,"url":"https:\/\/www.bbmpackaging.com\/wp-content\/uploads\/2025\/10\/linea-reacondicionamiento-latas-formato-variety-1.jpg","type":"image\/jpeg"}],"twitter_card":"summary_large_image","twitter_misc":{"Tiempo de lectura":"2 minutos"},"schema":{"@context":"https:\/\/schema.org","@graph":[{"@type":"WebPage","@id":"https:\/\/www.bbmpackaging.com\/es\/maquinas\/usadas\/lineas-de-embotellado-usadas\/linea-de-reacondicionamiento-de-latas-en-formato-variety-pack\/","url":"https:\/\/www.bbmpackaging.com\/es\/maquinas\/usadas\/lineas-de-embotellado-usadas\/linea-de-reacondicionamiento-de-latas-en-formato-variety-pack\/","name":"L\u00ednea de reacondicionamiento de latas en formato variety pack - BBM Packaging","isPartOf":{"@id":"https:\/\/www.bbmpackaging.com\/es\/#website"},"primaryImageOfPage":{"@id":"https:\/\/www.bbmpackaging.com\/es\/maquinas\/usadas\/lineas-de-embotellado-usadas\/linea-de-reacondicionamiento-de-latas-en-formato-variety-pack\/#primaryimage"},"image":{"@id":"https:\/\/www.bbmpackaging.com\/es\/maquinas\/usadas\/lineas-de-embotellado-usadas\/linea-de-reacondicionamiento-de-latas-en-formato-variety-pack\/#primaryimage"},"thumbnailUrl":"https:\/\/www.bbmpackaging.com\/wp-content\/uploads\/2025\/10\/linea-reacondicionamiento-latas-formato-variety-1.jpg","datePublished":"2025-10-10T10:24:38+00:00","dateModified":"2026-02-05T11:27:55+00:00","description":"L\u00ednea de reacondicionamiento de latas en packs variados, ideal para crear envases multisabor en bandeja o solo film. Incluye OCME, SMI y TOSA.","breadcrumb":{"@id":"https:\/\/www.bbmpackaging.com\/es\/maquinas\/usadas\/lineas-de-embotellado-usadas\/linea-de-reacondicionamiento-de-latas-en-formato-variety-pack\/#breadcrumb"},"inLanguage":"es","potentialAction":[{"@type":"ReadAction","target":["https:\/\/www.bbmpackaging.com\/es\/maquinas\/usadas\/lineas-de-embotellado-usadas\/linea-de-reacondicionamiento-de-latas-en-formato-variety-pack\/"]}]},{"@type":"ImageObject","inLanguage":"es","@id":"https:\/\/www.bbmpackaging.com\/es\/maquinas\/usadas\/lineas-de-embotellado-usadas\/linea-de-reacondicionamiento-de-latas-en-formato-variety-pack\/#primaryimage","url":"https:\/\/www.bbmpackaging.com\/wp-content\/uploads\/2025\/10\/linea-reacondicionamiento-latas-formato-variety-1.jpg","contentUrl":"https:\/\/www.bbmpackaging.com\/wp-content\/uploads\/2025\/10\/linea-reacondicionamiento-latas-formato-variety-1.jpg","width":1440,"height":1080,"caption":"L\u00ednea completa para el reenvasado de latas de 330 ml en packs variados de varios sabores, con m\u00e1quinas OCME, SMI y TOSA. En venta."},{"@type":"BreadcrumbList","@id":"https:\/\/www.bbmpackaging.com\/es\/maquinas\/usadas\/lineas-de-embotellado-usadas\/linea-de-reacondicionamiento-de-latas-en-formato-variety-pack\/#breadcrumb","itemListElement":[{"@type":"ListItem","position":1,"name":"Home","item":"https:\/\/www.bbmpackaging.com\/es\/"},{"@type":"ListItem","position":2,"name":"Productos","item":"https:\/\/www.bbmpackaging.com\/es\/productos\/"},{"@type":"ListItem","position":3,"name":"Usado","item":"https:\/\/www.bbmpackaging.com\/es\/maquinas\/usadas\/"},{"@type":"ListItem","position":4,"name":"L\u00edneas de embotellado y envasado","item":"https:\/\/www.bbmpackaging.com\/es\/maquinas\/lineas-de-embotellado-usadas\/"},{"@type":"ListItem","position":5,"name":"L\u00ednea de reacondicionamiento de latas en formato variety pack"}]},{"@type":"WebSite","@id":"https:\/\/www.bbmpackaging.com\/es\/#website","url":"https:\/\/www.bbmpackaging.com\/es\/","name":"BBM Packaging","description":"Imbottigliamento: macchinari manutenzione e much more","potentialAction":[{"@type":"SearchAction","target":{"@type":"EntryPoint","urlTemplate":"https:\/\/www.bbmpackaging.com\/es\/?s={search_term_string}"},"query-input":{"@type":"PropertyValueSpecification","valueRequired":true,"valueName":"search_term_string"}}],"inLanguage":"es"}]}},"_links":{"self":[{"href":"https:\/\/www.bbmpackaging.com\/es\/wp-json\/wp\/v2\/product\/71659","targetHints":{"allow":["GET"]}}],"collection":[{"href":"https:\/\/www.bbmpackaging.com\/es\/wp-json\/wp\/v2\/product"}],"about":[{"href":"https:\/\/www.bbmpackaging.com\/es\/wp-json\/wp\/v2\/types\/product"}],"replies":[{"embeddable":true,"href":"https:\/\/www.bbmpackaging.com\/es\/wp-json\/wp\/v2\/comments?post=71659"}],"wp:featuredmedia":[{"embeddable":true,"href":"https:\/\/www.bbmpackaging.com\/es\/wp-json\/wp\/v2\/media\/72347"}],"wp:attachment":[{"href":"https:\/\/www.bbmpackaging.com\/es\/wp-json\/wp\/v2\/media?parent=71659"}],"wp:term":[{"taxonomy":"brand","embeddable":true,"href":"https:\/\/www.bbmpackaging.com\/es\/wp-json\/wp\/v2\/brand?post=71659"},{"taxonomy":"product_brand","embeddable":true,"href":"https:\/\/www.bbmpackaging.com\/es\/wp-json\/wp\/v2\/product_brand?post=71659"},{"taxonomy":"product_cat","embeddable":true,"href":"https:\/\/www.bbmpackaging.com\/es\/wp-json\/wp\/v2\/product_cat?post=71659"},{"taxonomy":"product_tag","embeddable":true,"href":"https:\/\/www.bbmpackaging.com\/es\/wp-json\/wp\/v2\/product_tag?post=71659"}],"curies":[{"name":"wp","href":"https:\/\/api.w.org\/{rel}","templated":true}]}}