{"id":73018,"date":"2025-11-18T14:10:14","date_gmt":"2025-11-18T13:10:14","guid":{"rendered":"https:\/\/www.bbmpackaging.com\/?post_type=product&#038;p=73018"},"modified":"2026-02-05T12:30:45","modified_gmt":"2026-02-05T11:30:45","slug":"compresor-atlas-copco","status":"publish","type":"product","link":"https:\/\/www.bbmpackaging.com\/es\/maquinas\/usadas\/otras-maquinas-usadas\/compresor-atlas-copco\/","title":{"rendered":"Compresor ATLAS Copco"},"content":{"rendered":"<p data-start=\"1349\" data-end=\"1620\">Un <strong data-start=\"1352\" data-end=\"1379\">compresor industrial<\/strong> es una m\u00e1quina que aspira aire del exterior y lo comprime hasta alcanzar la presi\u00f3n necesaria para alimentar instalaciones, equipos y procesos productivos. En los sectores del packaging y del beverage, el compresor es fundamental para:<\/p>\n<ul data-start=\"1622\" data-end=\"1880\">\n<li data-start=\"1622\" data-end=\"1707\">\n<p data-start=\"1624\" data-end=\"1707\"><strong data-start=\"1624\" data-end=\"1665\">Alimentar m\u00e1quinas de soplado PET<\/strong> que moldean las preformas en botellas.<\/p>\n<\/li>\n<\/ul>\n<p>El <strong data-start=\"185\" data-end=\"219\">Compresor ATLAS COPCO (2009)<\/strong> propuesto por BBM Packaging est\u00e1 dise\u00f1ado para ofrecer rendimiento industrial, con una velocidad m\u00e1xima de 37,5 m\u00b3\/h (25.000 bph) y una presi\u00f3n de trabajo de 40 bar, garantizando un flujo de aire constante y preciso incluso en las aplicaciones m\u00e1s exigentes.<\/p>\n<p data-start=\"622\" data-end=\"656\">Disponible en dos configuraciones:<\/p>\n<ul>\n<li data-start=\"659\" data-end=\"692\"><strong data-start=\"659\" data-end=\"692\">Condici\u00f3n \u201cvisto y aprobado\u201d<\/strong><\/li>\n<li data-start=\"695\" data-end=\"759\"><strong data-start=\"695\" data-end=\"731\">Versi\u00f3n revisada y garantizada<\/strong>, con una <strong data-start=\"737\" data-end=\"759\">garant\u00eda de 6 meses<\/strong><\/li>\n<\/ul>\n<p data-start=\"761\" data-end=\"949\">La m\u00e1quina es <strong data-start=\"778\" data-end=\"832\">inspeccionable en el Showroom de BBM en Lenna (BG)<\/strong> y puede suministrarse con <strong data-start=\"858\" data-end=\"879\">opciones dedicadas<\/strong> para adaptarse a las necesidades espec\u00edficas de su l\u00ednea de producci\u00f3n. Este compresor ha sido <strong data-start=\"1307\" data-end=\"1354\">mantenido siempre en condiciones excelentes<\/strong>, gracias a un <strong data-start=\"1369\" data-end=\"1458\">mantenimiento regular realizado exclusivamente por el servicio oficial de Atlas Copco<\/strong>.<br data-start=\"1459\" data-end=\"1462\">Siempre se han utilizado <strong data-start=\"1487\" data-end=\"1511\">repuestos originales<\/strong> y <strong data-start=\"1514\" data-end=\"1539\">t\u00e9cnicos certificados<\/strong>, lo que garantiza fiabilidad, alto rendimiento y una larga vida \u00fatil.<\/p>\n","protected":false},"excerpt":{"rendered":"<p>Compresor ATLAS Copco para m\u00e1quinas sopladoras<\/p>\n","protected":false},"featured_media":73022,"comment_status":"closed","ping_status":"closed","template":"","meta":{"_acf_changed":false},"brand":[7507],"product_brand":[],"product_cat":[1104,1129,1107],"product_tag":[],"class_list":{"0":"post-73018","1":"product","2":"type-product","3":"status-publish","4":"has-post-thumbnail","6":"brand-atlas-copco","7":"product_cat-maquinas","8":"product_cat-otras-maquinas-usadas","9":"product_cat-usadas","11":"first","12":"instock","13":"shipping-taxable","14":"product-type-simple"},"acf":[],"yoast_head":"<!-- This site is optimized with the Yoast SEO plugin v27.2 - https:\/\/yoast.com\/product\/yoast-seo-wordpress\/ -->\n<title>Compresor ATLAS Copco - BBM Packaging<\/title>\n<meta name=\"description\" content=\"Compresor Atlas Copco 2009 de 40 bar y 25 m\u00b3\/h, dise\u00f1ado para suministrar aire comprimido estable a m\u00e1quinas de soplado de PET de hasta 25 000 bph\" \/>\n<meta name=\"robots\" content=\"index, follow, max-snippet:-1, max-image-preview:large, max-video-preview:-1\" \/>\n<link rel=\"canonical\" href=\"https:\/\/www.bbmpackaging.com\/es\/maquinas\/usadas\/otras-maquinas-usadas\/compresor-atlas-copco\/\" \/>\n<meta property=\"og:locale\" content=\"es_ES\" \/>\n<meta property=\"og:type\" content=\"article\" \/>\n<meta property=\"og:title\" content=\"Compresor ATLAS Copco - BBM Packaging\" \/>\n<meta property=\"og:description\" content=\"Compresor Atlas Copco 2009 de 40 bar y 25 m\u00b3\/h, dise\u00f1ado para suministrar aire comprimido estable a m\u00e1quinas de soplado de PET de hasta 25 000 bph\" \/>\n<meta property=\"og:url\" content=\"https:\/\/www.bbmpackaging.com\/es\/maquinas\/usadas\/otras-maquinas-usadas\/compresor-atlas-copco\/\" \/>\n<meta property=\"og:site_name\" content=\"BBM Packaging\" \/>\n<meta property=\"article:modified_time\" content=\"2026-02-05T11:30:45+00:00\" \/>\n<meta property=\"og:image\" content=\"https:\/\/www.bbmpackaging.com\/wp-content\/uploads\/2025\/11\/compresor-atlas-copco-2.jpg\" \/>\n\t<meta property=\"og:image:width\" content=\"1440\" \/>\n\t<meta property=\"og:image:height\" content=\"1080\" \/>\n\t<meta property=\"og:image:type\" content=\"image\/jpeg\" \/>\n<meta name=\"twitter:card\" content=\"summary_large_image\" \/>\n<meta name=\"twitter:label1\" content=\"Tiempo de lectura\" \/>\n\t<meta name=\"twitter:data1\" content=\"1 minuto\" \/>\n<script type=\"application\/ld+json\" class=\"yoast-schema-graph\">{\"@context\":\"https:\/\/schema.org\",\"@graph\":[{\"@type\":\"WebPage\",\"@id\":\"https:\/\/www.bbmpackaging.com\/es\/maquinas\/usadas\/otras-maquinas-usadas\/compresor-atlas-copco\/\",\"url\":\"https:\/\/www.bbmpackaging.com\/es\/maquinas\/usadas\/otras-maquinas-usadas\/compresor-atlas-copco\/\",\"name\":\"Compresor ATLAS Copco - BBM Packaging\",\"isPartOf\":{\"@id\":\"https:\/\/www.bbmpackaging.com\/es\/#website\"},\"primaryImageOfPage\":{\"@id\":\"https:\/\/www.bbmpackaging.com\/es\/maquinas\/usadas\/otras-maquinas-usadas\/compresor-atlas-copco\/#primaryimage\"},\"image\":{\"@id\":\"https:\/\/www.bbmpackaging.com\/es\/maquinas\/usadas\/otras-maquinas-usadas\/compresor-atlas-copco\/#primaryimage\"},\"thumbnailUrl\":\"https:\/\/www.bbmpackaging.com\/wp-content\/uploads\/2025\/11\/compresor-atlas-copco-2.jpg\",\"datePublished\":\"2025-11-18T13:10:14+00:00\",\"dateModified\":\"2026-02-05T11:30:45+00:00\",\"description\":\"Compresor Atlas Copco 2009 de 40 bar y 25 m\u00b3\/h, dise\u00f1ado para suministrar aire comprimido estable a m\u00e1quinas de soplado de PET de hasta 25 000 bph\",\"breadcrumb\":{\"@id\":\"https:\/\/www.bbmpackaging.com\/es\/maquinas\/usadas\/otras-maquinas-usadas\/compresor-atlas-copco\/#breadcrumb\"},\"inLanguage\":\"es\",\"potentialAction\":[{\"@type\":\"ReadAction\",\"target\":[\"https:\/\/www.bbmpackaging.com\/es\/maquinas\/usadas\/otras-maquinas-usadas\/compresor-atlas-copco\/\"]}]},{\"@type\":\"ImageObject\",\"inLanguage\":\"es\",\"@id\":\"https:\/\/www.bbmpackaging.com\/es\/maquinas\/usadas\/otras-maquinas-usadas\/compresor-atlas-copco\/#primaryimage\",\"url\":\"https:\/\/www.bbmpackaging.com\/wp-content\/uploads\/2025\/11\/compresor-atlas-copco-2.jpg\",\"contentUrl\":\"https:\/\/www.bbmpackaging.com\/wp-content\/uploads\/2025\/11\/compresor-atlas-copco-2.jpg\",\"width\":1440,\"height\":1080,\"caption\":\"Compresor Atlas Copco 2009 de 40 bar y 25 m\u00b3\/h, dise\u00f1ado para suministrar aire comprimido estable a m\u00e1quinas de soplado de PET de hasta 25 000 bph\"},{\"@type\":\"BreadcrumbList\",\"@id\":\"https:\/\/www.bbmpackaging.com\/es\/maquinas\/usadas\/otras-maquinas-usadas\/compresor-atlas-copco\/#breadcrumb\",\"itemListElement\":[{\"@type\":\"ListItem\",\"position\":1,\"name\":\"Home\",\"item\":\"https:\/\/www.bbmpackaging.com\/es\/\"},{\"@type\":\"ListItem\",\"position\":2,\"name\":\"Productos\",\"item\":\"https:\/\/www.bbmpackaging.com\/es\/productos\/\"},{\"@type\":\"ListItem\",\"position\":3,\"name\":\"Usado\",\"item\":\"https:\/\/www.bbmpackaging.com\/es\/maquinas\/usadas\/\"},{\"@type\":\"ListItem\",\"position\":4,\"name\":\"Otras m\u00e1quinas y componentes\",\"item\":\"https:\/\/www.bbmpackaging.com\/es\/maquinas\/otras-maquinas-usadas\/\"},{\"@type\":\"ListItem\",\"position\":5,\"name\":\"Compresor ATLAS Copco\"}]},{\"@type\":\"WebSite\",\"@id\":\"https:\/\/www.bbmpackaging.com\/es\/#website\",\"url\":\"https:\/\/www.bbmpackaging.com\/es\/\",\"name\":\"BBM Packaging\",\"description\":\"Imbottigliamento: macchinari manutenzione e much more\",\"potentialAction\":[{\"@type\":\"SearchAction\",\"target\":{\"@type\":\"EntryPoint\",\"urlTemplate\":\"https:\/\/www.bbmpackaging.com\/es\/?s={search_term_string}\"},\"query-input\":{\"@type\":\"PropertyValueSpecification\",\"valueRequired\":true,\"valueName\":\"search_term_string\"}}],\"inLanguage\":\"es\"}]}<\/script>\n<!-- \/ Yoast SEO plugin. -->","yoast_head_json":{"title":"Compresor ATLAS Copco - BBM Packaging","description":"Compresor Atlas Copco 2009 de 40 bar y 25 m\u00b3\/h, dise\u00f1ado para suministrar aire comprimido estable a m\u00e1quinas de soplado de PET de hasta 25 000 bph","robots":{"index":"index","follow":"follow","max-snippet":"max-snippet:-1","max-image-preview":"max-image-preview:large","max-video-preview":"max-video-preview:-1"},"canonical":"https:\/\/www.bbmpackaging.com\/es\/maquinas\/usadas\/otras-maquinas-usadas\/compresor-atlas-copco\/","og_locale":"es_ES","og_type":"article","og_title":"Compresor ATLAS Copco - BBM Packaging","og_description":"Compresor Atlas Copco 2009 de 40 bar y 25 m\u00b3\/h, dise\u00f1ado para suministrar aire comprimido estable a m\u00e1quinas de soplado de PET de hasta 25 000 bph","og_url":"https:\/\/www.bbmpackaging.com\/es\/maquinas\/usadas\/otras-maquinas-usadas\/compresor-atlas-copco\/","og_site_name":"BBM Packaging","article_modified_time":"2026-02-05T11:30:45+00:00","og_image":[{"width":1440,"height":1080,"url":"https:\/\/www.bbmpackaging.com\/wp-content\/uploads\/2025\/11\/compresor-atlas-copco-2.jpg","type":"image\/jpeg"}],"twitter_card":"summary_large_image","twitter_misc":{"Tiempo de lectura":"1 minuto"},"schema":{"@context":"https:\/\/schema.org","@graph":[{"@type":"WebPage","@id":"https:\/\/www.bbmpackaging.com\/es\/maquinas\/usadas\/otras-maquinas-usadas\/compresor-atlas-copco\/","url":"https:\/\/www.bbmpackaging.com\/es\/maquinas\/usadas\/otras-maquinas-usadas\/compresor-atlas-copco\/","name":"Compresor ATLAS Copco - BBM Packaging","isPartOf":{"@id":"https:\/\/www.bbmpackaging.com\/es\/#website"},"primaryImageOfPage":{"@id":"https:\/\/www.bbmpackaging.com\/es\/maquinas\/usadas\/otras-maquinas-usadas\/compresor-atlas-copco\/#primaryimage"},"image":{"@id":"https:\/\/www.bbmpackaging.com\/es\/maquinas\/usadas\/otras-maquinas-usadas\/compresor-atlas-copco\/#primaryimage"},"thumbnailUrl":"https:\/\/www.bbmpackaging.com\/wp-content\/uploads\/2025\/11\/compresor-atlas-copco-2.jpg","datePublished":"2025-11-18T13:10:14+00:00","dateModified":"2026-02-05T11:30:45+00:00","description":"Compresor Atlas Copco 2009 de 40 bar y 25 m\u00b3\/h, dise\u00f1ado para suministrar aire comprimido estable a m\u00e1quinas de soplado de PET de hasta 25 000 bph","breadcrumb":{"@id":"https:\/\/www.bbmpackaging.com\/es\/maquinas\/usadas\/otras-maquinas-usadas\/compresor-atlas-copco\/#breadcrumb"},"inLanguage":"es","potentialAction":[{"@type":"ReadAction","target":["https:\/\/www.bbmpackaging.com\/es\/maquinas\/usadas\/otras-maquinas-usadas\/compresor-atlas-copco\/"]}]},{"@type":"ImageObject","inLanguage":"es","@id":"https:\/\/www.bbmpackaging.com\/es\/maquinas\/usadas\/otras-maquinas-usadas\/compresor-atlas-copco\/#primaryimage","url":"https:\/\/www.bbmpackaging.com\/wp-content\/uploads\/2025\/11\/compresor-atlas-copco-2.jpg","contentUrl":"https:\/\/www.bbmpackaging.com\/wp-content\/uploads\/2025\/11\/compresor-atlas-copco-2.jpg","width":1440,"height":1080,"caption":"Compresor Atlas Copco 2009 de 40 bar y 25 m\u00b3\/h, dise\u00f1ado para suministrar aire comprimido estable a m\u00e1quinas de soplado de PET de hasta 25 000 bph"},{"@type":"BreadcrumbList","@id":"https:\/\/www.bbmpackaging.com\/es\/maquinas\/usadas\/otras-maquinas-usadas\/compresor-atlas-copco\/#breadcrumb","itemListElement":[{"@type":"ListItem","position":1,"name":"Home","item":"https:\/\/www.bbmpackaging.com\/es\/"},{"@type":"ListItem","position":2,"name":"Productos","item":"https:\/\/www.bbmpackaging.com\/es\/productos\/"},{"@type":"ListItem","position":3,"name":"Usado","item":"https:\/\/www.bbmpackaging.com\/es\/maquinas\/usadas\/"},{"@type":"ListItem","position":4,"name":"Otras m\u00e1quinas y componentes","item":"https:\/\/www.bbmpackaging.com\/es\/maquinas\/otras-maquinas-usadas\/"},{"@type":"ListItem","position":5,"name":"Compresor ATLAS Copco"}]},{"@type":"WebSite","@id":"https:\/\/www.bbmpackaging.com\/es\/#website","url":"https:\/\/www.bbmpackaging.com\/es\/","name":"BBM Packaging","description":"Imbottigliamento: macchinari manutenzione e much more","potentialAction":[{"@type":"SearchAction","target":{"@type":"EntryPoint","urlTemplate":"https:\/\/www.bbmpackaging.com\/es\/?s={search_term_string}"},"query-input":{"@type":"PropertyValueSpecification","valueRequired":true,"valueName":"search_term_string"}}],"inLanguage":"es"}]}},"_links":{"self":[{"href":"https:\/\/www.bbmpackaging.com\/es\/wp-json\/wp\/v2\/product\/73018","targetHints":{"allow":["GET"]}}],"collection":[{"href":"https:\/\/www.bbmpackaging.com\/es\/wp-json\/wp\/v2\/product"}],"about":[{"href":"https:\/\/www.bbmpackaging.com\/es\/wp-json\/wp\/v2\/types\/product"}],"replies":[{"embeddable":true,"href":"https:\/\/www.bbmpackaging.com\/es\/wp-json\/wp\/v2\/comments?post=73018"}],"wp:featuredmedia":[{"embeddable":true,"href":"https:\/\/www.bbmpackaging.com\/es\/wp-json\/wp\/v2\/media\/73022"}],"wp:attachment":[{"href":"https:\/\/www.bbmpackaging.com\/es\/wp-json\/wp\/v2\/media?parent=73018"}],"wp:term":[{"taxonomy":"brand","embeddable":true,"href":"https:\/\/www.bbmpackaging.com\/es\/wp-json\/wp\/v2\/brand?post=73018"},{"taxonomy":"product_brand","embeddable":true,"href":"https:\/\/www.bbmpackaging.com\/es\/wp-json\/wp\/v2\/product_brand?post=73018"},{"taxonomy":"product_cat","embeddable":true,"href":"https:\/\/www.bbmpackaging.com\/es\/wp-json\/wp\/v2\/product_cat?post=73018"},{"taxonomy":"product_tag","embeddable":true,"href":"https:\/\/www.bbmpackaging.com\/es\/wp-json\/wp\/v2\/product_tag?post=73018"}],"curies":[{"name":"wp","href":"https:\/\/api.w.org\/{rel}","templated":true}]}}