{"id":73427,"date":"2025-12-04T11:56:10","date_gmt":"2025-12-04T10:56:10","guid":{"rendered":"https:\/\/www.bbmpackaging.com\/?post_type=product&#038;p=73427"},"modified":"2026-03-04T12:17:46","modified_gmt":"2026-03-04T11:17:46","slug":"envolvedora-bema-silkworm","status":"publish","type":"product","link":"https:\/\/www.bbmpackaging.com\/es\/maquinas\/usadas\/envolvedoras-usadas\/envolvedora-bema-silkworm\/","title":{"rendered":"Envolvedora BEMA Silkworm"},"content":{"rendered":"<p>El envolvedora Bema 2010 es una <strong>m\u00e1quina envolvedora<\/strong> que aplica film extensible alrededor de palets de cajas, cajones o packs de botellas, garantizando la estabilidad de la carga y la protecci\u00f3n durante el transporte.<br \/>\nDise\u00f1ada para l\u00edneas de hasta 25.000 bph, maneja palets 800\u00d71200 con alta fiabilidad. Est\u00e1 equipada con 2 bobinas con cambio autom\u00e1tico para evitar paradas de l\u00ednea y con un PLC Siemens. Disponible as is o completamente revisada con 6 meses de garant\u00eda. Bajo petici\u00f3n, tambi\u00e9n est\u00e1n disponibles rodillos para la extracci\u00f3n de palets.<\/p>\n<p><strong><a href=\"https:\/\/www.bbmpackaging.com\/es\/maquinas\/envolvedoras-usadas\/\" target=\"_blank\" rel=\"noopener\">Descubre otros envolvedoras disponibles.<\/a><\/strong><\/p>\n","protected":false},"excerpt":{"rendered":"<p>Envolvedora Bema 2010: envuelve pal\u00e9s hasta 25 000 bph con 2 bobinas y cambio autom\u00e1tico, disponible tal cual o revisada. La velocidad indicada en botellas por hora se refiere al formato est\u00e1ndar de 1500 ml en embalaje 3&#215;2.<\/p>\n","protected":false},"featured_media":73436,"comment_status":"closed","ping_status":"closed","template":"","meta":{"_acf_changed":false},"brand":[7489],"product_brand":[],"product_cat":[1104,1107,4457],"product_tag":[],"class_list":{"0":"post-73427","1":"product","2":"type-product","3":"status-publish","4":"has-post-thumbnail","6":"brand-bema","7":"product_cat-maquinas","8":"product_cat-usadas","9":"product_cat-envolvedoras-usadas","11":"first","12":"instock","13":"shipping-taxable","14":"product-type-simple"},"acf":[],"yoast_head":"<!-- This site is optimized with the Yoast SEO plugin v27.2 - https:\/\/yoast.com\/product\/yoast-seo-wordpress\/ -->\n<title>Envolvedora BEMA Silkworm - BBM Packaging<\/title>\n<meta name=\"description\" content=\"Envolvedora Bema 2010: envolvedora de pal\u00e9s hasta 25 000 bph con 2 bobinas y cambio autom\u00e1tico. Disponible revisada, con opciones y servicios completos.\" \/>\n<meta name=\"robots\" content=\"index, follow, max-snippet:-1, max-image-preview:large, max-video-preview:-1\" \/>\n<link rel=\"canonical\" href=\"https:\/\/www.bbmpackaging.com\/es\/maquinas\/usadas\/envolvedoras-usadas\/envolvedora-bema-silkworm\/\" \/>\n<meta property=\"og:locale\" content=\"es_ES\" \/>\n<meta property=\"og:type\" content=\"article\" \/>\n<meta property=\"og:title\" content=\"Envolvedora BEMA Silkworm - BBM Packaging\" \/>\n<meta property=\"og:description\" content=\"Envolvedora Bema 2010: envolvedora de pal\u00e9s hasta 25 000 bph con 2 bobinas y cambio autom\u00e1tico. Disponible revisada, con opciones y servicios completos.\" \/>\n<meta property=\"og:url\" content=\"https:\/\/www.bbmpackaging.com\/es\/maquinas\/usadas\/envolvedoras-usadas\/envolvedora-bema-silkworm\/\" \/>\n<meta property=\"og:site_name\" content=\"BBM Packaging\" \/>\n<meta property=\"article:modified_time\" content=\"2026-03-04T11:17:46+00:00\" \/>\n<meta property=\"og:image\" content=\"https:\/\/www.bbmpackaging.com\/wp-content\/uploads\/2025\/12\/envolvedora-bema-bbm-packaging-2.jpg\" \/>\n\t<meta property=\"og:image:width\" content=\"1000\" \/>\n\t<meta property=\"og:image:height\" content=\"750\" \/>\n\t<meta property=\"og:image:type\" content=\"image\/jpeg\" \/>\n<meta name=\"twitter:card\" content=\"summary_large_image\" \/>\n<meta name=\"twitter:label1\" content=\"Tiempo de lectura\" \/>\n\t<meta name=\"twitter:data1\" content=\"1 minuto\" \/>\n<script type=\"application\/ld+json\" class=\"yoast-schema-graph\">{\"@context\":\"https:\/\/schema.org\",\"@graph\":[{\"@type\":\"WebPage\",\"@id\":\"https:\/\/www.bbmpackaging.com\/es\/maquinas\/usadas\/envolvedoras-usadas\/envolvedora-bema-silkworm\/\",\"url\":\"https:\/\/www.bbmpackaging.com\/es\/maquinas\/usadas\/envolvedoras-usadas\/envolvedora-bema-silkworm\/\",\"name\":\"Envolvedora BEMA Silkworm - BBM Packaging\",\"isPartOf\":{\"@id\":\"https:\/\/www.bbmpackaging.com\/es\/#website\"},\"primaryImageOfPage\":{\"@id\":\"https:\/\/www.bbmpackaging.com\/es\/maquinas\/usadas\/envolvedoras-usadas\/envolvedora-bema-silkworm\/#primaryimage\"},\"image\":{\"@id\":\"https:\/\/www.bbmpackaging.com\/es\/maquinas\/usadas\/envolvedoras-usadas\/envolvedora-bema-silkworm\/#primaryimage\"},\"thumbnailUrl\":\"https:\/\/www.bbmpackaging.com\/wp-content\/uploads\/2025\/12\/envolvedora-bema-bbm-packaging-2.jpg\",\"datePublished\":\"2025-12-04T10:56:10+00:00\",\"dateModified\":\"2026-03-04T11:17:46+00:00\",\"description\":\"Envolvedora Bema 2010: envolvedora de pal\u00e9s hasta 25 000 bph con 2 bobinas y cambio autom\u00e1tico. Disponible revisada, con opciones y servicios completos.\",\"breadcrumb\":{\"@id\":\"https:\/\/www.bbmpackaging.com\/es\/maquinas\/usadas\/envolvedoras-usadas\/envolvedora-bema-silkworm\/#breadcrumb\"},\"inLanguage\":\"es\",\"potentialAction\":[{\"@type\":\"ReadAction\",\"target\":[\"https:\/\/www.bbmpackaging.com\/es\/maquinas\/usadas\/envolvedoras-usadas\/envolvedora-bema-silkworm\/\"]}]},{\"@type\":\"ImageObject\",\"inLanguage\":\"es\",\"@id\":\"https:\/\/www.bbmpackaging.com\/es\/maquinas\/usadas\/envolvedoras-usadas\/envolvedora-bema-silkworm\/#primaryimage\",\"url\":\"https:\/\/www.bbmpackaging.com\/wp-content\/uploads\/2025\/12\/envolvedora-bema-bbm-packaging-2.jpg\",\"contentUrl\":\"https:\/\/www.bbmpackaging.com\/wp-content\/uploads\/2025\/12\/envolvedora-bema-bbm-packaging-2.jpg\",\"width\":1000,\"height\":750,\"caption\":\"Envolvedora Bema 2010: envolvedora de pal\u00e9s hasta 25 000 bph con 2 bobinas y cambio autom\u00e1tico. Disponible revisada, con opciones y servicios completos.\"},{\"@type\":\"BreadcrumbList\",\"@id\":\"https:\/\/www.bbmpackaging.com\/es\/maquinas\/usadas\/envolvedoras-usadas\/envolvedora-bema-silkworm\/#breadcrumb\",\"itemListElement\":[{\"@type\":\"ListItem\",\"position\":1,\"name\":\"Home\",\"item\":\"https:\/\/www.bbmpackaging.com\/es\/\"},{\"@type\":\"ListItem\",\"position\":2,\"name\":\"Productos\",\"item\":\"https:\/\/www.bbmpackaging.com\/es\/productos\/\"},{\"@type\":\"ListItem\",\"position\":3,\"name\":\"Usado\",\"item\":\"https:\/\/www.bbmpackaging.com\/es\/maquinas\/usadas\/\"},{\"@type\":\"ListItem\",\"position\":4,\"name\":\"Envolvedoras\",\"item\":\"https:\/\/www.bbmpackaging.com\/es\/maquinas\/envolvedoras-usadas\/\"},{\"@type\":\"ListItem\",\"position\":5,\"name\":\"Envolvedora BEMA Silkworm\"}]},{\"@type\":\"WebSite\",\"@id\":\"https:\/\/www.bbmpackaging.com\/es\/#website\",\"url\":\"https:\/\/www.bbmpackaging.com\/es\/\",\"name\":\"BBM Packaging\",\"description\":\"Imbottigliamento: macchinari manutenzione e much more\",\"potentialAction\":[{\"@type\":\"SearchAction\",\"target\":{\"@type\":\"EntryPoint\",\"urlTemplate\":\"https:\/\/www.bbmpackaging.com\/es\/?s={search_term_string}\"},\"query-input\":{\"@type\":\"PropertyValueSpecification\",\"valueRequired\":true,\"valueName\":\"search_term_string\"}}],\"inLanguage\":\"es\"}]}<\/script>\n<!-- \/ Yoast SEO plugin. -->","yoast_head_json":{"title":"Envolvedora BEMA Silkworm - BBM Packaging","description":"Envolvedora Bema 2010: envolvedora de pal\u00e9s hasta 25 000 bph con 2 bobinas y cambio autom\u00e1tico. Disponible revisada, con opciones y servicios completos.","robots":{"index":"index","follow":"follow","max-snippet":"max-snippet:-1","max-image-preview":"max-image-preview:large","max-video-preview":"max-video-preview:-1"},"canonical":"https:\/\/www.bbmpackaging.com\/es\/maquinas\/usadas\/envolvedoras-usadas\/envolvedora-bema-silkworm\/","og_locale":"es_ES","og_type":"article","og_title":"Envolvedora BEMA Silkworm - BBM Packaging","og_description":"Envolvedora Bema 2010: envolvedora de pal\u00e9s hasta 25 000 bph con 2 bobinas y cambio autom\u00e1tico. Disponible revisada, con opciones y servicios completos.","og_url":"https:\/\/www.bbmpackaging.com\/es\/maquinas\/usadas\/envolvedoras-usadas\/envolvedora-bema-silkworm\/","og_site_name":"BBM Packaging","article_modified_time":"2026-03-04T11:17:46+00:00","og_image":[{"width":1000,"height":750,"url":"https:\/\/www.bbmpackaging.com\/wp-content\/uploads\/2025\/12\/envolvedora-bema-bbm-packaging-2.jpg","type":"image\/jpeg"}],"twitter_card":"summary_large_image","twitter_misc":{"Tiempo de lectura":"1 minuto"},"schema":{"@context":"https:\/\/schema.org","@graph":[{"@type":"WebPage","@id":"https:\/\/www.bbmpackaging.com\/es\/maquinas\/usadas\/envolvedoras-usadas\/envolvedora-bema-silkworm\/","url":"https:\/\/www.bbmpackaging.com\/es\/maquinas\/usadas\/envolvedoras-usadas\/envolvedora-bema-silkworm\/","name":"Envolvedora BEMA Silkworm - BBM Packaging","isPartOf":{"@id":"https:\/\/www.bbmpackaging.com\/es\/#website"},"primaryImageOfPage":{"@id":"https:\/\/www.bbmpackaging.com\/es\/maquinas\/usadas\/envolvedoras-usadas\/envolvedora-bema-silkworm\/#primaryimage"},"image":{"@id":"https:\/\/www.bbmpackaging.com\/es\/maquinas\/usadas\/envolvedoras-usadas\/envolvedora-bema-silkworm\/#primaryimage"},"thumbnailUrl":"https:\/\/www.bbmpackaging.com\/wp-content\/uploads\/2025\/12\/envolvedora-bema-bbm-packaging-2.jpg","datePublished":"2025-12-04T10:56:10+00:00","dateModified":"2026-03-04T11:17:46+00:00","description":"Envolvedora Bema 2010: envolvedora de pal\u00e9s hasta 25 000 bph con 2 bobinas y cambio autom\u00e1tico. Disponible revisada, con opciones y servicios completos.","breadcrumb":{"@id":"https:\/\/www.bbmpackaging.com\/es\/maquinas\/usadas\/envolvedoras-usadas\/envolvedora-bema-silkworm\/#breadcrumb"},"inLanguage":"es","potentialAction":[{"@type":"ReadAction","target":["https:\/\/www.bbmpackaging.com\/es\/maquinas\/usadas\/envolvedoras-usadas\/envolvedora-bema-silkworm\/"]}]},{"@type":"ImageObject","inLanguage":"es","@id":"https:\/\/www.bbmpackaging.com\/es\/maquinas\/usadas\/envolvedoras-usadas\/envolvedora-bema-silkworm\/#primaryimage","url":"https:\/\/www.bbmpackaging.com\/wp-content\/uploads\/2025\/12\/envolvedora-bema-bbm-packaging-2.jpg","contentUrl":"https:\/\/www.bbmpackaging.com\/wp-content\/uploads\/2025\/12\/envolvedora-bema-bbm-packaging-2.jpg","width":1000,"height":750,"caption":"Envolvedora Bema 2010: envolvedora de pal\u00e9s hasta 25 000 bph con 2 bobinas y cambio autom\u00e1tico. Disponible revisada, con opciones y servicios completos."},{"@type":"BreadcrumbList","@id":"https:\/\/www.bbmpackaging.com\/es\/maquinas\/usadas\/envolvedoras-usadas\/envolvedora-bema-silkworm\/#breadcrumb","itemListElement":[{"@type":"ListItem","position":1,"name":"Home","item":"https:\/\/www.bbmpackaging.com\/es\/"},{"@type":"ListItem","position":2,"name":"Productos","item":"https:\/\/www.bbmpackaging.com\/es\/productos\/"},{"@type":"ListItem","position":3,"name":"Usado","item":"https:\/\/www.bbmpackaging.com\/es\/maquinas\/usadas\/"},{"@type":"ListItem","position":4,"name":"Envolvedoras","item":"https:\/\/www.bbmpackaging.com\/es\/maquinas\/envolvedoras-usadas\/"},{"@type":"ListItem","position":5,"name":"Envolvedora BEMA Silkworm"}]},{"@type":"WebSite","@id":"https:\/\/www.bbmpackaging.com\/es\/#website","url":"https:\/\/www.bbmpackaging.com\/es\/","name":"BBM Packaging","description":"Imbottigliamento: macchinari manutenzione e much more","potentialAction":[{"@type":"SearchAction","target":{"@type":"EntryPoint","urlTemplate":"https:\/\/www.bbmpackaging.com\/es\/?s={search_term_string}"},"query-input":{"@type":"PropertyValueSpecification","valueRequired":true,"valueName":"search_term_string"}}],"inLanguage":"es"}]}},"_links":{"self":[{"href":"https:\/\/www.bbmpackaging.com\/es\/wp-json\/wp\/v2\/product\/73427","targetHints":{"allow":["GET"]}}],"collection":[{"href":"https:\/\/www.bbmpackaging.com\/es\/wp-json\/wp\/v2\/product"}],"about":[{"href":"https:\/\/www.bbmpackaging.com\/es\/wp-json\/wp\/v2\/types\/product"}],"replies":[{"embeddable":true,"href":"https:\/\/www.bbmpackaging.com\/es\/wp-json\/wp\/v2\/comments?post=73427"}],"wp:featuredmedia":[{"embeddable":true,"href":"https:\/\/www.bbmpackaging.com\/es\/wp-json\/wp\/v2\/media\/73436"}],"wp:attachment":[{"href":"https:\/\/www.bbmpackaging.com\/es\/wp-json\/wp\/v2\/media?parent=73427"}],"wp:term":[{"taxonomy":"brand","embeddable":true,"href":"https:\/\/www.bbmpackaging.com\/es\/wp-json\/wp\/v2\/brand?post=73427"},{"taxonomy":"product_brand","embeddable":true,"href":"https:\/\/www.bbmpackaging.com\/es\/wp-json\/wp\/v2\/product_brand?post=73427"},{"taxonomy":"product_cat","embeddable":true,"href":"https:\/\/www.bbmpackaging.com\/es\/wp-json\/wp\/v2\/product_cat?post=73427"},{"taxonomy":"product_tag","embeddable":true,"href":"https:\/\/www.bbmpackaging.com\/es\/wp-json\/wp\/v2\/product_tag?post=73427"}],"curies":[{"name":"wp","href":"https:\/\/api.w.org\/{rel}","templated":true}]}}